{"id":7341,"date":"2025-10-09T12:33:33","date_gmt":"2025-10-09T11:33:33","guid":{"rendered":"https:\/\/atulipanoshaz.hu\/?page_id=7341"},"modified":"2025-10-09T12:33:48","modified_gmt":"2025-10-09T11:33:48","slug":"impresszum","status":"publish","type":"page","link":"https:\/\/atulipanoshaz.hu\/en\/event-venue\/impresszum\/","title":{"rendered":"Imprint"},"content":{"rendered":"<div data-elementor-type=\"wp-page\" data-elementor-id=\"7341\" class=\"elementor elementor-7341\" data-elementor-post-type=\"page\">\n\t\t\t\t\t\t<section class=\"elementor-section elementor-top-section elementor-element elementor-element-404c860 elementor-section-boxed elementor-section-height-default elementor-section-height-default\" data-id=\"404c860\" data-element_type=\"section\">\n\t\t\t\t\t\t<div class=\"elementor-container elementor-column-gap-default\">\n\t\t\t\t\t<div class=\"elementor-column elementor-col-100 elementor-top-column elementor-element elementor-element-c9653b2\" data-id=\"c9653b2\" data-element_type=\"column\">\n\t\t\t<div class=\"elementor-widget-wrap elementor-element-populated\">\n\t\t\t\t\t\t<div class=\"elementor-element elementor-element-d1636c7 elementor-widget elementor-widget-heading\" data-id=\"d1636c7\" data-element_type=\"widget\" data-widget_type=\"heading.default\">\n\t\t\t\t<div class=\"elementor-widget-container\">\n\t\t\t\t\t<h1 class=\"elementor-heading-title elementor-size-default\">Imprint<\/h1>\t\t\t\t<\/div>\n\t\t\t\t<\/div>\n\t\t\t\t<div class=\"elementor-element elementor-element-8a8fa76 elementor-hidden-mobile elementor-widget elementor-widget-image\" data-id=\"8a8fa76\" data-element_type=\"widget\" data-widget_type=\"image.default\">\n\t\t\t\t<div class=\"elementor-widget-container\">\n\t\t\t\t\t\t\t\t\t\t\t\t\t\t\t<img decoding=\"async\" width=\"200\" height=\"50\" src=\"https:\/\/atulipanoshaz.hu\/wp-content\/uploads\/2025\/02\/alsodisz_200.png\" class=\"attachment-large size-large wp-image-5505\" alt=\"Elv\u00e1laszt\u00f3elem\" srcset=\"https:\/\/atulipanoshaz.hu\/wp-content\/uploads\/2025\/02\/alsodisz_200.png 200w, https:\/\/atulipanoshaz.hu\/wp-content\/uploads\/2025\/02\/alsodisz_200-18x5.png 18w\" sizes=\"(max-width: 200px) 100vw, 200px\" \/>\t\t\t\t\t\t\t\t\t\t\t\t\t\t\t<\/div>\n\t\t\t\t<\/div>\n\t\t<div class=\"elementor-element elementor-element-e5b8e6a e-flex e-con-boxed e-con e-parent\" data-id=\"e5b8e6a\" data-element_type=\"container\">\n\t\t\t\t\t<div class=\"e-con-inner\">\n\t\t\t\t<div class=\"elementor-element elementor-element-8a82406 elementor-widget elementor-widget-text-editor\" data-id=\"8a82406\" data-element_type=\"widget\" data-widget_type=\"text-editor.default\">\n\t\t\t\t<div class=\"elementor-widget-container\">\n\t\t\t\t\t\t\t\t\t<p><strong>A weboldal fenntart\u00f3ja: <\/strong><\/p><p>Agora Sport \u00e9s Szabadid\u0151 K\u00f6zhaszn\u00fa Nonprofit Kft.<\/p><p>Sz\u00e9khely:\u00a02800 Tatab\u00e1nya Szent Borb\u00e1la \u00fat 19.<\/p><p>El\u00e9rhet\u0151s\u00e9gek:\u00a0+36 34 688-100,\u00a0<a href=\"mailto:info@avertesagoraja.hu\">info@avertesagoraja.hu<\/a><\/p><p>Regisztr\u00e1ci\u00f3s b\u00edr\u00f3s\u00e1g:\u00a0Tatab\u00e1nyai T\u00f6rv\u00e9nysz\u00e9k C\u00e9gb\u00edr\u00f3s\u00e1ga. <br \/>Nyilv\u00e1ntart\u00e1si sz\u00e1m: 11-09-015404<\/p><p>Ad\u00f3sz\u00e1m:\u00a020579339-2-11<\/p><p>\u00a0<\/p><p><strong>T\u00e1rhelyszolg\u00e1ltat\u00f3:<\/strong><\/p><p>N\u00e9v: Different Fejleszt\u0151 Kft.<\/p><p>Sz\u00e9khely: 9022 Gy\u0151r, Ap\u00e1ca u. 51.<\/p><p>C\u00e9gjegyz\u00e9ksz\u00e1m: 08-09-004789<\/p><p>Ad\u00f3sz\u00e1m: 11400851-2-08<\/p><p>Telefonsz\u00e1m: 06 20 437 7776<\/p><p>E-mail: <a href=\"mailto:info@different.hu\">info@different.hu<\/a><\/p>\t\t\t\t\t\t\t\t<\/div>\n\t\t\t\t<\/div>\n\t\t\t\t\t<\/div>\n\t\t\t\t<\/div>\n\t\t\t\t\t<\/div>\n\t\t<\/div>\n\t\t\t\t\t<\/div>\n\t\t<\/section>\n\t\t\t\t<\/div>","protected":false},"excerpt":{"rendered":"<p>Impresszum A weboldal fenntart\u00f3ja: Agora Sport \u00e9s Szabadid\u0151 K\u00f6zhaszn\u00fa Nonprofit Kft. Sz\u00e9khely:\u00a02800 Tatab\u00e1nya Szent Borb\u00e1la \u00fat 19. El\u00e9rhet\u0151s\u00e9gek:\u00a0+36 34 688-100,\u00a0info@avertesagoraja.hu Regisztr\u00e1ci\u00f3s b\u00edr\u00f3s\u00e1g:\u00a0Tatab\u00e1nyai T\u00f6rv\u00e9nysz\u00e9k C\u00e9gb\u00edr\u00f3s\u00e1ga. Nyilv\u00e1ntart\u00e1si sz\u00e1m: 11-09-015404 Ad\u00f3sz\u00e1m:\u00a020579339-2-11 \u00a0 T\u00e1rhelyszolg\u00e1ltat\u00f3: N\u00e9v: Different Fejleszt\u0151 Kft. Sz\u00e9khely: 9022 Gy\u0151r, Ap\u00e1ca u. 51. C\u00e9gjegyz\u00e9ksz\u00e1m: 08-09-004789 Ad\u00f3sz\u00e1m: 11400851-2-08 Telefonsz\u00e1m: 06 20 437 7776 E-mail: info@different.hu<\/p>","protected":false},"author":1,"featured_media":0,"parent":309,"menu_order":0,"comment_status":"closed","ping_status":"closed","template":"elementor_header_footer","meta":{"footnotes":""},"class_list":["post-7341","page","type-page","status-publish"],"yoast_head":"<!-- This site is optimized with the Yoast SEO Premium plugin v25.6 (Yoast SEO v26.0) - https:\/\/yoast.com\/wordpress\/plugins\/seo\/ -->\n<title>Tulip\u00e1nos Rendezv\u00e9nyh\u00e1z impresszum<\/title>\n<meta name=\"description\" content=\"Tulip\u00e1nos H\u00e1z, exkluz\u00edv rendezv\u00e9nyhelysz\u00edn, rendezv\u00e9nyh\u00e1z, weboldal impresszum.\" \/>\n<meta name=\"robots\" content=\"index, follow, max-snippet:-1, max-image-preview:large, max-video-preview:-1\" \/>\n<link rel=\"canonical\" href=\"https:\/\/atulipanoshaz.hu\/en\/event-venue\/impresszum\/\" \/>\n<meta property=\"og:locale\" content=\"en_US\" \/>\n<meta property=\"og:type\" content=\"article\" \/>\n<meta property=\"og:title\" content=\"Impresszum\" \/>\n<meta property=\"og:description\" content=\"Tulip\u00e1nos H\u00e1z, exkluz\u00edv rendezv\u00e9nyhelysz\u00edn, rendezv\u00e9nyh\u00e1z, weboldal impresszum.\" \/>\n<meta property=\"og:url\" content=\"https:\/\/atulipanoshaz.hu\/en\/event-venue\/impresszum\/\" \/>\n<meta property=\"og:site_name\" content=\"Tulip\u00e1nos H\u00e1z\" \/>\n<meta property=\"article:publisher\" content=\"https:\/\/www.facebook.com\/tulipanosrendezveny\/\" \/>\n<meta property=\"article:modified_time\" content=\"2025-10-09T11:33:48+00:00\" \/>\n<meta property=\"og:image\" content=\"https:\/\/atulipanoshaz.hu\/wp-content\/uploads\/2025\/02\/alsodisz_200.png\" \/>\n\t<meta property=\"og:image:width\" content=\"200\" \/>\n\t<meta property=\"og:image:height\" content=\"50\" \/>\n\t<meta property=\"og:image:type\" content=\"image\/png\" \/>\n<meta name=\"twitter:card\" content=\"summary_large_image\" \/>\n<meta name=\"twitter:label1\" content=\"Est. reading time\" \/>\n\t<meta name=\"twitter:data1\" content=\"1 minute\" \/>\n<script type=\"application\/ld+json\" class=\"yoast-schema-graph\">{\"@context\":\"https:\/\/schema.org\",\"@graph\":[{\"@type\":\"WebPage\",\"@id\":\"https:\/\/atulipanoshaz.hu\/rendezvenyhaz\/impresszum\/\",\"url\":\"https:\/\/atulipanoshaz.hu\/rendezvenyhaz\/impresszum\/\",\"name\":\"Tulip\u00e1nos Rendezv\u00e9nyh\u00e1z impresszum\",\"isPartOf\":{\"@id\":\"https:\/\/atulipanoshaz.hu\/#website\"},\"primaryImageOfPage\":{\"@id\":\"https:\/\/atulipanoshaz.hu\/rendezvenyhaz\/impresszum\/#primaryimage\"},\"image\":{\"@id\":\"https:\/\/atulipanoshaz.hu\/rendezvenyhaz\/impresszum\/#primaryimage\"},\"thumbnailUrl\":\"https:\/\/atulipanoshaz.hu\/wp-content\/uploads\/2025\/02\/alsodisz_200.png\",\"datePublished\":\"2025-10-09T11:33:33+00:00\",\"dateModified\":\"2025-10-09T11:33:48+00:00\",\"description\":\"Tulip\u00e1nos H\u00e1z, exkluz\u00edv rendezv\u00e9nyhelysz\u00edn, rendezv\u00e9nyh\u00e1z, weboldal impresszum.\",\"breadcrumb\":{\"@id\":\"https:\/\/atulipanoshaz.hu\/rendezvenyhaz\/impresszum\/#breadcrumb\"},\"inLanguage\":\"en-US\",\"potentialAction\":[{\"@type\":\"ReadAction\",\"target\":[\"https:\/\/atulipanoshaz.hu\/rendezvenyhaz\/impresszum\/\"]}]},{\"@type\":\"ImageObject\",\"inLanguage\":\"en-US\",\"@id\":\"https:\/\/atulipanoshaz.hu\/rendezvenyhaz\/impresszum\/#primaryimage\",\"url\":\"https:\/\/atulipanoshaz.hu\/wp-content\/uploads\/2025\/02\/alsodisz_200.png\",\"contentUrl\":\"https:\/\/atulipanoshaz.hu\/wp-content\/uploads\/2025\/02\/alsodisz_200.png\"},{\"@type\":\"BreadcrumbList\",\"@id\":\"https:\/\/atulipanoshaz.hu\/rendezvenyhaz\/impresszum\/#breadcrumb\",\"itemListElement\":[{\"@type\":\"ListItem\",\"position\":1,\"name\":\"Kezd\u0151lap\",\"item\":\"https:\/\/atulipanoshaz.hu\/\"},{\"@type\":\"ListItem\",\"position\":2,\"name\":\"Tulip\u00e1nos Rendezv\u00e9nyh\u00e1z\",\"item\":\"https:\/\/atulipanoshaz.hu\/rendezvenyhaz\/\"},{\"@type\":\"ListItem\",\"position\":3,\"name\":\"Impresszum\"}]},{\"@type\":\"WebSite\",\"@id\":\"https:\/\/atulipanoshaz.hu\/#website\",\"url\":\"https:\/\/atulipanoshaz.hu\/\",\"name\":\"Tulip\u00e1nos H\u00e1z\",\"description\":\"Rendezv\u00e9nyh\u00e1z, rendezv\u00e9nyhelysz\u00edn, teremb\u00e9rl\u00e9s, esk\u00fcv\u0151helysz\u00edn, interakt\u00edv ki\u00e1ll\u00edt\u00e1s\",\"publisher\":{\"@id\":\"https:\/\/atulipanoshaz.hu\/#organization\"},\"potentialAction\":[{\"@type\":\"SearchAction\",\"target\":{\"@type\":\"EntryPoint\",\"urlTemplate\":\"https:\/\/atulipanoshaz.hu\/?s={search_term_string}\"},\"query-input\":{\"@type\":\"PropertyValueSpecification\",\"valueRequired\":true,\"valueName\":\"search_term_string\"}}],\"inLanguage\":\"en-US\"},{\"@type\":\"Organization\",\"@id\":\"https:\/\/atulipanoshaz.hu\/#organization\",\"name\":\"Tulip\u00e1nos H\u00e1z\",\"url\":\"https:\/\/atulipanoshaz.hu\/\",\"logo\":{\"@type\":\"ImageObject\",\"inLanguage\":\"en-US\",\"@id\":\"https:\/\/atulipanoshaz.hu\/#\/schema\/logo\/image\/\",\"url\":\"https:\/\/atulipanoshaz.hu\/wp-content\/uploads\/2022\/03\/Tulipanos1.png\",\"contentUrl\":\"https:\/\/atulipanoshaz.hu\/wp-content\/uploads\/2022\/03\/Tulipanos1.png\",\"width\":700,\"height\":515,\"caption\":\"Tulip\u00e1nos H\u00e1z\"},\"image\":{\"@id\":\"https:\/\/atulipanoshaz.hu\/#\/schema\/logo\/image\/\"},\"sameAs\":[\"https:\/\/www.facebook.com\/tulipanosrendezveny\/\"]}]}<\/script>\n<!-- \/ Yoast SEO Premium plugin. -->","yoast_head_json":{"title":"Tulip\u00e1nos Rendezv\u00e9nyh\u00e1z impresszum","description":"Tulip\u00e1nos H\u00e1z, exkluz\u00edv rendezv\u00e9nyhelysz\u00edn, rendezv\u00e9nyh\u00e1z, weboldal impresszum.","robots":{"index":"index","follow":"follow","max-snippet":"max-snippet:-1","max-image-preview":"max-image-preview:large","max-video-preview":"max-video-preview:-1"},"canonical":"https:\/\/atulipanoshaz.hu\/en\/event-venue\/impresszum\/","og_locale":"en_US","og_type":"article","og_title":"Impresszum","og_description":"Tulip\u00e1nos H\u00e1z, exkluz\u00edv rendezv\u00e9nyhelysz\u00edn, rendezv\u00e9nyh\u00e1z, weboldal impresszum.","og_url":"https:\/\/atulipanoshaz.hu\/en\/event-venue\/impresszum\/","og_site_name":"Tulip\u00e1nos H\u00e1z","article_publisher":"https:\/\/www.facebook.com\/tulipanosrendezveny\/","article_modified_time":"2025-10-09T11:33:48+00:00","og_image":[{"width":200,"height":50,"url":"https:\/\/atulipanoshaz.hu\/wp-content\/uploads\/2025\/02\/alsodisz_200.png","type":"image\/png"}],"twitter_card":"summary_large_image","twitter_misc":{"Est. reading time":"1 minute"},"schema":{"@context":"https:\/\/schema.org","@graph":[{"@type":"WebPage","@id":"https:\/\/atulipanoshaz.hu\/rendezvenyhaz\/impresszum\/","url":"https:\/\/atulipanoshaz.hu\/rendezvenyhaz\/impresszum\/","name":"Tulip\u00e1nos Rendezv\u00e9nyh\u00e1z impresszum","isPartOf":{"@id":"https:\/\/atulipanoshaz.hu\/#website"},"primaryImageOfPage":{"@id":"https:\/\/atulipanoshaz.hu\/rendezvenyhaz\/impresszum\/#primaryimage"},"image":{"@id":"https:\/\/atulipanoshaz.hu\/rendezvenyhaz\/impresszum\/#primaryimage"},"thumbnailUrl":"https:\/\/atulipanoshaz.hu\/wp-content\/uploads\/2025\/02\/alsodisz_200.png","datePublished":"2025-10-09T11:33:33+00:00","dateModified":"2025-10-09T11:33:48+00:00","description":"Tulip\u00e1nos H\u00e1z, exkluz\u00edv rendezv\u00e9nyhelysz\u00edn, rendezv\u00e9nyh\u00e1z, weboldal impresszum.","breadcrumb":{"@id":"https:\/\/atulipanoshaz.hu\/rendezvenyhaz\/impresszum\/#breadcrumb"},"inLanguage":"en-US","potentialAction":[{"@type":"ReadAction","target":["https:\/\/atulipanoshaz.hu\/rendezvenyhaz\/impresszum\/"]}]},{"@type":"ImageObject","inLanguage":"en-US","@id":"https:\/\/atulipanoshaz.hu\/rendezvenyhaz\/impresszum\/#primaryimage","url":"https:\/\/atulipanoshaz.hu\/wp-content\/uploads\/2025\/02\/alsodisz_200.png","contentUrl":"https:\/\/atulipanoshaz.hu\/wp-content\/uploads\/2025\/02\/alsodisz_200.png"},{"@type":"BreadcrumbList","@id":"https:\/\/atulipanoshaz.hu\/rendezvenyhaz\/impresszum\/#breadcrumb","itemListElement":[{"@type":"ListItem","position":1,"name":"Kezd\u0151lap","item":"https:\/\/atulipanoshaz.hu\/"},{"@type":"ListItem","position":2,"name":"Tulip\u00e1nos Rendezv\u00e9nyh\u00e1z","item":"https:\/\/atulipanoshaz.hu\/rendezvenyhaz\/"},{"@type":"ListItem","position":3,"name":"Impresszum"}]},{"@type":"WebSite","@id":"https:\/\/atulipanoshaz.hu\/#website","url":"https:\/\/atulipanoshaz.hu\/","name":"Tulip Event Venue","description":"Rendezv\u00e9nyh\u00e1z, rendezv\u00e9nyhelysz\u00edn, teremb\u00e9rl\u00e9s, esk\u00fcv\u0151helysz\u00edn, interakt\u00edv ki\u00e1ll\u00edt\u00e1s","publisher":{"@id":"https:\/\/atulipanoshaz.hu\/#organization"},"potentialAction":[{"@type":"SearchAction","target":{"@type":"EntryPoint","urlTemplate":"https:\/\/atulipanoshaz.hu\/?s={search_term_string}"},"query-input":{"@type":"PropertyValueSpecification","valueRequired":true,"valueName":"search_term_string"}}],"inLanguage":"en-US"},{"@type":"Organization","@id":"https:\/\/atulipanoshaz.hu\/#organization","name":"Tulip Event Venue","url":"https:\/\/atulipanoshaz.hu\/","logo":{"@type":"ImageObject","inLanguage":"en-US","@id":"https:\/\/atulipanoshaz.hu\/#\/schema\/logo\/image\/","url":"https:\/\/atulipanoshaz.hu\/wp-content\/uploads\/2022\/03\/Tulipanos1.png","contentUrl":"https:\/\/atulipanoshaz.hu\/wp-content\/uploads\/2022\/03\/Tulipanos1.png","width":700,"height":515,"caption":"Tulip\u00e1nos H\u00e1z"},"image":{"@id":"https:\/\/atulipanoshaz.hu\/#\/schema\/logo\/image\/"},"sameAs":["https:\/\/www.facebook.com\/tulipanosrendezveny\/"]}]}},"_links":{"self":[{"href":"https:\/\/atulipanoshaz.hu\/en\/wp-json\/wp\/v2\/pages\/7341","targetHints":{"allow":["GET"]}}],"collection":[{"href":"https:\/\/atulipanoshaz.hu\/en\/wp-json\/wp\/v2\/pages"}],"about":[{"href":"https:\/\/atulipanoshaz.hu\/en\/wp-json\/wp\/v2\/types\/page"}],"author":[{"embeddable":true,"href":"https:\/\/atulipanoshaz.hu\/en\/wp-json\/wp\/v2\/users\/1"}],"replies":[{"embeddable":true,"href":"https:\/\/atulipanoshaz.hu\/en\/wp-json\/wp\/v2\/comments?post=7341"}],"version-history":[{"count":4,"href":"https:\/\/atulipanoshaz.hu\/en\/wp-json\/wp\/v2\/pages\/7341\/revisions"}],"predecessor-version":[{"id":7345,"href":"https:\/\/atulipanoshaz.hu\/en\/wp-json\/wp\/v2\/pages\/7341\/revisions\/7345"}],"up":[{"embeddable":true,"href":"https:\/\/atulipanoshaz.hu\/en\/wp-json\/wp\/v2\/pages\/309"}],"wp:attachment":[{"href":"https:\/\/atulipanoshaz.hu\/en\/wp-json\/wp\/v2\/media?parent=7341"}],"curies":[{"name":"wp","href":"https:\/\/api.w.org\/{rel}","templated":true}]}}