{"id":7180,"date":"2025-08-28T13:32:51","date_gmt":"2025-08-28T12:32:51","guid":{"rendered":"https:\/\/atulipanoshaz.hu\/?page_id=7180"},"modified":"2025-08-29T14:35:15","modified_gmt":"2025-08-29T13:35:15","slug":"75-jubileumi-banyasznap","status":"publish","type":"page","link":"https:\/\/atulipanoshaz.hu\/en\/culture\/programs-2\/75-jubileumi-banyasznap\/","title":{"rendered":"75. Jubileumi B\u00e1ny\u00e1sznap"},"content":{"rendered":"<div data-elementor-type=\"wp-page\" data-elementor-id=\"7180\" class=\"elementor elementor-7180\" data-elementor-post-type=\"page\">\n\t\t\t\t\t\t<section class=\"elementor-section elementor-top-section elementor-element elementor-element-fba91bf elementor-section-boxed elementor-section-height-default elementor-section-height-default\" data-id=\"fba91bf\" data-element_type=\"section\">\n\t\t\t\t\t\t<div class=\"elementor-container elementor-column-gap-default\">\n\t\t\t\t\t<div class=\"elementor-column elementor-col-100 elementor-top-column elementor-element elementor-element-4ef8059\" data-id=\"4ef8059\" data-element_type=\"column\">\n\t\t\t<div class=\"elementor-widget-wrap elementor-element-populated\">\n\t\t\t\t\t\t<section class=\"elementor-section elementor-inner-section elementor-element elementor-element-9d356ba elementor-section-full_width elementor-section-height-default elementor-section-height-default\" data-id=\"9d356ba\" data-element_type=\"section\">\n\t\t\t\t\t\t<div class=\"elementor-container elementor-column-gap-default\">\n\t\t\t\t\t<div class=\"elementor-column elementor-col-100 elementor-inner-column elementor-element elementor-element-3614b5b\" data-id=\"3614b5b\" data-element_type=\"column\">\n\t\t\t<div class=\"elementor-widget-wrap elementor-element-populated\">\n\t\t\t\t\t\t<div class=\"elementor-element elementor-element-9d6ecaf elementor-widget elementor-widget-image\" data-id=\"9d6ecaf\" data-element_type=\"widget\" data-widget_type=\"image.default\">\n\t\t\t\t<div class=\"elementor-widget-container\">\n\t\t\t\t\t\t\t\t\t\t\t\t\t\t\t<img decoding=\"async\" src=\"https:\/\/atulipanoshaz.hu\/wp-content\/uploads\/2025\/08\/a5432d3f-3693-4b9f-bcf1-64f2b4840283.png\" title=\"\" alt=\"75. Jubileumi B\u00e1ny\u00e1sznap, Tatab\u00e1nya\" loading=\"lazy\" \/>\t\t\t\t\t\t\t\t\t\t\t\t\t\t\t<\/div>\n\t\t\t\t<\/div>\n\t\t\t\t<div class=\"elementor-element elementor-element-214325e elementor-widget elementor-widget-heading\" data-id=\"214325e\" data-element_type=\"widget\" data-widget_type=\"heading.default\">\n\t\t\t\t<div class=\"elementor-widget-container\">\n\t\t\t\t\t<h1 class=\"elementor-heading-title elementor-size-default\">75. Jubileumi B\u00e1ny\u00e1sznap\n<\/h1>\t\t\t\t<\/div>\n\t\t\t\t<\/div>\n\t\t\t\t<div class=\"elementor-element elementor-element-0905c08 elementor-widget elementor-widget-text-editor\" data-id=\"0905c08\" data-element_type=\"widget\" data-widget_type=\"text-editor.default\">\n\t\t\t\t<div class=\"elementor-widget-container\">\n\t\t\t\t\t\t\t\t\t<p>Free Program<\/p>\t\t\t\t\t\t\t\t<\/div>\n\t\t\t\t<\/div>\n\t\t\t\t<div class=\"elementor-element elementor-element-fc2c28e elementor-widget elementor-widget-text-editor\" data-id=\"fc2c28e\" data-element_type=\"widget\" data-widget_type=\"text-editor.default\">\n\t\t\t\t<div class=\"elementor-widget-container\">\n\t\t\t\t\t\t\t\t\t<p><strong>2025. szeptember 4-7.<\/strong><\/p>\t\t\t\t\t\t\t\t<\/div>\n\t\t\t\t<\/div>\n\t\t\t\t<div class=\"elementor-element elementor-element-b682629 elementor-widget elementor-widget-text-editor\" data-id=\"b682629\" data-element_type=\"widget\" data-widget_type=\"text-editor.default\">\n\t\t\t\t<div class=\"elementor-widget-container\">\n\t\t\t\t\t\t\t\t\t<p>Id\u00e9n, a 75. Jubileumi B\u00e1ny\u00e1sznap alkalm\u00e1val a Tulip\u00e1nos H\u00e1z is kapcsol\u00f3dik az \u00fcnnepi programsorozathoz. A Tulip\u00e1nos H\u00e1zban \u00e9s a kertben is v\u00e1ltozatos programokkal v\u00e1rjuk az \u00e9rdekl\u0151d\u0151ket.<\/p>\t\t\t\t\t\t\t\t<\/div>\n\t\t\t\t<\/div>\n\t\t\t\t\t<\/div>\n\t\t<\/div>\n\t\t\t\t\t<\/div>\n\t\t<\/section>\n\t\t\t\t<div class=\"elementor-element elementor-element-1288737 elementor-hidden-desktop elementor-hidden-tablet elementor-hidden-mobile elementor-widget-divider--view-line elementor-widget elementor-widget-divider\" data-id=\"1288737\" data-element_type=\"widget\" data-widget_type=\"divider.default\">\n\t\t\t\t<div class=\"elementor-widget-container\">\n\t\t\t\t\t\t\t<div class=\"elementor-divider\">\n\t\t\t<span class=\"elementor-divider-separator\">\n\t\t\t\t\t\t<\/span>\n\t\t<\/div>\n\t\t\t\t\t\t<\/div>\n\t\t\t\t<\/div>\n\t\t\t\t<div class=\"elementor-element elementor-element-9d57c97 elementor-widget elementor-widget-text-editor\" data-id=\"9d57c97\" data-element_type=\"widget\" data-widget_type=\"text-editor.default\">\n\t\t\t\t<div class=\"elementor-widget-container\">\n\t\t\t\t\t\t\t\t\t<p><strong>R\u00e9szletes program:<\/strong><\/p>\t\t\t\t\t\t\t\t<\/div>\n\t\t\t\t<\/div>\n\t\t\t\t<div class=\"elementor-element elementor-element-6861de8 elementor-widget elementor-widget-text-editor\" data-id=\"6861de8\" data-element_type=\"widget\" data-widget_type=\"text-editor.default\">\n\t\t\t\t<div class=\"elementor-widget-container\">\n\t\t\t\t\t\t\t\t\t<p><strong>Szeptember 4., cs\u00fct\u00f6rt\u00f6k:<\/strong><br \/>TULIP\u00c1NOS H\u00c1Z KI\u00c1LL\u00cdT\u00d3T\u00c9R<br \/>17:00 \u201dTatab\u00e1nyai b\u00e1ny\u00e1sz arck\u00e9pe\u201d &#8211; Ki\u00e1ll\u00edt\u00e1smegnyit\u00f3 Krajcsirovits Henrik fest\u0151m\u0171v\u00e9sz (1929-2007) b\u00e1ny\u00e1sz t\u00e9m\u00e1j\u00fa alkot\u00e1saib\u00f3l. A ki\u00e1ll\u00edt\u00e1s 2025. november 15-ig tekinthet\u0151 meg.<\/p><p><strong>Szeptember 5., p\u00e9ntek:<\/strong><br \/>TULIP\u00c1NOS H\u00c1Z UDVAR<br \/>17:00 Liget Line Dance &#8211; country egy\u00fcttes<br \/>17:30 So\ufb01a Bellydance hast\u00e1ncbemutat\u00f3<br \/>18:00 DJ ZimmerR<br \/>21:00 EntschuldiGang zenekar<br \/>22:30 Story Zenekar\u00a0<\/p><p><strong>Szeptember 6., szombat:<br \/><\/strong>TULIP\u00c1NOS H\u00c1Z D\u00cdSZTEREM<br \/>10:00 \u201eA J\u00f6v\u0151 V\u00e1rosa\u201d &#8211; Bemutat\u00f3 Tatab\u00e1nya Megyei Jog\u00fa V\u00e1ros \u00d6nkorm\u00e1nyzata nyertes CERV p\u00e1ly\u00e1zat\u00e1nak programjak\u00e9nt, a testv\u00e9rv\u00e1rosokb\u00f3l \u00e9rkez\u0151 di\u00e1kok \u00e1ltal meg\u00e1lmodott v\u00e1rosokr\u00f3l.<\/p><p>TULIP\u00c1NOS H\u00c1Z UDVAR<br \/>15:00 Black Jack<br \/>17:30 L\u00e9gi\u00f3 Rock Band<br \/>19:30 De Almas<br \/>21:00 D\u00f6&#8217;Loorien Party Music Band<\/p><p><strong>Szeptember 7., vas\u00e1rnap:<br \/><\/strong>TULIP\u00c1NOS H\u00c1Z UDVAR<br \/>10:00 Tatab\u00e1nya testv\u00e9rv\u00e1rosi kult\u00farcsoportjainak fell\u00e9p\u00e9se (CERV p\u00e1ly\u00e1zat)<br \/>Tatab\u00e1ny\u00e1t k\u00e9pviseli a Tatab\u00e1nyai N\u00e9met Nemzetis\u00e9gi Senior T\u00e1nccsoport<br \/>16:00 Black Diamond Big Band feat. Kiss Kamilka<br \/>19:00 Arcidra<\/p>\t\t\t\t\t\t\t\t<\/div>\n\t\t\t\t<\/div>\n\t\t\t\t\t<\/div>\n\t\t<\/div>\n\t\t\t\t\t<\/div>\n\t\t<\/section>\n\t\t\t\t<\/div>","protected":false},"excerpt":{"rendered":"<p>75. Jubileumi B\u00e1ny\u00e1sznap INGYENES PROGRAM 2025. szeptember 4-7. Id\u00e9n, a 75. Jubileumi B\u00e1ny\u00e1sznap alkalm\u00e1val a Tulip\u00e1nos H\u00e1z is kapcsol\u00f3dik az \u00fcnnepi programsorozathoz. A Tulip\u00e1nos H\u00e1zban \u00e9s a kertben is v\u00e1ltozatos programokkal v\u00e1rjuk az \u00e9rdekl\u0151d\u0151ket. R\u00e9szletes program: Szeptember 4., cs\u00fct\u00f6rt\u00f6k:TULIP\u00c1NOS H\u00c1Z KI\u00c1LL\u00cdT\u00d3T\u00c9R17:00 \u201dTatab\u00e1nyai b\u00e1ny\u00e1sz arck\u00e9pe\u201d &#8211; Ki\u00e1ll\u00edt\u00e1smegnyit\u00f3 Krajcsirovits Henrik fest\u0151m\u0171v\u00e9sz (1929-2007) b\u00e1ny\u00e1sz t\u00e9m\u00e1j\u00fa alkot\u00e1saib\u00f3l. A ki\u00e1ll\u00edt\u00e1s &#8230; <a title=\"75. Jubileumi B\u00e1ny\u00e1sznap\" class=\"read-more\" href=\"https:\/\/atulipanoshaz.hu\/en\/culture\/programs-2\/75-jubileumi-banyasznap\/\" aria-label=\"Read more about 75. Jubileumi B\u00e1ny\u00e1sznap\">Read more<\/a><\/p>","protected":false},"author":1,"featured_media":0,"parent":265,"menu_order":0,"comment_status":"closed","ping_status":"closed","template":"elementor_header_footer","meta":{"footnotes":""},"class_list":["post-7180","page","type-page","status-publish"],"yoast_head":"<!-- This site is optimized with the Yoast SEO Premium plugin v25.6 (Yoast SEO v26.0) - https:\/\/yoast.com\/wordpress\/plugins\/seo\/ -->\n<title>75. Jubileumi B\u00e1ny\u00e1sznap a Tulip\u00e1nos H\u00e1zban<\/title>\n<meta name=\"description\" content=\"Id\u00e9n, Tatab\u00e1ny\u00e1n a 75. Jubileumi B\u00e1ny\u00e1sznap alkalm\u00e1val a Tulip\u00e1nos H\u00e1z is csatlakozik az \u00fcnnepi programsorozathoz.\" \/>\n<meta name=\"robots\" content=\"index, follow, max-snippet:-1, max-image-preview:large, max-video-preview:-1\" \/>\n<link rel=\"canonical\" href=\"https:\/\/atulipanoshaz.hu\/en\/culture\/programs-2\/75-jubileumi-banyasznap\/\" \/>\n<meta property=\"og:locale\" content=\"en_US\" \/>\n<meta property=\"og:type\" content=\"article\" \/>\n<meta property=\"og:title\" content=\"75. Jubileumi B\u00e1ny\u00e1sznap\" \/>\n<meta property=\"og:description\" content=\"Id\u00e9n, Tatab\u00e1ny\u00e1n a 75. Jubileumi B\u00e1ny\u00e1sznap alkalm\u00e1val a Tulip\u00e1nos H\u00e1z is csatlakozik az \u00fcnnepi programsorozathoz.\" \/>\n<meta property=\"og:url\" content=\"https:\/\/atulipanoshaz.hu\/en\/culture\/programs-2\/75-jubileumi-banyasznap\/\" \/>\n<meta property=\"og:site_name\" content=\"Tulip\u00e1nos H\u00e1z\" \/>\n<meta property=\"article:publisher\" content=\"https:\/\/www.facebook.com\/tulipanosrendezveny\/\" \/>\n<meta property=\"article:modified_time\" content=\"2025-08-29T13:35:15+00:00\" \/>\n<meta property=\"og:image\" content=\"https:\/\/atulipanoshaz.hu\/wp-content\/uploads\/2025\/08\/a5432d3f-3693-4b9f-bcf1-64f2b4840283.png\" \/>\n<meta name=\"twitter:card\" content=\"summary_large_image\" \/>\n<meta name=\"twitter:label1\" content=\"Est. reading time\" \/>\n\t<meta name=\"twitter:data1\" content=\"2 minutes\" \/>\n<script type=\"application\/ld+json\" class=\"yoast-schema-graph\">{\"@context\":\"https:\/\/schema.org\",\"@graph\":[{\"@type\":\"WebPage\",\"@id\":\"https:\/\/atulipanoshaz.hu\/kultura\/programok\/75-jubileumi-banyasznap\/\",\"url\":\"https:\/\/atulipanoshaz.hu\/kultura\/programok\/75-jubileumi-banyasznap\/\",\"name\":\"75. Jubileumi B\u00e1ny\u00e1sznap a Tulip\u00e1nos H\u00e1zban\",\"isPartOf\":{\"@id\":\"https:\/\/atulipanoshaz.hu\/#website\"},\"primaryImageOfPage\":{\"@id\":\"https:\/\/atulipanoshaz.hu\/kultura\/programok\/75-jubileumi-banyasznap\/#primaryimage\"},\"image\":{\"@id\":\"https:\/\/atulipanoshaz.hu\/kultura\/programok\/75-jubileumi-banyasznap\/#primaryimage\"},\"thumbnailUrl\":\"https:\/\/atulipanoshaz.hu\/wp-content\/uploads\/2025\/08\/a5432d3f-3693-4b9f-bcf1-64f2b4840283.png\",\"datePublished\":\"2025-08-28T12:32:51+00:00\",\"dateModified\":\"2025-08-29T13:35:15+00:00\",\"description\":\"Id\u00e9n, Tatab\u00e1ny\u00e1n a 75. Jubileumi B\u00e1ny\u00e1sznap alkalm\u00e1val a Tulip\u00e1nos H\u00e1z is csatlakozik az \u00fcnnepi programsorozathoz.\",\"breadcrumb\":{\"@id\":\"https:\/\/atulipanoshaz.hu\/kultura\/programok\/75-jubileumi-banyasznap\/#breadcrumb\"},\"inLanguage\":\"en-US\",\"potentialAction\":[{\"@type\":\"ReadAction\",\"target\":[\"https:\/\/atulipanoshaz.hu\/kultura\/programok\/75-jubileumi-banyasznap\/\"]}]},{\"@type\":\"ImageObject\",\"inLanguage\":\"en-US\",\"@id\":\"https:\/\/atulipanoshaz.hu\/kultura\/programok\/75-jubileumi-banyasznap\/#primaryimage\",\"url\":\"https:\/\/atulipanoshaz.hu\/wp-content\/uploads\/2025\/08\/a5432d3f-3693-4b9f-bcf1-64f2b4840283.png\",\"contentUrl\":\"https:\/\/atulipanoshaz.hu\/wp-content\/uploads\/2025\/08\/a5432d3f-3693-4b9f-bcf1-64f2b4840283.png\"},{\"@type\":\"BreadcrumbList\",\"@id\":\"https:\/\/atulipanoshaz.hu\/kultura\/programok\/75-jubileumi-banyasznap\/#breadcrumb\",\"itemListElement\":[{\"@type\":\"ListItem\",\"position\":1,\"name\":\"Kezd\u0151lap\",\"item\":\"https:\/\/atulipanoshaz.hu\/\"},{\"@type\":\"ListItem\",\"position\":2,\"name\":\"Kult\u00fara\",\"item\":\"https:\/\/atulipanoshaz.hu\/kultura\/\"},{\"@type\":\"ListItem\",\"position\":3,\"name\":\"Programok\",\"item\":\"https:\/\/atulipanoshaz.hu\/kultura\/programok\/\"},{\"@type\":\"ListItem\",\"position\":4,\"name\":\"75. Jubileumi B\u00e1ny\u00e1sznap\"}]},{\"@type\":\"WebSite\",\"@id\":\"https:\/\/atulipanoshaz.hu\/#website\",\"url\":\"https:\/\/atulipanoshaz.hu\/\",\"name\":\"Tulip\u00e1nos H\u00e1z\",\"description\":\"Rendezv\u00e9nyh\u00e1z, rendezv\u00e9nyhelysz\u00edn, teremb\u00e9rl\u00e9s, esk\u00fcv\u0151helysz\u00edn, interakt\u00edv ki\u00e1ll\u00edt\u00e1s\",\"publisher\":{\"@id\":\"https:\/\/atulipanoshaz.hu\/#organization\"},\"potentialAction\":[{\"@type\":\"SearchAction\",\"target\":{\"@type\":\"EntryPoint\",\"urlTemplate\":\"https:\/\/atulipanoshaz.hu\/?s={search_term_string}\"},\"query-input\":{\"@type\":\"PropertyValueSpecification\",\"valueRequired\":true,\"valueName\":\"search_term_string\"}}],\"inLanguage\":\"en-US\"},{\"@type\":\"Organization\",\"@id\":\"https:\/\/atulipanoshaz.hu\/#organization\",\"name\":\"Tulip\u00e1nos H\u00e1z\",\"url\":\"https:\/\/atulipanoshaz.hu\/\",\"logo\":{\"@type\":\"ImageObject\",\"inLanguage\":\"en-US\",\"@id\":\"https:\/\/atulipanoshaz.hu\/#\/schema\/logo\/image\/\",\"url\":\"https:\/\/atulipanoshaz.hu\/wp-content\/uploads\/2022\/03\/Tulipanos1.png\",\"contentUrl\":\"https:\/\/atulipanoshaz.hu\/wp-content\/uploads\/2022\/03\/Tulipanos1.png\",\"width\":700,\"height\":515,\"caption\":\"Tulip\u00e1nos H\u00e1z\"},\"image\":{\"@id\":\"https:\/\/atulipanoshaz.hu\/#\/schema\/logo\/image\/\"},\"sameAs\":[\"https:\/\/www.facebook.com\/tulipanosrendezveny\/\"]}]}<\/script>\n<!-- \/ Yoast SEO Premium plugin. -->","yoast_head_json":{"title":"75. Jubileumi B\u00e1ny\u00e1sznap a Tulip\u00e1nos H\u00e1zban","description":"Id\u00e9n, Tatab\u00e1ny\u00e1n a 75. Jubileumi B\u00e1ny\u00e1sznap alkalm\u00e1val a Tulip\u00e1nos H\u00e1z is csatlakozik az \u00fcnnepi programsorozathoz.","robots":{"index":"index","follow":"follow","max-snippet":"max-snippet:-1","max-image-preview":"max-image-preview:large","max-video-preview":"max-video-preview:-1"},"canonical":"https:\/\/atulipanoshaz.hu\/en\/culture\/programs-2\/75-jubileumi-banyasznap\/","og_locale":"en_US","og_type":"article","og_title":"75. Jubileumi B\u00e1ny\u00e1sznap","og_description":"Id\u00e9n, Tatab\u00e1ny\u00e1n a 75. Jubileumi B\u00e1ny\u00e1sznap alkalm\u00e1val a Tulip\u00e1nos H\u00e1z is csatlakozik az \u00fcnnepi programsorozathoz.","og_url":"https:\/\/atulipanoshaz.hu\/en\/culture\/programs-2\/75-jubileumi-banyasznap\/","og_site_name":"Tulip\u00e1nos H\u00e1z","article_publisher":"https:\/\/www.facebook.com\/tulipanosrendezveny\/","article_modified_time":"2025-08-29T13:35:15+00:00","og_image":[{"url":"https:\/\/atulipanoshaz.hu\/wp-content\/uploads\/2025\/08\/a5432d3f-3693-4b9f-bcf1-64f2b4840283.png","type":"","width":"","height":""}],"twitter_card":"summary_large_image","twitter_misc":{"Est. reading time":"2 minutes"},"schema":{"@context":"https:\/\/schema.org","@graph":[{"@type":"WebPage","@id":"https:\/\/atulipanoshaz.hu\/kultura\/programok\/75-jubileumi-banyasznap\/","url":"https:\/\/atulipanoshaz.hu\/kultura\/programok\/75-jubileumi-banyasznap\/","name":"75. Jubileumi B\u00e1ny\u00e1sznap a Tulip\u00e1nos H\u00e1zban","isPartOf":{"@id":"https:\/\/atulipanoshaz.hu\/#website"},"primaryImageOfPage":{"@id":"https:\/\/atulipanoshaz.hu\/kultura\/programok\/75-jubileumi-banyasznap\/#primaryimage"},"image":{"@id":"https:\/\/atulipanoshaz.hu\/kultura\/programok\/75-jubileumi-banyasznap\/#primaryimage"},"thumbnailUrl":"https:\/\/atulipanoshaz.hu\/wp-content\/uploads\/2025\/08\/a5432d3f-3693-4b9f-bcf1-64f2b4840283.png","datePublished":"2025-08-28T12:32:51+00:00","dateModified":"2025-08-29T13:35:15+00:00","description":"Id\u00e9n, Tatab\u00e1ny\u00e1n a 75. Jubileumi B\u00e1ny\u00e1sznap alkalm\u00e1val a Tulip\u00e1nos H\u00e1z is csatlakozik az \u00fcnnepi programsorozathoz.","breadcrumb":{"@id":"https:\/\/atulipanoshaz.hu\/kultura\/programok\/75-jubileumi-banyasznap\/#breadcrumb"},"inLanguage":"en-US","potentialAction":[{"@type":"ReadAction","target":["https:\/\/atulipanoshaz.hu\/kultura\/programok\/75-jubileumi-banyasznap\/"]}]},{"@type":"ImageObject","inLanguage":"en-US","@id":"https:\/\/atulipanoshaz.hu\/kultura\/programok\/75-jubileumi-banyasznap\/#primaryimage","url":"https:\/\/atulipanoshaz.hu\/wp-content\/uploads\/2025\/08\/a5432d3f-3693-4b9f-bcf1-64f2b4840283.png","contentUrl":"https:\/\/atulipanoshaz.hu\/wp-content\/uploads\/2025\/08\/a5432d3f-3693-4b9f-bcf1-64f2b4840283.png"},{"@type":"BreadcrumbList","@id":"https:\/\/atulipanoshaz.hu\/kultura\/programok\/75-jubileumi-banyasznap\/#breadcrumb","itemListElement":[{"@type":"ListItem","position":1,"name":"Kezd\u0151lap","item":"https:\/\/atulipanoshaz.hu\/"},{"@type":"ListItem","position":2,"name":"Kult\u00fara","item":"https:\/\/atulipanoshaz.hu\/kultura\/"},{"@type":"ListItem","position":3,"name":"Programok","item":"https:\/\/atulipanoshaz.hu\/kultura\/programok\/"},{"@type":"ListItem","position":4,"name":"75. Jubileumi B\u00e1ny\u00e1sznap"}]},{"@type":"WebSite","@id":"https:\/\/atulipanoshaz.hu\/#website","url":"https:\/\/atulipanoshaz.hu\/","name":"Tulip Event Venue","description":"Rendezv\u00e9nyh\u00e1z, rendezv\u00e9nyhelysz\u00edn, teremb\u00e9rl\u00e9s, esk\u00fcv\u0151helysz\u00edn, interakt\u00edv ki\u00e1ll\u00edt\u00e1s","publisher":{"@id":"https:\/\/atulipanoshaz.hu\/#organization"},"potentialAction":[{"@type":"SearchAction","target":{"@type":"EntryPoint","urlTemplate":"https:\/\/atulipanoshaz.hu\/?s={search_term_string}"},"query-input":{"@type":"PropertyValueSpecification","valueRequired":true,"valueName":"search_term_string"}}],"inLanguage":"en-US"},{"@type":"Organization","@id":"https:\/\/atulipanoshaz.hu\/#organization","name":"Tulip Event Venue","url":"https:\/\/atulipanoshaz.hu\/","logo":{"@type":"ImageObject","inLanguage":"en-US","@id":"https:\/\/atulipanoshaz.hu\/#\/schema\/logo\/image\/","url":"https:\/\/atulipanoshaz.hu\/wp-content\/uploads\/2022\/03\/Tulipanos1.png","contentUrl":"https:\/\/atulipanoshaz.hu\/wp-content\/uploads\/2022\/03\/Tulipanos1.png","width":700,"height":515,"caption":"Tulip\u00e1nos H\u00e1z"},"image":{"@id":"https:\/\/atulipanoshaz.hu\/#\/schema\/logo\/image\/"},"sameAs":["https:\/\/www.facebook.com\/tulipanosrendezveny\/"]}]}},"_links":{"self":[{"href":"https:\/\/atulipanoshaz.hu\/en\/wp-json\/wp\/v2\/pages\/7180","targetHints":{"allow":["GET"]}}],"collection":[{"href":"https:\/\/atulipanoshaz.hu\/en\/wp-json\/wp\/v2\/pages"}],"about":[{"href":"https:\/\/atulipanoshaz.hu\/en\/wp-json\/wp\/v2\/types\/page"}],"author":[{"embeddable":true,"href":"https:\/\/atulipanoshaz.hu\/en\/wp-json\/wp\/v2\/users\/1"}],"replies":[{"embeddable":true,"href":"https:\/\/atulipanoshaz.hu\/en\/wp-json\/wp\/v2\/comments?post=7180"}],"version-history":[{"count":11,"href":"https:\/\/atulipanoshaz.hu\/en\/wp-json\/wp\/v2\/pages\/7180\/revisions"}],"predecessor-version":[{"id":7198,"href":"https:\/\/atulipanoshaz.hu\/en\/wp-json\/wp\/v2\/pages\/7180\/revisions\/7198"}],"up":[{"embeddable":true,"href":"https:\/\/atulipanoshaz.hu\/en\/wp-json\/wp\/v2\/pages\/265"}],"wp:attachment":[{"href":"https:\/\/atulipanoshaz.hu\/en\/wp-json\/wp\/v2\/media?parent=7180"}],"curies":[{"name":"wp","href":"https:\/\/api.w.org\/{rel}","templated":true}]}}