{"id":7148,"date":"2025-08-28T09:30:38","date_gmt":"2025-08-28T08:30:38","guid":{"rendered":"https:\/\/atulipanoshaz.hu\/?page_id=7148"},"modified":"2025-09-01T13:00:41","modified_gmt":"2025-09-01T12:00:41","slug":"krajcsirovits-henrik-kiallitas","status":"publish","type":"page","link":"https:\/\/atulipanoshaz.hu\/en\/culture\/seasonal-exhibitions\/krajcsirovits-henrik-kiallitas\/","title":{"rendered":"Krajcsirovits Henrik ki\u00e1ll\u00edt\u00e1s"},"content":{"rendered":"<div data-elementor-type=\"wp-page\" data-elementor-id=\"7148\" class=\"elementor elementor-7148\" data-elementor-post-type=\"page\">\n\t\t\t\t\t\t<section class=\"elementor-section elementor-top-section elementor-element elementor-element-fba91bf elementor-section-boxed elementor-section-height-default elementor-section-height-default\" data-id=\"fba91bf\" data-element_type=\"section\">\n\t\t\t\t\t\t<div class=\"elementor-container elementor-column-gap-default\">\n\t\t\t\t\t<div class=\"elementor-column elementor-col-100 elementor-top-column elementor-element elementor-element-4ef8059\" data-id=\"4ef8059\" data-element_type=\"column\">\n\t\t\t<div class=\"elementor-widget-wrap elementor-element-populated\">\n\t\t\t\t\t\t<section class=\"elementor-section elementor-inner-section elementor-element elementor-element-827c6bf elementor-section-full_width elementor-section-height-default elementor-section-height-default\" data-id=\"827c6bf\" data-element_type=\"section\" id=\"natalia\">\n\t\t\t\t\t\t<div class=\"elementor-container elementor-column-gap-default\">\n\t\t\t\t\t<div class=\"elementor-column elementor-col-100 elementor-inner-column elementor-element elementor-element-791d206\" data-id=\"791d206\" data-element_type=\"column\">\n\t\t\t<div class=\"elementor-widget-wrap elementor-element-populated\">\n\t\t\t\t\t\t<div class=\"elementor-element elementor-element-f842fac elementor-widget elementor-widget-image\" data-id=\"f842fac\" data-element_type=\"widget\" data-widget_type=\"image.default\">\n\t\t\t\t<div class=\"elementor-widget-container\">\n\t\t\t\t\t\t\t\t\t\t\t\t\t\t\t<img fetchpriority=\"high\" decoding=\"async\" width=\"1000\" height=\"448\" src=\"https:\/\/atulipanoshaz.hu\/wp-content\/uploads\/2025\/08\/banyaszok_1000px.jpg\" class=\"attachment-full size-full wp-image-7151\" alt=\"Krajcsirovits Henrik ki\u00e1ll\u00edt\u00e1s, Tatab\u00e1nya, Tulip\u00e1nos H\u00e1z\" srcset=\"https:\/\/atulipanoshaz.hu\/wp-content\/uploads\/2025\/08\/banyaszok_1000px.jpg 1000w, https:\/\/atulipanoshaz.hu\/wp-content\/uploads\/2025\/08\/banyaszok_1000px-300x134.jpg 300w, https:\/\/atulipanoshaz.hu\/wp-content\/uploads\/2025\/08\/banyaszok_1000px-768x344.jpg 768w, https:\/\/atulipanoshaz.hu\/wp-content\/uploads\/2025\/08\/banyaszok_1000px-18x8.jpg 18w\" sizes=\"(max-width: 1000px) 100vw, 1000px\" \/>\t\t\t\t\t\t\t\t\t\t\t\t\t\t\t<\/div>\n\t\t\t\t<\/div>\n\t\t\t\t<div class=\"elementor-element elementor-element-3aa2538 elementor-widget elementor-widget-heading\" data-id=\"3aa2538\" data-element_type=\"widget\" data-widget_type=\"heading.default\">\n\t\t\t\t<div class=\"elementor-widget-container\">\n\t\t\t\t\t<h2 class=\"elementor-heading-title elementor-size-default\">Krajcsirovits Henrik - Tatab\u00e1nyai b\u00e1ny\u00e1sz arck\u00e9pe c\u00edm\u0171 ki\u00e1ll\u00edt\u00e1sa<\/h2>\t\t\t\t<\/div>\n\t\t\t\t<\/div>\n\t\t\t\t<div class=\"elementor-element elementor-element-d8562d3 elementor-hidden-desktop elementor-hidden-tablet elementor-hidden-mobile elementor-widget elementor-widget-text-editor\" data-id=\"d8562d3\" data-element_type=\"widget\" data-widget_type=\"text-editor.default\">\n\t\t\t\t<div class=\"elementor-widget-container\">\n\t\t\t\t\t\t\t\t\t<p><strong>Solymos Mih\u00e1ly d\u00edjas fot\u00f3m\u0171v\u00e9sz ki\u00e1ll\u00edt\u00e1sa.<\/strong><\/p>\t\t\t\t\t\t\t\t<\/div>\n\t\t\t\t<\/div>\n\t\t\t\t<div class=\"elementor-element elementor-element-6d152ae elementor-widget elementor-widget-text-editor\" data-id=\"6d152ae\" data-element_type=\"widget\" data-widget_type=\"text-editor.default\">\n\t\t\t\t<div class=\"elementor-widget-container\">\n\t\t\t\t\t\t\t\t\t<p>Free Program<\/p>\t\t\t\t\t\t\t\t<\/div>\n\t\t\t\t<\/div>\n\t\t\t\t<div class=\"elementor-element elementor-element-f4fa1fa elementor-widget elementor-widget-text-editor\" data-id=\"f4fa1fa\" data-element_type=\"widget\" data-widget_type=\"text-editor.default\">\n\t\t\t\t<div class=\"elementor-widget-container\">\n\t\t\t\t\t\t\t\t\t<p><strong>Megnyit\u00f3: 2025. szeptember 4., 17:00 \u00f3ra.<br \/>A ki\u00e1ll\u00edt\u00e1s 2025. november 15-ig l\u00e1togathat\u00f3.<\/strong><\/p>\t\t\t\t\t\t\t\t<\/div>\n\t\t\t\t<\/div>\n\t\t\t\t<div class=\"elementor-element elementor-element-fca785b elementor-widget elementor-widget-text-editor\" data-id=\"fca785b\" data-element_type=\"widget\" data-widget_type=\"text-editor.default\">\n\t\t\t\t<div class=\"elementor-widget-container\">\n\t\t\t\t\t\t\t\t\t<p><strong>Krajcsirovits Henrik fest\u0151m\u0171v\u00e9sz (1929-2007<\/strong>) a b\u00e1ny\u00e1szok \u00e9let\u00e9nek, munk\u00e1j\u00e1nak, a b\u00e1ny\u00e1sz karakter\u00e9nek h\u0171s\u00e9ges tolm\u00e1csol\u00f3ja volt, Tatab\u00e1nya, a b\u00e1ny\u00e1szfalvakb\u00f3l v\u00e1ross\u00e1 v\u00e1l\u00f3 telep\u00fcl\u00e9s \u00e9let\u00e9nek meg\u00f6r\u00f6k\u00edt\u0151je, akinek m\u0171v\u00e9szet\u00e9t megihlette a n\u00e9h\u00e1ny \u00e9vtizeddel ezel\u0151tt m\u00e9g mindent meghat\u00e1roz\u00f3 sz\u00e9n\u00adb\u00e1\u00ad\u00adny\u00e1\u00adszat. Ebb\u0151l a k\u00f6zegb\u0151l n\u0151tt ki, \u00e9s ezt a k\u00f6\u00adze\u00adget tette festm\u00e9nyeinek, grafik\u00e1inak t\u00e1rgy\u00e1v\u00e1.<\/p><p>Fels\u0151gall\u00e1n sz\u00fcletett, \u00e9s b\u00e1r \u00e9desapja a b\u00e1nya \u00e9lelemt\u00e1r\u00e1ban dolgozott, nem volt sz\u00e1\u00adm\u00e1\u00adra idegen a m\u00e9lybe lesz\u00e1ll\u00f3, kem\u00e9ny munk\u00e1val csal\u00e1djukat eltart\u00f3 b\u00e1ny\u00e1szok \u00e9lete, az ipari t\u00e1j arculata, a g\u00e9pek szerkezete. P\u00e1ly\u00e1j\u00e1nak \u00edve is a b\u00e1ny\u00e1hoz k\u00f6t\u0151dik, hiszen a B\u00e1ny\u00e1sz Szabadiskola, a munk\u00e1sm\u0171vel\u0151d\u00e9s \u00e9rdek\u00e9ben 1948-ban alap\u00edtott szakk\u00f6r n\u00f6vend\u00e9kek\u00e9nt ker\u00fclt a K\u00e9pz\u0151m\u0171v\u00e9szeti F\u0151iskol\u00e1ra, a diploma ut\u00e1n hazat\u00e9rve pedig, 1957-t\u0151l 2002-ig \u0151 lett a B\u00e1ny\u00e1sz K\u00e9pz\u0151m\u0171v\u00e9sz K\u00f6r mestere. Tatab\u00e1nya m\u0171v\u00e9szeti \u00e9let\u00e9nek meghat\u00e1roz\u00f3, szervez\u0151 egy\u00e9nis\u00e9ge volt, k\u00fcldet\u00e9sk\u00e9nt \u00e9lte meg m\u0171v\u00e9szet\u00e9t, kitart\u00f3an alkotott, \u00e9s ki\u00e1ll\u00edt\u00f3 m\u0171v\u00e9szk\u00e9nt folyamatosan jelen volt a v\u00e1ros \u00e9s a megye m\u0171v\u00e9szeti \u00e9let\u00e9ben. K\u00fcldet\u00e9ssel m\u0171velte a m\u0171v\u00e9szetpedag\u00f3gi\u00e1t is, a szakk\u00f6rben \u00e9s a tatab\u00e1nyai iskol\u00e1ban, majd a tatai gimn\u00e1ziumban \u00e9s a zs\u00e1mb\u00e9ki f\u0151iskol\u00e1n.<\/p><p>M\u00e1r m\u0171v\u00e9szi p\u00e1ly\u00e1ja indul\u00e1sakor is inspir\u00e1l\u00f3 \u00e9lm\u00e9nyforr\u00e1st jelentett sz\u00e1m\u00e1ra a b\u00e1nya, f\u00fcggetlen\u00fcl a szocialista realizmus \u00e1ltal elv\u00e1rt ir\u00e1nyvonalt\u00f3l, amely a munk\u00e1s- \u00e9s munka\u00e1br\u00e1zol\u00e1st prefer\u00e1lta. Krajcsirovits Henrik k\u00f6zelr\u0151l l\u00e1tta ezt a szinte embertelen\u00fcl neh\u00e9z munk\u00e1t, amelynek \u00e1r\u00e1n felemelkedett a v\u00e1ros. K\u00f6zben tan\u00faja volt Tatab\u00e1nya megyesz\u00e9khelyhez m\u00e9lt\u00f3 ki\u00e9p\u00fcl\u00e9s\u00e9nek is. Ezek a mot\u00edvumok meghat\u00e1roz\u00f3 m\u00f3don voltak jelen az \u00e9letm\u0171ben a p\u00e1lyakezd\u00e9st\u0151l (1953-ban diplom\u00e1zott) eg\u00e9szen az 1970-es \u00e9vek elej\u00e9ig. Ek\u00f6zben form\u00e1l\u00f3dott m\u0171v\u00e9szi kifejez\u00e9sm\u00f3dja is, a konstrukt\u00edvabb forma v\u00e1lt uralkod\u00f3v\u00e1, egy hat\u00e1rozott, ritmusos k\u00f6rvonalba z\u00e1rt, er\u0151teljes megfogalmaz\u00e1s, amely a b\u00e1ny\u00e1sz\u00e1br\u00e1zol\u00e1st is \u00e1thatotta \u00e9s a monumentalit\u00e1s fel\u00e9 terelte, s amelyben visszat\u00e9r\u0151 m\u00f3don jelentek meg az attrib\u00fatumaikkal azonos\u00edtott b\u00e1ny\u00e1sz \u201eapostolok\u201d \u2013 a v\u00e1ros alap\u00edt\u00f3i.<\/p><p>Ki\u00e1ll\u00edt\u00e1sunk a b\u00e1ny\u00e1sz t\u00e9m\u00e1b\u00f3l v\u00e1logatva eml\u00e9kezik Tatab\u00e1nya m\u0171v\u00e9sz\u00e9re, a b\u00e1ny\u00e1szat \u00e1br\u00e1zol\u00e1s\u00e1nak elk\u00f6telezett mester\u00e9re.<\/p><p style=\"text-align: right;\">K\u00f6vesdi M\u00f3nika<\/p><p>A ki\u00e1ll\u00edt\u00e1st megnyitja:<br \/><strong>K\u00f6vesdi M\u00f3nika<\/strong>, m\u0171v\u00e9szett\u00f6rt\u00e9n\u00e9sz<\/p><p>K\u00f6sz\u00f6nt\u0151t mond:<br \/><strong>Sz\u00fccsn\u00e9 Posztovics Ilona,<br \/><\/strong>polg\u00e1rmester asszony<br \/><strong>Dr. Konczer Erik<\/strong>,<br \/>alpolg\u00e1rmester<\/p><p>K\u00f6zrem\u0171k\u00f6dik<br \/><strong>T\u00f3th Zs\u00f3ka<\/strong> \u00e9s <strong>Rom\u00e1n Krisztina<\/strong><\/p>\t\t\t\t\t\t\t\t<\/div>\n\t\t\t\t<\/div>\n\t\t\t\t\t<\/div>\n\t\t<\/div>\n\t\t\t\t\t<\/div>\n\t\t<\/section>\n\t\t\t\t\t<\/div>\n\t\t<\/div>\n\t\t\t\t\t<\/div>\n\t\t<\/section>\n\t\t\t\t<\/div>","protected":false},"excerpt":{"rendered":"<p>Krajcsirovits Henrik &#8211; Tatab\u00e1nyai b\u00e1ny\u00e1sz arck\u00e9pe c\u00edm\u0171 ki\u00e1ll\u00edt\u00e1sa Solymos Mih\u00e1ly d\u00edjas fot\u00f3m\u0171v\u00e9sz ki\u00e1ll\u00edt\u00e1sa. INGYENES PROGRAM Megnyit\u00f3: 2025. szeptember 4., 17:00 \u00f3ra.A ki\u00e1ll\u00edt\u00e1s 2025. november 15-ig l\u00e1togathat\u00f3. Krajcsirovits Henrik fest\u0151m\u0171v\u00e9sz (1929-2007) a b\u00e1ny\u00e1szok \u00e9let\u00e9nek, munk\u00e1j\u00e1nak, a b\u00e1ny\u00e1sz karakter\u00e9nek h\u0171s\u00e9ges tolm\u00e1csol\u00f3ja volt, Tatab\u00e1nya, a b\u00e1ny\u00e1szfalvakb\u00f3l v\u00e1ross\u00e1 v\u00e1l\u00f3 telep\u00fcl\u00e9s \u00e9let\u00e9nek meg\u00f6r\u00f6k\u00edt\u0151je, akinek m\u0171v\u00e9szet\u00e9t megihlette a n\u00e9h\u00e1ny \u00e9vtizeddel ezel\u0151tt &#8230; <a title=\"Krajcsirovits Henrik ki\u00e1ll\u00edt\u00e1s\" class=\"read-more\" href=\"https:\/\/atulipanoshaz.hu\/en\/culture\/seasonal-exhibitions\/krajcsirovits-henrik-kiallitas\/\" aria-label=\"Read more about Krajcsirovits Henrik ki\u00e1ll\u00edt\u00e1s\">Read more<\/a><\/p>","protected":false},"author":1,"featured_media":0,"parent":263,"menu_order":0,"comment_status":"closed","ping_status":"closed","template":"elementor_header_footer","meta":{"footnotes":""},"class_list":["post-7148","page","type-page","status-publish"],"yoast_head":"<!-- This site is optimized with the Yoast SEO Premium plugin v25.6 (Yoast SEO v26.0) - https:\/\/yoast.com\/wordpress\/plugins\/seo\/ -->\n<title>Krajcsirovits Henrik ki\u00e1ll\u00edt\u00e1s<\/title>\n<meta name=\"description\" content=\"Krajcsirovits Henrik fest\u0151m\u0171v\u00e9sz, &quot;Tatab\u00e1nyai b\u00e1ny\u00e1sz arck\u00e9pe&quot; c\u00edm\u0171 ki\u00e1ll\u00edt\u00e1sa. 75. Jubileumi B\u00e1ny\u00e1sznap, Tatab\u00e1ny\u00e1n.\" \/>\n<meta name=\"robots\" content=\"index, follow, max-snippet:-1, max-image-preview:large, max-video-preview:-1\" \/>\n<link rel=\"canonical\" href=\"https:\/\/atulipanoshaz.hu\/en\/culture\/seasonal-exhibitions\/krajcsirovits-henrik-kiallitas\/\" \/>\n<meta property=\"og:locale\" content=\"en_US\" \/>\n<meta property=\"og:type\" content=\"article\" \/>\n<meta property=\"og:title\" content=\"Krajcsirovits Henrik ki\u00e1ll\u00edt\u00e1s\" \/>\n<meta property=\"og:description\" content=\"Krajcsirovits Henrik fest\u0151m\u0171v\u00e9sz, &quot;Tatab\u00e1nyai b\u00e1ny\u00e1sz arck\u00e9pe&quot; c\u00edm\u0171 ki\u00e1ll\u00edt\u00e1sa. 75. Jubileumi B\u00e1ny\u00e1sznap, Tatab\u00e1ny\u00e1n.\" \/>\n<meta property=\"og:url\" content=\"https:\/\/atulipanoshaz.hu\/en\/culture\/seasonal-exhibitions\/krajcsirovits-henrik-kiallitas\/\" \/>\n<meta property=\"og:site_name\" content=\"Tulip\u00e1nos H\u00e1z\" \/>\n<meta property=\"article:publisher\" content=\"https:\/\/www.facebook.com\/tulipanosrendezveny\/\" \/>\n<meta property=\"article:modified_time\" content=\"2025-09-01T12:00:41+00:00\" \/>\n<meta property=\"og:image\" content=\"https:\/\/atulipanoshaz.hu\/wp-content\/uploads\/2025\/08\/banyaszok_1000px.jpg\" \/>\n<meta name=\"twitter:card\" content=\"summary_large_image\" \/>\n<meta name=\"twitter:label1\" content=\"Est. reading time\" \/>\n\t<meta name=\"twitter:data1\" content=\"2 minutes\" \/>\n<script type=\"application\/ld+json\" class=\"yoast-schema-graph\">{\"@context\":\"https:\/\/schema.org\",\"@graph\":[{\"@type\":\"WebPage\",\"@id\":\"https:\/\/atulipanoshaz.hu\/kultura\/kiallitasok\/krajcsirovits-henrik-kiallitas\/\",\"url\":\"https:\/\/atulipanoshaz.hu\/kultura\/kiallitasok\/krajcsirovits-henrik-kiallitas\/\",\"name\":\"Krajcsirovits Henrik ki\u00e1ll\u00edt\u00e1s\",\"isPartOf\":{\"@id\":\"https:\/\/atulipanoshaz.hu\/#website\"},\"primaryImageOfPage\":{\"@id\":\"https:\/\/atulipanoshaz.hu\/kultura\/kiallitasok\/krajcsirovits-henrik-kiallitas\/#primaryimage\"},\"image\":{\"@id\":\"https:\/\/atulipanoshaz.hu\/kultura\/kiallitasok\/krajcsirovits-henrik-kiallitas\/#primaryimage\"},\"thumbnailUrl\":\"https:\/\/atulipanoshaz.hu\/wp-content\/uploads\/2025\/08\/banyaszok_1000px.jpg\",\"datePublished\":\"2025-08-28T08:30:38+00:00\",\"dateModified\":\"2025-09-01T12:00:41+00:00\",\"description\":\"Krajcsirovits Henrik fest\u0151m\u0171v\u00e9sz, \\\"Tatab\u00e1nyai b\u00e1ny\u00e1sz arck\u00e9pe\\\" c\u00edm\u0171 ki\u00e1ll\u00edt\u00e1sa. 75. Jubileumi B\u00e1ny\u00e1sznap, Tatab\u00e1ny\u00e1n.\",\"breadcrumb\":{\"@id\":\"https:\/\/atulipanoshaz.hu\/kultura\/kiallitasok\/krajcsirovits-henrik-kiallitas\/#breadcrumb\"},\"inLanguage\":\"en-US\",\"potentialAction\":[{\"@type\":\"ReadAction\",\"target\":[\"https:\/\/atulipanoshaz.hu\/kultura\/kiallitasok\/krajcsirovits-henrik-kiallitas\/\"]}]},{\"@type\":\"ImageObject\",\"inLanguage\":\"en-US\",\"@id\":\"https:\/\/atulipanoshaz.hu\/kultura\/kiallitasok\/krajcsirovits-henrik-kiallitas\/#primaryimage\",\"url\":\"https:\/\/atulipanoshaz.hu\/wp-content\/uploads\/2025\/08\/banyaszok_1000px.jpg\",\"contentUrl\":\"https:\/\/atulipanoshaz.hu\/wp-content\/uploads\/2025\/08\/banyaszok_1000px.jpg\"},{\"@type\":\"BreadcrumbList\",\"@id\":\"https:\/\/atulipanoshaz.hu\/kultura\/kiallitasok\/krajcsirovits-henrik-kiallitas\/#breadcrumb\",\"itemListElement\":[{\"@type\":\"ListItem\",\"position\":1,\"name\":\"Kezd\u0151lap\",\"item\":\"https:\/\/atulipanoshaz.hu\/\"},{\"@type\":\"ListItem\",\"position\":2,\"name\":\"Kult\u00fara\",\"item\":\"https:\/\/atulipanoshaz.hu\/kultura\/\"},{\"@type\":\"ListItem\",\"position\":3,\"name\":\"Id\u0151szakos ki\u00e1ll\u00edt\u00e1s\",\"item\":\"https:\/\/atulipanoshaz.hu\/kultura\/kiallitasok\/\"},{\"@type\":\"ListItem\",\"position\":4,\"name\":\"Krajcsirovits Henrik ki\u00e1ll\u00edt\u00e1s\"}]},{\"@type\":\"WebSite\",\"@id\":\"https:\/\/atulipanoshaz.hu\/#website\",\"url\":\"https:\/\/atulipanoshaz.hu\/\",\"name\":\"Tulip\u00e1nos H\u00e1z\",\"description\":\"Rendezv\u00e9nyh\u00e1z, rendezv\u00e9nyhelysz\u00edn, teremb\u00e9rl\u00e9s, esk\u00fcv\u0151helysz\u00edn, interakt\u00edv ki\u00e1ll\u00edt\u00e1s\",\"publisher\":{\"@id\":\"https:\/\/atulipanoshaz.hu\/#organization\"},\"potentialAction\":[{\"@type\":\"SearchAction\",\"target\":{\"@type\":\"EntryPoint\",\"urlTemplate\":\"https:\/\/atulipanoshaz.hu\/?s={search_term_string}\"},\"query-input\":{\"@type\":\"PropertyValueSpecification\",\"valueRequired\":true,\"valueName\":\"search_term_string\"}}],\"inLanguage\":\"en-US\"},{\"@type\":\"Organization\",\"@id\":\"https:\/\/atulipanoshaz.hu\/#organization\",\"name\":\"Tulip\u00e1nos H\u00e1z\",\"url\":\"https:\/\/atulipanoshaz.hu\/\",\"logo\":{\"@type\":\"ImageObject\",\"inLanguage\":\"en-US\",\"@id\":\"https:\/\/atulipanoshaz.hu\/#\/schema\/logo\/image\/\",\"url\":\"https:\/\/atulipanoshaz.hu\/wp-content\/uploads\/2022\/03\/Tulipanos1.png\",\"contentUrl\":\"https:\/\/atulipanoshaz.hu\/wp-content\/uploads\/2022\/03\/Tulipanos1.png\",\"width\":700,\"height\":515,\"caption\":\"Tulip\u00e1nos H\u00e1z\"},\"image\":{\"@id\":\"https:\/\/atulipanoshaz.hu\/#\/schema\/logo\/image\/\"},\"sameAs\":[\"https:\/\/www.facebook.com\/tulipanosrendezveny\/\"]}]}<\/script>\n<!-- \/ Yoast SEO Premium plugin. -->","yoast_head_json":{"title":"Krajcsirovits Henrik ki\u00e1ll\u00edt\u00e1s","description":"Krajcsirovits Henrik fest\u0151m\u0171v\u00e9sz, \"Tatab\u00e1nyai b\u00e1ny\u00e1sz arck\u00e9pe\" c\u00edm\u0171 ki\u00e1ll\u00edt\u00e1sa. 75. Jubileumi B\u00e1ny\u00e1sznap, Tatab\u00e1ny\u00e1n.","robots":{"index":"index","follow":"follow","max-snippet":"max-snippet:-1","max-image-preview":"max-image-preview:large","max-video-preview":"max-video-preview:-1"},"canonical":"https:\/\/atulipanoshaz.hu\/en\/culture\/seasonal-exhibitions\/krajcsirovits-henrik-kiallitas\/","og_locale":"en_US","og_type":"article","og_title":"Krajcsirovits Henrik ki\u00e1ll\u00edt\u00e1s","og_description":"Krajcsirovits Henrik fest\u0151m\u0171v\u00e9sz, \"Tatab\u00e1nyai b\u00e1ny\u00e1sz arck\u00e9pe\" c\u00edm\u0171 ki\u00e1ll\u00edt\u00e1sa. 75. Jubileumi B\u00e1ny\u00e1sznap, Tatab\u00e1ny\u00e1n.","og_url":"https:\/\/atulipanoshaz.hu\/en\/culture\/seasonal-exhibitions\/krajcsirovits-henrik-kiallitas\/","og_site_name":"Tulip\u00e1nos H\u00e1z","article_publisher":"https:\/\/www.facebook.com\/tulipanosrendezveny\/","article_modified_time":"2025-09-01T12:00:41+00:00","og_image":[{"url":"https:\/\/atulipanoshaz.hu\/wp-content\/uploads\/2025\/08\/banyaszok_1000px.jpg","type":"","width":"","height":""}],"twitter_card":"summary_large_image","twitter_misc":{"Est. reading time":"2 minutes"},"schema":{"@context":"https:\/\/schema.org","@graph":[{"@type":"WebPage","@id":"https:\/\/atulipanoshaz.hu\/kultura\/kiallitasok\/krajcsirovits-henrik-kiallitas\/","url":"https:\/\/atulipanoshaz.hu\/kultura\/kiallitasok\/krajcsirovits-henrik-kiallitas\/","name":"Krajcsirovits Henrik ki\u00e1ll\u00edt\u00e1s","isPartOf":{"@id":"https:\/\/atulipanoshaz.hu\/#website"},"primaryImageOfPage":{"@id":"https:\/\/atulipanoshaz.hu\/kultura\/kiallitasok\/krajcsirovits-henrik-kiallitas\/#primaryimage"},"image":{"@id":"https:\/\/atulipanoshaz.hu\/kultura\/kiallitasok\/krajcsirovits-henrik-kiallitas\/#primaryimage"},"thumbnailUrl":"https:\/\/atulipanoshaz.hu\/wp-content\/uploads\/2025\/08\/banyaszok_1000px.jpg","datePublished":"2025-08-28T08:30:38+00:00","dateModified":"2025-09-01T12:00:41+00:00","description":"Krajcsirovits Henrik fest\u0151m\u0171v\u00e9sz, \"Tatab\u00e1nyai b\u00e1ny\u00e1sz arck\u00e9pe\" c\u00edm\u0171 ki\u00e1ll\u00edt\u00e1sa. 75. Jubileumi B\u00e1ny\u00e1sznap, Tatab\u00e1ny\u00e1n.","breadcrumb":{"@id":"https:\/\/atulipanoshaz.hu\/kultura\/kiallitasok\/krajcsirovits-henrik-kiallitas\/#breadcrumb"},"inLanguage":"en-US","potentialAction":[{"@type":"ReadAction","target":["https:\/\/atulipanoshaz.hu\/kultura\/kiallitasok\/krajcsirovits-henrik-kiallitas\/"]}]},{"@type":"ImageObject","inLanguage":"en-US","@id":"https:\/\/atulipanoshaz.hu\/kultura\/kiallitasok\/krajcsirovits-henrik-kiallitas\/#primaryimage","url":"https:\/\/atulipanoshaz.hu\/wp-content\/uploads\/2025\/08\/banyaszok_1000px.jpg","contentUrl":"https:\/\/atulipanoshaz.hu\/wp-content\/uploads\/2025\/08\/banyaszok_1000px.jpg"},{"@type":"BreadcrumbList","@id":"https:\/\/atulipanoshaz.hu\/kultura\/kiallitasok\/krajcsirovits-henrik-kiallitas\/#breadcrumb","itemListElement":[{"@type":"ListItem","position":1,"name":"Kezd\u0151lap","item":"https:\/\/atulipanoshaz.hu\/"},{"@type":"ListItem","position":2,"name":"Kult\u00fara","item":"https:\/\/atulipanoshaz.hu\/kultura\/"},{"@type":"ListItem","position":3,"name":"Id\u0151szakos ki\u00e1ll\u00edt\u00e1s","item":"https:\/\/atulipanoshaz.hu\/kultura\/kiallitasok\/"},{"@type":"ListItem","position":4,"name":"Krajcsirovits Henrik ki\u00e1ll\u00edt\u00e1s"}]},{"@type":"WebSite","@id":"https:\/\/atulipanoshaz.hu\/#website","url":"https:\/\/atulipanoshaz.hu\/","name":"Tulip Event Venue","description":"Rendezv\u00e9nyh\u00e1z, rendezv\u00e9nyhelysz\u00edn, teremb\u00e9rl\u00e9s, esk\u00fcv\u0151helysz\u00edn, interakt\u00edv ki\u00e1ll\u00edt\u00e1s","publisher":{"@id":"https:\/\/atulipanoshaz.hu\/#organization"},"potentialAction":[{"@type":"SearchAction","target":{"@type":"EntryPoint","urlTemplate":"https:\/\/atulipanoshaz.hu\/?s={search_term_string}"},"query-input":{"@type":"PropertyValueSpecification","valueRequired":true,"valueName":"search_term_string"}}],"inLanguage":"en-US"},{"@type":"Organization","@id":"https:\/\/atulipanoshaz.hu\/#organization","name":"Tulip Event Venue","url":"https:\/\/atulipanoshaz.hu\/","logo":{"@type":"ImageObject","inLanguage":"en-US","@id":"https:\/\/atulipanoshaz.hu\/#\/schema\/logo\/image\/","url":"https:\/\/atulipanoshaz.hu\/wp-content\/uploads\/2022\/03\/Tulipanos1.png","contentUrl":"https:\/\/atulipanoshaz.hu\/wp-content\/uploads\/2022\/03\/Tulipanos1.png","width":700,"height":515,"caption":"Tulip\u00e1nos H\u00e1z"},"image":{"@id":"https:\/\/atulipanoshaz.hu\/#\/schema\/logo\/image\/"},"sameAs":["https:\/\/www.facebook.com\/tulipanosrendezveny\/"]}]}},"_links":{"self":[{"href":"https:\/\/atulipanoshaz.hu\/en\/wp-json\/wp\/v2\/pages\/7148","targetHints":{"allow":["GET"]}}],"collection":[{"href":"https:\/\/atulipanoshaz.hu\/en\/wp-json\/wp\/v2\/pages"}],"about":[{"href":"https:\/\/atulipanoshaz.hu\/en\/wp-json\/wp\/v2\/types\/page"}],"author":[{"embeddable":true,"href":"https:\/\/atulipanoshaz.hu\/en\/wp-json\/wp\/v2\/users\/1"}],"replies":[{"embeddable":true,"href":"https:\/\/atulipanoshaz.hu\/en\/wp-json\/wp\/v2\/comments?post=7148"}],"version-history":[{"count":15,"href":"https:\/\/atulipanoshaz.hu\/en\/wp-json\/wp\/v2\/pages\/7148\/revisions"}],"predecessor-version":[{"id":7202,"href":"https:\/\/atulipanoshaz.hu\/en\/wp-json\/wp\/v2\/pages\/7148\/revisions\/7202"}],"up":[{"embeddable":true,"href":"https:\/\/atulipanoshaz.hu\/en\/wp-json\/wp\/v2\/pages\/263"}],"wp:attachment":[{"href":"https:\/\/atulipanoshaz.hu\/en\/wp-json\/wp\/v2\/media?parent=7148"}],"curies":[{"name":"wp","href":"https:\/\/api.w.org\/{rel}","templated":true}]}}