{"id":4864,"date":"2024-09-24T12:12:22","date_gmt":"2024-09-24T11:12:22","guid":{"rendered":"https:\/\/atulipanoshaz.hu\/?page_id=4864"},"modified":"2025-04-03T09:25:51","modified_gmt":"2025-04-03T08:25:51","slug":"podiumbeszelgetes","status":"publish","type":"page","link":"https:\/\/atulipanoshaz.hu\/en\/culture\/programs-2\/podiumbeszelgetes\/","title":{"rendered":"P\u00f3diumbesz\u00e9lget\u00e9s"},"content":{"rendered":"<div data-elementor-type=\"wp-page\" data-elementor-id=\"4864\" class=\"elementor elementor-4864\" data-elementor-post-type=\"page\">\n\t\t\t\t\t\t<section class=\"elementor-section elementor-top-section elementor-element elementor-element-fba91bf elementor-section-boxed elementor-section-height-default elementor-section-height-default\" data-id=\"fba91bf\" data-element_type=\"section\">\n\t\t\t\t\t\t<div class=\"elementor-container elementor-column-gap-default\">\n\t\t\t\t\t<div class=\"elementor-column elementor-col-100 elementor-top-column elementor-element elementor-element-4ef8059\" data-id=\"4ef8059\" data-element_type=\"column\">\n\t\t\t<div class=\"elementor-widget-wrap elementor-element-populated\">\n\t\t\t\t\t\t<section class=\"elementor-section elementor-inner-section elementor-element elementor-element-9d356ba elementor-section-full_width elementor-section-height-default elementor-section-height-default\" data-id=\"9d356ba\" data-element_type=\"section\">\n\t\t\t\t\t\t<div class=\"elementor-container elementor-column-gap-default\">\n\t\t\t\t\t<div class=\"elementor-column elementor-col-100 elementor-inner-column elementor-element elementor-element-3614b5b\" data-id=\"3614b5b\" data-element_type=\"column\">\n\t\t\t<div class=\"elementor-widget-wrap elementor-element-populated\">\n\t\t\t\t\t\t<div class=\"elementor-element elementor-element-9d6ecaf elementor-widget elementor-widget-image\" data-id=\"9d6ecaf\" data-element_type=\"widget\" data-widget_type=\"image.default\">\n\t\t\t\t<div class=\"elementor-widget-container\">\n\t\t\t\t\t\t\t\t\t\t\t\t\t\t\t<img fetchpriority=\"high\" decoding=\"async\" width=\"1200\" height=\"600\" src=\"https:\/\/atulipanoshaz.hu\/wp-content\/uploads\/2024\/09\/Azenevilagnapja_Podium_web2_2024.jpg\" class=\"attachment-full size-full wp-image-4866\" alt=\"A zene vil\u00e1gnapja, p\u00f3diumbesz\u00e9lget\u00e9s\" srcset=\"https:\/\/atulipanoshaz.hu\/wp-content\/uploads\/2024\/09\/Azenevilagnapja_Podium_web2_2024.jpg 1200w, https:\/\/atulipanoshaz.hu\/wp-content\/uploads\/2024\/09\/Azenevilagnapja_Podium_web2_2024-300x150.jpg 300w, https:\/\/atulipanoshaz.hu\/wp-content\/uploads\/2024\/09\/Azenevilagnapja_Podium_web2_2024-1024x512.jpg 1024w, https:\/\/atulipanoshaz.hu\/wp-content\/uploads\/2024\/09\/Azenevilagnapja_Podium_web2_2024-768x384.jpg 768w, https:\/\/atulipanoshaz.hu\/wp-content\/uploads\/2024\/09\/Azenevilagnapja_Podium_web2_2024-18x9.jpg 18w\" sizes=\"(max-width: 1200px) 100vw, 1200px\" \/>\t\t\t\t\t\t\t\t\t\t\t\t\t\t\t<\/div>\n\t\t\t\t<\/div>\n\t\t\t\t<div class=\"elementor-element elementor-element-214325e elementor-widget elementor-widget-heading\" data-id=\"214325e\" data-element_type=\"widget\" data-widget_type=\"heading.default\">\n\t\t\t\t<div class=\"elementor-widget-container\">\n\t\t\t\t\t<h1 class=\"elementor-heading-title elementor-size-default\">A zene a l\u00e9lek besz\u00e9de\n<\/h1>\t\t\t\t<\/div>\n\t\t\t\t<\/div>\n\t\t\t\t<div class=\"elementor-element elementor-element-0905c08 elementor-widget elementor-widget-text-editor\" data-id=\"0905c08\" data-element_type=\"widget\" data-widget_type=\"text-editor.default\">\n\t\t\t\t<div class=\"elementor-widget-container\">\n\t\t\t\t\t\t\t\t\t<p>Free Program<\/p>\t\t\t\t\t\t\t\t<\/div>\n\t\t\t\t<\/div>\n\t\t\t\t<div class=\"elementor-element elementor-element-fc2c28e elementor-widget elementor-widget-text-editor\" data-id=\"fc2c28e\" data-element_type=\"widget\" data-widget_type=\"text-editor.default\">\n\t\t\t\t<div class=\"elementor-widget-container\">\n\t\t\t\t\t\t\t\t\t<p><strong>2024. okt\u00f3ber 1., kedd, 18:00<\/strong><\/p>\t\t\t\t\t\t\t\t<\/div>\n\t\t\t\t<\/div>\n\t\t\t\t<div class=\"elementor-element elementor-element-b682629 elementor-widget elementor-widget-text-editor\" data-id=\"b682629\" data-element_type=\"widget\" data-widget_type=\"text-editor.default\">\n\t\t\t\t<div class=\"elementor-widget-container\">\n\t\t\t\t\t\t\t\t\t<p>Kod\u00e1ly Zolt\u00e1n szerint \u201ea zene lelki t\u00e1pl\u00e1l\u00e9k, \u00e9s semmi m\u00e1ssal nem p\u00f3tolhat\u00f3\u201d. A zenetanul\u00e1s jelent\u0151sen fejleszti a gyermekek \u00e9s serd\u00fcl\u0151k agy\u00e1t, s\u0151t, hat\u00e1ssal lehet k\u00e9s\u0151bbi \u00e9let\u00fck szoci\u00e1lis \u00e9s kommunik\u00e1ci\u00f3s k\u00e9szs\u00e9geire is. A muzsika a kreativit\u00e1st, a komplex gondolkod\u00e1s k\u00e9pess\u00e9g\u00e9t, az intelligenci\u00e1t \u00e9s az eml\u00e9kez\u0151k\u00e9pess\u00e9get is jav\u00edtja. Ha pedig t\u00e1nccal is kieg\u00e9sz\u00fcl, k\u00fcl\u00f6n\u00f6sen hat\u00e9kony lehet, hiszen a ritmikus mozg\u00e1snak sz\u00e1mos olyan el\u0151nye van, amelyb\u0151l a gyerk\u0151c\u00f6k csak profit\u00e1lhatnak.<\/p><p>A zene vil\u00e1gnapja alkalm\u00e1b\u00f3l rendezett p\u00f3diumbesz\u00e9lget\u00e9sen Hodossi N\u00f3ra pszichol\u00f3gussal, Pap Tibor k\u00f6zgazd\u00e1sszal, a Peron Tehets\u00e9gk\u00f6zpont alap\u00edt\u00f3j\u00e1val \u00e9s vezet\u0151j\u00e9vel, valamint B\u00f3ka Adrienn t\u00e1nc- \u00e9s j\u00f3gaoktat\u00f3val, mozg\u00e1sfejleszt\u0151 terapeut\u00e1val besz\u00e9lget\u00fcnk a zene \u00e9s a t\u00e1nc gyermekekre gyakorolt hat\u00e1sair\u00f3l, a zene- \u00e9s t\u00e1nctanul\u00e1s el\u0151nyeir\u0151l.<\/p><p>V\u00e1rjuk a program ir\u00e1nt \u00e9rdekl\u0151d\u0151 pedag\u00f3gusokat \u00e9s sz\u00fcl\u0151ket!<\/p>\t\t\t\t\t\t\t\t<\/div>\n\t\t\t\t<\/div>\n\t\t\t\t\t<\/div>\n\t\t<\/div>\n\t\t\t\t\t<\/div>\n\t\t<\/section>\n\t\t\t\t<div class=\"elementor-element elementor-element-3f71e8e elementor-hidden-desktop elementor-hidden-tablet elementor-hidden-mobile elementor-widget elementor-widget-text-editor\" data-id=\"3f71e8e\" data-element_type=\"widget\" data-widget_type=\"text-editor.default\">\n\t\t\t\t<div class=\"elementor-widget-container\">\n\t\t\t\t\t\t\t\t\t<p>B\u0151vebb inform\u00e1ci\u00f3k\u00e9rt keresse koll\u00e9g\u00e1nkat az al\u00e1bbi el\u00e9rhet\u0151s\u00e9geken:<\/p><p><strong>Bernadett Szab\u00f3<\/strong><br \/>Phone: +36 30 638-9209\u00a0 \u00a0<br \/>E-mail: <a href=\"mailto:info@atulipanoshaz.hu\">info@atulipanoshaz.hu<\/a><\/p>\t\t\t\t\t\t\t\t<\/div>\n\t\t\t\t<\/div>\n\t\t\t\t\t<\/div>\n\t\t<\/div>\n\t\t\t\t\t<\/div>\n\t\t<\/section>\n\t\t\t\t<\/div>","protected":false},"excerpt":{"rendered":"<p>A zene a l\u00e9lek besz\u00e9de INGYENES PROGRAM 2024. okt\u00f3ber 1., kedd, 18:00 Kod\u00e1ly Zolt\u00e1n szerint \u201ea zene lelki t\u00e1pl\u00e1l\u00e9k, \u00e9s semmi m\u00e1ssal nem p\u00f3tolhat\u00f3\u201d. A zenetanul\u00e1s jelent\u0151sen fejleszti a gyermekek \u00e9s serd\u00fcl\u0151k agy\u00e1t, s\u0151t, hat\u00e1ssal lehet k\u00e9s\u0151bbi \u00e9let\u00fck szoci\u00e1lis \u00e9s kommunik\u00e1ci\u00f3s k\u00e9szs\u00e9geire is. A muzsika a kreativit\u00e1st, a komplex gondolkod\u00e1s k\u00e9pess\u00e9g\u00e9t, az intelligenci\u00e1t \u00e9s az &#8230; <a title=\"P\u00f3diumbesz\u00e9lget\u00e9s\" class=\"read-more\" href=\"https:\/\/atulipanoshaz.hu\/en\/culture\/programs-2\/podiumbeszelgetes\/\" aria-label=\"Read more about P\u00f3diumbesz\u00e9lget\u00e9s\">Read more<\/a><\/p>","protected":false},"author":1,"featured_media":0,"parent":265,"menu_order":0,"comment_status":"closed","ping_status":"closed","template":"elementor_header_footer","meta":{"footnotes":""},"class_list":["post-4864","page","type-page","status-publish"],"yoast_head":"<!-- This site is optimized with the Yoast SEO Premium plugin v25.6 (Yoast SEO v26.0) - https:\/\/yoast.com\/wordpress\/plugins\/seo\/ -->\n<title>A zene vil\u00e1gnapja<\/title>\n<meta name=\"description\" content=\"A zene a l\u00e9lek besz\u00e9de. P\u00f3diumbesz\u00e9lget\u00e9s a zene vil\u00e1gnapja alkalm\u00e1b\u00f3l. A zene \u00e9s a t\u00e1nc fejleszt\u0151 hat\u00e1sair\u00f3l, el\u0151nyeir\u0151l.\" \/>\n<meta name=\"robots\" content=\"index, follow, max-snippet:-1, max-image-preview:large, max-video-preview:-1\" \/>\n<link rel=\"canonical\" href=\"https:\/\/atulipanoshaz.hu\/en\/culture\/programs-2\/podiumbeszelgetes\/\" \/>\n<meta property=\"og:locale\" content=\"en_US\" \/>\n<meta property=\"og:type\" content=\"article\" \/>\n<meta property=\"og:title\" content=\"P\u00f3diumbesz\u00e9lget\u00e9s\" \/>\n<meta property=\"og:description\" content=\"A zene a l\u00e9lek besz\u00e9de. P\u00f3diumbesz\u00e9lget\u00e9s a zene vil\u00e1gnapja alkalm\u00e1b\u00f3l. A zene \u00e9s a t\u00e1nc fejleszt\u0151 hat\u00e1sair\u00f3l, el\u0151nyeir\u0151l.\" \/>\n<meta property=\"og:url\" content=\"https:\/\/atulipanoshaz.hu\/en\/culture\/programs-2\/podiumbeszelgetes\/\" \/>\n<meta property=\"og:site_name\" content=\"Tulip\u00e1nos H\u00e1z\" \/>\n<meta property=\"article:publisher\" content=\"https:\/\/www.facebook.com\/tulipanosrendezveny\/\" \/>\n<meta property=\"article:modified_time\" content=\"2025-04-03T08:25:51+00:00\" \/>\n<meta property=\"og:image\" content=\"https:\/\/atulipanoshaz.hu\/wp-content\/uploads\/2024\/09\/Azenevilagnapja_Podium_web2_2024.jpg\" \/>\n<meta name=\"twitter:card\" content=\"summary_large_image\" \/>\n<meta name=\"twitter:label1\" content=\"Est. reading time\" \/>\n\t<meta name=\"twitter:data1\" content=\"1 minute\" \/>\n<script type=\"application\/ld+json\" class=\"yoast-schema-graph\">{\"@context\":\"https:\/\/schema.org\",\"@graph\":[{\"@type\":\"WebPage\",\"@id\":\"https:\/\/atulipanoshaz.hu\/kultura\/programok\/podiumbeszelgetes\/\",\"url\":\"https:\/\/atulipanoshaz.hu\/kultura\/programok\/podiumbeszelgetes\/\",\"name\":\"A zene vil\u00e1gnapja\",\"isPartOf\":{\"@id\":\"https:\/\/atulipanoshaz.hu\/#website\"},\"primaryImageOfPage\":{\"@id\":\"https:\/\/atulipanoshaz.hu\/kultura\/programok\/podiumbeszelgetes\/#primaryimage\"},\"image\":{\"@id\":\"https:\/\/atulipanoshaz.hu\/kultura\/programok\/podiumbeszelgetes\/#primaryimage\"},\"thumbnailUrl\":\"https:\/\/atulipanoshaz.hu\/wp-content\/uploads\/2024\/09\/Azenevilagnapja_Podium_web2_2024.jpg\",\"datePublished\":\"2024-09-24T11:12:22+00:00\",\"dateModified\":\"2025-04-03T08:25:51+00:00\",\"description\":\"A zene a l\u00e9lek besz\u00e9de. P\u00f3diumbesz\u00e9lget\u00e9s a zene vil\u00e1gnapja alkalm\u00e1b\u00f3l. A zene \u00e9s a t\u00e1nc fejleszt\u0151 hat\u00e1sair\u00f3l, el\u0151nyeir\u0151l.\",\"breadcrumb\":{\"@id\":\"https:\/\/atulipanoshaz.hu\/kultura\/programok\/podiumbeszelgetes\/#breadcrumb\"},\"inLanguage\":\"en-US\",\"potentialAction\":[{\"@type\":\"ReadAction\",\"target\":[\"https:\/\/atulipanoshaz.hu\/kultura\/programok\/podiumbeszelgetes\/\"]}]},{\"@type\":\"ImageObject\",\"inLanguage\":\"en-US\",\"@id\":\"https:\/\/atulipanoshaz.hu\/kultura\/programok\/podiumbeszelgetes\/#primaryimage\",\"url\":\"https:\/\/atulipanoshaz.hu\/wp-content\/uploads\/2024\/09\/Azenevilagnapja_Podium_web2_2024.jpg\",\"contentUrl\":\"https:\/\/atulipanoshaz.hu\/wp-content\/uploads\/2024\/09\/Azenevilagnapja_Podium_web2_2024.jpg\"},{\"@type\":\"BreadcrumbList\",\"@id\":\"https:\/\/atulipanoshaz.hu\/kultura\/programok\/podiumbeszelgetes\/#breadcrumb\",\"itemListElement\":[{\"@type\":\"ListItem\",\"position\":1,\"name\":\"Kezd\u0151lap\",\"item\":\"https:\/\/atulipanoshaz.hu\/\"},{\"@type\":\"ListItem\",\"position\":2,\"name\":\"Kult\u00fara\",\"item\":\"https:\/\/atulipanoshaz.hu\/kultura\/\"},{\"@type\":\"ListItem\",\"position\":3,\"name\":\"Programok\",\"item\":\"https:\/\/atulipanoshaz.hu\/kultura\/programok\/\"},{\"@type\":\"ListItem\",\"position\":4,\"name\":\"P\u00f3diumbesz\u00e9lget\u00e9s\"}]},{\"@type\":\"WebSite\",\"@id\":\"https:\/\/atulipanoshaz.hu\/#website\",\"url\":\"https:\/\/atulipanoshaz.hu\/\",\"name\":\"Tulip\u00e1nos H\u00e1z\",\"description\":\"Rendezv\u00e9nyh\u00e1z, rendezv\u00e9nyhelysz\u00edn, teremb\u00e9rl\u00e9s, esk\u00fcv\u0151helysz\u00edn, interakt\u00edv ki\u00e1ll\u00edt\u00e1s\",\"publisher\":{\"@id\":\"https:\/\/atulipanoshaz.hu\/#organization\"},\"potentialAction\":[{\"@type\":\"SearchAction\",\"target\":{\"@type\":\"EntryPoint\",\"urlTemplate\":\"https:\/\/atulipanoshaz.hu\/?s={search_term_string}\"},\"query-input\":{\"@type\":\"PropertyValueSpecification\",\"valueRequired\":true,\"valueName\":\"search_term_string\"}}],\"inLanguage\":\"en-US\"},{\"@type\":\"Organization\",\"@id\":\"https:\/\/atulipanoshaz.hu\/#organization\",\"name\":\"Tulip\u00e1nos H\u00e1z\",\"url\":\"https:\/\/atulipanoshaz.hu\/\",\"logo\":{\"@type\":\"ImageObject\",\"inLanguage\":\"en-US\",\"@id\":\"https:\/\/atulipanoshaz.hu\/#\/schema\/logo\/image\/\",\"url\":\"https:\/\/atulipanoshaz.hu\/wp-content\/uploads\/2022\/03\/Tulipanos1.png\",\"contentUrl\":\"https:\/\/atulipanoshaz.hu\/wp-content\/uploads\/2022\/03\/Tulipanos1.png\",\"width\":700,\"height\":515,\"caption\":\"Tulip\u00e1nos H\u00e1z\"},\"image\":{\"@id\":\"https:\/\/atulipanoshaz.hu\/#\/schema\/logo\/image\/\"},\"sameAs\":[\"https:\/\/www.facebook.com\/tulipanosrendezveny\/\"]}]}<\/script>\n<!-- \/ Yoast SEO Premium plugin. -->","yoast_head_json":{"title":"A zene vil\u00e1gnapja","description":"A zene a l\u00e9lek besz\u00e9de. P\u00f3diumbesz\u00e9lget\u00e9s a zene vil\u00e1gnapja alkalm\u00e1b\u00f3l. A zene \u00e9s a t\u00e1nc fejleszt\u0151 hat\u00e1sair\u00f3l, el\u0151nyeir\u0151l.","robots":{"index":"index","follow":"follow","max-snippet":"max-snippet:-1","max-image-preview":"max-image-preview:large","max-video-preview":"max-video-preview:-1"},"canonical":"https:\/\/atulipanoshaz.hu\/en\/culture\/programs-2\/podiumbeszelgetes\/","og_locale":"en_US","og_type":"article","og_title":"P\u00f3diumbesz\u00e9lget\u00e9s","og_description":"A zene a l\u00e9lek besz\u00e9de. P\u00f3diumbesz\u00e9lget\u00e9s a zene vil\u00e1gnapja alkalm\u00e1b\u00f3l. A zene \u00e9s a t\u00e1nc fejleszt\u0151 hat\u00e1sair\u00f3l, el\u0151nyeir\u0151l.","og_url":"https:\/\/atulipanoshaz.hu\/en\/culture\/programs-2\/podiumbeszelgetes\/","og_site_name":"Tulip\u00e1nos H\u00e1z","article_publisher":"https:\/\/www.facebook.com\/tulipanosrendezveny\/","article_modified_time":"2025-04-03T08:25:51+00:00","og_image":[{"url":"https:\/\/atulipanoshaz.hu\/wp-content\/uploads\/2024\/09\/Azenevilagnapja_Podium_web2_2024.jpg","type":"","width":"","height":""}],"twitter_card":"summary_large_image","twitter_misc":{"Est. reading time":"1 minute"},"schema":{"@context":"https:\/\/schema.org","@graph":[{"@type":"WebPage","@id":"https:\/\/atulipanoshaz.hu\/kultura\/programok\/podiumbeszelgetes\/","url":"https:\/\/atulipanoshaz.hu\/kultura\/programok\/podiumbeszelgetes\/","name":"A zene vil\u00e1gnapja","isPartOf":{"@id":"https:\/\/atulipanoshaz.hu\/#website"},"primaryImageOfPage":{"@id":"https:\/\/atulipanoshaz.hu\/kultura\/programok\/podiumbeszelgetes\/#primaryimage"},"image":{"@id":"https:\/\/atulipanoshaz.hu\/kultura\/programok\/podiumbeszelgetes\/#primaryimage"},"thumbnailUrl":"https:\/\/atulipanoshaz.hu\/wp-content\/uploads\/2024\/09\/Azenevilagnapja_Podium_web2_2024.jpg","datePublished":"2024-09-24T11:12:22+00:00","dateModified":"2025-04-03T08:25:51+00:00","description":"A zene a l\u00e9lek besz\u00e9de. P\u00f3diumbesz\u00e9lget\u00e9s a zene vil\u00e1gnapja alkalm\u00e1b\u00f3l. A zene \u00e9s a t\u00e1nc fejleszt\u0151 hat\u00e1sair\u00f3l, el\u0151nyeir\u0151l.","breadcrumb":{"@id":"https:\/\/atulipanoshaz.hu\/kultura\/programok\/podiumbeszelgetes\/#breadcrumb"},"inLanguage":"en-US","potentialAction":[{"@type":"ReadAction","target":["https:\/\/atulipanoshaz.hu\/kultura\/programok\/podiumbeszelgetes\/"]}]},{"@type":"ImageObject","inLanguage":"en-US","@id":"https:\/\/atulipanoshaz.hu\/kultura\/programok\/podiumbeszelgetes\/#primaryimage","url":"https:\/\/atulipanoshaz.hu\/wp-content\/uploads\/2024\/09\/Azenevilagnapja_Podium_web2_2024.jpg","contentUrl":"https:\/\/atulipanoshaz.hu\/wp-content\/uploads\/2024\/09\/Azenevilagnapja_Podium_web2_2024.jpg"},{"@type":"BreadcrumbList","@id":"https:\/\/atulipanoshaz.hu\/kultura\/programok\/podiumbeszelgetes\/#breadcrumb","itemListElement":[{"@type":"ListItem","position":1,"name":"Kezd\u0151lap","item":"https:\/\/atulipanoshaz.hu\/"},{"@type":"ListItem","position":2,"name":"Kult\u00fara","item":"https:\/\/atulipanoshaz.hu\/kultura\/"},{"@type":"ListItem","position":3,"name":"Programok","item":"https:\/\/atulipanoshaz.hu\/kultura\/programok\/"},{"@type":"ListItem","position":4,"name":"P\u00f3diumbesz\u00e9lget\u00e9s"}]},{"@type":"WebSite","@id":"https:\/\/atulipanoshaz.hu\/#website","url":"https:\/\/atulipanoshaz.hu\/","name":"Tulip Event Venue","description":"Rendezv\u00e9nyh\u00e1z, rendezv\u00e9nyhelysz\u00edn, teremb\u00e9rl\u00e9s, esk\u00fcv\u0151helysz\u00edn, interakt\u00edv ki\u00e1ll\u00edt\u00e1s","publisher":{"@id":"https:\/\/atulipanoshaz.hu\/#organization"},"potentialAction":[{"@type":"SearchAction","target":{"@type":"EntryPoint","urlTemplate":"https:\/\/atulipanoshaz.hu\/?s={search_term_string}"},"query-input":{"@type":"PropertyValueSpecification","valueRequired":true,"valueName":"search_term_string"}}],"inLanguage":"en-US"},{"@type":"Organization","@id":"https:\/\/atulipanoshaz.hu\/#organization","name":"Tulip Event Venue","url":"https:\/\/atulipanoshaz.hu\/","logo":{"@type":"ImageObject","inLanguage":"en-US","@id":"https:\/\/atulipanoshaz.hu\/#\/schema\/logo\/image\/","url":"https:\/\/atulipanoshaz.hu\/wp-content\/uploads\/2022\/03\/Tulipanos1.png","contentUrl":"https:\/\/atulipanoshaz.hu\/wp-content\/uploads\/2022\/03\/Tulipanos1.png","width":700,"height":515,"caption":"Tulip\u00e1nos H\u00e1z"},"image":{"@id":"https:\/\/atulipanoshaz.hu\/#\/schema\/logo\/image\/"},"sameAs":["https:\/\/www.facebook.com\/tulipanosrendezveny\/"]}]}},"_links":{"self":[{"href":"https:\/\/atulipanoshaz.hu\/en\/wp-json\/wp\/v2\/pages\/4864","targetHints":{"allow":["GET"]}}],"collection":[{"href":"https:\/\/atulipanoshaz.hu\/en\/wp-json\/wp\/v2\/pages"}],"about":[{"href":"https:\/\/atulipanoshaz.hu\/en\/wp-json\/wp\/v2\/types\/page"}],"author":[{"embeddable":true,"href":"https:\/\/atulipanoshaz.hu\/en\/wp-json\/wp\/v2\/users\/1"}],"replies":[{"embeddable":true,"href":"https:\/\/atulipanoshaz.hu\/en\/wp-json\/wp\/v2\/comments?post=4864"}],"version-history":[{"count":23,"href":"https:\/\/atulipanoshaz.hu\/en\/wp-json\/wp\/v2\/pages\/4864\/revisions"}],"predecessor-version":[{"id":6054,"href":"https:\/\/atulipanoshaz.hu\/en\/wp-json\/wp\/v2\/pages\/4864\/revisions\/6054"}],"up":[{"embeddable":true,"href":"https:\/\/atulipanoshaz.hu\/en\/wp-json\/wp\/v2\/pages\/265"}],"wp:attachment":[{"href":"https:\/\/atulipanoshaz.hu\/en\/wp-json\/wp\/v2\/media?parent=4864"}],"curies":[{"name":"wp","href":"https:\/\/api.w.org\/{rel}","templated":true}]}}