{"id":4682,"date":"2024-09-13T13:26:21","date_gmt":"2024-09-13T12:26:21","guid":{"rendered":"https:\/\/atulipanoshaz.hu\/?page_id=4682"},"modified":"2025-04-03T09:24:36","modified_gmt":"2025-04-03T08:24:36","slug":"2_eskuvokiallitas","status":"publish","type":"page","link":"https:\/\/atulipanoshaz.hu\/en\/culture\/programs-2\/2_eskuvokiallitas\/","title":{"rendered":"II. Tulip\u00e1nos Esk\u00fcv\u0151 ki\u00e1ll\u00edt\u00e1s \u00e9s ny\u00edlt nap"},"content":{"rendered":"<div data-elementor-type=\"wp-page\" data-elementor-id=\"4682\" class=\"elementor elementor-4682\" data-elementor-post-type=\"page\">\n\t\t\t\t\t\t<section class=\"elementor-section elementor-top-section elementor-element elementor-element-fba91bf elementor-section-boxed elementor-section-height-default elementor-section-height-default\" data-id=\"fba91bf\" data-element_type=\"section\">\n\t\t\t\t\t\t<div class=\"elementor-container elementor-column-gap-default\">\n\t\t\t\t\t<div class=\"elementor-column elementor-col-100 elementor-top-column elementor-element elementor-element-4ef8059\" data-id=\"4ef8059\" data-element_type=\"column\">\n\t\t\t<div class=\"elementor-widget-wrap elementor-element-populated\">\n\t\t\t\t\t\t<section class=\"elementor-section elementor-inner-section elementor-element elementor-element-9d356ba elementor-section-full_width elementor-section-height-default elementor-section-height-default\" data-id=\"9d356ba\" data-element_type=\"section\">\n\t\t\t\t\t\t<div class=\"elementor-container elementor-column-gap-default\">\n\t\t\t\t\t<div class=\"elementor-column elementor-col-100 elementor-inner-column elementor-element elementor-element-3614b5b\" data-id=\"3614b5b\" data-element_type=\"column\">\n\t\t\t<div class=\"elementor-widget-wrap elementor-element-populated\">\n\t\t\t\t\t\t<div class=\"elementor-element elementor-element-9d6ecaf elementor-widget elementor-widget-image\" data-id=\"9d6ecaf\" data-element_type=\"widget\" data-widget_type=\"image.default\">\n\t\t\t\t<div class=\"elementor-widget-container\">\n\t\t\t\t\t\t\t\t\t\t\t\t\t\t\t<img fetchpriority=\"high\" decoding=\"async\" width=\"1200\" height=\"600\" src=\"https:\/\/atulipanoshaz.hu\/wp-content\/uploads\/2024\/09\/EskuvoKiallitas_2024_Fej.jpg\" class=\"attachment-full size-full wp-image-4684\" alt=\"II. Tulip\u00e1nos Esk\u00fcv\u0151ki\u00e1ll\u00edt\u00e1s \u00e9s ny\u00edlt nap\" srcset=\"https:\/\/atulipanoshaz.hu\/wp-content\/uploads\/2024\/09\/EskuvoKiallitas_2024_Fej.jpg 1200w, https:\/\/atulipanoshaz.hu\/wp-content\/uploads\/2024\/09\/EskuvoKiallitas_2024_Fej-300x150.jpg 300w, https:\/\/atulipanoshaz.hu\/wp-content\/uploads\/2024\/09\/EskuvoKiallitas_2024_Fej-1024x512.jpg 1024w, https:\/\/atulipanoshaz.hu\/wp-content\/uploads\/2024\/09\/EskuvoKiallitas_2024_Fej-768x384.jpg 768w, https:\/\/atulipanoshaz.hu\/wp-content\/uploads\/2024\/09\/EskuvoKiallitas_2024_Fej-18x9.jpg 18w\" sizes=\"(max-width: 1200px) 100vw, 1200px\" \/>\t\t\t\t\t\t\t\t\t\t\t\t\t\t\t<\/div>\n\t\t\t\t<\/div>\n\t\t\t\t<div class=\"elementor-element elementor-element-214325e elementor-widget elementor-widget-heading\" data-id=\"214325e\" data-element_type=\"widget\" data-widget_type=\"heading.default\">\n\t\t\t\t<div class=\"elementor-widget-container\">\n\t\t\t\t\t<h1 class=\"elementor-heading-title elementor-size-default\">II. Tulip\u00e1nos Esk\u00fcv\u0151 ki\u00e1ll\u00edt\u00e1s \u00e9s ny\u00edlt nap\n<\/h1>\t\t\t\t<\/div>\n\t\t\t\t<\/div>\n\t\t\t\t<div class=\"elementor-element elementor-element-0905c08 elementor-widget elementor-widget-text-editor\" data-id=\"0905c08\" data-element_type=\"widget\" data-widget_type=\"text-editor.default\">\n\t\t\t\t<div class=\"elementor-widget-container\">\n\t\t\t\t\t\t\t\t\t<p>Free Program<\/p>\t\t\t\t\t\t\t\t<\/div>\n\t\t\t\t<\/div>\n\t\t\t\t<div class=\"elementor-element elementor-element-fc2c28e elementor-widget elementor-widget-text-editor\" data-id=\"fc2c28e\" data-element_type=\"widget\" data-widget_type=\"text-editor.default\">\n\t\t\t\t<div class=\"elementor-widget-container\">\n\t\t\t\t\t\t\t\t\t<p><strong>2024. okt\u00f3ber 27., 10:00 &#8211; 18:00<\/strong><\/p>\t\t\t\t\t\t\t\t<\/div>\n\t\t\t\t<\/div>\n\t\t\t\t<div class=\"elementor-element elementor-element-b682629 elementor-widget elementor-widget-text-editor\" data-id=\"b682629\" data-element_type=\"widget\" data-widget_type=\"text-editor.default\">\n\t\t\t\t<div class=\"elementor-widget-container\">\n\t\t\t\t\t\t\t\t\t<p>A tavalyi nagy \u00e9rdekl\u0151d\u00e9snek k\u00f6sz\u00f6nhet\u0151en id\u00e9n is megrendez\u00e9sre ker\u00fcl a Tulip\u00e1nos Esk\u00fcv\u0151 Ki\u00e1ll\u00edt\u00e1s \u00e9s Ny\u00edlt Nap.<\/p><p>Helysz\u00ednbej\u00e1r\u00e1si lehet\u0151s\u00e9ggel, r\u00e9szletes t\u00e1j\u00e9koztat\u00e1ssal, esk\u00fcv\u0151i szolg\u00e1ltat\u00f3kkal, divatbemutat\u00f3val, \u00e9rt\u00e9kes nyerem\u00e9nyekkel, j\u00f3 hangulattal \u00e9s bar\u00e1ts\u00e1gos l\u00e9gk\u00f6rrel v\u00e1runk Titeket!<\/p><p><strong>Pontosan mi\u00e9rt \u00e9rdemes r\u00e9szt venni a<\/strong><strong>z esk\u00fcv\u0151i ny\u00edlt napunkon?<\/strong><\/p><ul><li>Megismerhetitek Tatab\u00e1nya legszebb esk\u00fcv\u0151helysz\u00edn\u00e9t, a Tulip\u00e1nos Rendezv\u00e9nyh\u00e1zat.<\/li><li>Egy nap alatt ak\u00e1r t\u00f6bb esk\u00fcv\u0151i szolg\u00e1ltat\u00f3t is kiv\u00e1laszthattok. A szem\u00e9lyes tal\u00e1lkoz\u00f3 alkalm\u00e1val r\u00f6videbb id\u0151 alatt tudtok egyeztetni szolg\u00e1ltat\u00f3kkal, k\u00f6nnyebben kider\u00fcl, hogy egym\u00e1st keresitek-e.<\/li><li>Sok hasznos \u00f6tlettel, inspir\u00e1ci\u00f3val gazdagodva t\u00e9rhettek haza.<\/li><li>Csod\u00e1s divatbemutat\u00f3val v\u00e1runk Benneteket &#8211; Vida Sziszi j\u00f3volt\u00e1b\u00f3l.<\/li><li>WedTalk! besz\u00e9lget\u00e9sekkel is k\u00e9sz\u00fcl\u00fcnk Nektek.<\/li><li>\u00c9rt\u00e9kes nyerem\u00e9nyeket sorsolunk ki.<\/li><li>Az \u00e9rdekl\u0151d\u0151 p\u00e1rok r\u00e9sz\u00e9re a bel\u00e9p\u00e9s ingyenes.<\/li><\/ul><p>Ha jegyben j\u00e1rtok, ha a NAGY NAPRA k\u00e9sz\u00fclt\u00f6k, ha egy csal\u00e1dtagod, bar\u00e1tod esk\u00fcv\u0151je k\u00f6zeleg, ha szerelmese vagy az esk\u00fcv\u0151knek, itt a helyed!<\/p><p><strong>Egy nap, ami r\u00f3latok sz\u00f3l! Gyertek el, legyetek r\u00e9szesei az \u00e9lm\u00e9nynek!<\/strong><\/p>\t\t\t\t\t\t\t\t<\/div>\n\t\t\t\t<\/div>\n\t\t\t\t<div class=\"elementor-element elementor-element-9d57c97 elementor-widget elementor-widget-text-editor\" data-id=\"9d57c97\" data-element_type=\"widget\" data-widget_type=\"text-editor.default\">\n\t\t\t\t<div class=\"elementor-widget-container\">\n\t\t\t\t\t\t\t\t\t<p><strong>R\u00e9szletes program:<\/strong><\/p>\t\t\t\t\t\t\t\t<\/div>\n\t\t\t\t<\/div>\n\t\t\t\t<div class=\"elementor-element elementor-element-6861de8 elementor-widget elementor-widget-text-editor\" data-id=\"6861de8\" data-element_type=\"widget\" data-widget_type=\"text-editor.default\">\n\t\t\t\t<div class=\"elementor-widget-container\">\n\t\t\t\t\t\t\t\t\t<p><strong>10:00\u00a0 \u00a0<\/strong>Kapunyit\u00e1s<br \/><strong>10:30\u00a0 \u00a0<\/strong>WedTalk! \u2013 Baloghn\u00e9 Rasek Nikolett \u2013 Balo<br \/><strong>11:00\u00a0 \u00a0<\/strong>D\u00f6&#8217;Loorien Party Music Band \u00e9l\u0151 bemutat\u00f3-party<br \/><strong>11:30\u00a0 \u00a0<\/strong>Tulip\u00e1nos Turn\u00e9<br \/><strong>13:30\u00a0 \u00a0<\/strong>WedTalk! \u2013 Nagy Maya szertart\u00e1svezet\u0151vel<br \/><strong>14:30\u00a0 \u00a0<\/strong>WedTalk! \u2013 Kormos R\u00f3bert cerem\u00f3niamesterrel<br \/><strong>15:00\u00a0 \u00a0<\/strong>I Do &#8211; Live Duo fell\u00e9p\u00e9se (F\u00f3nyad Anna, Ruska P\u00e9ter)<br \/><strong>16:00\u00a0 \u00a0<\/strong>St\u00edlus, elegancia, esk\u00fcv\u0151! &#8211; Vida Sziszi Divatbemutat\u00f3ja<br \/><strong>17:30\u00a0 \u00a0<\/strong>Nyerem\u00e9nyek sorsol\u00e1sa<br \/><strong>18:00\u00a0 \u00a0<\/strong>Rendezv\u00e9ny z\u00e1r\u00e1sa<\/p>\t\t\t\t\t\t\t\t<\/div>\n\t\t\t\t<\/div>\n\t\t\t\t<div class=\"elementor-element elementor-element-fd2690f elementor-widget-divider--view-line elementor-widget elementor-widget-divider\" data-id=\"fd2690f\" data-element_type=\"widget\" data-widget_type=\"divider.default\">\n\t\t\t\t<div class=\"elementor-widget-container\">\n\t\t\t\t\t\t\t<div class=\"elementor-divider\">\n\t\t\t<span class=\"elementor-divider-separator\">\n\t\t\t\t\t\t<\/span>\n\t\t<\/div>\n\t\t\t\t\t\t<\/div>\n\t\t\t\t<\/div>\n\t\t\t\t<div class=\"elementor-element elementor-element-7f55399 elementor-widget elementor-widget-text-editor\" data-id=\"7f55399\" data-element_type=\"widget\" data-widget_type=\"text-editor.default\">\n\t\t\t\t<div class=\"elementor-widget-container\">\n\t\t\t\t\t\t\t\t\t<p>Ki\u00e1ll\u00edt\u00f3ink:<\/p>\t\t\t\t\t\t\t\t<\/div>\n\t\t\t\t<\/div>\n\t\t\t\t<div class=\"elementor-element elementor-element-c7a4130 elementor-widget elementor-widget-image\" data-id=\"c7a4130\" data-element_type=\"widget\" data-widget_type=\"image.default\">\n\t\t\t\t<div class=\"elementor-widget-container\">\n\t\t\t\t\t\t\t\t\t\t\t\t\t\t\t<img decoding=\"async\" width=\"900\" height=\"540\" src=\"https:\/\/atulipanoshaz.hu\/wp-content\/uploads\/2024\/10\/2024_logok_9.png\" class=\"attachment-large size-large wp-image-4995\" alt=\"II. Tulip\u00e1nos Esk\u00fcv\u0151 Ki\u00e1ll\u00edt\u00e1s \u00e9s Ny\u00edlt Nap ki\u00e1ll\u00edt\u00f3i, teljes\" srcset=\"https:\/\/atulipanoshaz.hu\/wp-content\/uploads\/2024\/10\/2024_logok_9.png 1000w, https:\/\/atulipanoshaz.hu\/wp-content\/uploads\/2024\/10\/2024_logok_9-300x180.png 300w, https:\/\/atulipanoshaz.hu\/wp-content\/uploads\/2024\/10\/2024_logok_9-768x461.png 768w, https:\/\/atulipanoshaz.hu\/wp-content\/uploads\/2024\/10\/2024_logok_9-18x12.png 18w\" sizes=\"(max-width: 900px) 100vw, 900px\" \/>\t\t\t\t\t\t\t\t\t\t\t\t\t\t\t<\/div>\n\t\t\t\t<\/div>\n\t\t\t\t\t<\/div>\n\t\t<\/div>\n\t\t\t\t\t<\/div>\n\t\t<\/section>\n\t\t\t\t<div class=\"elementor-element elementor-element-6026ab5 elementor-widget-divider--view-line elementor-widget elementor-widget-divider\" data-id=\"6026ab5\" data-element_type=\"widget\" data-widget_type=\"divider.default\">\n\t\t\t\t<div class=\"elementor-widget-container\">\n\t\t\t\t\t\t\t<div class=\"elementor-divider\">\n\t\t\t<span class=\"elementor-divider-separator\">\n\t\t\t\t\t\t<\/span>\n\t\t<\/div>\n\t\t\t\t\t\t<\/div>\n\t\t\t\t<\/div>\n\t\t\t\t<div class=\"elementor-element elementor-element-18a4520 elementor-widget elementor-widget-image\" data-id=\"18a4520\" data-element_type=\"widget\" data-settings=\"{&quot;motion_fx_motion_fx_scrolling&quot;:&quot;yes&quot;,&quot;motion_fx_translateX_effect&quot;:&quot;yes&quot;,&quot;motion_fx_translateX_direction&quot;:&quot;negative&quot;,&quot;motion_fx_translateX_speed&quot;:{&quot;unit&quot;:&quot;px&quot;,&quot;size&quot;:4,&quot;sizes&quot;:[]},&quot;motion_fx_translateX_affectedRange&quot;:{&quot;unit&quot;:&quot;%&quot;,&quot;size&quot;:&quot;&quot;,&quot;sizes&quot;:{&quot;start&quot;:0,&quot;end&quot;:100}},&quot;motion_fx_devices&quot;:[&quot;desktop&quot;,&quot;tablet&quot;,&quot;mobile&quot;]}\" data-widget_type=\"image.default\">\n\t\t\t\t<div class=\"elementor-widget-container\">\n\t\t\t\t\t\t\t\t\t\t\t\t\t\t\t\t<a href=\"https:\/\/fb.me\/e\/6MloOiLJU\" target=\"_blank\">\n\t\t\t\t\t\t\t<img decoding=\"async\" width=\"400\" height=\"178\" src=\"https:\/\/atulipanoshaz.hu\/wp-content\/uploads\/2024\/10\/EskuvoKiallitas_FB_link.png\" class=\"attachment-medium_large size-medium_large wp-image-4923\" alt=\"II. Tulip\u00e1nos Esk\u00fcv\u0151 Ki\u00e1ll\u00edt\u00e1s \u00e9s Ny\u00edlt Nap FB link\" srcset=\"https:\/\/atulipanoshaz.hu\/wp-content\/uploads\/2024\/10\/EskuvoKiallitas_FB_link.png 400w, https:\/\/atulipanoshaz.hu\/wp-content\/uploads\/2024\/10\/EskuvoKiallitas_FB_link-300x134.png 300w, https:\/\/atulipanoshaz.hu\/wp-content\/uploads\/2024\/10\/EskuvoKiallitas_FB_link-18x8.png 18w\" sizes=\"(max-width: 400px) 100vw, 400px\" \/>\t\t\t\t\t\t\t\t<\/a>\n\t\t\t\t\t\t\t\t\t\t\t\t\t\t\t<\/div>\n\t\t\t\t<\/div>\n\t\t\t\t<div class=\"elementor-element elementor-element-1288737 elementor-hidden-desktop elementor-hidden-tablet elementor-hidden-mobile elementor-widget-divider--view-line elementor-widget elementor-widget-divider\" data-id=\"1288737\" data-element_type=\"widget\" data-widget_type=\"divider.default\">\n\t\t\t\t<div class=\"elementor-widget-container\">\n\t\t\t\t\t\t\t<div class=\"elementor-divider\">\n\t\t\t<span class=\"elementor-divider-separator\">\n\t\t\t\t\t\t<\/span>\n\t\t<\/div>\n\t\t\t\t\t\t<\/div>\n\t\t\t\t<\/div>\n\t\t\t\t<div class=\"elementor-element elementor-element-17f5c07 elementor-hidden-desktop elementor-hidden-tablet elementor-hidden-mobile elementor-widget elementor-widget-text-editor\" data-id=\"17f5c07\" data-element_type=\"widget\" data-widget_type=\"text-editor.default\">\n\t\t\t\t<div class=\"elementor-widget-container\">\n\t\t\t\t\t\t\t\t\t<p>Ha szolg\u00e1ltat\u00f3k\u00e9nt szeretn\u00e9l r\u00e9szt venni rendezv\u00e9ny\u00fcnk\u00f6n, <br \/>keresd munkat\u00e1rsunkat az al\u00e1bbi el\u00e9rhet\u0151s\u00e9geken:<\/p><p><strong>Bernadett Szab\u00f3<\/strong><br \/>Phone: +36 30 638-9209\u00a0 \u00a0<br \/>E-mail: <a href=\"mailto:info@atulipanoshaz.hu\">info@atulipanoshaz.hu<\/a><\/p>\t\t\t\t\t\t\t\t<\/div>\n\t\t\t\t<\/div>\n\t\t\t\t\t<\/div>\n\t\t<\/div>\n\t\t\t\t\t<\/div>\n\t\t<\/section>\n\t\t\t\t<\/div>","protected":false},"excerpt":{"rendered":"<p>II. Tulip\u00e1nos Esk\u00fcv\u0151 ki\u00e1ll\u00edt\u00e1s \u00e9s ny\u00edlt nap INGYENES PROGRAM 2024. okt\u00f3ber 27., 10:00 &#8211; 18:00 A tavalyi nagy \u00e9rdekl\u0151d\u00e9snek k\u00f6sz\u00f6nhet\u0151en id\u00e9n is megrendez\u00e9sre ker\u00fcl a Tulip\u00e1nos Esk\u00fcv\u0151 Ki\u00e1ll\u00edt\u00e1s \u00e9s Ny\u00edlt Nap. Helysz\u00ednbej\u00e1r\u00e1si lehet\u0151s\u00e9ggel, r\u00e9szletes t\u00e1j\u00e9koztat\u00e1ssal, esk\u00fcv\u0151i szolg\u00e1ltat\u00f3kkal, divatbemutat\u00f3val, \u00e9rt\u00e9kes nyerem\u00e9nyekkel, j\u00f3 hangulattal \u00e9s bar\u00e1ts\u00e1gos l\u00e9gk\u00f6rrel v\u00e1runk Titeket! Pontosan mi\u00e9rt \u00e9rdemes r\u00e9szt venni az esk\u00fcv\u0151i ny\u00edlt &#8230; <a title=\"II. Tulip\u00e1nos Esk\u00fcv\u0151 ki\u00e1ll\u00edt\u00e1s \u00e9s ny\u00edlt nap\" class=\"read-more\" href=\"https:\/\/atulipanoshaz.hu\/en\/culture\/programs-2\/2_eskuvokiallitas\/\" aria-label=\"Read more about II. Tulip\u00e1nos Esk\u00fcv\u0151 ki\u00e1ll\u00edt\u00e1s \u00e9s ny\u00edlt nap\">Read more<\/a><\/p>","protected":false},"author":1,"featured_media":0,"parent":265,"menu_order":0,"comment_status":"closed","ping_status":"closed","template":"elementor_header_footer","meta":{"footnotes":""},"class_list":["post-4682","page","type-page","status-publish"],"yoast_head":"<!-- This site is optimized with the Yoast SEO Premium plugin v25.6 (Yoast SEO v26.0) - https:\/\/yoast.com\/wordpress\/plugins\/seo\/ -->\n<title>II. Tulip\u00e1nos Esk\u00fcv\u0151 ki\u00e1ll\u00edt\u00e1s \u00e9s ny\u00edlt nap<\/title>\n<meta name=\"description\" content=\"A Tulip\u00e1nos Esk\u00fcv\u0151 Ki\u00e1ll\u00edt\u00e1s \u00e9s Ny\u00edlt Nap folyam\u00e1n p\u00f3diumbesz\u00e9lget\u00e9sekkel, bemutat\u00f3kkal \u00e9s helysz\u00ednbej\u00e1r\u00e1ssal is szolg\u00e1lunk a l\u00e1togat\u00f3k sz\u00e1m\u00e1ra.\" \/>\n<meta name=\"robots\" content=\"index, follow, max-snippet:-1, max-image-preview:large, max-video-preview:-1\" \/>\n<link rel=\"canonical\" href=\"https:\/\/atulipanoshaz.hu\/en\/culture\/programs-2\/2_eskuvokiallitas\/\" \/>\n<meta property=\"og:locale\" content=\"en_US\" \/>\n<meta property=\"og:type\" content=\"article\" \/>\n<meta property=\"og:title\" content=\"II. Tulip\u00e1nos Esk\u00fcv\u0151 ki\u00e1ll\u00edt\u00e1s \u00e9s ny\u00edlt nap\" \/>\n<meta property=\"og:description\" content=\"A Tulip\u00e1nos Esk\u00fcv\u0151 Ki\u00e1ll\u00edt\u00e1s \u00e9s Ny\u00edlt Nap folyam\u00e1n p\u00f3diumbesz\u00e9lget\u00e9sekkel, bemutat\u00f3kkal \u00e9s helysz\u00ednbej\u00e1r\u00e1ssal is szolg\u00e1lunk a l\u00e1togat\u00f3k sz\u00e1m\u00e1ra.\" \/>\n<meta property=\"og:url\" content=\"https:\/\/atulipanoshaz.hu\/en\/culture\/programs-2\/2_eskuvokiallitas\/\" \/>\n<meta property=\"og:site_name\" content=\"Tulip\u00e1nos H\u00e1z\" \/>\n<meta property=\"article:publisher\" content=\"https:\/\/www.facebook.com\/tulipanosrendezveny\/\" \/>\n<meta property=\"article:modified_time\" content=\"2025-04-03T08:24:36+00:00\" \/>\n<meta property=\"og:image\" content=\"https:\/\/atulipanoshaz.hu\/wp-content\/uploads\/2024\/09\/EskuvoKiallitas_2024_Fej.jpg\" \/>\n<meta name=\"twitter:card\" content=\"summary_large_image\" \/>\n<meta name=\"twitter:label1\" content=\"Est. reading time\" \/>\n\t<meta name=\"twitter:data1\" content=\"2 minutes\" \/>\n<script type=\"application\/ld+json\" class=\"yoast-schema-graph\">{\"@context\":\"https:\/\/schema.org\",\"@graph\":[{\"@type\":\"WebPage\",\"@id\":\"https:\/\/atulipanoshaz.hu\/kultura\/programok\/2_eskuvokiallitas\/\",\"url\":\"https:\/\/atulipanoshaz.hu\/kultura\/programok\/2_eskuvokiallitas\/\",\"name\":\"II. Tulip\u00e1nos Esk\u00fcv\u0151 ki\u00e1ll\u00edt\u00e1s \u00e9s ny\u00edlt nap\",\"isPartOf\":{\"@id\":\"https:\/\/atulipanoshaz.hu\/#website\"},\"primaryImageOfPage\":{\"@id\":\"https:\/\/atulipanoshaz.hu\/kultura\/programok\/2_eskuvokiallitas\/#primaryimage\"},\"image\":{\"@id\":\"https:\/\/atulipanoshaz.hu\/kultura\/programok\/2_eskuvokiallitas\/#primaryimage\"},\"thumbnailUrl\":\"https:\/\/atulipanoshaz.hu\/wp-content\/uploads\/2024\/09\/EskuvoKiallitas_2024_Fej.jpg\",\"datePublished\":\"2024-09-13T12:26:21+00:00\",\"dateModified\":\"2025-04-03T08:24:36+00:00\",\"description\":\"A Tulip\u00e1nos Esk\u00fcv\u0151 Ki\u00e1ll\u00edt\u00e1s \u00e9s Ny\u00edlt Nap folyam\u00e1n p\u00f3diumbesz\u00e9lget\u00e9sekkel, bemutat\u00f3kkal \u00e9s helysz\u00ednbej\u00e1r\u00e1ssal is szolg\u00e1lunk a l\u00e1togat\u00f3k sz\u00e1m\u00e1ra.\",\"breadcrumb\":{\"@id\":\"https:\/\/atulipanoshaz.hu\/kultura\/programok\/2_eskuvokiallitas\/#breadcrumb\"},\"inLanguage\":\"en-US\",\"potentialAction\":[{\"@type\":\"ReadAction\",\"target\":[\"https:\/\/atulipanoshaz.hu\/kultura\/programok\/2_eskuvokiallitas\/\"]}]},{\"@type\":\"ImageObject\",\"inLanguage\":\"en-US\",\"@id\":\"https:\/\/atulipanoshaz.hu\/kultura\/programok\/2_eskuvokiallitas\/#primaryimage\",\"url\":\"https:\/\/atulipanoshaz.hu\/wp-content\/uploads\/2024\/09\/EskuvoKiallitas_2024_Fej.jpg\",\"contentUrl\":\"https:\/\/atulipanoshaz.hu\/wp-content\/uploads\/2024\/09\/EskuvoKiallitas_2024_Fej.jpg\"},{\"@type\":\"BreadcrumbList\",\"@id\":\"https:\/\/atulipanoshaz.hu\/kultura\/programok\/2_eskuvokiallitas\/#breadcrumb\",\"itemListElement\":[{\"@type\":\"ListItem\",\"position\":1,\"name\":\"Kezd\u0151lap\",\"item\":\"https:\/\/atulipanoshaz.hu\/\"},{\"@type\":\"ListItem\",\"position\":2,\"name\":\"Kult\u00fara\",\"item\":\"https:\/\/atulipanoshaz.hu\/kultura\/\"},{\"@type\":\"ListItem\",\"position\":3,\"name\":\"Programok\",\"item\":\"https:\/\/atulipanoshaz.hu\/kultura\/programok\/\"},{\"@type\":\"ListItem\",\"position\":4,\"name\":\"II. Tulip\u00e1nos Esk\u00fcv\u0151 ki\u00e1ll\u00edt\u00e1s \u00e9s ny\u00edlt nap\"}]},{\"@type\":\"WebSite\",\"@id\":\"https:\/\/atulipanoshaz.hu\/#website\",\"url\":\"https:\/\/atulipanoshaz.hu\/\",\"name\":\"Tulip\u00e1nos H\u00e1z\",\"description\":\"Rendezv\u00e9nyh\u00e1z, rendezv\u00e9nyhelysz\u00edn, teremb\u00e9rl\u00e9s, esk\u00fcv\u0151helysz\u00edn, interakt\u00edv ki\u00e1ll\u00edt\u00e1s\",\"publisher\":{\"@id\":\"https:\/\/atulipanoshaz.hu\/#organization\"},\"potentialAction\":[{\"@type\":\"SearchAction\",\"target\":{\"@type\":\"EntryPoint\",\"urlTemplate\":\"https:\/\/atulipanoshaz.hu\/?s={search_term_string}\"},\"query-input\":{\"@type\":\"PropertyValueSpecification\",\"valueRequired\":true,\"valueName\":\"search_term_string\"}}],\"inLanguage\":\"en-US\"},{\"@type\":\"Organization\",\"@id\":\"https:\/\/atulipanoshaz.hu\/#organization\",\"name\":\"Tulip\u00e1nos H\u00e1z\",\"url\":\"https:\/\/atulipanoshaz.hu\/\",\"logo\":{\"@type\":\"ImageObject\",\"inLanguage\":\"en-US\",\"@id\":\"https:\/\/atulipanoshaz.hu\/#\/schema\/logo\/image\/\",\"url\":\"https:\/\/atulipanoshaz.hu\/wp-content\/uploads\/2022\/03\/Tulipanos1.png\",\"contentUrl\":\"https:\/\/atulipanoshaz.hu\/wp-content\/uploads\/2022\/03\/Tulipanos1.png\",\"width\":700,\"height\":515,\"caption\":\"Tulip\u00e1nos H\u00e1z\"},\"image\":{\"@id\":\"https:\/\/atulipanoshaz.hu\/#\/schema\/logo\/image\/\"},\"sameAs\":[\"https:\/\/www.facebook.com\/tulipanosrendezveny\/\"]}]}<\/script>\n<!-- \/ Yoast SEO Premium plugin. -->","yoast_head_json":{"title":"II. Tulip\u00e1nos Esk\u00fcv\u0151 ki\u00e1ll\u00edt\u00e1s \u00e9s ny\u00edlt nap","description":"A Tulip\u00e1nos Esk\u00fcv\u0151 Ki\u00e1ll\u00edt\u00e1s \u00e9s Ny\u00edlt Nap folyam\u00e1n p\u00f3diumbesz\u00e9lget\u00e9sekkel, bemutat\u00f3kkal \u00e9s helysz\u00ednbej\u00e1r\u00e1ssal is szolg\u00e1lunk a l\u00e1togat\u00f3k sz\u00e1m\u00e1ra.","robots":{"index":"index","follow":"follow","max-snippet":"max-snippet:-1","max-image-preview":"max-image-preview:large","max-video-preview":"max-video-preview:-1"},"canonical":"https:\/\/atulipanoshaz.hu\/en\/culture\/programs-2\/2_eskuvokiallitas\/","og_locale":"en_US","og_type":"article","og_title":"II. Tulip\u00e1nos Esk\u00fcv\u0151 ki\u00e1ll\u00edt\u00e1s \u00e9s ny\u00edlt nap","og_description":"A Tulip\u00e1nos Esk\u00fcv\u0151 Ki\u00e1ll\u00edt\u00e1s \u00e9s Ny\u00edlt Nap folyam\u00e1n p\u00f3diumbesz\u00e9lget\u00e9sekkel, bemutat\u00f3kkal \u00e9s helysz\u00ednbej\u00e1r\u00e1ssal is szolg\u00e1lunk a l\u00e1togat\u00f3k sz\u00e1m\u00e1ra.","og_url":"https:\/\/atulipanoshaz.hu\/en\/culture\/programs-2\/2_eskuvokiallitas\/","og_site_name":"Tulip\u00e1nos H\u00e1z","article_publisher":"https:\/\/www.facebook.com\/tulipanosrendezveny\/","article_modified_time":"2025-04-03T08:24:36+00:00","og_image":[{"url":"https:\/\/atulipanoshaz.hu\/wp-content\/uploads\/2024\/09\/EskuvoKiallitas_2024_Fej.jpg","type":"","width":"","height":""}],"twitter_card":"summary_large_image","twitter_misc":{"Est. reading time":"2 minutes"},"schema":{"@context":"https:\/\/schema.org","@graph":[{"@type":"WebPage","@id":"https:\/\/atulipanoshaz.hu\/kultura\/programok\/2_eskuvokiallitas\/","url":"https:\/\/atulipanoshaz.hu\/kultura\/programok\/2_eskuvokiallitas\/","name":"II. Tulip\u00e1nos Esk\u00fcv\u0151 ki\u00e1ll\u00edt\u00e1s \u00e9s ny\u00edlt nap","isPartOf":{"@id":"https:\/\/atulipanoshaz.hu\/#website"},"primaryImageOfPage":{"@id":"https:\/\/atulipanoshaz.hu\/kultura\/programok\/2_eskuvokiallitas\/#primaryimage"},"image":{"@id":"https:\/\/atulipanoshaz.hu\/kultura\/programok\/2_eskuvokiallitas\/#primaryimage"},"thumbnailUrl":"https:\/\/atulipanoshaz.hu\/wp-content\/uploads\/2024\/09\/EskuvoKiallitas_2024_Fej.jpg","datePublished":"2024-09-13T12:26:21+00:00","dateModified":"2025-04-03T08:24:36+00:00","description":"A Tulip\u00e1nos Esk\u00fcv\u0151 Ki\u00e1ll\u00edt\u00e1s \u00e9s Ny\u00edlt Nap folyam\u00e1n p\u00f3diumbesz\u00e9lget\u00e9sekkel, bemutat\u00f3kkal \u00e9s helysz\u00ednbej\u00e1r\u00e1ssal is szolg\u00e1lunk a l\u00e1togat\u00f3k sz\u00e1m\u00e1ra.","breadcrumb":{"@id":"https:\/\/atulipanoshaz.hu\/kultura\/programok\/2_eskuvokiallitas\/#breadcrumb"},"inLanguage":"en-US","potentialAction":[{"@type":"ReadAction","target":["https:\/\/atulipanoshaz.hu\/kultura\/programok\/2_eskuvokiallitas\/"]}]},{"@type":"ImageObject","inLanguage":"en-US","@id":"https:\/\/atulipanoshaz.hu\/kultura\/programok\/2_eskuvokiallitas\/#primaryimage","url":"https:\/\/atulipanoshaz.hu\/wp-content\/uploads\/2024\/09\/EskuvoKiallitas_2024_Fej.jpg","contentUrl":"https:\/\/atulipanoshaz.hu\/wp-content\/uploads\/2024\/09\/EskuvoKiallitas_2024_Fej.jpg"},{"@type":"BreadcrumbList","@id":"https:\/\/atulipanoshaz.hu\/kultura\/programok\/2_eskuvokiallitas\/#breadcrumb","itemListElement":[{"@type":"ListItem","position":1,"name":"Kezd\u0151lap","item":"https:\/\/atulipanoshaz.hu\/"},{"@type":"ListItem","position":2,"name":"Kult\u00fara","item":"https:\/\/atulipanoshaz.hu\/kultura\/"},{"@type":"ListItem","position":3,"name":"Programok","item":"https:\/\/atulipanoshaz.hu\/kultura\/programok\/"},{"@type":"ListItem","position":4,"name":"II. Tulip\u00e1nos Esk\u00fcv\u0151 ki\u00e1ll\u00edt\u00e1s \u00e9s ny\u00edlt nap"}]},{"@type":"WebSite","@id":"https:\/\/atulipanoshaz.hu\/#website","url":"https:\/\/atulipanoshaz.hu\/","name":"Tulip Event Venue","description":"Rendezv\u00e9nyh\u00e1z, rendezv\u00e9nyhelysz\u00edn, teremb\u00e9rl\u00e9s, esk\u00fcv\u0151helysz\u00edn, interakt\u00edv ki\u00e1ll\u00edt\u00e1s","publisher":{"@id":"https:\/\/atulipanoshaz.hu\/#organization"},"potentialAction":[{"@type":"SearchAction","target":{"@type":"EntryPoint","urlTemplate":"https:\/\/atulipanoshaz.hu\/?s={search_term_string}"},"query-input":{"@type":"PropertyValueSpecification","valueRequired":true,"valueName":"search_term_string"}}],"inLanguage":"en-US"},{"@type":"Organization","@id":"https:\/\/atulipanoshaz.hu\/#organization","name":"Tulip Event Venue","url":"https:\/\/atulipanoshaz.hu\/","logo":{"@type":"ImageObject","inLanguage":"en-US","@id":"https:\/\/atulipanoshaz.hu\/#\/schema\/logo\/image\/","url":"https:\/\/atulipanoshaz.hu\/wp-content\/uploads\/2022\/03\/Tulipanos1.png","contentUrl":"https:\/\/atulipanoshaz.hu\/wp-content\/uploads\/2022\/03\/Tulipanos1.png","width":700,"height":515,"caption":"Tulip\u00e1nos H\u00e1z"},"image":{"@id":"https:\/\/atulipanoshaz.hu\/#\/schema\/logo\/image\/"},"sameAs":["https:\/\/www.facebook.com\/tulipanosrendezveny\/"]}]}},"_links":{"self":[{"href":"https:\/\/atulipanoshaz.hu\/en\/wp-json\/wp\/v2\/pages\/4682","targetHints":{"allow":["GET"]}}],"collection":[{"href":"https:\/\/atulipanoshaz.hu\/en\/wp-json\/wp\/v2\/pages"}],"about":[{"href":"https:\/\/atulipanoshaz.hu\/en\/wp-json\/wp\/v2\/types\/page"}],"author":[{"embeddable":true,"href":"https:\/\/atulipanoshaz.hu\/en\/wp-json\/wp\/v2\/users\/1"}],"replies":[{"embeddable":true,"href":"https:\/\/atulipanoshaz.hu\/en\/wp-json\/wp\/v2\/comments?post=4682"}],"version-history":[{"count":73,"href":"https:\/\/atulipanoshaz.hu\/en\/wp-json\/wp\/v2\/pages\/4682\/revisions"}],"predecessor-version":[{"id":6051,"href":"https:\/\/atulipanoshaz.hu\/en\/wp-json\/wp\/v2\/pages\/4682\/revisions\/6051"}],"up":[{"embeddable":true,"href":"https:\/\/atulipanoshaz.hu\/en\/wp-json\/wp\/v2\/pages\/265"}],"wp:attachment":[{"href":"https:\/\/atulipanoshaz.hu\/en\/wp-json\/wp\/v2\/media?parent=4682"}],"curies":[{"name":"wp","href":"https:\/\/api.w.org\/{rel}","templated":true}]}}