{"id":4658,"date":"2024-09-12T12:54:51","date_gmt":"2024-09-12T11:54:51","guid":{"rendered":"https:\/\/atulipanoshaz.hu\/?page_id=4658"},"modified":"2025-04-03T09:21:25","modified_gmt":"2025-04-03T08:21:25","slug":"a-zene-vilagnapja","status":"publish","type":"page","link":"https:\/\/atulipanoshaz.hu\/en\/culture\/programs-2\/a-zene-vilagnapja\/","title":{"rendered":"A zene vil\u00e1gnapja"},"content":{"rendered":"<div data-elementor-type=\"wp-page\" data-elementor-id=\"4658\" class=\"elementor elementor-4658\" data-elementor-post-type=\"page\">\n\t\t\t\t\t\t<section class=\"elementor-section elementor-top-section elementor-element elementor-element-fba91bf elementor-section-boxed elementor-section-height-default elementor-section-height-default\" data-id=\"fba91bf\" data-element_type=\"section\">\n\t\t\t\t\t\t<div class=\"elementor-container elementor-column-gap-default\">\n\t\t\t\t\t<div class=\"elementor-column elementor-col-100 elementor-top-column elementor-element elementor-element-4ef8059\" data-id=\"4ef8059\" data-element_type=\"column\">\n\t\t\t<div class=\"elementor-widget-wrap elementor-element-populated\">\n\t\t\t\t\t\t<section class=\"elementor-section elementor-inner-section elementor-element elementor-element-9d356ba elementor-section-full_width elementor-section-height-default elementor-section-height-default\" data-id=\"9d356ba\" data-element_type=\"section\">\n\t\t\t\t\t\t<div class=\"elementor-container elementor-column-gap-default\">\n\t\t\t\t\t<div class=\"elementor-column elementor-col-100 elementor-inner-column elementor-element elementor-element-3614b5b\" data-id=\"3614b5b\" data-element_type=\"column\">\n\t\t\t<div class=\"elementor-widget-wrap elementor-element-populated\">\n\t\t\t\t\t\t<div class=\"elementor-element elementor-element-9d6ecaf elementor-widget elementor-widget-image\" data-id=\"9d6ecaf\" data-element_type=\"widget\" data-widget_type=\"image.default\">\n\t\t\t\t<div class=\"elementor-widget-container\">\n\t\t\t\t\t\t\t\t\t\t\t\t\t\t\t<img fetchpriority=\"high\" decoding=\"async\" width=\"1400\" height=\"578\" src=\"https:\/\/atulipanoshaz.hu\/wp-content\/uploads\/2024\/09\/zene_vilagnapja.jpg\" class=\"attachment-full size-full wp-image-4661\" alt=\"Tulip\u00e1nos Rendezv\u00e9nyh\u00e1z. A zene vil\u00e1gnapja.\" srcset=\"https:\/\/atulipanoshaz.hu\/wp-content\/uploads\/2024\/09\/zene_vilagnapja.jpg 1400w, https:\/\/atulipanoshaz.hu\/wp-content\/uploads\/2024\/09\/zene_vilagnapja-300x124.jpg 300w, https:\/\/atulipanoshaz.hu\/wp-content\/uploads\/2024\/09\/zene_vilagnapja-1024x423.jpg 1024w, https:\/\/atulipanoshaz.hu\/wp-content\/uploads\/2024\/09\/zene_vilagnapja-768x317.jpg 768w, https:\/\/atulipanoshaz.hu\/wp-content\/uploads\/2024\/09\/zene_vilagnapja-18x7.jpg 18w\" sizes=\"(max-width: 1400px) 100vw, 1400px\" \/>\t\t\t\t\t\t\t\t\t\t\t\t\t\t\t<\/div>\n\t\t\t\t<\/div>\n\t\t\t\t<div class=\"elementor-element elementor-element-214325e elementor-widget elementor-widget-heading\" data-id=\"214325e\" data-element_type=\"widget\" data-widget_type=\"heading.default\">\n\t\t\t\t<div class=\"elementor-widget-container\">\n\t\t\t\t\t<h1 class=\"elementor-heading-title elementor-size-default\">A zene vil\u00e1gnapja\n<\/h1>\t\t\t\t<\/div>\n\t\t\t\t<\/div>\n\t\t\t\t<div class=\"elementor-element elementor-element-0905c08 elementor-widget elementor-widget-text-editor\" data-id=\"0905c08\" data-element_type=\"widget\" data-widget_type=\"text-editor.default\">\n\t\t\t\t<div class=\"elementor-widget-container\">\n\t\t\t\t\t\t\t\t\t<p>Free Program<\/p>\t\t\t\t\t\t\t\t<\/div>\n\t\t\t\t<\/div>\n\t\t\t\t<div class=\"elementor-element elementor-element-fc2c28e elementor-widget elementor-widget-text-editor\" data-id=\"fc2c28e\" data-element_type=\"widget\" data-widget_type=\"text-editor.default\">\n\t\t\t\t<div class=\"elementor-widget-container\">\n\t\t\t\t\t\t\t\t\t<p><strong>2024. okt\u00f3ber 1., kedd<\/strong><\/p>\t\t\t\t\t\t\t\t<\/div>\n\t\t\t\t<\/div>\n\t\t\t\t<div class=\"elementor-element elementor-element-b682629 elementor-widget elementor-widget-text-editor\" data-id=\"b682629\" data-element_type=\"widget\" data-widget_type=\"text-editor.default\">\n\t\t\t\t<div class=\"elementor-widget-container\">\n\t\t\t\t\t\t\t\t\t<p>Okt\u00f3ber 1-j\u00e9n a zene vil\u00e1gnapj\u00e1n a Tulip\u00e1nos H\u00e1z \u00fajra megtelik \u00e9lettel. \u00d3vod\u00e1s \u00e9s kisiskol\u00e1s csoportokat v\u00e1runk Mesefilmes R\u00e1Hangol\u00f3 el\u0151ad\u00e1sokkal, Ocskai Gabriella \u00e9s koll\u00e9g\u00e1i el\u0151ad\u00e1s\u00e1ban (vet\u00edt\u00e9ssel, f\u00fav\u00f3s\u00f6t\u00f6ssel, zongor\u00e1val, \u00fct\u0151hangszerekkel), \u00e9s Hangszer \u201esimogat\u00f3val\u201d a Peron Tehets\u00e9gk\u00f6zpont j\u00f3volt\u00e1b\u00f3l.<\/p><p>A fels\u0151s \u00e9s k\u00f6z\u00e9piskol\u00e1s di\u00e1kok Rendhagy\u00f3 \u00e9nek\u00f3r\u00e1n vehetnek r\u00e9szt a Peron Tehets\u00e9gk\u00f6zpont k\u00f6zrem\u0171k\u00f6d\u00e9s\u00e9vel. A feln\u0151tt koroszt\u00e1lyt pedig szakmai p\u00f3diumbesz\u00e9lget\u00e9ssel v\u00e1rjuk.<\/p>\t\t\t\t\t\t\t\t<\/div>\n\t\t\t\t<\/div>\n\t\t\t\t\t<\/div>\n\t\t<\/div>\n\t\t\t\t\t<\/div>\n\t\t<\/section>\n\t\t\t\t<div class=\"elementor-element elementor-element-9d57c97 elementor-widget elementor-widget-text-editor\" data-id=\"9d57c97\" data-element_type=\"widget\" data-widget_type=\"text-editor.default\">\n\t\t\t\t<div class=\"elementor-widget-container\">\n\t\t\t\t\t\t\t\t\t<p><strong>R\u00e9szletes program:<\/strong><\/p>\t\t\t\t\t\t\t\t<\/div>\n\t\t\t\t<\/div>\n\t\t\t\t<div class=\"elementor-element elementor-element-6861de8 elementor-widget elementor-widget-text-editor\" data-id=\"6861de8\" data-element_type=\"widget\" data-widget_type=\"text-editor.default\">\n\t\t\t\t<div class=\"elementor-widget-container\">\n\t\t\t\t\t\t\t\t\t<p><strong>08:00-09:00<\/strong>\u00a0 \u00a0Hangszer \u201esimogat\u00f3\u201d &#8211; kisiskol\u00e1sok r\u00e9sz\u00e9re<br \/><strong>09:00-10:00<\/strong>\u00a0 \u00a0Mesefilmes R\u00e1Hangol\u00f3 &#8211; kisiskol\u00e1sok r\u00e9sz\u00e9re<\/p><p><strong>10:00-11:00<\/strong>\u00a0 \u00a0Hangszer \u201esimogat\u00f3\u201d &#8211; ovisok r\u00e9sz\u00e9re<br \/><strong>11:00-12:00<\/strong>\u00a0 \u00a0Mesefilmes R\u00e1Hangol\u00f3 &#8211; ovisok r\u00e9sz\u00e9re<\/p><p><strong>13:00-14:00<\/strong>\u00a0 \u00a0Rendhagy\u00f3 \u00e9nek\u00f3ra fels\u0151s \u00e9s k\u00f6z\u00e9piskol\u00e1s di\u00e1koknak<\/p><p><strong>18:00-19:00<\/strong> P\u00f3diumbesz\u00e9lget\u00e9s a zene \u00e9s a t\u00e1nc fejleszt\u0151 hat\u00e1sair\u00f3l, el\u0151nyeir\u0151l, Hodossi N\u00f3ra pszichol\u00f3gus, Pap Tibor, a Peron Tehets\u00e9gk\u00f6zpont vezet\u0151je \u00e9s B\u00f3ka Adrienn, az AForce1 TSE t\u00e1ncoktat\u00f3ja r\u00e9szv\u00e9tel\u00e9vel. Az el\u0151ad\u00e1s int\u00e9zm\u00e9nyvezet\u0151knek, pedag\u00f3gusoknak, sz\u00fcl\u0151knek \u00e9s minden \u00e9rdekl\u0151d\u0151nek egyar\u00e1nt sz\u00f3l.<\/p>\t\t\t\t\t\t\t\t<\/div>\n\t\t\t\t<\/div>\n\t\t\t\t<div class=\"elementor-element elementor-element-d85c4ee elementor-widget elementor-widget-text-editor\" data-id=\"d85c4ee\" data-element_type=\"widget\" data-widget_type=\"text-editor.default\">\n\t\t\t\t<div class=\"elementor-widget-container\">\n\t\t\t\t\t\t\t\t\t<p>A gyermekeknek \u00e9s di\u00e1koknak sz\u00f3l\u00f3 programokon val\u00f3 r\u00e9szv\u00e9tel ingyenes, de el\u0151zetes regisztr\u00e1ci\u00f3hoz k\u00f6t\u00f6tt. Az egyes programok a szabad helyek f\u00fcggv\u00e9ny\u00e9ben l\u00e1togathat\u00f3k.<\/p><p>Az esti p\u00f3diumbesz\u00e9lget\u00e9s mindenki sz\u00e1m\u00e1ra ingyenesen nyitva \u00e1ll, helyfoglal\u00e1s \u00e9rkez\u00e9si sorrendben.<\/p>\t\t\t\t\t\t\t\t<\/div>\n\t\t\t\t<\/div>\n\t\t\t\t<div class=\"elementor-element elementor-element-3f71e8e elementor-hidden-desktop elementor-hidden-tablet elementor-hidden-mobile elementor-widget elementor-widget-text-editor\" data-id=\"3f71e8e\" data-element_type=\"widget\" data-widget_type=\"text-editor.default\">\n\t\t\t\t<div class=\"elementor-widget-container\">\n\t\t\t\t\t\t\t\t\t<p>B\u0151vebb inform\u00e1ci\u00f3k\u00e9rt keresse koll\u00e9g\u00e1nkat az al\u00e1bbi el\u00e9rhet\u0151s\u00e9geken:<\/p><p><strong>Bernadett Szab\u00f3<\/strong><br \/>Phone: +36 30 638-9209\u00a0 \u00a0<br \/>E-mail: <a href=\"mailto:info@atulipanoshaz.hu\">info@atulipanoshaz.hu<\/a><\/p>\t\t\t\t\t\t\t\t<\/div>\n\t\t\t\t<\/div>\n\t\t\t\t\t<\/div>\n\t\t<\/div>\n\t\t\t\t\t<\/div>\n\t\t<\/section>\n\t\t\t\t<\/div>","protected":false},"excerpt":{"rendered":"<p>A zene vil\u00e1gnapja INGYENES PROGRAM 2024. okt\u00f3ber 1., kedd Okt\u00f3ber 1-j\u00e9n a zene vil\u00e1gnapj\u00e1n a Tulip\u00e1nos H\u00e1z \u00fajra megtelik \u00e9lettel. \u00d3vod\u00e1s \u00e9s kisiskol\u00e1s csoportokat v\u00e1runk Mesefilmes R\u00e1Hangol\u00f3 el\u0151ad\u00e1sokkal, Ocskai Gabriella \u00e9s koll\u00e9g\u00e1i el\u0151ad\u00e1s\u00e1ban (vet\u00edt\u00e9ssel, f\u00fav\u00f3s\u00f6t\u00f6ssel, zongor\u00e1val, \u00fct\u0151hangszerekkel), \u00e9s Hangszer \u201esimogat\u00f3val\u201d a Peron Tehets\u00e9gk\u00f6zpont j\u00f3volt\u00e1b\u00f3l. A fels\u0151s \u00e9s k\u00f6z\u00e9piskol\u00e1s di\u00e1kok Rendhagy\u00f3 \u00e9nek\u00f3r\u00e1n vehetnek r\u00e9szt a Peron &#8230; <a title=\"A zene vil\u00e1gnapja\" class=\"read-more\" href=\"https:\/\/atulipanoshaz.hu\/en\/culture\/programs-2\/a-zene-vilagnapja\/\" aria-label=\"Read more about A zene vil\u00e1gnapja\">Read more<\/a><\/p>","protected":false},"author":1,"featured_media":0,"parent":265,"menu_order":0,"comment_status":"closed","ping_status":"closed","template":"elementor_header_footer","meta":{"footnotes":""},"class_list":["post-4658","page","type-page","status-publish"],"yoast_head":"<!-- This site is optimized with the Yoast SEO Premium plugin v25.6 (Yoast SEO v26.0) - https:\/\/yoast.com\/wordpress\/plugins\/seo\/ -->\n<title>A zene vil\u00e1gnapja<\/title>\n<meta name=\"description\" content=\"A zene vil\u00e1gnapja alkalm\u00e1b\u00f3l tartalmas zenei programokkal v\u00e1rjuk a kicsiket, \u00e9s \u00e9rt\u00e9kes szakmai besz\u00e9lget\u00e9sekkel a nagyokat.\" \/>\n<meta name=\"robots\" content=\"index, follow, max-snippet:-1, max-image-preview:large, max-video-preview:-1\" \/>\n<link rel=\"canonical\" href=\"https:\/\/atulipanoshaz.hu\/en\/culture\/programs-2\/a-zene-vilagnapja\/\" \/>\n<meta property=\"og:locale\" content=\"en_US\" \/>\n<meta property=\"og:type\" content=\"article\" \/>\n<meta property=\"og:title\" content=\"A zene vil\u00e1gnapja\" \/>\n<meta property=\"og:description\" content=\"A zene vil\u00e1gnapja alkalm\u00e1b\u00f3l tartalmas zenei programokkal v\u00e1rjuk a kicsiket, \u00e9s \u00e9rt\u00e9kes szakmai besz\u00e9lget\u00e9sekkel a nagyokat.\" \/>\n<meta property=\"og:url\" content=\"https:\/\/atulipanoshaz.hu\/en\/culture\/programs-2\/a-zene-vilagnapja\/\" \/>\n<meta property=\"og:site_name\" content=\"Tulip\u00e1nos H\u00e1z\" \/>\n<meta property=\"article:publisher\" content=\"https:\/\/www.facebook.com\/tulipanosrendezveny\/\" \/>\n<meta property=\"article:modified_time\" content=\"2025-04-03T08:21:25+00:00\" \/>\n<meta property=\"og:image\" content=\"https:\/\/atulipanoshaz.hu\/wp-content\/uploads\/2024\/09\/zene_vilagnapja.jpg\" \/>\n<meta name=\"twitter:card\" content=\"summary_large_image\" \/>\n<meta name=\"twitter:label1\" content=\"Est. reading time\" \/>\n\t<meta name=\"twitter:data1\" content=\"2 minutes\" \/>\n<script type=\"application\/ld+json\" class=\"yoast-schema-graph\">{\"@context\":\"https:\/\/schema.org\",\"@graph\":[{\"@type\":\"WebPage\",\"@id\":\"https:\/\/atulipanoshaz.hu\/kultura\/programok\/a-zene-vilagnapja\/\",\"url\":\"https:\/\/atulipanoshaz.hu\/kultura\/programok\/a-zene-vilagnapja\/\",\"name\":\"A zene vil\u00e1gnapja\",\"isPartOf\":{\"@id\":\"https:\/\/atulipanoshaz.hu\/#website\"},\"primaryImageOfPage\":{\"@id\":\"https:\/\/atulipanoshaz.hu\/kultura\/programok\/a-zene-vilagnapja\/#primaryimage\"},\"image\":{\"@id\":\"https:\/\/atulipanoshaz.hu\/kultura\/programok\/a-zene-vilagnapja\/#primaryimage\"},\"thumbnailUrl\":\"https:\/\/atulipanoshaz.hu\/wp-content\/uploads\/2024\/09\/zene_vilagnapja.jpg\",\"datePublished\":\"2024-09-12T11:54:51+00:00\",\"dateModified\":\"2025-04-03T08:21:25+00:00\",\"description\":\"A zene vil\u00e1gnapja alkalm\u00e1b\u00f3l tartalmas zenei programokkal v\u00e1rjuk a kicsiket, \u00e9s \u00e9rt\u00e9kes szakmai besz\u00e9lget\u00e9sekkel a nagyokat.\",\"breadcrumb\":{\"@id\":\"https:\/\/atulipanoshaz.hu\/kultura\/programok\/a-zene-vilagnapja\/#breadcrumb\"},\"inLanguage\":\"en-US\",\"potentialAction\":[{\"@type\":\"ReadAction\",\"target\":[\"https:\/\/atulipanoshaz.hu\/kultura\/programok\/a-zene-vilagnapja\/\"]}]},{\"@type\":\"ImageObject\",\"inLanguage\":\"en-US\",\"@id\":\"https:\/\/atulipanoshaz.hu\/kultura\/programok\/a-zene-vilagnapja\/#primaryimage\",\"url\":\"https:\/\/atulipanoshaz.hu\/wp-content\/uploads\/2024\/09\/zene_vilagnapja.jpg\",\"contentUrl\":\"https:\/\/atulipanoshaz.hu\/wp-content\/uploads\/2024\/09\/zene_vilagnapja.jpg\"},{\"@type\":\"BreadcrumbList\",\"@id\":\"https:\/\/atulipanoshaz.hu\/kultura\/programok\/a-zene-vilagnapja\/#breadcrumb\",\"itemListElement\":[{\"@type\":\"ListItem\",\"position\":1,\"name\":\"Kezd\u0151lap\",\"item\":\"https:\/\/atulipanoshaz.hu\/\"},{\"@type\":\"ListItem\",\"position\":2,\"name\":\"Kult\u00fara\",\"item\":\"https:\/\/atulipanoshaz.hu\/kultura\/\"},{\"@type\":\"ListItem\",\"position\":3,\"name\":\"Programok\",\"item\":\"https:\/\/atulipanoshaz.hu\/kultura\/programok\/\"},{\"@type\":\"ListItem\",\"position\":4,\"name\":\"A zene vil\u00e1gnapja\"}]},{\"@type\":\"WebSite\",\"@id\":\"https:\/\/atulipanoshaz.hu\/#website\",\"url\":\"https:\/\/atulipanoshaz.hu\/\",\"name\":\"Tulip\u00e1nos H\u00e1z\",\"description\":\"Rendezv\u00e9nyh\u00e1z, rendezv\u00e9nyhelysz\u00edn, teremb\u00e9rl\u00e9s, esk\u00fcv\u0151helysz\u00edn, interakt\u00edv ki\u00e1ll\u00edt\u00e1s\",\"publisher\":{\"@id\":\"https:\/\/atulipanoshaz.hu\/#organization\"},\"potentialAction\":[{\"@type\":\"SearchAction\",\"target\":{\"@type\":\"EntryPoint\",\"urlTemplate\":\"https:\/\/atulipanoshaz.hu\/?s={search_term_string}\"},\"query-input\":{\"@type\":\"PropertyValueSpecification\",\"valueRequired\":true,\"valueName\":\"search_term_string\"}}],\"inLanguage\":\"en-US\"},{\"@type\":\"Organization\",\"@id\":\"https:\/\/atulipanoshaz.hu\/#organization\",\"name\":\"Tulip\u00e1nos H\u00e1z\",\"url\":\"https:\/\/atulipanoshaz.hu\/\",\"logo\":{\"@type\":\"ImageObject\",\"inLanguage\":\"en-US\",\"@id\":\"https:\/\/atulipanoshaz.hu\/#\/schema\/logo\/image\/\",\"url\":\"https:\/\/atulipanoshaz.hu\/wp-content\/uploads\/2022\/03\/Tulipanos1.png\",\"contentUrl\":\"https:\/\/atulipanoshaz.hu\/wp-content\/uploads\/2022\/03\/Tulipanos1.png\",\"width\":700,\"height\":515,\"caption\":\"Tulip\u00e1nos H\u00e1z\"},\"image\":{\"@id\":\"https:\/\/atulipanoshaz.hu\/#\/schema\/logo\/image\/\"},\"sameAs\":[\"https:\/\/www.facebook.com\/tulipanosrendezveny\/\"]}]}<\/script>\n<!-- \/ Yoast SEO Premium plugin. -->","yoast_head_json":{"title":"A zene vil\u00e1gnapja","description":"A zene vil\u00e1gnapja alkalm\u00e1b\u00f3l tartalmas zenei programokkal v\u00e1rjuk a kicsiket, \u00e9s \u00e9rt\u00e9kes szakmai besz\u00e9lget\u00e9sekkel a nagyokat.","robots":{"index":"index","follow":"follow","max-snippet":"max-snippet:-1","max-image-preview":"max-image-preview:large","max-video-preview":"max-video-preview:-1"},"canonical":"https:\/\/atulipanoshaz.hu\/en\/culture\/programs-2\/a-zene-vilagnapja\/","og_locale":"en_US","og_type":"article","og_title":"A zene vil\u00e1gnapja","og_description":"A zene vil\u00e1gnapja alkalm\u00e1b\u00f3l tartalmas zenei programokkal v\u00e1rjuk a kicsiket, \u00e9s \u00e9rt\u00e9kes szakmai besz\u00e9lget\u00e9sekkel a nagyokat.","og_url":"https:\/\/atulipanoshaz.hu\/en\/culture\/programs-2\/a-zene-vilagnapja\/","og_site_name":"Tulip\u00e1nos H\u00e1z","article_publisher":"https:\/\/www.facebook.com\/tulipanosrendezveny\/","article_modified_time":"2025-04-03T08:21:25+00:00","og_image":[{"url":"https:\/\/atulipanoshaz.hu\/wp-content\/uploads\/2024\/09\/zene_vilagnapja.jpg","type":"","width":"","height":""}],"twitter_card":"summary_large_image","twitter_misc":{"Est. reading time":"2 minutes"},"schema":{"@context":"https:\/\/schema.org","@graph":[{"@type":"WebPage","@id":"https:\/\/atulipanoshaz.hu\/kultura\/programok\/a-zene-vilagnapja\/","url":"https:\/\/atulipanoshaz.hu\/kultura\/programok\/a-zene-vilagnapja\/","name":"A zene vil\u00e1gnapja","isPartOf":{"@id":"https:\/\/atulipanoshaz.hu\/#website"},"primaryImageOfPage":{"@id":"https:\/\/atulipanoshaz.hu\/kultura\/programok\/a-zene-vilagnapja\/#primaryimage"},"image":{"@id":"https:\/\/atulipanoshaz.hu\/kultura\/programok\/a-zene-vilagnapja\/#primaryimage"},"thumbnailUrl":"https:\/\/atulipanoshaz.hu\/wp-content\/uploads\/2024\/09\/zene_vilagnapja.jpg","datePublished":"2024-09-12T11:54:51+00:00","dateModified":"2025-04-03T08:21:25+00:00","description":"A zene vil\u00e1gnapja alkalm\u00e1b\u00f3l tartalmas zenei programokkal v\u00e1rjuk a kicsiket, \u00e9s \u00e9rt\u00e9kes szakmai besz\u00e9lget\u00e9sekkel a nagyokat.","breadcrumb":{"@id":"https:\/\/atulipanoshaz.hu\/kultura\/programok\/a-zene-vilagnapja\/#breadcrumb"},"inLanguage":"en-US","potentialAction":[{"@type":"ReadAction","target":["https:\/\/atulipanoshaz.hu\/kultura\/programok\/a-zene-vilagnapja\/"]}]},{"@type":"ImageObject","inLanguage":"en-US","@id":"https:\/\/atulipanoshaz.hu\/kultura\/programok\/a-zene-vilagnapja\/#primaryimage","url":"https:\/\/atulipanoshaz.hu\/wp-content\/uploads\/2024\/09\/zene_vilagnapja.jpg","contentUrl":"https:\/\/atulipanoshaz.hu\/wp-content\/uploads\/2024\/09\/zene_vilagnapja.jpg"},{"@type":"BreadcrumbList","@id":"https:\/\/atulipanoshaz.hu\/kultura\/programok\/a-zene-vilagnapja\/#breadcrumb","itemListElement":[{"@type":"ListItem","position":1,"name":"Kezd\u0151lap","item":"https:\/\/atulipanoshaz.hu\/"},{"@type":"ListItem","position":2,"name":"Kult\u00fara","item":"https:\/\/atulipanoshaz.hu\/kultura\/"},{"@type":"ListItem","position":3,"name":"Programok","item":"https:\/\/atulipanoshaz.hu\/kultura\/programok\/"},{"@type":"ListItem","position":4,"name":"A zene vil\u00e1gnapja"}]},{"@type":"WebSite","@id":"https:\/\/atulipanoshaz.hu\/#website","url":"https:\/\/atulipanoshaz.hu\/","name":"Tulip Event Venue","description":"Rendezv\u00e9nyh\u00e1z, rendezv\u00e9nyhelysz\u00edn, teremb\u00e9rl\u00e9s, esk\u00fcv\u0151helysz\u00edn, interakt\u00edv ki\u00e1ll\u00edt\u00e1s","publisher":{"@id":"https:\/\/atulipanoshaz.hu\/#organization"},"potentialAction":[{"@type":"SearchAction","target":{"@type":"EntryPoint","urlTemplate":"https:\/\/atulipanoshaz.hu\/?s={search_term_string}"},"query-input":{"@type":"PropertyValueSpecification","valueRequired":true,"valueName":"search_term_string"}}],"inLanguage":"en-US"},{"@type":"Organization","@id":"https:\/\/atulipanoshaz.hu\/#organization","name":"Tulip Event Venue","url":"https:\/\/atulipanoshaz.hu\/","logo":{"@type":"ImageObject","inLanguage":"en-US","@id":"https:\/\/atulipanoshaz.hu\/#\/schema\/logo\/image\/","url":"https:\/\/atulipanoshaz.hu\/wp-content\/uploads\/2022\/03\/Tulipanos1.png","contentUrl":"https:\/\/atulipanoshaz.hu\/wp-content\/uploads\/2022\/03\/Tulipanos1.png","width":700,"height":515,"caption":"Tulip\u00e1nos H\u00e1z"},"image":{"@id":"https:\/\/atulipanoshaz.hu\/#\/schema\/logo\/image\/"},"sameAs":["https:\/\/www.facebook.com\/tulipanosrendezveny\/"]}]}},"_links":{"self":[{"href":"https:\/\/atulipanoshaz.hu\/en\/wp-json\/wp\/v2\/pages\/4658","targetHints":{"allow":["GET"]}}],"collection":[{"href":"https:\/\/atulipanoshaz.hu\/en\/wp-json\/wp\/v2\/pages"}],"about":[{"href":"https:\/\/atulipanoshaz.hu\/en\/wp-json\/wp\/v2\/types\/page"}],"author":[{"embeddable":true,"href":"https:\/\/atulipanoshaz.hu\/en\/wp-json\/wp\/v2\/users\/1"}],"replies":[{"embeddable":true,"href":"https:\/\/atulipanoshaz.hu\/en\/wp-json\/wp\/v2\/comments?post=4658"}],"version-history":[{"count":43,"href":"https:\/\/atulipanoshaz.hu\/en\/wp-json\/wp\/v2\/pages\/4658\/revisions"}],"predecessor-version":[{"id":6045,"href":"https:\/\/atulipanoshaz.hu\/en\/wp-json\/wp\/v2\/pages\/4658\/revisions\/6045"}],"up":[{"embeddable":true,"href":"https:\/\/atulipanoshaz.hu\/en\/wp-json\/wp\/v2\/pages\/265"}],"wp:attachment":[{"href":"https:\/\/atulipanoshaz.hu\/en\/wp-json\/wp\/v2\/media?parent=4658"}],"curies":[{"name":"wp","href":"https:\/\/api.w.org\/{rel}","templated":true}]}}