{"id":4572,"date":"2024-08-15T13:59:32","date_gmt":"2024-08-15T12:59:32","guid":{"rendered":"https:\/\/atulipanoshaz.hu\/?page_id=4572"},"modified":"2025-04-03T09:23:32","modified_gmt":"2025-04-03T08:23:32","slug":"banyasznap-a-tulipanos-hazban","status":"publish","type":"page","link":"https:\/\/atulipanoshaz.hu\/en\/culture\/programs-2\/banyasznap-a-tulipanos-hazban\/","title":{"rendered":"B\u00e1ny\u00e1sznap a Tulip\u00e1nos H\u00e1zban"},"content":{"rendered":"<div data-elementor-type=\"wp-page\" data-elementor-id=\"4572\" class=\"elementor elementor-4572\" data-elementor-post-type=\"page\">\n\t\t\t\t\t\t<section class=\"elementor-section elementor-top-section elementor-element elementor-element-fba91bf elementor-section-boxed elementor-section-height-default elementor-section-height-default\" data-id=\"fba91bf\" data-element_type=\"section\">\n\t\t\t\t\t\t<div class=\"elementor-container elementor-column-gap-default\">\n\t\t\t\t\t<div class=\"elementor-column elementor-col-100 elementor-top-column elementor-element elementor-element-4ef8059\" data-id=\"4ef8059\" data-element_type=\"column\">\n\t\t\t<div class=\"elementor-widget-wrap elementor-element-populated\">\n\t\t\t\t\t\t<section class=\"elementor-section elementor-inner-section elementor-element elementor-element-9d356ba elementor-section-full_width elementor-section-height-default elementor-section-height-default\" data-id=\"9d356ba\" data-element_type=\"section\">\n\t\t\t\t\t\t<div class=\"elementor-container elementor-column-gap-default\">\n\t\t\t\t\t<div class=\"elementor-column elementor-col-100 elementor-inner-column elementor-element elementor-element-3614b5b\" data-id=\"3614b5b\" data-element_type=\"column\">\n\t\t\t<div class=\"elementor-widget-wrap elementor-element-populated\">\n\t\t\t\t\t\t<div class=\"elementor-element elementor-element-9d6ecaf elementor-widget elementor-widget-image\" data-id=\"9d6ecaf\" data-element_type=\"widget\" data-widget_type=\"image.default\">\n\t\t\t\t<div class=\"elementor-widget-container\">\n\t\t\t\t\t\t\t\t\t\t\t\t\t\t\t<img fetchpriority=\"high\" decoding=\"async\" width=\"955\" height=\"500\" src=\"https:\/\/atulipanoshaz.hu\/wp-content\/uploads\/2024\/08\/BanyasznapPikto_2024.jpg\" class=\"attachment-full size-full wp-image-4571\" alt=\"Tulip\u00e1nos Rendezv\u00e9nyh\u00e1z, rendezv\u00e9nyhelysz\u00edn. Tulip\u00e1nos Turn\u00e9k.\" srcset=\"https:\/\/atulipanoshaz.hu\/wp-content\/uploads\/2024\/08\/BanyasznapPikto_2024.jpg 955w, https:\/\/atulipanoshaz.hu\/wp-content\/uploads\/2024\/08\/BanyasznapPikto_2024-300x157.jpg 300w, https:\/\/atulipanoshaz.hu\/wp-content\/uploads\/2024\/08\/BanyasznapPikto_2024-768x402.jpg 768w, https:\/\/atulipanoshaz.hu\/wp-content\/uploads\/2024\/08\/BanyasznapPikto_2024-18x9.jpg 18w\" sizes=\"(max-width: 955px) 100vw, 955px\" \/>\t\t\t\t\t\t\t\t\t\t\t\t\t\t\t<\/div>\n\t\t\t\t<\/div>\n\t\t\t\t<div class=\"elementor-element elementor-element-214325e elementor-widget elementor-widget-heading\" data-id=\"214325e\" data-element_type=\"widget\" data-widget_type=\"heading.default\">\n\t\t\t\t<div class=\"elementor-widget-container\">\n\t\t\t\t\t<h1 class=\"elementor-heading-title elementor-size-default\">B\u00e1ny\u00e1sznap a Tulip\u00e1nos H\u00e1zban\n<\/h1>\t\t\t\t<\/div>\n\t\t\t\t<\/div>\n\t\t\t\t<div class=\"elementor-element elementor-element-0905c08 elementor-widget elementor-widget-text-editor\" data-id=\"0905c08\" data-element_type=\"widget\" data-widget_type=\"text-editor.default\">\n\t\t\t\t<div class=\"elementor-widget-container\">\n\t\t\t\t\t\t\t\t\t<p>Bel\u00e9p\u00e9s az Interakt\u00edv B\u00e1ny\u00e1szati Ki\u00e1ll\u00edt\u00e1sra: 100 Ft<\/p>\t\t\t\t\t\t\t\t<\/div>\n\t\t\t\t<\/div>\n\t\t\t\t<div class=\"elementor-element elementor-element-fc2c28e elementor-widget elementor-widget-text-editor\" data-id=\"fc2c28e\" data-element_type=\"widget\" data-widget_type=\"text-editor.default\">\n\t\t\t\t<div class=\"elementor-widget-container\">\n\t\t\t\t\t\t\t\t\t<p><strong>2024. augusztus 31. &#8211; szeptember 1.<\/strong><\/p>\t\t\t\t\t\t\t\t<\/div>\n\t\t\t\t<\/div>\n\t\t\t\t<div class=\"elementor-element elementor-element-b682629 elementor-widget elementor-widget-text-editor\" data-id=\"b682629\" data-element_type=\"widget\" data-widget_type=\"text-editor.default\">\n\t\t\t\t<div class=\"elementor-widget-container\">\n\t\t\t\t\t\t\t\t\t<p>B\u00e1ny\u00e1sznap alkalm\u00e1b\u00f3l a Tulip\u00e1nos Rendezv\u00e9nyh\u00e1z 2024. augusztus 31-\u00e9n, szombaton \u00e9s 2024. szeptember 1-j\u00e9n, vas\u00e1rnap is v\u00e1rja l\u00e1togat\u00f3it, naponta 10:00-18:00 \u00f3ra k\u00f6z\u00f6tt:<\/p><ul><li>A H\u00e1zban tal\u00e1lhat\u00f3 Interakt\u00edv B\u00e1ny\u00e1szati Ki\u00e1ll\u00edt\u00e1s ezen a h\u00e9tv\u00e9g\u00e9n \u2013 tekintettel az id\u00e9n 100 \u00e9ves Tulip\u00e1nos Rendezv\u00e9nyh\u00e1z jubileum\u00e1ra \u2013 csup\u00e1n 100 forint\u00e9rt l\u00e1togathat\u00f3.<br \/><br \/><\/li><li>Ism\u00e9t Tulip\u00e1nos Turn\u00e9k! A kor\u00e1bbi nagy sikerre val\u00f3 tekintettel \u00fajra Tulip\u00e1nos Turn\u00e9kkal k\u00e9sz\u00fcl\u00fcnk, azaz vezetett \u00e9p\u00fcletbemutat\u00f3 t\u00far\u00e1kkal (is) v\u00e1rjuk az \u00e9rdekl\u0151d\u0151ket. A turn\u00e9k l\u00e1togat\u00e1sa ingyenes, de el\u0151zetes regisztr\u00e1ci\u00f3hoz k\u00f6t\u00f6tt. A regisztr\u00e1ci\u00f3s fel\u00fclet az al\u00e1bbi linken \u00e9rhet\u0151 el: <a href=\"https:\/\/forms.gle\/FS7BLFENNsY2Z7Az8\" target=\"_blank\" rel=\"noopener\">https:\/\/forms.gle\/FS7BLFENNsY2Z7Az8<\/a><br \/><br \/><\/li><li>A Tulip\u00e1nos Rendezv\u00e9nyh\u00e1z kertje csal\u00e1di szigett\u00e9 v\u00e1lik a h\u00e9tv\u00e9ge mindk\u00e9t napj\u00e1n, vagyis a kert\u00fcnkbe helyi m\u0171v\u00e9szeti egy\u00fcttesek, sportegyes\u00fcletek, valamint a Peron Tehets\u00e9gk\u00f6zpont n\u00f6vend\u00e9kei telep\u00fclnek ki, \u00e9s tartanak bemutat\u00f3kat, egy\u00fattal n\u00e9pszer\u0171s\u00edtik is magukat.<\/li><\/ul>\t\t\t\t\t\t\t\t<\/div>\n\t\t\t\t<\/div>\n\t\t\t\t\t<\/div>\n\t\t<\/div>\n\t\t\t\t\t<\/div>\n\t\t<\/section>\n\t\t\t\t<div class=\"elementor-element elementor-element-1288737 elementor-widget-divider--view-line elementor-widget elementor-widget-divider\" data-id=\"1288737\" data-element_type=\"widget\" data-widget_type=\"divider.default\">\n\t\t\t\t<div class=\"elementor-widget-container\">\n\t\t\t\t\t\t\t<div class=\"elementor-divider\">\n\t\t\t<span class=\"elementor-divider-separator\">\n\t\t\t\t\t\t<\/span>\n\t\t<\/div>\n\t\t\t\t\t\t<\/div>\n\t\t\t\t<\/div>\n\t\t\t\t<div class=\"elementor-element elementor-element-9d57c97 elementor-widget elementor-widget-text-editor\" data-id=\"9d57c97\" data-element_type=\"widget\" data-widget_type=\"text-editor.default\">\n\t\t\t\t<div class=\"elementor-widget-container\">\n\t\t\t\t\t\t\t\t\t<p><strong>R\u00e9szletes program:<\/strong><\/p>\t\t\t\t\t\t\t\t<\/div>\n\t\t\t\t<\/div>\n\t\t\t\t<div class=\"elementor-element elementor-element-6861de8 elementor-widget elementor-widget-text-editor\" data-id=\"6861de8\" data-element_type=\"widget\" data-widget_type=\"text-editor.default\">\n\t\t\t\t<div class=\"elementor-widget-container\">\n\t\t\t\t\t\t\t\t\t<p><strong>R\u00e9sztvev\u0151k:<\/strong><\/p><p><strong>Augusztus 31., szombat:<\/strong><br \/>\u2022 Peron Tehets\u00e9gk\u00f6zpont<br \/>\u2022 Virtus Majorette SE<br \/>\u2022 Da Vinci Tehets\u00e9ggondoz\u00f3 \u00c1ltal\u00e1nos Iskola<br \/>\u2022 B\u00e1ny\u00e1sz T\u00e1ncegy\u00fcttes<br \/>\u2022 AForce1 TSE<br \/>\u2022 Dancing Feet Akrobatikus Rock and Roll SE<\/p><p><strong>Szeptember 1., vas\u00e1rnap:<\/strong><br \/>\u2022 Peron Tehets\u00e9gk\u00f6zpont<br \/>\u2022 Virtus Majorette SE<br \/>\u2022 Da Vinci Tehets\u00e9ggondoz\u00f3 \u00c1ltal\u00e1nos Iskola<br \/>\u2022 Forg\u00f3r\u00f3zsa N\u00e9pm\u0171v\u00e9szeti K\u00f6zpont<br \/>\u2022 Tatab\u00e1nya Mustangs<br \/>\u2022 Samu K.O SE<br \/>\u2022 Tatab\u00e1nyai R\u00f6plabda Sport Egyes\u00fclet<\/p><p><strong>Bemutat\u00f3k id\u0151pontjai:<\/strong><\/p><p><strong>Augusztus 31.,\u00a0szombat:<br \/><\/strong>11:00 Virtus Majorette SE<br \/>12:00 J\u00e1t\u00e9kos csal\u00e1di angol Da Vinci m\u00f3dra<br \/>13:00 AForce1 TSE<br \/>14:00 Dancing Feet Akrobatikus Rock and Roll SE<br \/>15:00 Acoustic Trip (B\u00e1n Lili Eliza \u00e9s V\u00e1mosi Patrik)<br \/>15:30 B\u00e1ny\u00e1sz T\u00e1ncegy\u00fcttes<br \/>16:00 Virtus Majorette SE<br \/>17:00 B\u00e1ny\u00e1sz T\u00e1ncegy\u00fcttes<\/p><p><strong>Szeptember 1.,\u00a0vas\u00e1rnap:<br \/><\/strong>10:30, 16:30 Gyermekj\u00f3ga a Da Vinci Tehets\u00e9ggondoz\u00f3 \u00c1lt. Isk. j\u00f3volt\u00e1b\u00f3l\u00a0<br \/>13:00 Virtus Majorette SE<br \/>14:00 Tatab\u00e1nya Mustangs<br \/>15:00 Samu\u00a0K.O SE<br \/>16:00 Hadob\u00e1s Zorka \u00e9s J\u00e1rinka Erik (Peron Tehets\u00e9gk\u00f6zpont)<br \/>16:30 Forg\u00f3r\u00f3zsa N\u00e9pm\u0171v\u00e9szeti K\u00f6zpont<br \/>17:00 Tatab\u00e1nyai R\u00f6plabda SE<\/p>\t\t\t\t\t\t\t\t<\/div>\n\t\t\t\t<\/div>\n\t\t\t\t\t<\/div>\n\t\t<\/div>\n\t\t\t\t\t<\/div>\n\t\t<\/section>\n\t\t\t\t<\/div>","protected":false},"excerpt":{"rendered":"<p>B\u00e1ny\u00e1sznap a Tulip\u00e1nos H\u00e1zban Bel\u00e9p\u00e9s az Interakt\u00edv B\u00e1ny\u00e1szati Ki\u00e1ll\u00edt\u00e1sra: 100 Ft 2024. augusztus 31. &#8211; szeptember 1. B\u00e1ny\u00e1sznap alkalm\u00e1b\u00f3l a Tulip\u00e1nos Rendezv\u00e9nyh\u00e1z 2024. augusztus 31-\u00e9n, szombaton \u00e9s 2024. szeptember 1-j\u00e9n, vas\u00e1rnap is v\u00e1rja l\u00e1togat\u00f3it, naponta 10:00-18:00 \u00f3ra k\u00f6z\u00f6tt: A H\u00e1zban tal\u00e1lhat\u00f3 Interakt\u00edv B\u00e1ny\u00e1szati Ki\u00e1ll\u00edt\u00e1s ezen a h\u00e9tv\u00e9g\u00e9n \u2013 tekintettel az id\u00e9n 100 \u00e9ves Tulip\u00e1nos Rendezv\u00e9nyh\u00e1z &#8230; <a title=\"B\u00e1ny\u00e1sznap a Tulip\u00e1nos H\u00e1zban\" class=\"read-more\" href=\"https:\/\/atulipanoshaz.hu\/en\/culture\/programs-2\/banyasznap-a-tulipanos-hazban\/\" aria-label=\"Read more about B\u00e1ny\u00e1sznap a Tulip\u00e1nos H\u00e1zban\">Read more<\/a><\/p>","protected":false},"author":1,"featured_media":0,"parent":265,"menu_order":0,"comment_status":"closed","ping_status":"closed","template":"elementor_header_footer","meta":{"footnotes":""},"class_list":["post-4572","page","type-page","status-publish"],"yoast_head":"<!-- This site is optimized with the Yoast SEO Premium plugin v25.6 (Yoast SEO v26.0) - https:\/\/yoast.com\/wordpress\/plugins\/seo\/ -->\n<title>B\u00e1ny\u00e1sznap a Tulip\u00e1nos H\u00e1zban<\/title>\n<meta name=\"description\" content=\"Az id\u00e9n 100 \u00e9ves Tulip\u00e1nos Rendezv\u00e9nyh\u00e1z a B\u00e1ny\u00e1sznapon \u00fajra programokkal v\u00e1rja a l\u00e1togat\u00f3it. Tulip\u00e1nos turn\u00e9k, Csal\u00e1di sziget, bemutat\u00f3k.\" \/>\n<meta name=\"robots\" content=\"index, follow, max-snippet:-1, max-image-preview:large, max-video-preview:-1\" \/>\n<link rel=\"canonical\" href=\"https:\/\/atulipanoshaz.hu\/en\/culture\/programs-2\/banyasznap-a-tulipanos-hazban\/\" \/>\n<meta property=\"og:locale\" content=\"en_US\" \/>\n<meta property=\"og:type\" content=\"article\" \/>\n<meta property=\"og:title\" content=\"B\u00e1ny\u00e1sznap a Tulip\u00e1nos H\u00e1zban\" \/>\n<meta property=\"og:description\" content=\"Az id\u00e9n 100 \u00e9ves Tulip\u00e1nos Rendezv\u00e9nyh\u00e1z a B\u00e1ny\u00e1sznapon \u00fajra programokkal v\u00e1rja a l\u00e1togat\u00f3it. Tulip\u00e1nos turn\u00e9k, Csal\u00e1di sziget, bemutat\u00f3k.\" \/>\n<meta property=\"og:url\" content=\"https:\/\/atulipanoshaz.hu\/en\/culture\/programs-2\/banyasznap-a-tulipanos-hazban\/\" \/>\n<meta property=\"og:site_name\" content=\"Tulip\u00e1nos H\u00e1z\" \/>\n<meta property=\"article:publisher\" content=\"https:\/\/www.facebook.com\/tulipanosrendezveny\/\" \/>\n<meta property=\"article:modified_time\" content=\"2025-04-03T08:23:32+00:00\" \/>\n<meta property=\"og:image\" content=\"https:\/\/atulipanoshaz.hu\/wp-content\/uploads\/2024\/08\/BanyasznapPikto_2024.jpg\" \/>\n<meta name=\"twitter:card\" content=\"summary_large_image\" \/>\n<meta name=\"twitter:label1\" content=\"Est. reading time\" \/>\n\t<meta name=\"twitter:data1\" content=\"2 minutes\" \/>\n<script type=\"application\/ld+json\" class=\"yoast-schema-graph\">{\"@context\":\"https:\/\/schema.org\",\"@graph\":[{\"@type\":\"WebPage\",\"@id\":\"https:\/\/atulipanoshaz.hu\/kultura\/programok\/banyasznap-a-tulipanos-hazban\/\",\"url\":\"https:\/\/atulipanoshaz.hu\/kultura\/programok\/banyasznap-a-tulipanos-hazban\/\",\"name\":\"B\u00e1ny\u00e1sznap a Tulip\u00e1nos H\u00e1zban\",\"isPartOf\":{\"@id\":\"https:\/\/atulipanoshaz.hu\/#website\"},\"primaryImageOfPage\":{\"@id\":\"https:\/\/atulipanoshaz.hu\/kultura\/programok\/banyasznap-a-tulipanos-hazban\/#primaryimage\"},\"image\":{\"@id\":\"https:\/\/atulipanoshaz.hu\/kultura\/programok\/banyasznap-a-tulipanos-hazban\/#primaryimage\"},\"thumbnailUrl\":\"https:\/\/atulipanoshaz.hu\/wp-content\/uploads\/2024\/08\/BanyasznapPikto_2024.jpg\",\"datePublished\":\"2024-08-15T12:59:32+00:00\",\"dateModified\":\"2025-04-03T08:23:32+00:00\",\"description\":\"Az id\u00e9n 100 \u00e9ves Tulip\u00e1nos Rendezv\u00e9nyh\u00e1z a B\u00e1ny\u00e1sznapon \u00fajra programokkal v\u00e1rja a l\u00e1togat\u00f3it. Tulip\u00e1nos turn\u00e9k, Csal\u00e1di sziget, bemutat\u00f3k.\",\"breadcrumb\":{\"@id\":\"https:\/\/atulipanoshaz.hu\/kultura\/programok\/banyasznap-a-tulipanos-hazban\/#breadcrumb\"},\"inLanguage\":\"en-US\",\"potentialAction\":[{\"@type\":\"ReadAction\",\"target\":[\"https:\/\/atulipanoshaz.hu\/kultura\/programok\/banyasznap-a-tulipanos-hazban\/\"]}]},{\"@type\":\"ImageObject\",\"inLanguage\":\"en-US\",\"@id\":\"https:\/\/atulipanoshaz.hu\/kultura\/programok\/banyasznap-a-tulipanos-hazban\/#primaryimage\",\"url\":\"https:\/\/atulipanoshaz.hu\/wp-content\/uploads\/2024\/08\/BanyasznapPikto_2024.jpg\",\"contentUrl\":\"https:\/\/atulipanoshaz.hu\/wp-content\/uploads\/2024\/08\/BanyasznapPikto_2024.jpg\"},{\"@type\":\"BreadcrumbList\",\"@id\":\"https:\/\/atulipanoshaz.hu\/kultura\/programok\/banyasznap-a-tulipanos-hazban\/#breadcrumb\",\"itemListElement\":[{\"@type\":\"ListItem\",\"position\":1,\"name\":\"Kezd\u0151lap\",\"item\":\"https:\/\/atulipanoshaz.hu\/\"},{\"@type\":\"ListItem\",\"position\":2,\"name\":\"Kult\u00fara\",\"item\":\"https:\/\/atulipanoshaz.hu\/kultura\/\"},{\"@type\":\"ListItem\",\"position\":3,\"name\":\"Programok\",\"item\":\"https:\/\/atulipanoshaz.hu\/kultura\/programok\/\"},{\"@type\":\"ListItem\",\"position\":4,\"name\":\"B\u00e1ny\u00e1sznap a Tulip\u00e1nos H\u00e1zban\"}]},{\"@type\":\"WebSite\",\"@id\":\"https:\/\/atulipanoshaz.hu\/#website\",\"url\":\"https:\/\/atulipanoshaz.hu\/\",\"name\":\"Tulip\u00e1nos H\u00e1z\",\"description\":\"Rendezv\u00e9nyh\u00e1z, rendezv\u00e9nyhelysz\u00edn, teremb\u00e9rl\u00e9s, esk\u00fcv\u0151helysz\u00edn, interakt\u00edv ki\u00e1ll\u00edt\u00e1s\",\"publisher\":{\"@id\":\"https:\/\/atulipanoshaz.hu\/#organization\"},\"potentialAction\":[{\"@type\":\"SearchAction\",\"target\":{\"@type\":\"EntryPoint\",\"urlTemplate\":\"https:\/\/atulipanoshaz.hu\/?s={search_term_string}\"},\"query-input\":{\"@type\":\"PropertyValueSpecification\",\"valueRequired\":true,\"valueName\":\"search_term_string\"}}],\"inLanguage\":\"en-US\"},{\"@type\":\"Organization\",\"@id\":\"https:\/\/atulipanoshaz.hu\/#organization\",\"name\":\"Tulip\u00e1nos H\u00e1z\",\"url\":\"https:\/\/atulipanoshaz.hu\/\",\"logo\":{\"@type\":\"ImageObject\",\"inLanguage\":\"en-US\",\"@id\":\"https:\/\/atulipanoshaz.hu\/#\/schema\/logo\/image\/\",\"url\":\"https:\/\/atulipanoshaz.hu\/wp-content\/uploads\/2022\/03\/Tulipanos1.png\",\"contentUrl\":\"https:\/\/atulipanoshaz.hu\/wp-content\/uploads\/2022\/03\/Tulipanos1.png\",\"width\":700,\"height\":515,\"caption\":\"Tulip\u00e1nos H\u00e1z\"},\"image\":{\"@id\":\"https:\/\/atulipanoshaz.hu\/#\/schema\/logo\/image\/\"},\"sameAs\":[\"https:\/\/www.facebook.com\/tulipanosrendezveny\/\"]}]}<\/script>\n<!-- \/ Yoast SEO Premium plugin. -->","yoast_head_json":{"title":"B\u00e1ny\u00e1sznap a Tulip\u00e1nos H\u00e1zban","description":"Az id\u00e9n 100 \u00e9ves Tulip\u00e1nos Rendezv\u00e9nyh\u00e1z a B\u00e1ny\u00e1sznapon \u00fajra programokkal v\u00e1rja a l\u00e1togat\u00f3it. Tulip\u00e1nos turn\u00e9k, Csal\u00e1di sziget, bemutat\u00f3k.","robots":{"index":"index","follow":"follow","max-snippet":"max-snippet:-1","max-image-preview":"max-image-preview:large","max-video-preview":"max-video-preview:-1"},"canonical":"https:\/\/atulipanoshaz.hu\/en\/culture\/programs-2\/banyasznap-a-tulipanos-hazban\/","og_locale":"en_US","og_type":"article","og_title":"B\u00e1ny\u00e1sznap a Tulip\u00e1nos H\u00e1zban","og_description":"Az id\u00e9n 100 \u00e9ves Tulip\u00e1nos Rendezv\u00e9nyh\u00e1z a B\u00e1ny\u00e1sznapon \u00fajra programokkal v\u00e1rja a l\u00e1togat\u00f3it. Tulip\u00e1nos turn\u00e9k, Csal\u00e1di sziget, bemutat\u00f3k.","og_url":"https:\/\/atulipanoshaz.hu\/en\/culture\/programs-2\/banyasznap-a-tulipanos-hazban\/","og_site_name":"Tulip\u00e1nos H\u00e1z","article_publisher":"https:\/\/www.facebook.com\/tulipanosrendezveny\/","article_modified_time":"2025-04-03T08:23:32+00:00","og_image":[{"url":"https:\/\/atulipanoshaz.hu\/wp-content\/uploads\/2024\/08\/BanyasznapPikto_2024.jpg","type":"","width":"","height":""}],"twitter_card":"summary_large_image","twitter_misc":{"Est. reading time":"2 minutes"},"schema":{"@context":"https:\/\/schema.org","@graph":[{"@type":"WebPage","@id":"https:\/\/atulipanoshaz.hu\/kultura\/programok\/banyasznap-a-tulipanos-hazban\/","url":"https:\/\/atulipanoshaz.hu\/kultura\/programok\/banyasznap-a-tulipanos-hazban\/","name":"B\u00e1ny\u00e1sznap a Tulip\u00e1nos H\u00e1zban","isPartOf":{"@id":"https:\/\/atulipanoshaz.hu\/#website"},"primaryImageOfPage":{"@id":"https:\/\/atulipanoshaz.hu\/kultura\/programok\/banyasznap-a-tulipanos-hazban\/#primaryimage"},"image":{"@id":"https:\/\/atulipanoshaz.hu\/kultura\/programok\/banyasznap-a-tulipanos-hazban\/#primaryimage"},"thumbnailUrl":"https:\/\/atulipanoshaz.hu\/wp-content\/uploads\/2024\/08\/BanyasznapPikto_2024.jpg","datePublished":"2024-08-15T12:59:32+00:00","dateModified":"2025-04-03T08:23:32+00:00","description":"Az id\u00e9n 100 \u00e9ves Tulip\u00e1nos Rendezv\u00e9nyh\u00e1z a B\u00e1ny\u00e1sznapon \u00fajra programokkal v\u00e1rja a l\u00e1togat\u00f3it. Tulip\u00e1nos turn\u00e9k, Csal\u00e1di sziget, bemutat\u00f3k.","breadcrumb":{"@id":"https:\/\/atulipanoshaz.hu\/kultura\/programok\/banyasznap-a-tulipanos-hazban\/#breadcrumb"},"inLanguage":"en-US","potentialAction":[{"@type":"ReadAction","target":["https:\/\/atulipanoshaz.hu\/kultura\/programok\/banyasznap-a-tulipanos-hazban\/"]}]},{"@type":"ImageObject","inLanguage":"en-US","@id":"https:\/\/atulipanoshaz.hu\/kultura\/programok\/banyasznap-a-tulipanos-hazban\/#primaryimage","url":"https:\/\/atulipanoshaz.hu\/wp-content\/uploads\/2024\/08\/BanyasznapPikto_2024.jpg","contentUrl":"https:\/\/atulipanoshaz.hu\/wp-content\/uploads\/2024\/08\/BanyasznapPikto_2024.jpg"},{"@type":"BreadcrumbList","@id":"https:\/\/atulipanoshaz.hu\/kultura\/programok\/banyasznap-a-tulipanos-hazban\/#breadcrumb","itemListElement":[{"@type":"ListItem","position":1,"name":"Kezd\u0151lap","item":"https:\/\/atulipanoshaz.hu\/"},{"@type":"ListItem","position":2,"name":"Kult\u00fara","item":"https:\/\/atulipanoshaz.hu\/kultura\/"},{"@type":"ListItem","position":3,"name":"Programok","item":"https:\/\/atulipanoshaz.hu\/kultura\/programok\/"},{"@type":"ListItem","position":4,"name":"B\u00e1ny\u00e1sznap a Tulip\u00e1nos H\u00e1zban"}]},{"@type":"WebSite","@id":"https:\/\/atulipanoshaz.hu\/#website","url":"https:\/\/atulipanoshaz.hu\/","name":"Tulip Event Venue","description":"Rendezv\u00e9nyh\u00e1z, rendezv\u00e9nyhelysz\u00edn, teremb\u00e9rl\u00e9s, esk\u00fcv\u0151helysz\u00edn, interakt\u00edv ki\u00e1ll\u00edt\u00e1s","publisher":{"@id":"https:\/\/atulipanoshaz.hu\/#organization"},"potentialAction":[{"@type":"SearchAction","target":{"@type":"EntryPoint","urlTemplate":"https:\/\/atulipanoshaz.hu\/?s={search_term_string}"},"query-input":{"@type":"PropertyValueSpecification","valueRequired":true,"valueName":"search_term_string"}}],"inLanguage":"en-US"},{"@type":"Organization","@id":"https:\/\/atulipanoshaz.hu\/#organization","name":"Tulip Event Venue","url":"https:\/\/atulipanoshaz.hu\/","logo":{"@type":"ImageObject","inLanguage":"en-US","@id":"https:\/\/atulipanoshaz.hu\/#\/schema\/logo\/image\/","url":"https:\/\/atulipanoshaz.hu\/wp-content\/uploads\/2022\/03\/Tulipanos1.png","contentUrl":"https:\/\/atulipanoshaz.hu\/wp-content\/uploads\/2022\/03\/Tulipanos1.png","width":700,"height":515,"caption":"Tulip\u00e1nos H\u00e1z"},"image":{"@id":"https:\/\/atulipanoshaz.hu\/#\/schema\/logo\/image\/"},"sameAs":["https:\/\/www.facebook.com\/tulipanosrendezveny\/"]}]}},"_links":{"self":[{"href":"https:\/\/atulipanoshaz.hu\/en\/wp-json\/wp\/v2\/pages\/4572","targetHints":{"allow":["GET"]}}],"collection":[{"href":"https:\/\/atulipanoshaz.hu\/en\/wp-json\/wp\/v2\/pages"}],"about":[{"href":"https:\/\/atulipanoshaz.hu\/en\/wp-json\/wp\/v2\/types\/page"}],"author":[{"embeddable":true,"href":"https:\/\/atulipanoshaz.hu\/en\/wp-json\/wp\/v2\/users\/1"}],"replies":[{"embeddable":true,"href":"https:\/\/atulipanoshaz.hu\/en\/wp-json\/wp\/v2\/comments?post=4572"}],"version-history":[{"count":29,"href":"https:\/\/atulipanoshaz.hu\/en\/wp-json\/wp\/v2\/pages\/4572\/revisions"}],"predecessor-version":[{"id":6048,"href":"https:\/\/atulipanoshaz.hu\/en\/wp-json\/wp\/v2\/pages\/4572\/revisions\/6048"}],"up":[{"embeddable":true,"href":"https:\/\/atulipanoshaz.hu\/en\/wp-json\/wp\/v2\/pages\/265"}],"wp:attachment":[{"href":"https:\/\/atulipanoshaz.hu\/en\/wp-json\/wp\/v2\/media?parent=4572"}],"curies":[{"name":"wp","href":"https:\/\/api.w.org\/{rel}","templated":true}]}}