{"id":4520,"date":"2024-08-07T12:55:54","date_gmt":"2024-08-07T11:55:54","guid":{"rendered":"https:\/\/atulipanoshaz.hu\/?page_id=4520"},"modified":"2025-04-03T09:15:31","modified_gmt":"2025-04-03T08:15:31","slug":"feher-janos-fotokiallitas","status":"publish","type":"page","link":"https:\/\/atulipanoshaz.hu\/en\/culture\/seasonal-exhibitions\/feher-janos-fotokiallitas\/","title":{"rendered":"Feh\u00e9r J\u00e1nos fot\u00f3ki\u00e1ll\u00edt\u00e1s"},"content":{"rendered":"<div data-elementor-type=\"wp-page\" data-elementor-id=\"4520\" class=\"elementor elementor-4520\" data-elementor-post-type=\"page\">\n\t\t\t\t\t\t<section class=\"elementor-section elementor-top-section elementor-element elementor-element-fba91bf elementor-section-boxed elementor-section-height-default elementor-section-height-default\" data-id=\"fba91bf\" data-element_type=\"section\">\n\t\t\t\t\t\t<div class=\"elementor-container elementor-column-gap-default\">\n\t\t\t\t\t<div class=\"elementor-column elementor-col-100 elementor-top-column elementor-element elementor-element-4ef8059\" data-id=\"4ef8059\" data-element_type=\"column\">\n\t\t\t<div class=\"elementor-widget-wrap elementor-element-populated\">\n\t\t\t\t\t\t<section class=\"elementor-section elementor-inner-section elementor-element elementor-element-827c6bf elementor-section-full_width elementor-section-height-default elementor-section-height-default\" data-id=\"827c6bf\" data-element_type=\"section\" id=\"natalia\">\n\t\t\t\t\t\t<div class=\"elementor-container elementor-column-gap-default\">\n\t\t\t\t\t<div class=\"elementor-column elementor-col-100 elementor-inner-column elementor-element elementor-element-791d206\" data-id=\"791d206\" data-element_type=\"column\">\n\t\t\t<div class=\"elementor-widget-wrap elementor-element-populated\">\n\t\t\t\t\t\t<div class=\"elementor-element elementor-element-f842fac elementor-widget elementor-widget-image\" data-id=\"f842fac\" data-element_type=\"widget\" data-widget_type=\"image.default\">\n\t\t\t\t<div class=\"elementor-widget-container\">\n\t\t\t\t\t\t\t\t\t\t\t\t\t\t\t<img decoding=\"async\" src=\"https:\/\/atulipanoshaz.hu\/wp-content\/uploads\/elementor\/thumbs\/feherjanos_1-qs9a8tdwubas8ewz59e5wbynwviq99ffxfy4jfnicg.jpg\" title=\"Feh\u00e9r J\u00e1nos: B\u00e1ny\u00e1szok, fot\u00f3ki\u00e1ll\u00edt\u00e1s\" alt=\"Feh\u00e9r J\u00e1nos: B\u00e1ny\u00e1szok, fot\u00f3ki\u00e1ll\u00edt\u00e1s\" loading=\"lazy\" \/>\t\t\t\t\t\t\t\t\t\t\t\t\t\t\t<\/div>\n\t\t\t\t<\/div>\n\t\t\t\t<div class=\"elementor-element elementor-element-3aa2538 elementor-widget elementor-widget-heading\" data-id=\"3aa2538\" data-element_type=\"widget\" data-widget_type=\"heading.default\">\n\t\t\t\t<div class=\"elementor-widget-container\">\n\t\t\t\t\t<h2 class=\"elementor-heading-title elementor-size-default\">Feh\u00e9r J\u00e1nos: B\u00e1ny\u00e1szok<\/h2>\t\t\t\t<\/div>\n\t\t\t\t<\/div>\n\t\t\t\t<div class=\"elementor-element elementor-element-d8562d3 elementor-widget elementor-widget-text-editor\" data-id=\"d8562d3\" data-element_type=\"widget\" data-widget_type=\"text-editor.default\">\n\t\t\t\t<div class=\"elementor-widget-container\">\n\t\t\t\t\t\t\t\t\t<p><strong>Solymos Mih\u00e1ly d\u00edjas fot\u00f3m\u0171v\u00e9sz ki\u00e1ll\u00edt\u00e1sa.<\/strong><\/p>\t\t\t\t\t\t\t\t<\/div>\n\t\t\t\t<\/div>\n\t\t\t\t<div class=\"elementor-element elementor-element-6d152ae elementor-widget elementor-widget-text-editor\" data-id=\"6d152ae\" data-element_type=\"widget\" data-widget_type=\"text-editor.default\">\n\t\t\t\t<div class=\"elementor-widget-container\">\n\t\t\t\t\t\t\t\t\t<p>Free Program<\/p>\t\t\t\t\t\t\t\t<\/div>\n\t\t\t\t<\/div>\n\t\t\t\t<div class=\"elementor-element elementor-element-f4fa1fa elementor-widget elementor-widget-text-editor\" data-id=\"f4fa1fa\" data-element_type=\"widget\" data-widget_type=\"text-editor.default\">\n\t\t\t\t<div class=\"elementor-widget-container\">\n\t\t\t\t\t\t\t\t\t<p><strong>Megnyit\u00f3: 2024. augusztus 29., 17:00 \u00f3ra.<br \/>A ki\u00e1ll\u00edt\u00e1s 2024. szeptember 29-ig l\u00e1togathat\u00f3.<\/strong><\/p>\t\t\t\t\t\t\t\t<\/div>\n\t\t\t\t<\/div>\n\t\t\t\t<div class=\"elementor-element elementor-element-fca785b elementor-widget elementor-widget-text-editor\" data-id=\"fca785b\" data-element_type=\"widget\" data-widget_type=\"text-editor.default\">\n\t\t\t\t<div class=\"elementor-widget-container\">\n\t\t\t\t\t\t\t\t\t<p>Feh\u00e9r J\u00e1nos 1967. 12. 8-\u00e1n sz\u00fcletett Budapesten, 1986-ban ker\u00fclt a Tatab\u00e1nyai Sz\u00e9nb\u00e1ny\u00e1khoz \u00e9s att\u00f3l kezdve f\u00f6ldalatti b\u00e1ny\u00e1szk\u00e9nt dolgozott &#8211; 2004 \u00f3ta a tatab\u00e1nyai v\u00edztermel\u0151 b\u00e1nya\u00fczemben folytatja f\u00f6ldalatti munk\u00e1j\u00e1t. 2021-ben \u00e9rte el 35 \u00e9ves b\u00e1ny\u00e1szati szolg\u00e1lati idej\u00e9t. Munk\u00e1ja mellett h\u00fasz \u00e9ve dokument\u00e1lja fot\u00f3ival a tatab\u00e1nyai b\u00e1ny\u00e1szatot, a szakm\u00e1hoz kapcsol\u00f3d\u00f3 technol\u00f3gi\u00e1t, a munkaf\u00e1zisokat, a b\u00e1ny\u00e1szemberek mindennapi \u00e9let\u00e9t \u00e9s \u00fcnnepeit. Fot\u00f3ival a legfontosabb c\u00e9lja, hogy hitelesen bemutassa \u00e9s meg\u0151rizze a b\u00e1ny\u00e1szati tev\u00e9kenys\u00e9get a j\u00f6v\u0151 nemzed\u00e9ke sz\u00e1m\u00e1ra. Ennek \u00e9rdek\u00e9ben hozta l\u00e9tre 2009-ben az \u00d3v\u00e1rosi Alkot\u00f3csoportot, melynek alap\u00edt\u00f3 tagja \u00e9s vezet\u0151je egyben.<\/p><p>Sz\u00e1mos alkalommal, t\u00f6bb telep\u00fcl\u00e9sen rendeztek sikeres ki\u00e1ll\u00edt\u00e1st b\u00e1ny\u00e1szportr\u00e9ib\u00f3l, a f\u00f6ldalatti munk\u00e1kat meg\u00f6r\u00f6k\u00edt\u0151 f\u00e9nyk\u00e9peib\u0151l, a b\u00e1ny\u00e1szhagyom\u00e1nyokat \u0151rz\u0151 programokon k\u00e9sz\u00fclt felv\u00e9teleib\u0151l. Mindezeket a munk\u00e1kat kiadv\u00e1nyokban, \u00f6n\u00e1ll\u00f3 fot\u00f3albumokban \u00e9s nagy \u00e9rdekl\u0151d\u00e9ssel k\u00eds\u00e9rt internetes fel\u00fcleteken publik\u00e1lja.<\/p><p>Alap\u00edt\u00f3 tagja volt a G\u00e1l Istv\u00e1n Ifj\u00fas\u00e1gi Egyes\u00fcletnek, melyet t\u00f6bbek k\u00f6z\u00f6tt azzal a sz\u00e1nd\u00e9kkal hoztak l\u00e9tre, hogy a tatab\u00e1nyai fiatalokat megismertess\u00e9k v\u00e1rosuk t\u00f6rt\u00e9nelmi hagyat\u00e9k\u00e1val, a b\u00e1ny\u00e1szat eml\u00e9keivel \u00e9s hagyom\u00e1nyaival.<\/p><p><em>\u201eB\u00fcszke vagyok gy\u00f6kereimre, \u00e9s arra, hogy tatab\u00e1nyai b\u00e1ny\u00e1sz vagyok.\u201d<\/em><\/p><p>D\u00edjak, elismer\u00e9sek: <br \/>2007. M\u0171v\u00e9szeti N\u00edv\u00f3d\u00edj &#8211; BDSZ \u00e1ltal adom\u00e1nyozva <br \/>2011. A Magyar K\u00f6zt\u00e1rsas\u00e1g Eln\u00f6k\u00e9nek D\u00edszoklevele \u00c9rem <br \/>2012. Solymos Mih\u00e1ly D\u00edj &#8211; Tatab\u00e1nya Megyei Jog\u00fa V\u00e1ros \u00d6nkorm\u00e1nyzata \u00e1ltal adom\u00e1nyozva <br \/>2017. Szent Borb\u00e1la-eml\u00e9k\u00e9rem<\/p>\t\t\t\t\t\t\t\t<\/div>\n\t\t\t\t<\/div>\n\t\t\t\t\t<\/div>\n\t\t<\/div>\n\t\t\t\t\t<\/div>\n\t\t<\/section>\n\t\t\t\t\t<\/div>\n\t\t<\/div>\n\t\t\t\t\t<\/div>\n\t\t<\/section>\n\t\t\t\t<\/div>","protected":false},"excerpt":{"rendered":"<p>Feh\u00e9r J\u00e1nos: B\u00e1ny\u00e1szok Solymos Mih\u00e1ly d\u00edjas fot\u00f3m\u0171v\u00e9sz ki\u00e1ll\u00edt\u00e1sa. INGYENES PROGRAM Megnyit\u00f3: 2024. augusztus 29., 17:00 \u00f3ra.A ki\u00e1ll\u00edt\u00e1s 2024. szeptember 29-ig l\u00e1togathat\u00f3. Feh\u00e9r J\u00e1nos 1967. 12. 8-\u00e1n sz\u00fcletett Budapesten, 1986-ban ker\u00fclt a Tatab\u00e1nyai Sz\u00e9nb\u00e1ny\u00e1khoz \u00e9s att\u00f3l kezdve f\u00f6ldalatti b\u00e1ny\u00e1szk\u00e9nt dolgozott &#8211; 2004 \u00f3ta a tatab\u00e1nyai v\u00edztermel\u0151 b\u00e1nya\u00fczemben folytatja f\u00f6ldalatti munk\u00e1j\u00e1t. 2021-ben \u00e9rte el 35 \u00e9ves b\u00e1ny\u00e1szati &#8230; <a title=\"Feh\u00e9r J\u00e1nos fot\u00f3ki\u00e1ll\u00edt\u00e1s\" class=\"read-more\" href=\"https:\/\/atulipanoshaz.hu\/en\/culture\/seasonal-exhibitions\/feher-janos-fotokiallitas\/\" aria-label=\"Read more about Feh\u00e9r J\u00e1nos fot\u00f3ki\u00e1ll\u00edt\u00e1s\">Read more<\/a><\/p>","protected":false},"author":1,"featured_media":0,"parent":263,"menu_order":0,"comment_status":"closed","ping_status":"closed","template":"elementor_header_footer","meta":{"footnotes":""},"class_list":["post-4520","page","type-page","status-publish"],"yoast_head":"<!-- This site is optimized with the Yoast SEO Premium plugin v25.6 (Yoast SEO v26.0) - https:\/\/yoast.com\/wordpress\/plugins\/seo\/ -->\n<title>B\u00e9relhet\u0151 termek, rendezv\u00e9nyhelysz\u00edn, esk\u00fcv\u0151helysz\u00edn<\/title>\n<meta name=\"description\" content=\"Teremb\u00e9rl\u00e9s, a k\u00e9t f\u0151s megbesz\u00e9l\u00e9st\u0151l a tov\u00e1bbk\u00e9pz\u00e9seken \u00e1t a 240 f\u0151s konferenci\u00e1ig, vagy esk\u00fcv\u0151t\u0151l a nagy l\u00e9tsz\u00e1m\u00fa rendezv\u00e9nyig.\" \/>\n<meta name=\"robots\" content=\"index, follow, max-snippet:-1, max-image-preview:large, max-video-preview:-1\" \/>\n<link rel=\"canonical\" href=\"https:\/\/atulipanoshaz.hu\/en\/culture\/seasonal-exhibitions\/feher-janos-fotokiallitas\/\" \/>\n<meta property=\"og:locale\" content=\"en_US\" \/>\n<meta property=\"og:type\" content=\"article\" \/>\n<meta property=\"og:title\" content=\"Feh\u00e9r J\u00e1nos fot\u00f3ki\u00e1ll\u00edt\u00e1s\" \/>\n<meta property=\"og:description\" content=\"Teremb\u00e9rl\u00e9s, a k\u00e9t f\u0151s megbesz\u00e9l\u00e9st\u0151l a tov\u00e1bbk\u00e9pz\u00e9seken \u00e1t a 240 f\u0151s konferenci\u00e1ig, vagy esk\u00fcv\u0151t\u0151l a nagy l\u00e9tsz\u00e1m\u00fa rendezv\u00e9nyig.\" \/>\n<meta property=\"og:url\" content=\"https:\/\/atulipanoshaz.hu\/en\/culture\/seasonal-exhibitions\/feher-janos-fotokiallitas\/\" \/>\n<meta property=\"og:site_name\" content=\"Tulip\u00e1nos H\u00e1z\" \/>\n<meta property=\"article:publisher\" content=\"https:\/\/www.facebook.com\/tulipanosrendezveny\/\" \/>\n<meta property=\"article:modified_time\" content=\"2025-04-03T08:15:31+00:00\" \/>\n<meta property=\"og:image\" content=\"https:\/\/atulipanoshaz.hu\/wp-content\/uploads\/elementor\/thumbs\/feherjanos_1-qs9a8tdwubas8ewz59e5wbynwviq99ffxfy4jfnicg.jpg\" \/>\n<meta name=\"twitter:card\" content=\"summary_large_image\" \/>\n<meta name=\"twitter:label1\" content=\"Est. reading time\" \/>\n\t<meta name=\"twitter:data1\" content=\"2 minutes\" \/>\n<script type=\"application\/ld+json\" class=\"yoast-schema-graph\">{\"@context\":\"https:\/\/schema.org\",\"@graph\":[{\"@type\":\"WebPage\",\"@id\":\"https:\/\/atulipanoshaz.hu\/kultura\/kiallitasok\/feher-janos-fotokiallitas\/\",\"url\":\"https:\/\/atulipanoshaz.hu\/kultura\/kiallitasok\/feher-janos-fotokiallitas\/\",\"name\":\"B\u00e9relhet\u0151 termek, rendezv\u00e9nyhelysz\u00edn, esk\u00fcv\u0151helysz\u00edn\",\"isPartOf\":{\"@id\":\"https:\/\/atulipanoshaz.hu\/#website\"},\"primaryImageOfPage\":{\"@id\":\"https:\/\/atulipanoshaz.hu\/kultura\/kiallitasok\/feher-janos-fotokiallitas\/#primaryimage\"},\"image\":{\"@id\":\"https:\/\/atulipanoshaz.hu\/kultura\/kiallitasok\/feher-janos-fotokiallitas\/#primaryimage\"},\"thumbnailUrl\":\"https:\/\/atulipanoshaz.hu\/wp-content\/uploads\/elementor\/thumbs\/feherjanos_1-qs9a8tdwubas8ewz59e5wbynwviq99ffxfy4jfnicg.jpg\",\"datePublished\":\"2024-08-07T11:55:54+00:00\",\"dateModified\":\"2025-04-03T08:15:31+00:00\",\"description\":\"Teremb\u00e9rl\u00e9s, a k\u00e9t f\u0151s megbesz\u00e9l\u00e9st\u0151l a tov\u00e1bbk\u00e9pz\u00e9seken \u00e1t a 240 f\u0151s konferenci\u00e1ig, vagy esk\u00fcv\u0151t\u0151l a nagy l\u00e9tsz\u00e1m\u00fa rendezv\u00e9nyig.\",\"breadcrumb\":{\"@id\":\"https:\/\/atulipanoshaz.hu\/kultura\/kiallitasok\/feher-janos-fotokiallitas\/#breadcrumb\"},\"inLanguage\":\"en-US\",\"potentialAction\":[{\"@type\":\"ReadAction\",\"target\":[\"https:\/\/atulipanoshaz.hu\/kultura\/kiallitasok\/feher-janos-fotokiallitas\/\"]}]},{\"@type\":\"ImageObject\",\"inLanguage\":\"en-US\",\"@id\":\"https:\/\/atulipanoshaz.hu\/kultura\/kiallitasok\/feher-janos-fotokiallitas\/#primaryimage\",\"url\":\"https:\/\/atulipanoshaz.hu\/wp-content\/uploads\/elementor\/thumbs\/feherjanos_1-qs9a8tdwubas8ewz59e5wbynwviq99ffxfy4jfnicg.jpg\",\"contentUrl\":\"https:\/\/atulipanoshaz.hu\/wp-content\/uploads\/elementor\/thumbs\/feherjanos_1-qs9a8tdwubas8ewz59e5wbynwviq99ffxfy4jfnicg.jpg\"},{\"@type\":\"BreadcrumbList\",\"@id\":\"https:\/\/atulipanoshaz.hu\/kultura\/kiallitasok\/feher-janos-fotokiallitas\/#breadcrumb\",\"itemListElement\":[{\"@type\":\"ListItem\",\"position\":1,\"name\":\"Kezd\u0151lap\",\"item\":\"https:\/\/atulipanoshaz.hu\/\"},{\"@type\":\"ListItem\",\"position\":2,\"name\":\"Kult\u00fara\",\"item\":\"https:\/\/atulipanoshaz.hu\/kultura\/\"},{\"@type\":\"ListItem\",\"position\":3,\"name\":\"Id\u0151szakos ki\u00e1ll\u00edt\u00e1s\",\"item\":\"https:\/\/atulipanoshaz.hu\/kultura\/kiallitasok\/\"},{\"@type\":\"ListItem\",\"position\":4,\"name\":\"Feh\u00e9r J\u00e1nos fot\u00f3ki\u00e1ll\u00edt\u00e1s\"}]},{\"@type\":\"WebSite\",\"@id\":\"https:\/\/atulipanoshaz.hu\/#website\",\"url\":\"https:\/\/atulipanoshaz.hu\/\",\"name\":\"Tulip\u00e1nos H\u00e1z\",\"description\":\"Rendezv\u00e9nyh\u00e1z, rendezv\u00e9nyhelysz\u00edn, teremb\u00e9rl\u00e9s, esk\u00fcv\u0151helysz\u00edn, interakt\u00edv ki\u00e1ll\u00edt\u00e1s\",\"publisher\":{\"@id\":\"https:\/\/atulipanoshaz.hu\/#organization\"},\"potentialAction\":[{\"@type\":\"SearchAction\",\"target\":{\"@type\":\"EntryPoint\",\"urlTemplate\":\"https:\/\/atulipanoshaz.hu\/?s={search_term_string}\"},\"query-input\":{\"@type\":\"PropertyValueSpecification\",\"valueRequired\":true,\"valueName\":\"search_term_string\"}}],\"inLanguage\":\"en-US\"},{\"@type\":\"Organization\",\"@id\":\"https:\/\/atulipanoshaz.hu\/#organization\",\"name\":\"Tulip\u00e1nos H\u00e1z\",\"url\":\"https:\/\/atulipanoshaz.hu\/\",\"logo\":{\"@type\":\"ImageObject\",\"inLanguage\":\"en-US\",\"@id\":\"https:\/\/atulipanoshaz.hu\/#\/schema\/logo\/image\/\",\"url\":\"https:\/\/atulipanoshaz.hu\/wp-content\/uploads\/2022\/03\/Tulipanos1.png\",\"contentUrl\":\"https:\/\/atulipanoshaz.hu\/wp-content\/uploads\/2022\/03\/Tulipanos1.png\",\"width\":700,\"height\":515,\"caption\":\"Tulip\u00e1nos H\u00e1z\"},\"image\":{\"@id\":\"https:\/\/atulipanoshaz.hu\/#\/schema\/logo\/image\/\"},\"sameAs\":[\"https:\/\/www.facebook.com\/tulipanosrendezveny\/\"]}]}<\/script>\n<!-- \/ Yoast SEO Premium plugin. -->","yoast_head_json":{"title":"B\u00e9relhet\u0151 termek, rendezv\u00e9nyhelysz\u00edn, esk\u00fcv\u0151helysz\u00edn","description":"Teremb\u00e9rl\u00e9s, a k\u00e9t f\u0151s megbesz\u00e9l\u00e9st\u0151l a tov\u00e1bbk\u00e9pz\u00e9seken \u00e1t a 240 f\u0151s konferenci\u00e1ig, vagy esk\u00fcv\u0151t\u0151l a nagy l\u00e9tsz\u00e1m\u00fa rendezv\u00e9nyig.","robots":{"index":"index","follow":"follow","max-snippet":"max-snippet:-1","max-image-preview":"max-image-preview:large","max-video-preview":"max-video-preview:-1"},"canonical":"https:\/\/atulipanoshaz.hu\/en\/culture\/seasonal-exhibitions\/feher-janos-fotokiallitas\/","og_locale":"en_US","og_type":"article","og_title":"Feh\u00e9r J\u00e1nos fot\u00f3ki\u00e1ll\u00edt\u00e1s","og_description":"Teremb\u00e9rl\u00e9s, a k\u00e9t f\u0151s megbesz\u00e9l\u00e9st\u0151l a tov\u00e1bbk\u00e9pz\u00e9seken \u00e1t a 240 f\u0151s konferenci\u00e1ig, vagy esk\u00fcv\u0151t\u0151l a nagy l\u00e9tsz\u00e1m\u00fa rendezv\u00e9nyig.","og_url":"https:\/\/atulipanoshaz.hu\/en\/culture\/seasonal-exhibitions\/feher-janos-fotokiallitas\/","og_site_name":"Tulip\u00e1nos H\u00e1z","article_publisher":"https:\/\/www.facebook.com\/tulipanosrendezveny\/","article_modified_time":"2025-04-03T08:15:31+00:00","og_image":[{"url":"https:\/\/atulipanoshaz.hu\/wp-content\/uploads\/elementor\/thumbs\/feherjanos_1-qs9a8tdwubas8ewz59e5wbynwviq99ffxfy4jfnicg.jpg","type":"","width":"","height":""}],"twitter_card":"summary_large_image","twitter_misc":{"Est. reading time":"2 minutes"},"schema":{"@context":"https:\/\/schema.org","@graph":[{"@type":"WebPage","@id":"https:\/\/atulipanoshaz.hu\/kultura\/kiallitasok\/feher-janos-fotokiallitas\/","url":"https:\/\/atulipanoshaz.hu\/kultura\/kiallitasok\/feher-janos-fotokiallitas\/","name":"B\u00e9relhet\u0151 termek, rendezv\u00e9nyhelysz\u00edn, esk\u00fcv\u0151helysz\u00edn","isPartOf":{"@id":"https:\/\/atulipanoshaz.hu\/#website"},"primaryImageOfPage":{"@id":"https:\/\/atulipanoshaz.hu\/kultura\/kiallitasok\/feher-janos-fotokiallitas\/#primaryimage"},"image":{"@id":"https:\/\/atulipanoshaz.hu\/kultura\/kiallitasok\/feher-janos-fotokiallitas\/#primaryimage"},"thumbnailUrl":"https:\/\/atulipanoshaz.hu\/wp-content\/uploads\/elementor\/thumbs\/feherjanos_1-qs9a8tdwubas8ewz59e5wbynwviq99ffxfy4jfnicg.jpg","datePublished":"2024-08-07T11:55:54+00:00","dateModified":"2025-04-03T08:15:31+00:00","description":"Teremb\u00e9rl\u00e9s, a k\u00e9t f\u0151s megbesz\u00e9l\u00e9st\u0151l a tov\u00e1bbk\u00e9pz\u00e9seken \u00e1t a 240 f\u0151s konferenci\u00e1ig, vagy esk\u00fcv\u0151t\u0151l a nagy l\u00e9tsz\u00e1m\u00fa rendezv\u00e9nyig.","breadcrumb":{"@id":"https:\/\/atulipanoshaz.hu\/kultura\/kiallitasok\/feher-janos-fotokiallitas\/#breadcrumb"},"inLanguage":"en-US","potentialAction":[{"@type":"ReadAction","target":["https:\/\/atulipanoshaz.hu\/kultura\/kiallitasok\/feher-janos-fotokiallitas\/"]}]},{"@type":"ImageObject","inLanguage":"en-US","@id":"https:\/\/atulipanoshaz.hu\/kultura\/kiallitasok\/feher-janos-fotokiallitas\/#primaryimage","url":"https:\/\/atulipanoshaz.hu\/wp-content\/uploads\/elementor\/thumbs\/feherjanos_1-qs9a8tdwubas8ewz59e5wbynwviq99ffxfy4jfnicg.jpg","contentUrl":"https:\/\/atulipanoshaz.hu\/wp-content\/uploads\/elementor\/thumbs\/feherjanos_1-qs9a8tdwubas8ewz59e5wbynwviq99ffxfy4jfnicg.jpg"},{"@type":"BreadcrumbList","@id":"https:\/\/atulipanoshaz.hu\/kultura\/kiallitasok\/feher-janos-fotokiallitas\/#breadcrumb","itemListElement":[{"@type":"ListItem","position":1,"name":"Kezd\u0151lap","item":"https:\/\/atulipanoshaz.hu\/"},{"@type":"ListItem","position":2,"name":"Kult\u00fara","item":"https:\/\/atulipanoshaz.hu\/kultura\/"},{"@type":"ListItem","position":3,"name":"Id\u0151szakos ki\u00e1ll\u00edt\u00e1s","item":"https:\/\/atulipanoshaz.hu\/kultura\/kiallitasok\/"},{"@type":"ListItem","position":4,"name":"Feh\u00e9r J\u00e1nos fot\u00f3ki\u00e1ll\u00edt\u00e1s"}]},{"@type":"WebSite","@id":"https:\/\/atulipanoshaz.hu\/#website","url":"https:\/\/atulipanoshaz.hu\/","name":"Tulip Event Venue","description":"Rendezv\u00e9nyh\u00e1z, rendezv\u00e9nyhelysz\u00edn, teremb\u00e9rl\u00e9s, esk\u00fcv\u0151helysz\u00edn, interakt\u00edv ki\u00e1ll\u00edt\u00e1s","publisher":{"@id":"https:\/\/atulipanoshaz.hu\/#organization"},"potentialAction":[{"@type":"SearchAction","target":{"@type":"EntryPoint","urlTemplate":"https:\/\/atulipanoshaz.hu\/?s={search_term_string}"},"query-input":{"@type":"PropertyValueSpecification","valueRequired":true,"valueName":"search_term_string"}}],"inLanguage":"en-US"},{"@type":"Organization","@id":"https:\/\/atulipanoshaz.hu\/#organization","name":"Tulip Event Venue","url":"https:\/\/atulipanoshaz.hu\/","logo":{"@type":"ImageObject","inLanguage":"en-US","@id":"https:\/\/atulipanoshaz.hu\/#\/schema\/logo\/image\/","url":"https:\/\/atulipanoshaz.hu\/wp-content\/uploads\/2022\/03\/Tulipanos1.png","contentUrl":"https:\/\/atulipanoshaz.hu\/wp-content\/uploads\/2022\/03\/Tulipanos1.png","width":700,"height":515,"caption":"Tulip\u00e1nos H\u00e1z"},"image":{"@id":"https:\/\/atulipanoshaz.hu\/#\/schema\/logo\/image\/"},"sameAs":["https:\/\/www.facebook.com\/tulipanosrendezveny\/"]}]}},"_links":{"self":[{"href":"https:\/\/atulipanoshaz.hu\/en\/wp-json\/wp\/v2\/pages\/4520","targetHints":{"allow":["GET"]}}],"collection":[{"href":"https:\/\/atulipanoshaz.hu\/en\/wp-json\/wp\/v2\/pages"}],"about":[{"href":"https:\/\/atulipanoshaz.hu\/en\/wp-json\/wp\/v2\/types\/page"}],"author":[{"embeddable":true,"href":"https:\/\/atulipanoshaz.hu\/en\/wp-json\/wp\/v2\/users\/1"}],"replies":[{"embeddable":true,"href":"https:\/\/atulipanoshaz.hu\/en\/wp-json\/wp\/v2\/comments?post=4520"}],"version-history":[{"count":14,"href":"https:\/\/atulipanoshaz.hu\/en\/wp-json\/wp\/v2\/pages\/4520\/revisions"}],"predecessor-version":[{"id":6039,"href":"https:\/\/atulipanoshaz.hu\/en\/wp-json\/wp\/v2\/pages\/4520\/revisions\/6039"}],"up":[{"embeddable":true,"href":"https:\/\/atulipanoshaz.hu\/en\/wp-json\/wp\/v2\/pages\/263"}],"wp:attachment":[{"href":"https:\/\/atulipanoshaz.hu\/en\/wp-json\/wp\/v2\/media?parent=4520"}],"curies":[{"name":"wp","href":"https:\/\/api.w.org\/{rel}","templated":true}]}}