{"id":4343,"date":"2024-06-14T13:26:51","date_gmt":"2024-06-14T12:26:51","guid":{"rendered":"https:\/\/atulipanoshaz.hu\/?page_id=4343"},"modified":"2025-04-03T09:13:14","modified_gmt":"2025-04-03T08:13:14","slug":"estikalandozas","status":"publish","type":"page","link":"https:\/\/atulipanoshaz.hu\/en\/culture\/estikalandozas\/","title":{"rendered":"Esti kalandoz\u00e1s az Interakt\u00edv B\u00e1ny\u00e1szati Ki\u00e1ll\u00edt\u00e1son"},"content":{"rendered":"<div data-elementor-type=\"wp-page\" data-elementor-id=\"4343\" class=\"elementor elementor-4343\" data-elementor-post-type=\"page\">\n\t\t\t\t\t\t<section class=\"elementor-section elementor-top-section elementor-element elementor-element-fba91bf elementor-section-boxed elementor-section-height-default elementor-section-height-default\" data-id=\"fba91bf\" data-element_type=\"section\">\n\t\t\t\t\t\t<div class=\"elementor-container elementor-column-gap-default\">\n\t\t\t\t\t<div class=\"elementor-column elementor-col-100 elementor-top-column elementor-element elementor-element-4ef8059\" data-id=\"4ef8059\" data-element_type=\"column\">\n\t\t\t<div class=\"elementor-widget-wrap elementor-element-populated\">\n\t\t\t\t\t\t<section class=\"elementor-section elementor-inner-section elementor-element elementor-element-9d356ba elementor-section-full_width elementor-section-height-default elementor-section-height-default\" data-id=\"9d356ba\" data-element_type=\"section\">\n\t\t\t\t\t\t<div class=\"elementor-container elementor-column-gap-default\">\n\t\t\t\t\t<div class=\"elementor-column elementor-col-100 elementor-inner-column elementor-element elementor-element-3614b5b\" data-id=\"3614b5b\" data-element_type=\"column\">\n\t\t\t<div class=\"elementor-widget-wrap elementor-element-populated\">\n\t\t\t\t\t\t<div class=\"elementor-element elementor-element-9d6ecaf elementor-widget elementor-widget-image\" data-id=\"9d6ecaf\" data-element_type=\"widget\" data-widget_type=\"image.default\">\n\t\t\t\t<div class=\"elementor-widget-container\">\n\t\t\t\t\t\t\t\t\t\t\t\t\t\t\t<img fetchpriority=\"high\" decoding=\"async\" width=\"1000\" height=\"523\" src=\"https:\/\/atulipanoshaz.hu\/wp-content\/uploads\/2024\/06\/EstiKalandozas.jpg\" class=\"attachment-full size-full wp-image-4345\" alt=\"Interakt\u00edv B\u00e1ny\u00e1szati Ki\u00e1ll\u00edt\u00e1s, VR szem\u00fcveg, terepasztal, D\u00edn\u00f3 szoba.\" srcset=\"https:\/\/atulipanoshaz.hu\/wp-content\/uploads\/2024\/06\/EstiKalandozas.jpg 1000w, https:\/\/atulipanoshaz.hu\/wp-content\/uploads\/2024\/06\/EstiKalandozas-300x157.jpg 300w, https:\/\/atulipanoshaz.hu\/wp-content\/uploads\/2024\/06\/EstiKalandozas-768x402.jpg 768w, https:\/\/atulipanoshaz.hu\/wp-content\/uploads\/2024\/06\/EstiKalandozas-18x9.jpg 18w\" sizes=\"(max-width: 1000px) 100vw, 1000px\" \/>\t\t\t\t\t\t\t\t\t\t\t\t\t\t\t<\/div>\n\t\t\t\t<\/div>\n\t\t\t\t<div class=\"elementor-element elementor-element-214325e elementor-widget elementor-widget-heading\" data-id=\"214325e\" data-element_type=\"widget\" data-widget_type=\"heading.default\">\n\t\t\t\t<div class=\"elementor-widget-container\">\n\t\t\t\t\t<h1 class=\"elementor-heading-title elementor-size-default\">Esti kalandoz\u00e1s az Interakt\u00edv B\u00e1ny\u00e1szati Ki\u00e1ll\u00edt\u00e1son\n<\/h1>\t\t\t\t<\/div>\n\t\t\t\t<\/div>\n\t\t\t\t<div class=\"elementor-element elementor-element-0905c08 elementor-widget elementor-widget-text-editor\" data-id=\"0905c08\" data-element_type=\"widget\" data-widget_type=\"text-editor.default\">\n\t\t\t\t<div class=\"elementor-widget-container\">\n\t\t\t\t\t\t\t\t\t<p>Bel\u00e9p\u0151: 100 Ft<\/p>\t\t\t\t\t\t\t\t<\/div>\n\t\t\t\t<\/div>\n\t\t\t\t<div class=\"elementor-element elementor-element-fc2c28e elementor-widget elementor-widget-text-editor\" data-id=\"fc2c28e\" data-element_type=\"widget\" data-widget_type=\"text-editor.default\">\n\t\t\t\t<div class=\"elementor-widget-container\">\n\t\t\t\t\t\t\t\t\t<p><strong>2024. j\u00fanius 22., 17:30 &#8211; 22:00<\/strong><\/p>\t\t\t\t\t\t\t\t<\/div>\n\t\t\t\t<\/div>\n\t\t\t\t<div class=\"elementor-element elementor-element-b682629 elementor-widget elementor-widget-text-editor\" data-id=\"b682629\" data-element_type=\"widget\" data-widget_type=\"text-editor.default\">\n\t\t\t\t<div class=\"elementor-widget-container\">\n\t\t\t\t\t\t\t\t\t<p>2024. j\u00fanius 22-\u00e9n az id\u00e9n 100 \u00e9ves Tulip\u00e1nos Rendezv\u00e9nyh\u00e1z \u00e9s a h\u00e1zban tal\u00e1lhat\u00f3 Interakt\u00edv B\u00e1ny\u00e1szati Ki\u00e1ll\u00edt\u00e1s esti kalandoz\u00e1sra h\u00edvja a l\u00e1togat\u00f3it. A megszokott nyitvatart\u00e1si id\u0151n (10:00-18:00) t\u00fal, 18:00 \u00f3ra ut\u00e1n is nyitott kapukat tal\u00e1lnak majd az ide\u00e9rkez\u0151k, eg\u00e9szen a 22:00 \u00f3r\u00e1ig.<\/p><p>Az esti kalandoz\u00e1son a megszokott ki\u00e1ll\u00edt\u00e1sunkat zenei, t\u00e1ncos programokkal \u00e9s egy\u00e9b aktivit\u00e1sokkal f\u0171szerezz\u00fck. A Tulip\u00e1nos H\u00e1zzal kapcsolatosan kicsiknek \u00e9s nagyoknak sz\u00f3l\u00f3 kv\u00edzzel k\u00e9sz\u00fcl\u00fcnk, amely kit\u00f6lt\u00e9se eset\u00e9n aj\u00e1nd\u00e9kkal gazdagodhatnak. Ezen fel\u00fcl, Vend\u00e9geink a Tulip\u00e1nos H\u00e1z kirak\u00f3j\u00e1t is \u00f6ssze\u00e1ll\u00edthatj\u00e1k. Az eg\u00e9sznapos nyitvatart\u00e1s sor\u00e1n t\u00f6bb \u00e9rdekes t\u00e1rsasj\u00e1t\u00e9kkal is j\u00e1tszhatnak a gyerekek.<\/p><p>Az est folyam\u00e1n a hosszabb\u00edtott nyitvatart\u00e1si id\u0151ben megtekinthet\u0151 az emeleti ki\u00e1ll\u00edt\u00f3t\u00e9rben Kaposv\u00f6lgyi Attila &#8211; 28 l\u00e9lekzet c\u00edm\u0171 ki\u00e1ll\u00edt\u00e1sa is.<\/p><p>A 100 \u00e9ves \u00e9vfordul\u00f3ra val\u00f3 tekintettel ezen a napon a bel\u00e9p\u0151 100 Forint lesz.<\/p>\t\t\t\t\t\t\t\t<\/div>\n\t\t\t\t<\/div>\n\t\t\t\t\t<\/div>\n\t\t<\/div>\n\t\t\t\t\t<\/div>\n\t\t<\/section>\n\t\t\t\t<div class=\"elementor-element elementor-element-9d57c97 elementor-widget elementor-widget-text-editor\" data-id=\"9d57c97\" data-element_type=\"widget\" data-widget_type=\"text-editor.default\">\n\t\t\t\t<div class=\"elementor-widget-container\">\n\t\t\t\t\t\t\t\t\t<p><strong>Program:<\/strong><\/p>\t\t\t\t\t\t\t\t<\/div>\n\t\t\t\t<\/div>\n\t\t\t\t<div class=\"elementor-element elementor-element-6861de8 elementor-widget elementor-widget-text-editor\" data-id=\"6861de8\" data-element_type=\"widget\" data-widget_type=\"text-editor.default\">\n\t\t\t\t<div class=\"elementor-widget-container\">\n\t\t\t\t\t\t\t\t\t<p>10:00\u00a0 \u00a0 Interakt\u00edv B\u00e1ny\u00e1szati Ki\u00e1ll\u00edt\u00e1s megszokott nyit\u00e1sa<\/p><p>Eg\u00e9sz nap el\u00e9rhet\u0151 programok: Tulip\u00e1nos H\u00e1z kv\u00edz, kirak\u00f3s j\u00e1t\u00e9k, t\u00e1rsasj\u00e1t\u00e9kok<\/p><p>17:30\u00a0 \u00a0 Horv\u00e1th S\u00e1ndor Igric interakt\u00edv, zen\u00e9s gyerekm\u0171sora<\/p><p>18:15\u00a0 \u00a0 AForce1 t\u00e1ncbemutat\u00f3<\/p><p>19:00\u00a0 \u00a0 Acoustic Trip zenei m\u0171sora (Peron Tehets\u00e9g K\u00f6zpont)<\/p><p>22:00\u00a0 \u00a0 Z\u00e1r\u00e1s<\/p>\t\t\t\t\t\t\t\t<\/div>\n\t\t\t\t<\/div>\n\t\t\t\t\t<\/div>\n\t\t<\/div>\n\t\t\t\t\t<\/div>\n\t\t<\/section>\n\t\t\t\t<\/div>","protected":false},"excerpt":{"rendered":"<p>Esti kalandoz\u00e1s az Interakt\u00edv B\u00e1ny\u00e1szati Ki\u00e1ll\u00edt\u00e1son Bel\u00e9p\u0151: 100 Ft 2024. j\u00fanius 22., 17:30 &#8211; 22:00 2024. j\u00fanius 22-\u00e9n az id\u00e9n 100 \u00e9ves Tulip\u00e1nos Rendezv\u00e9nyh\u00e1z \u00e9s a h\u00e1zban tal\u00e1lhat\u00f3 Interakt\u00edv B\u00e1ny\u00e1szati Ki\u00e1ll\u00edt\u00e1s esti kalandoz\u00e1sra h\u00edvja a l\u00e1togat\u00f3it. A megszokott nyitvatart\u00e1si id\u0151n (10:00-18:00) t\u00fal, 18:00 \u00f3ra ut\u00e1n is nyitott kapukat tal\u00e1lnak majd az ide\u00e9rkez\u0151k, eg\u00e9szen a 22:00 &#8230; <a title=\"Esti kalandoz\u00e1s az Interakt\u00edv B\u00e1ny\u00e1szati Ki\u00e1ll\u00edt\u00e1son\" class=\"read-more\" href=\"https:\/\/atulipanoshaz.hu\/en\/culture\/estikalandozas\/\" aria-label=\"Read more about Esti kalandoz\u00e1s az Interakt\u00edv B\u00e1ny\u00e1szati Ki\u00e1ll\u00edt\u00e1son\">Read more<\/a><\/p>","protected":false},"author":1,"featured_media":0,"parent":244,"menu_order":0,"comment_status":"closed","ping_status":"closed","template":"elementor_header_footer","meta":{"footnotes":""},"class_list":["post-4343","page","type-page","status-publish"],"yoast_head":"<!-- This site is optimized with the Yoast SEO Premium plugin v25.6 (Yoast SEO v26.0) - https:\/\/yoast.com\/wordpress\/plugins\/seo\/ -->\n<title>Esti kalandoz\u00e1s az Interakt\u00edv B\u00e1ny\u00e1szati Ki\u00e1ll\u00edt\u00e1son<\/title>\n<meta name=\"description\" content=\"Az id\u00e9n 100 \u00e9ves Tulip\u00e1nos Rendezv\u00e9nyh\u00e1zban tal\u00e1lhat\u00f3 Interakt\u00edv B\u00e1ny\u00e1szati Ki\u00e1ll\u00edt\u00e1s a M\u00fazeumok \u00c9jszak\u00e1j\u00e1nak napj\u00e1n is programmal v\u00e1r.\" \/>\n<meta name=\"robots\" content=\"index, follow, max-snippet:-1, max-image-preview:large, max-video-preview:-1\" \/>\n<link rel=\"canonical\" href=\"https:\/\/atulipanoshaz.hu\/en\/culture\/estikalandozas\/\" \/>\n<meta property=\"og:locale\" content=\"en_US\" \/>\n<meta property=\"og:type\" content=\"article\" \/>\n<meta property=\"og:title\" content=\"Esti kalandoz\u00e1s az Interakt\u00edv B\u00e1ny\u00e1szati Ki\u00e1ll\u00edt\u00e1son\" \/>\n<meta property=\"og:description\" content=\"Az id\u00e9n 100 \u00e9ves Tulip\u00e1nos Rendezv\u00e9nyh\u00e1zban tal\u00e1lhat\u00f3 Interakt\u00edv B\u00e1ny\u00e1szati Ki\u00e1ll\u00edt\u00e1s a M\u00fazeumok \u00c9jszak\u00e1j\u00e1nak napj\u00e1n is programmal v\u00e1r.\" \/>\n<meta property=\"og:url\" content=\"https:\/\/atulipanoshaz.hu\/en\/culture\/estikalandozas\/\" \/>\n<meta property=\"og:site_name\" content=\"Tulip\u00e1nos H\u00e1z\" \/>\n<meta property=\"article:publisher\" content=\"https:\/\/www.facebook.com\/tulipanosrendezveny\/\" \/>\n<meta property=\"article:modified_time\" content=\"2025-04-03T08:13:14+00:00\" \/>\n<meta property=\"og:image\" content=\"https:\/\/atulipanoshaz.hu\/wp-content\/uploads\/2024\/06\/EstiKalandozas.jpg\" \/>\n<meta name=\"twitter:card\" content=\"summary_large_image\" \/>\n<meta name=\"twitter:label1\" content=\"Est. reading time\" \/>\n\t<meta name=\"twitter:data1\" content=\"2 minutes\" \/>\n<script type=\"application\/ld+json\" class=\"yoast-schema-graph\">{\"@context\":\"https:\/\/schema.org\",\"@graph\":[{\"@type\":\"WebPage\",\"@id\":\"https:\/\/atulipanoshaz.hu\/kultura\/estikalandozas\/\",\"url\":\"https:\/\/atulipanoshaz.hu\/kultura\/estikalandozas\/\",\"name\":\"Esti kalandoz\u00e1s az Interakt\u00edv B\u00e1ny\u00e1szati Ki\u00e1ll\u00edt\u00e1son\",\"isPartOf\":{\"@id\":\"https:\/\/atulipanoshaz.hu\/#website\"},\"primaryImageOfPage\":{\"@id\":\"https:\/\/atulipanoshaz.hu\/kultura\/estikalandozas\/#primaryimage\"},\"image\":{\"@id\":\"https:\/\/atulipanoshaz.hu\/kultura\/estikalandozas\/#primaryimage\"},\"thumbnailUrl\":\"https:\/\/atulipanoshaz.hu\/wp-content\/uploads\/2024\/06\/EstiKalandozas.jpg\",\"datePublished\":\"2024-06-14T12:26:51+00:00\",\"dateModified\":\"2025-04-03T08:13:14+00:00\",\"description\":\"Az id\u00e9n 100 \u00e9ves Tulip\u00e1nos Rendezv\u00e9nyh\u00e1zban tal\u00e1lhat\u00f3 Interakt\u00edv B\u00e1ny\u00e1szati Ki\u00e1ll\u00edt\u00e1s a M\u00fazeumok \u00c9jszak\u00e1j\u00e1nak napj\u00e1n is programmal v\u00e1r.\",\"breadcrumb\":{\"@id\":\"https:\/\/atulipanoshaz.hu\/kultura\/estikalandozas\/#breadcrumb\"},\"inLanguage\":\"en-US\",\"potentialAction\":[{\"@type\":\"ReadAction\",\"target\":[\"https:\/\/atulipanoshaz.hu\/kultura\/estikalandozas\/\"]}]},{\"@type\":\"ImageObject\",\"inLanguage\":\"en-US\",\"@id\":\"https:\/\/atulipanoshaz.hu\/kultura\/estikalandozas\/#primaryimage\",\"url\":\"https:\/\/atulipanoshaz.hu\/wp-content\/uploads\/2024\/06\/EstiKalandozas.jpg\",\"contentUrl\":\"https:\/\/atulipanoshaz.hu\/wp-content\/uploads\/2024\/06\/EstiKalandozas.jpg\"},{\"@type\":\"BreadcrumbList\",\"@id\":\"https:\/\/atulipanoshaz.hu\/kultura\/estikalandozas\/#breadcrumb\",\"itemListElement\":[{\"@type\":\"ListItem\",\"position\":1,\"name\":\"Kezd\u0151lap\",\"item\":\"https:\/\/atulipanoshaz.hu\/\"},{\"@type\":\"ListItem\",\"position\":2,\"name\":\"Kult\u00fara\",\"item\":\"https:\/\/atulipanoshaz.hu\/kultura\/\"},{\"@type\":\"ListItem\",\"position\":3,\"name\":\"Esti kalandoz\u00e1s az Interakt\u00edv B\u00e1ny\u00e1szati Ki\u00e1ll\u00edt\u00e1son\"}]},{\"@type\":\"WebSite\",\"@id\":\"https:\/\/atulipanoshaz.hu\/#website\",\"url\":\"https:\/\/atulipanoshaz.hu\/\",\"name\":\"Tulip\u00e1nos H\u00e1z\",\"description\":\"Rendezv\u00e9nyh\u00e1z, rendezv\u00e9nyhelysz\u00edn, teremb\u00e9rl\u00e9s, esk\u00fcv\u0151helysz\u00edn, interakt\u00edv ki\u00e1ll\u00edt\u00e1s\",\"publisher\":{\"@id\":\"https:\/\/atulipanoshaz.hu\/#organization\"},\"potentialAction\":[{\"@type\":\"SearchAction\",\"target\":{\"@type\":\"EntryPoint\",\"urlTemplate\":\"https:\/\/atulipanoshaz.hu\/?s={search_term_string}\"},\"query-input\":{\"@type\":\"PropertyValueSpecification\",\"valueRequired\":true,\"valueName\":\"search_term_string\"}}],\"inLanguage\":\"en-US\"},{\"@type\":\"Organization\",\"@id\":\"https:\/\/atulipanoshaz.hu\/#organization\",\"name\":\"Tulip\u00e1nos H\u00e1z\",\"url\":\"https:\/\/atulipanoshaz.hu\/\",\"logo\":{\"@type\":\"ImageObject\",\"inLanguage\":\"en-US\",\"@id\":\"https:\/\/atulipanoshaz.hu\/#\/schema\/logo\/image\/\",\"url\":\"https:\/\/atulipanoshaz.hu\/wp-content\/uploads\/2022\/03\/Tulipanos1.png\",\"contentUrl\":\"https:\/\/atulipanoshaz.hu\/wp-content\/uploads\/2022\/03\/Tulipanos1.png\",\"width\":700,\"height\":515,\"caption\":\"Tulip\u00e1nos H\u00e1z\"},\"image\":{\"@id\":\"https:\/\/atulipanoshaz.hu\/#\/schema\/logo\/image\/\"},\"sameAs\":[\"https:\/\/www.facebook.com\/tulipanosrendezveny\/\"]}]}<\/script>\n<!-- \/ Yoast SEO Premium plugin. -->","yoast_head_json":{"title":"Esti kalandoz\u00e1s az Interakt\u00edv B\u00e1ny\u00e1szati Ki\u00e1ll\u00edt\u00e1son","description":"Az id\u00e9n 100 \u00e9ves Tulip\u00e1nos Rendezv\u00e9nyh\u00e1zban tal\u00e1lhat\u00f3 Interakt\u00edv B\u00e1ny\u00e1szati Ki\u00e1ll\u00edt\u00e1s a M\u00fazeumok \u00c9jszak\u00e1j\u00e1nak napj\u00e1n is programmal v\u00e1r.","robots":{"index":"index","follow":"follow","max-snippet":"max-snippet:-1","max-image-preview":"max-image-preview:large","max-video-preview":"max-video-preview:-1"},"canonical":"https:\/\/atulipanoshaz.hu\/en\/culture\/estikalandozas\/","og_locale":"en_US","og_type":"article","og_title":"Esti kalandoz\u00e1s az Interakt\u00edv B\u00e1ny\u00e1szati Ki\u00e1ll\u00edt\u00e1son","og_description":"Az id\u00e9n 100 \u00e9ves Tulip\u00e1nos Rendezv\u00e9nyh\u00e1zban tal\u00e1lhat\u00f3 Interakt\u00edv B\u00e1ny\u00e1szati Ki\u00e1ll\u00edt\u00e1s a M\u00fazeumok \u00c9jszak\u00e1j\u00e1nak napj\u00e1n is programmal v\u00e1r.","og_url":"https:\/\/atulipanoshaz.hu\/en\/culture\/estikalandozas\/","og_site_name":"Tulip\u00e1nos H\u00e1z","article_publisher":"https:\/\/www.facebook.com\/tulipanosrendezveny\/","article_modified_time":"2025-04-03T08:13:14+00:00","og_image":[{"url":"https:\/\/atulipanoshaz.hu\/wp-content\/uploads\/2024\/06\/EstiKalandozas.jpg","type":"","width":"","height":""}],"twitter_card":"summary_large_image","twitter_misc":{"Est. reading time":"2 minutes"},"schema":{"@context":"https:\/\/schema.org","@graph":[{"@type":"WebPage","@id":"https:\/\/atulipanoshaz.hu\/kultura\/estikalandozas\/","url":"https:\/\/atulipanoshaz.hu\/kultura\/estikalandozas\/","name":"Esti kalandoz\u00e1s az Interakt\u00edv B\u00e1ny\u00e1szati Ki\u00e1ll\u00edt\u00e1son","isPartOf":{"@id":"https:\/\/atulipanoshaz.hu\/#website"},"primaryImageOfPage":{"@id":"https:\/\/atulipanoshaz.hu\/kultura\/estikalandozas\/#primaryimage"},"image":{"@id":"https:\/\/atulipanoshaz.hu\/kultura\/estikalandozas\/#primaryimage"},"thumbnailUrl":"https:\/\/atulipanoshaz.hu\/wp-content\/uploads\/2024\/06\/EstiKalandozas.jpg","datePublished":"2024-06-14T12:26:51+00:00","dateModified":"2025-04-03T08:13:14+00:00","description":"Az id\u00e9n 100 \u00e9ves Tulip\u00e1nos Rendezv\u00e9nyh\u00e1zban tal\u00e1lhat\u00f3 Interakt\u00edv B\u00e1ny\u00e1szati Ki\u00e1ll\u00edt\u00e1s a M\u00fazeumok \u00c9jszak\u00e1j\u00e1nak napj\u00e1n is programmal v\u00e1r.","breadcrumb":{"@id":"https:\/\/atulipanoshaz.hu\/kultura\/estikalandozas\/#breadcrumb"},"inLanguage":"en-US","potentialAction":[{"@type":"ReadAction","target":["https:\/\/atulipanoshaz.hu\/kultura\/estikalandozas\/"]}]},{"@type":"ImageObject","inLanguage":"en-US","@id":"https:\/\/atulipanoshaz.hu\/kultura\/estikalandozas\/#primaryimage","url":"https:\/\/atulipanoshaz.hu\/wp-content\/uploads\/2024\/06\/EstiKalandozas.jpg","contentUrl":"https:\/\/atulipanoshaz.hu\/wp-content\/uploads\/2024\/06\/EstiKalandozas.jpg"},{"@type":"BreadcrumbList","@id":"https:\/\/atulipanoshaz.hu\/kultura\/estikalandozas\/#breadcrumb","itemListElement":[{"@type":"ListItem","position":1,"name":"Kezd\u0151lap","item":"https:\/\/atulipanoshaz.hu\/"},{"@type":"ListItem","position":2,"name":"Kult\u00fara","item":"https:\/\/atulipanoshaz.hu\/kultura\/"},{"@type":"ListItem","position":3,"name":"Esti kalandoz\u00e1s az Interakt\u00edv B\u00e1ny\u00e1szati Ki\u00e1ll\u00edt\u00e1son"}]},{"@type":"WebSite","@id":"https:\/\/atulipanoshaz.hu\/#website","url":"https:\/\/atulipanoshaz.hu\/","name":"Tulip Event Venue","description":"Rendezv\u00e9nyh\u00e1z, rendezv\u00e9nyhelysz\u00edn, teremb\u00e9rl\u00e9s, esk\u00fcv\u0151helysz\u00edn, interakt\u00edv ki\u00e1ll\u00edt\u00e1s","publisher":{"@id":"https:\/\/atulipanoshaz.hu\/#organization"},"potentialAction":[{"@type":"SearchAction","target":{"@type":"EntryPoint","urlTemplate":"https:\/\/atulipanoshaz.hu\/?s={search_term_string}"},"query-input":{"@type":"PropertyValueSpecification","valueRequired":true,"valueName":"search_term_string"}}],"inLanguage":"en-US"},{"@type":"Organization","@id":"https:\/\/atulipanoshaz.hu\/#organization","name":"Tulip Event Venue","url":"https:\/\/atulipanoshaz.hu\/","logo":{"@type":"ImageObject","inLanguage":"en-US","@id":"https:\/\/atulipanoshaz.hu\/#\/schema\/logo\/image\/","url":"https:\/\/atulipanoshaz.hu\/wp-content\/uploads\/2022\/03\/Tulipanos1.png","contentUrl":"https:\/\/atulipanoshaz.hu\/wp-content\/uploads\/2022\/03\/Tulipanos1.png","width":700,"height":515,"caption":"Tulip\u00e1nos H\u00e1z"},"image":{"@id":"https:\/\/atulipanoshaz.hu\/#\/schema\/logo\/image\/"},"sameAs":["https:\/\/www.facebook.com\/tulipanosrendezveny\/"]}]}},"_links":{"self":[{"href":"https:\/\/atulipanoshaz.hu\/en\/wp-json\/wp\/v2\/pages\/4343","targetHints":{"allow":["GET"]}}],"collection":[{"href":"https:\/\/atulipanoshaz.hu\/en\/wp-json\/wp\/v2\/pages"}],"about":[{"href":"https:\/\/atulipanoshaz.hu\/en\/wp-json\/wp\/v2\/types\/page"}],"author":[{"embeddable":true,"href":"https:\/\/atulipanoshaz.hu\/en\/wp-json\/wp\/v2\/users\/1"}],"replies":[{"embeddable":true,"href":"https:\/\/atulipanoshaz.hu\/en\/wp-json\/wp\/v2\/comments?post=4343"}],"version-history":[{"count":15,"href":"https:\/\/atulipanoshaz.hu\/en\/wp-json\/wp\/v2\/pages\/4343\/revisions"}],"predecessor-version":[{"id":6036,"href":"https:\/\/atulipanoshaz.hu\/en\/wp-json\/wp\/v2\/pages\/4343\/revisions\/6036"}],"up":[{"embeddable":true,"href":"https:\/\/atulipanoshaz.hu\/en\/wp-json\/wp\/v2\/pages\/244"}],"wp:attachment":[{"href":"https:\/\/atulipanoshaz.hu\/en\/wp-json\/wp\/v2\/media?parent=4343"}],"curies":[{"name":"wp","href":"https:\/\/api.w.org\/{rel}","templated":true}]}}