{"id":4273,"date":"2024-05-16T09:10:55","date_gmt":"2024-05-16T08:10:55","guid":{"rendered":"https:\/\/atulipanoshaz.hu\/?page_id=4273"},"modified":"2025-04-03T09:26:47","modified_gmt":"2025-04-03T08:26:47","slug":"rajzpalyazat-gala","status":"publish","type":"page","link":"https:\/\/atulipanoshaz.hu\/en\/culture\/rajzpalyazat-gala\/","title":{"rendered":"Rajzp\u00e1lyazat G\u00e1la"},"content":{"rendered":"<div data-elementor-type=\"wp-page\" data-elementor-id=\"4273\" class=\"elementor elementor-4273\" data-elementor-post-type=\"page\">\n\t\t\t\t\t\t<section class=\"elementor-section elementor-top-section elementor-element elementor-element-fba91bf elementor-section-boxed elementor-section-height-default elementor-section-height-default\" data-id=\"fba91bf\" data-element_type=\"section\">\n\t\t\t\t\t\t<div class=\"elementor-container elementor-column-gap-default\">\n\t\t\t\t\t<div class=\"elementor-column elementor-col-100 elementor-top-column elementor-element elementor-element-4ef8059\" data-id=\"4ef8059\" data-element_type=\"column\">\n\t\t\t<div class=\"elementor-widget-wrap elementor-element-populated\">\n\t\t\t\t\t\t<section class=\"elementor-section elementor-inner-section elementor-element elementor-element-9d356ba elementor-section-full_width elementor-section-height-default elementor-section-height-default\" data-id=\"9d356ba\" data-element_type=\"section\">\n\t\t\t\t\t\t<div class=\"elementor-container elementor-column-gap-default\">\n\t\t\t\t\t<div class=\"elementor-column elementor-col-100 elementor-inner-column elementor-element elementor-element-3614b5b\" data-id=\"3614b5b\" data-element_type=\"column\">\n\t\t\t<div class=\"elementor-widget-wrap elementor-element-populated\">\n\t\t\t\t\t\t<div class=\"elementor-element elementor-element-9d6ecaf elementor-widget elementor-widget-image\" data-id=\"9d6ecaf\" data-element_type=\"widget\" data-widget_type=\"image.default\">\n\t\t\t\t<div class=\"elementor-widget-container\">\n\t\t\t\t\t\t\t\t\t\t\t\t\t\t\t<img decoding=\"async\" src=\"https:\/\/atulipanoshaz.hu\/wp-content\/uploads\/elementor\/thumbs\/Rajzpalyazat_webre-qqugd1e3ccbqrf5pf3dbwusi94ucv95oum6yrmbpgg.png\" title=\"A Tulip\u00e1nos H\u00e1z mindenki\u00e9 rajzp\u00e1ly\u00e1zat.\" alt=\"A Tulip\u00e1nos H\u00e1z mindenki\u00e9 rajzp\u00e1ly\u00e1zat.\" loading=\"lazy\" \/>\t\t\t\t\t\t\t\t\t\t\t\t\t\t\t<\/div>\n\t\t\t\t<\/div>\n\t\t\t\t<div class=\"elementor-element elementor-element-214325e elementor-widget elementor-widget-heading\" data-id=\"214325e\" data-element_type=\"widget\" data-widget_type=\"heading.default\">\n\t\t\t\t<div class=\"elementor-widget-container\">\n\t\t\t\t\t<h1 class=\"elementor-heading-title elementor-size-default\">Rajz- \u00e9s makettp\u00e1ly\u00e1zat d\u00edj\u00e1tad\u00f3 g\u00e1la\n<\/h1>\t\t\t\t<\/div>\n\t\t\t\t<\/div>\n\t\t\t\t<div class=\"elementor-element elementor-element-0905c08 elementor-widget elementor-widget-text-editor\" data-id=\"0905c08\" data-element_type=\"widget\" data-widget_type=\"text-editor.default\">\n\t\t\t\t<div class=\"elementor-widget-container\">\n\t\t\t\t\t\t\t\t\t<p>Free Program<\/p>\t\t\t\t\t\t\t\t<\/div>\n\t\t\t\t<\/div>\n\t\t\t\t<div class=\"elementor-element elementor-element-fc2c28e elementor-widget elementor-widget-text-editor\" data-id=\"fc2c28e\" data-element_type=\"widget\" data-widget_type=\"text-editor.default\">\n\t\t\t\t<div class=\"elementor-widget-container\">\n\t\t\t\t\t\t\t\t\t<p><strong>2024. m\u00e1jus 29., 17:00<\/strong><\/p>\t\t\t\t\t\t\t\t<\/div>\n\t\t\t\t<\/div>\n\t\t\t\t<div class=\"elementor-element elementor-element-b682629 elementor-widget elementor-widget-text-editor\" data-id=\"b682629\" data-element_type=\"widget\" data-widget_type=\"text-editor.default\">\n\t\t\t\t<div class=\"elementor-widget-container\">\n\t\t\t\t\t\t\t\t\t<p>\u201eA Tulip\u00e1nos H\u00e1z mindenki\u00e9.\u201d Rajz- \u00e9s makettp\u00e1ly\u00e1zat d\u00edj\u00e1tad\u00f3 g\u00e1la \u00e9s Dr. Simonik P\u00e9ter ismeretterjeszt\u0151 el\u0151ad\u00e1sa.<\/p><p>Sokat hallunk Tatab\u00e1ny\u00e1n a b\u00e1ny\u00e1szatr\u00f3l, a v\u00e1ros b\u00e1nyam\u00faltj\u00e1r\u00f3l \u00e9s a Tulip\u00e1nos H\u00e1z szerep\u00e9r\u0151l. De vajon mennyit tudunk err\u0151l val\u00f3j\u00e1ban? Dr. Simonik P\u00e9ter kifejezetten gyerekeknek sz\u00e1nt igaz\u00e1n r\u00f6vid, de informat\u00edv el\u0151ad\u00e1sban mes\u00e9l a 100 \u00e9ves Tulip\u00e1nos H\u00e1z m\u00faltj\u00e1r\u00f3l. Ezen az ismeretterjeszt\u0151 el\u0151ad\u00e1son \u00e9s a rajzp\u00e1ly\u00e1zaton kereszt\u00fcl k\u00edv\u00e1ntuk megismertetni a gyerekekkel v\u00e1rosuk t\u00f6rt\u00e9nelm\u00e9nek egy kis szelet\u00e9t, melyben az \u00e9p\u00fclet a korai B\u00e1nyatiszti Kaszin\u00f3t\u00f3l el\u00e9rkezik a m\u00e1ba, ahol a Tulip\u00e1nos H\u00e1z egy mindenki sz\u00e1m\u00e1ra el\u00e9rhet\u0151, vend\u00e9gszeret\u0151 m\u0171eml\u00e9k\u00e9p\u00fclet \u00e9s rendezv\u00e9nyhelysz\u00edn.<\/p><p>A d\u00edj\u00e1tad\u00f3 g\u00e1l\u00e1n \u00e1tad\u00e1sra ker\u00fclnek a kis alkot\u00f3k sz\u00e1m\u00e1ra a d\u00edjak. Meghallgathatnak egy r\u00f6vid el\u0151ad\u00e1st Dr. Simonik P\u00e9tert\u0151l \u00e9s helyi tehets\u00e9gek r\u00f6vid m\u0171sor\u00e1t is megtekinthetik.<\/p>\t\t\t\t\t\t\t\t<\/div>\n\t\t\t\t<\/div>\n\t\t\t\t\t<\/div>\n\t\t<\/div>\n\t\t\t\t\t<\/div>\n\t\t<\/section>\n\t\t\t\t\t<\/div>\n\t\t<\/div>\n\t\t\t\t\t<\/div>\n\t\t<\/section>\n\t\t\t\t<\/div>","protected":false},"excerpt":{"rendered":"<p>Rajz- \u00e9s makettp\u00e1ly\u00e1zat d\u00edj\u00e1tad\u00f3 g\u00e1la INGYENES PROGRAM 2024. m\u00e1jus 29., 17:00 \u201eA Tulip\u00e1nos H\u00e1z mindenki\u00e9.\u201d Rajz- \u00e9s makettp\u00e1ly\u00e1zat d\u00edj\u00e1tad\u00f3 g\u00e1la \u00e9s Dr. Simonik P\u00e9ter ismeretterjeszt\u0151 el\u0151ad\u00e1sa. Sokat hallunk Tatab\u00e1ny\u00e1n a b\u00e1ny\u00e1szatr\u00f3l, a v\u00e1ros b\u00e1nyam\u00faltj\u00e1r\u00f3l \u00e9s a Tulip\u00e1nos H\u00e1z szerep\u00e9r\u0151l. De vajon mennyit tudunk err\u0151l val\u00f3j\u00e1ban? Dr. Simonik P\u00e9ter kifejezetten gyerekeknek sz\u00e1nt igaz\u00e1n r\u00f6vid, de informat\u00edv &#8230; <a title=\"Rajzp\u00e1lyazat G\u00e1la\" class=\"read-more\" href=\"https:\/\/atulipanoshaz.hu\/en\/culture\/rajzpalyazat-gala\/\" aria-label=\"Read more about Rajzp\u00e1lyazat G\u00e1la\">Read more<\/a><\/p>","protected":false},"author":1,"featured_media":0,"parent":244,"menu_order":0,"comment_status":"closed","ping_status":"closed","template":"elementor_header_footer","meta":{"footnotes":""},"class_list":["post-4273","page","type-page","status-publish"],"yoast_head":"<!-- This site is optimized with the Yoast SEO Premium plugin v25.6 (Yoast SEO v26.0) - https:\/\/yoast.com\/wordpress\/plugins\/seo\/ -->\n<title>&quot;A Tulip\u00e1nos H\u00e1z mindenki\u00e9.&quot; rajz- \u00e9s makettp\u00e1ly\u00e1zat g\u00e1lam\u0171sor<\/title>\n<meta name=\"description\" content=\"Az &quot;A Tulip\u00e1nos H\u00e1z mindenki\u00e9.&quot; rajz- \u00e9s makettp\u00e1ly\u00e1zat d\u00edj\u00e1tad\u00f3 g\u00e1lam\u0171sora, Dr. Simonik P\u00e9ter ismeretterjeszt\u0151 el\u0151ad\u00e1s\u00e1val.\" \/>\n<meta name=\"robots\" content=\"index, follow, max-snippet:-1, max-image-preview:large, max-video-preview:-1\" \/>\n<link rel=\"canonical\" href=\"https:\/\/atulipanoshaz.hu\/en\/culture\/rajzpalyazat-gala\/\" \/>\n<meta property=\"og:locale\" content=\"en_US\" \/>\n<meta property=\"og:type\" content=\"article\" \/>\n<meta property=\"og:title\" content=\"Rajzp\u00e1lyazat G\u00e1la\" \/>\n<meta property=\"og:description\" content=\"Az &quot;A Tulip\u00e1nos H\u00e1z mindenki\u00e9.&quot; rajz- \u00e9s makettp\u00e1ly\u00e1zat d\u00edj\u00e1tad\u00f3 g\u00e1lam\u0171sora, Dr. Simonik P\u00e9ter ismeretterjeszt\u0151 el\u0151ad\u00e1s\u00e1val.\" \/>\n<meta property=\"og:url\" content=\"https:\/\/atulipanoshaz.hu\/en\/culture\/rajzpalyazat-gala\/\" \/>\n<meta property=\"og:site_name\" content=\"Tulip\u00e1nos H\u00e1z\" \/>\n<meta property=\"article:publisher\" content=\"https:\/\/www.facebook.com\/tulipanosrendezveny\/\" \/>\n<meta property=\"article:modified_time\" content=\"2025-04-03T08:26:47+00:00\" \/>\n<meta property=\"og:image\" content=\"https:\/\/atulipanoshaz.hu\/wp-content\/uploads\/elementor\/thumbs\/Rajzpalyazat_webre-qqugd1e3ccbqrf5pf3dbwusi94ucv95oum6yrmbpgg.png\" \/>\n<meta name=\"twitter:card\" content=\"summary_large_image\" \/>\n<meta name=\"twitter:label1\" content=\"Est. reading time\" \/>\n\t<meta name=\"twitter:data1\" content=\"1 minute\" \/>\n<script type=\"application\/ld+json\" class=\"yoast-schema-graph\">{\"@context\":\"https:\/\/schema.org\",\"@graph\":[{\"@type\":\"WebPage\",\"@id\":\"https:\/\/atulipanoshaz.hu\/kultura\/rajzpalyazat-gala\/\",\"url\":\"https:\/\/atulipanoshaz.hu\/kultura\/rajzpalyazat-gala\/\",\"name\":\"\\\"A Tulip\u00e1nos H\u00e1z mindenki\u00e9.\\\" rajz- \u00e9s makettp\u00e1ly\u00e1zat g\u00e1lam\u0171sor\",\"isPartOf\":{\"@id\":\"https:\/\/atulipanoshaz.hu\/#website\"},\"primaryImageOfPage\":{\"@id\":\"https:\/\/atulipanoshaz.hu\/kultura\/rajzpalyazat-gala\/#primaryimage\"},\"image\":{\"@id\":\"https:\/\/atulipanoshaz.hu\/kultura\/rajzpalyazat-gala\/#primaryimage\"},\"thumbnailUrl\":\"https:\/\/atulipanoshaz.hu\/wp-content\/uploads\/elementor\/thumbs\/Rajzpalyazat_webre-qqugd1e3ccbqrf5pf3dbwusi94ucv95oum6yrmbpgg.png\",\"datePublished\":\"2024-05-16T08:10:55+00:00\",\"dateModified\":\"2025-04-03T08:26:47+00:00\",\"description\":\"Az \\\"A Tulip\u00e1nos H\u00e1z mindenki\u00e9.\\\" rajz- \u00e9s makettp\u00e1ly\u00e1zat d\u00edj\u00e1tad\u00f3 g\u00e1lam\u0171sora, Dr. Simonik P\u00e9ter ismeretterjeszt\u0151 el\u0151ad\u00e1s\u00e1val.\",\"breadcrumb\":{\"@id\":\"https:\/\/atulipanoshaz.hu\/kultura\/rajzpalyazat-gala\/#breadcrumb\"},\"inLanguage\":\"en-US\",\"potentialAction\":[{\"@type\":\"ReadAction\",\"target\":[\"https:\/\/atulipanoshaz.hu\/kultura\/rajzpalyazat-gala\/\"]}]},{\"@type\":\"ImageObject\",\"inLanguage\":\"en-US\",\"@id\":\"https:\/\/atulipanoshaz.hu\/kultura\/rajzpalyazat-gala\/#primaryimage\",\"url\":\"https:\/\/atulipanoshaz.hu\/wp-content\/uploads\/elementor\/thumbs\/Rajzpalyazat_webre-qqugd1e3ccbqrf5pf3dbwusi94ucv95oum6yrmbpgg.png\",\"contentUrl\":\"https:\/\/atulipanoshaz.hu\/wp-content\/uploads\/elementor\/thumbs\/Rajzpalyazat_webre-qqugd1e3ccbqrf5pf3dbwusi94ucv95oum6yrmbpgg.png\"},{\"@type\":\"BreadcrumbList\",\"@id\":\"https:\/\/atulipanoshaz.hu\/kultura\/rajzpalyazat-gala\/#breadcrumb\",\"itemListElement\":[{\"@type\":\"ListItem\",\"position\":1,\"name\":\"Kezd\u0151lap\",\"item\":\"https:\/\/atulipanoshaz.hu\/\"},{\"@type\":\"ListItem\",\"position\":2,\"name\":\"Kult\u00fara\",\"item\":\"https:\/\/atulipanoshaz.hu\/kultura\/\"},{\"@type\":\"ListItem\",\"position\":3,\"name\":\"Rajzp\u00e1lyazat G\u00e1la\"}]},{\"@type\":\"WebSite\",\"@id\":\"https:\/\/atulipanoshaz.hu\/#website\",\"url\":\"https:\/\/atulipanoshaz.hu\/\",\"name\":\"Tulip\u00e1nos H\u00e1z\",\"description\":\"Rendezv\u00e9nyh\u00e1z, rendezv\u00e9nyhelysz\u00edn, teremb\u00e9rl\u00e9s, esk\u00fcv\u0151helysz\u00edn, interakt\u00edv ki\u00e1ll\u00edt\u00e1s\",\"publisher\":{\"@id\":\"https:\/\/atulipanoshaz.hu\/#organization\"},\"potentialAction\":[{\"@type\":\"SearchAction\",\"target\":{\"@type\":\"EntryPoint\",\"urlTemplate\":\"https:\/\/atulipanoshaz.hu\/?s={search_term_string}\"},\"query-input\":{\"@type\":\"PropertyValueSpecification\",\"valueRequired\":true,\"valueName\":\"search_term_string\"}}],\"inLanguage\":\"en-US\"},{\"@type\":\"Organization\",\"@id\":\"https:\/\/atulipanoshaz.hu\/#organization\",\"name\":\"Tulip\u00e1nos H\u00e1z\",\"url\":\"https:\/\/atulipanoshaz.hu\/\",\"logo\":{\"@type\":\"ImageObject\",\"inLanguage\":\"en-US\",\"@id\":\"https:\/\/atulipanoshaz.hu\/#\/schema\/logo\/image\/\",\"url\":\"https:\/\/atulipanoshaz.hu\/wp-content\/uploads\/2022\/03\/Tulipanos1.png\",\"contentUrl\":\"https:\/\/atulipanoshaz.hu\/wp-content\/uploads\/2022\/03\/Tulipanos1.png\",\"width\":700,\"height\":515,\"caption\":\"Tulip\u00e1nos H\u00e1z\"},\"image\":{\"@id\":\"https:\/\/atulipanoshaz.hu\/#\/schema\/logo\/image\/\"},\"sameAs\":[\"https:\/\/www.facebook.com\/tulipanosrendezveny\/\"]}]}<\/script>\n<!-- \/ Yoast SEO Premium plugin. -->","yoast_head_json":{"title":"\"A Tulip\u00e1nos H\u00e1z mindenki\u00e9.\" rajz- \u00e9s makettp\u00e1ly\u00e1zat g\u00e1lam\u0171sor","description":"Az \"A Tulip\u00e1nos H\u00e1z mindenki\u00e9.\" rajz- \u00e9s makettp\u00e1ly\u00e1zat d\u00edj\u00e1tad\u00f3 g\u00e1lam\u0171sora, Dr. Simonik P\u00e9ter ismeretterjeszt\u0151 el\u0151ad\u00e1s\u00e1val.","robots":{"index":"index","follow":"follow","max-snippet":"max-snippet:-1","max-image-preview":"max-image-preview:large","max-video-preview":"max-video-preview:-1"},"canonical":"https:\/\/atulipanoshaz.hu\/en\/culture\/rajzpalyazat-gala\/","og_locale":"en_US","og_type":"article","og_title":"Rajzp\u00e1lyazat G\u00e1la","og_description":"Az \"A Tulip\u00e1nos H\u00e1z mindenki\u00e9.\" rajz- \u00e9s makettp\u00e1ly\u00e1zat d\u00edj\u00e1tad\u00f3 g\u00e1lam\u0171sora, Dr. Simonik P\u00e9ter ismeretterjeszt\u0151 el\u0151ad\u00e1s\u00e1val.","og_url":"https:\/\/atulipanoshaz.hu\/en\/culture\/rajzpalyazat-gala\/","og_site_name":"Tulip\u00e1nos H\u00e1z","article_publisher":"https:\/\/www.facebook.com\/tulipanosrendezveny\/","article_modified_time":"2025-04-03T08:26:47+00:00","og_image":[{"url":"https:\/\/atulipanoshaz.hu\/wp-content\/uploads\/elementor\/thumbs\/Rajzpalyazat_webre-qqugd1e3ccbqrf5pf3dbwusi94ucv95oum6yrmbpgg.png","type":"","width":"","height":""}],"twitter_card":"summary_large_image","twitter_misc":{"Est. reading time":"1 minute"},"schema":{"@context":"https:\/\/schema.org","@graph":[{"@type":"WebPage","@id":"https:\/\/atulipanoshaz.hu\/kultura\/rajzpalyazat-gala\/","url":"https:\/\/atulipanoshaz.hu\/kultura\/rajzpalyazat-gala\/","name":"\"A Tulip\u00e1nos H\u00e1z mindenki\u00e9.\" rajz- \u00e9s makettp\u00e1ly\u00e1zat g\u00e1lam\u0171sor","isPartOf":{"@id":"https:\/\/atulipanoshaz.hu\/#website"},"primaryImageOfPage":{"@id":"https:\/\/atulipanoshaz.hu\/kultura\/rajzpalyazat-gala\/#primaryimage"},"image":{"@id":"https:\/\/atulipanoshaz.hu\/kultura\/rajzpalyazat-gala\/#primaryimage"},"thumbnailUrl":"https:\/\/atulipanoshaz.hu\/wp-content\/uploads\/elementor\/thumbs\/Rajzpalyazat_webre-qqugd1e3ccbqrf5pf3dbwusi94ucv95oum6yrmbpgg.png","datePublished":"2024-05-16T08:10:55+00:00","dateModified":"2025-04-03T08:26:47+00:00","description":"Az \"A Tulip\u00e1nos H\u00e1z mindenki\u00e9.\" rajz- \u00e9s makettp\u00e1ly\u00e1zat d\u00edj\u00e1tad\u00f3 g\u00e1lam\u0171sora, Dr. Simonik P\u00e9ter ismeretterjeszt\u0151 el\u0151ad\u00e1s\u00e1val.","breadcrumb":{"@id":"https:\/\/atulipanoshaz.hu\/kultura\/rajzpalyazat-gala\/#breadcrumb"},"inLanguage":"en-US","potentialAction":[{"@type":"ReadAction","target":["https:\/\/atulipanoshaz.hu\/kultura\/rajzpalyazat-gala\/"]}]},{"@type":"ImageObject","inLanguage":"en-US","@id":"https:\/\/atulipanoshaz.hu\/kultura\/rajzpalyazat-gala\/#primaryimage","url":"https:\/\/atulipanoshaz.hu\/wp-content\/uploads\/elementor\/thumbs\/Rajzpalyazat_webre-qqugd1e3ccbqrf5pf3dbwusi94ucv95oum6yrmbpgg.png","contentUrl":"https:\/\/atulipanoshaz.hu\/wp-content\/uploads\/elementor\/thumbs\/Rajzpalyazat_webre-qqugd1e3ccbqrf5pf3dbwusi94ucv95oum6yrmbpgg.png"},{"@type":"BreadcrumbList","@id":"https:\/\/atulipanoshaz.hu\/kultura\/rajzpalyazat-gala\/#breadcrumb","itemListElement":[{"@type":"ListItem","position":1,"name":"Kezd\u0151lap","item":"https:\/\/atulipanoshaz.hu\/"},{"@type":"ListItem","position":2,"name":"Kult\u00fara","item":"https:\/\/atulipanoshaz.hu\/kultura\/"},{"@type":"ListItem","position":3,"name":"Rajzp\u00e1lyazat G\u00e1la"}]},{"@type":"WebSite","@id":"https:\/\/atulipanoshaz.hu\/#website","url":"https:\/\/atulipanoshaz.hu\/","name":"Tulip Event Venue","description":"Rendezv\u00e9nyh\u00e1z, rendezv\u00e9nyhelysz\u00edn, teremb\u00e9rl\u00e9s, esk\u00fcv\u0151helysz\u00edn, interakt\u00edv ki\u00e1ll\u00edt\u00e1s","publisher":{"@id":"https:\/\/atulipanoshaz.hu\/#organization"},"potentialAction":[{"@type":"SearchAction","target":{"@type":"EntryPoint","urlTemplate":"https:\/\/atulipanoshaz.hu\/?s={search_term_string}"},"query-input":{"@type":"PropertyValueSpecification","valueRequired":true,"valueName":"search_term_string"}}],"inLanguage":"en-US"},{"@type":"Organization","@id":"https:\/\/atulipanoshaz.hu\/#organization","name":"Tulip Event Venue","url":"https:\/\/atulipanoshaz.hu\/","logo":{"@type":"ImageObject","inLanguage":"en-US","@id":"https:\/\/atulipanoshaz.hu\/#\/schema\/logo\/image\/","url":"https:\/\/atulipanoshaz.hu\/wp-content\/uploads\/2022\/03\/Tulipanos1.png","contentUrl":"https:\/\/atulipanoshaz.hu\/wp-content\/uploads\/2022\/03\/Tulipanos1.png","width":700,"height":515,"caption":"Tulip\u00e1nos H\u00e1z"},"image":{"@id":"https:\/\/atulipanoshaz.hu\/#\/schema\/logo\/image\/"},"sameAs":["https:\/\/www.facebook.com\/tulipanosrendezveny\/"]}]}},"_links":{"self":[{"href":"https:\/\/atulipanoshaz.hu\/en\/wp-json\/wp\/v2\/pages\/4273","targetHints":{"allow":["GET"]}}],"collection":[{"href":"https:\/\/atulipanoshaz.hu\/en\/wp-json\/wp\/v2\/pages"}],"about":[{"href":"https:\/\/atulipanoshaz.hu\/en\/wp-json\/wp\/v2\/types\/page"}],"author":[{"embeddable":true,"href":"https:\/\/atulipanoshaz.hu\/en\/wp-json\/wp\/v2\/users\/1"}],"replies":[{"embeddable":true,"href":"https:\/\/atulipanoshaz.hu\/en\/wp-json\/wp\/v2\/comments?post=4273"}],"version-history":[{"count":8,"href":"https:\/\/atulipanoshaz.hu\/en\/wp-json\/wp\/v2\/pages\/4273\/revisions"}],"predecessor-version":[{"id":6057,"href":"https:\/\/atulipanoshaz.hu\/en\/wp-json\/wp\/v2\/pages\/4273\/revisions\/6057"}],"up":[{"embeddable":true,"href":"https:\/\/atulipanoshaz.hu\/en\/wp-json\/wp\/v2\/pages\/244"}],"wp:attachment":[{"href":"https:\/\/atulipanoshaz.hu\/en\/wp-json\/wp\/v2\/media?parent=4273"}],"curies":[{"name":"wp","href":"https:\/\/api.w.org\/{rel}","templated":true}]}}