{"id":3925,"date":"2024-03-19T14:37:12","date_gmt":"2024-03-19T13:37:12","guid":{"rendered":"https:\/\/atulipanoshaz.hu\/?page_id=3925"},"modified":"2025-04-03T09:28:03","modified_gmt":"2025-04-03T08:28:03","slug":"makettpalyazat","status":"publish","type":"page","link":"https:\/\/atulipanoshaz.hu\/en\/makettpalyazat\/","title":{"rendered":"Makettp\u00e1ly\u00e1zat"},"content":{"rendered":"<div data-elementor-type=\"wp-page\" data-elementor-id=\"3925\" class=\"elementor elementor-3925\" data-elementor-post-type=\"page\">\n\t\t\t\t\t\t<section class=\"elementor-section elementor-top-section elementor-element elementor-element-404c860 elementor-section-boxed elementor-section-height-default elementor-section-height-default\" data-id=\"404c860\" data-element_type=\"section\">\n\t\t\t\t\t\t<div class=\"elementor-container elementor-column-gap-default\">\n\t\t\t\t\t<div class=\"elementor-column elementor-col-100 elementor-top-column elementor-element elementor-element-c9653b2\" data-id=\"c9653b2\" data-element_type=\"column\">\n\t\t\t<div class=\"elementor-widget-wrap elementor-element-populated\">\n\t\t\t\t\t\t<div class=\"elementor-element elementor-element-5f9e393 elementor-widget elementor-widget-heading\" data-id=\"5f9e393\" data-element_type=\"widget\" data-widget_type=\"heading.default\">\n\t\t\t\t<div class=\"elementor-widget-container\">\n\t\t\t\t\t<h1 class=\"elementor-heading-title elementor-size-default\">\"A Tulip\u00e1nos H\u00e1z mindenki\u00e9.\" - Makettp\u00e1ly\u00e1zat<\/h1>\t\t\t\t<\/div>\n\t\t\t\t<\/div>\n\t\t\t\t<div class=\"elementor-element elementor-element-8d2a8e1 elementor-widget elementor-widget-image\" data-id=\"8d2a8e1\" data-element_type=\"widget\" data-widget_type=\"image.default\">\n\t\t\t\t<div class=\"elementor-widget-container\">\n\t\t\t\t\t\t\t\t\t\t\t\t\t\t\t<img fetchpriority=\"high\" decoding=\"async\" width=\"900\" height=\"179\" src=\"https:\/\/atulipanoshaz.hu\/wp-content\/uploads\/2024\/03\/Makett_fejlec.png\" class=\"attachment-large size-large wp-image-3927\" alt=\"Makettp\u00e1ly\u00e1zat\" srcset=\"https:\/\/atulipanoshaz.hu\/wp-content\/uploads\/2024\/03\/Makett_fejlec.png 1004w, https:\/\/atulipanoshaz.hu\/wp-content\/uploads\/2024\/03\/Makett_fejlec-300x60.png 300w, https:\/\/atulipanoshaz.hu\/wp-content\/uploads\/2024\/03\/Makett_fejlec-768x153.png 768w, https:\/\/atulipanoshaz.hu\/wp-content\/uploads\/2024\/03\/Makett_fejlec-18x4.png 18w\" sizes=\"(max-width: 900px) 100vw, 900px\" \/>\t\t\t\t\t\t\t\t\t\t\t\t\t\t\t<\/div>\n\t\t\t\t<\/div>\n\t\t\t\t<div class=\"elementor-element elementor-element-4b67b00 elementor-widget elementor-widget-text-editor\" data-id=\"4b67b00\" data-element_type=\"widget\" data-widget_type=\"text-editor.default\">\n\t\t\t\t<div class=\"elementor-widget-container\">\n\t\t\t\t\t\t\t\t\t<div><strong>Az id\u00e9n 100 \u00e9ves Tulip\u00e1nos H\u00e1z makettp\u00e1ly\u00e1zatot hirdet k\u00f6z\u00e9piskol\u00e1s di\u00e1kok r\u00e9sz\u00e9re.<\/strong><\/div>\t\t\t\t\t\t\t\t<\/div>\n\t\t\t\t<\/div>\n\t\t\t\t<div class=\"elementor-element elementor-element-5973a29 elementor-widget elementor-widget-text-editor\" data-id=\"5973a29\" data-element_type=\"widget\" data-widget_type=\"text-editor.default\">\n\t\t\t\t<div class=\"elementor-widget-container\">\n\t\t\t\t\t\t\t\t\t<div>Tatab\u00e1nya a sz\u00e9nb\u00e1ny\u00e1szatnak \u00e9s az ahhoz kapcsol\u00f3d\u00f3an megval\u00f3sult ipari fejl\u0151d\u00e9snek k\u00f6sz\u00f6nheti sz\u00fclet\u00e9s\u00e9t. A b\u00e1ny\u00e1szatot \u00e9s a b\u00e1ny\u00e1szokat kiszolg\u00e1l\u00f3 l\u00e9tes\u00edtm\u00e9nyek k\u00f6z\u00f6tt megtal\u00e1lhat\u00f3 t\u00f6bb illusztris \u00e9p\u00fclet is, melyek k\u00f6z\u00fcl kiemelkedik a Tulip\u00e1nos H\u00e1z. A h\u00e1zat 1924-ben vehett\u00e9k birtokba \u00e9s b\u00e1nyatiszti kaszin\u00f3k\u00e9nt funkcion\u00e1lt.\u00a0<\/div><div>\u00a0<\/div><div>A Tulip\u00e1nos H\u00e1z sok\u00e1ig csak a kiv\u00e1lts\u00e1gosok sz\u00e1m\u00e1ra \u00e1llt nyitva. Azonban napjainkra az \u00e9p\u00fclet fel\u00faj\u00edt\u00e1sra ker\u00fclt \u00e9s kit\u00e1rta kapuit a nagyk\u00f6z\u00f6ns\u00e9g el\u0151tt. A sz\u00e9nb\u00e1ny\u00e1szat eml\u00e9k\u00e9t \u0151rzi az alagsorban tal\u00e1lhat\u00f3 Interakt\u00edv B\u00e1ny\u00e1szati Ki\u00e1ll\u00edt\u00e1s. A d\u00edszes \u00e9p\u00fclet ma m\u00e1r b\u00e1rki sz\u00e1m\u00e1ra megtekinthet\u0151,\u00a0a folyamatosan gyarapod\u00f3, mindenki \u00e1ltal l\u00e1togathat\u00f3 rendezv\u00e9nyeknek k\u00f6sz\u00f6nhet\u0151en pedig egyre sz\u00e9lesebb k\u00f6rben v\u00e1lik egy bar\u00e1ts\u00e1gos, vend\u00e9gszeret\u0151 rendezv\u00e9nyhelysz\u00ednn\u00e9.<\/div>\t\t\t\t\t\t\t\t<\/div>\n\t\t\t\t<\/div>\n\t\t\t\t<div class=\"elementor-element elementor-element-96e89d8 elementor-widget elementor-widget-text-editor\" data-id=\"96e89d8\" data-element_type=\"widget\" data-widget_type=\"text-editor.default\">\n\t\t\t\t<div class=\"elementor-widget-container\">\n\t\t\t\t\t\t\t\t\t<div><strong>M\u00e1ra elmondhat\u00f3, hogy \u201eA Tulip\u00e1nos H\u00e1z mindenki\u00e9.\u201d\u00a0<\/strong><\/div>\t\t\t\t\t\t\t\t<\/div>\n\t\t\t\t<\/div>\n\t\t\t\t<div class=\"elementor-element elementor-element-cfc997f elementor-widget elementor-widget-text-editor\" data-id=\"cfc997f\" data-element_type=\"widget\" data-widget_type=\"text-editor.default\">\n\t\t\t\t<div class=\"elementor-widget-container\">\n\t\t\t\t\t\t\t\t\t<p>Ezzel kapcsolatos a p\u00e1ly\u00e1zat t\u00e9m\u00e1ja is. Arra vagyunk k\u00edv\u00e1ncsiak, hogy a di\u00e1kok mit gondolnak a b\u00e1ny\u00e1szatr\u00f3l, milyennek l\u00e1tj\u00e1k a Tulip\u00e1nos H\u00e1zat \u00e9s k\u00f6rnyezet\u00e9t, mit szeretn\u00e9nek l\u00e1tni, csin\u00e1lni, \u00e1t\u00e9lni, vagy ak\u00e1r \u00faj\u00edtani, jav\u00edtani a k\u00f6rny\u00e9ken. B\u00e1rmilyen alkot\u00e1ssal lehet nevezni a p\u00e1ly\u00e1zaton, a b\u00e1ny\u00e1szattal, a Tulip\u00e1nos H\u00e1zzal, vagy a k\u00f6rny\u00e9ken elk\u00e9pzelt \u00faj\u00edt\u00e1sokkal, ak\u00e1r sci-fi-be ill\u0151 elk\u00e9p\u00adze\u00adl\u00e9\u00adsek\u00adkel kapcsolatban.<\/p><p>A p\u00e1ly\u00e1zaton r\u00e9sztvev\u0151 valamennyi di\u00e1k oklevelet kap, valamint az els\u0151 h\u00e1rom d\u00edjazott \u00e9rt\u00e9kes aj\u00e1n\u00add\u00e9k\u00adban r\u00e9szes\u00fcl. Az eredm\u00e9nyhirdet\u00e9sen jelenl\u00e9v\u0151k szem\u00e9lyesen kapj\u00e1k meg oklevel\u00fcket, akik nem tud\u00adnak megjelenni, azoknak pedig a megadott e-mail c\u00edmre k\u00fcldj\u00fck el, nyomtathat\u00f3 form\u00e1ban. Az alkot\u00e1sok \u00fcnnep\u00e9lyes d\u00edj\u00e1tad\u00f3 keret\u00e9ben ki\u00e1ll\u00edt\u00e1sra ker\u00fclnek a Tulip\u00e1nos H\u00e1zban.<\/p>\t\t\t\t\t\t\t\t<\/div>\n\t\t\t\t<\/div>\n\t\t\t\t<div class=\"elementor-element elementor-element-4520b46 elementor-widget elementor-widget-text-editor\" data-id=\"4520b46\" data-element_type=\"widget\" data-widget_type=\"text-editor.default\">\n\t\t\t\t<div class=\"elementor-widget-container\">\n\t\t\t\t\t\t\t\t\t<div><strong>A p\u00e1ly\u00e1zat lead\u00e1si hat\u00e1rideje:<\/strong> 2024. m\u00e1jus 21.<\/div><div><strong>Eredm\u00e9nyhirdet\u00e9s \u00e9s a d\u00edjak \u00e1tad\u00e1sa:<\/strong> 2024. m\u00e1jus 29., 17:00<\/div><div><strong>A p\u00e1lyam\u0171 lead\u00e1sa:<\/strong> szem\u00e9lyesen a Tulip\u00e1nos H\u00e1zban (naponta 10:00-16:00 \u00f3r\u00e1ig)<\/div>\t\t\t\t\t\t\t\t<\/div>\n\t\t\t\t<\/div>\n\t\t\t\t<div class=\"elementor-element elementor-element-dea462e elementor-widget elementor-widget-text-editor\" data-id=\"dea462e\" data-element_type=\"widget\" data-widget_type=\"text-editor.default\">\n\t\t\t\t<div class=\"elementor-widget-container\">\n\t\t\t\t\t\t\t\t\t<p>A p\u00e1ly\u00e1zaton val\u00f3 r\u00e9szv\u00e9tel felt\u00e9tele a p\u00e1lyam\u0171 hat\u00e1rid\u0151re t\u00f6rt\u00e9n\u0151 beny\u00fajt\u00e1sa, illetve a sz\u00fcks\u00e9ges dokumentum kit\u00f6lt\u00e9se. A p\u00e1ly\u00e1zathoz kapcsol\u00f3d\u00f3 dokumentumok <span style=\"font-size: inherit;\">let\u00f6lthet\u0151k az al\u00e1bbi linkekr\u0151l vagy kit\u00f6lthet\u0151k szem\u00e9lyesen a Tulip\u00e1nos H\u00e1zban. A p\u00e1lyamunk\u00e1k bead\u00e1sakor megadott adatokat kiz\u00e1r\u00f3lag a rajzp\u00e1ly\u00e1zattal kapcsolatos azonos\u00edt\u00e1sra \u00e9s kapcsolattart\u00e1sra haszn\u00e1ljuk fel. Nem haszn\u00e1ljuk fel marketing c\u00e9lra \u00e9s aj\u00e1nlatok k\u00fcld\u00e9s\u00e9re, harmadik f\u00e9lnek nem adjuk tov\u00e1bb. A tov\u00e1bbi r\u00e9szletek megismer\u00e9se \u00e9rdek\u00e9ben k\u00e9rj\u00fck olvassa el az \u201eAdatkezel\u00e9si t\u00e1j\u00e9koztat\u00f3t\u201d, ami szint\u00e9n let\u00f6lthet\u0151 az al\u00e1bbi linkr\u0151l. Tov\u00e1bbi inform\u00e1ci\u00f3kkal \u00e9s a d\u00edjak list\u00e1j\u00e1val b\u0151v\u00fclni fog az oldal, \u00e9rdemes visszal\u00e1togatni.<\/span><\/p><p><strong>Let\u00f6lthet\u0151 dokumentumok:<\/strong><\/p><p><a href=\"https:\/\/atulipanoshaz.hu\/wp-content\/uploads\/2024\/04\/Leiras_TulipanosMakett.pdf\" target=\"_blank\" rel=\"noopener\">A p\u00e1ly\u00e1zat le\u00edr\u00e1sa<\/a><br \/><a href=\"https:\/\/atulipanoshaz.hu\/wp-content\/uploads\/2024\/04\/AdatkezelesiTajekoztato__TulipanosHaz_Rajzpalyazat_240410.pdf\" target=\"_blank\" rel=\"noopener\">Adatkezel\u00e9si t\u00e1j\u00e9koztat\u00f3<\/a><br \/><a href=\"https:\/\/atulipanoshaz.hu\/wp-content\/uploads\/2024\/04\/Atveteli_elismerveny_TulipanosRajz_18ev_alattiak.pdf\" target=\"_blank\" rel=\"noopener\">\u00c1tv\u00e9teli elismerv\u00e9ny \u00e9s nyilatkozat 18 \u00e9v alatt<\/a><br \/><a href=\"https:\/\/atulipanoshaz.hu\/wp-content\/uploads\/2024\/04\/Atveteli_elismerveny_TulipanosRajz_18ev_felettiek.pdf\" target=\"_blank\" rel=\"noopener\">\u00c1tv\u00e9teli elismerv\u00e9ny \u00e9s nyilatkozat 18 \u00e9v felett<\/a><\/p>\t\t\t\t\t\t\t\t<\/div>\n\t\t\t\t<\/div>\n\t\t\t\t<div class=\"elementor-element elementor-element-6e1e502 elementor-widget elementor-widget-text-editor\" data-id=\"6e1e502\" data-element_type=\"widget\" data-widget_type=\"text-editor.default\">\n\t\t\t\t<div class=\"elementor-widget-container\">\n\t\t\t\t\t\t\t\t\t<p><strong>A nyerem\u00e9nyek list\u00e1ja:<\/strong><\/p><ol><li>helyezett: 15.000 Ft \u00e9rt\u00e9k\u0171 V\u00e9rtes Center v\u00e1s\u00e1rl\u00e1si utalv\u00e1ny + Interakt\u00edv B\u00e1ny\u00e1szati Ki\u00e1ll\u00edt\u00e1s csal\u00e1di bel\u00e9p\u0151<\/li><li>helyezett: 10.000 Ft \u00e9rt\u00e9k\u0171 G\u00e1la Korz\u00f3 v\u00e1s\u00e1rl\u00e1si utalv\u00e1ny<\/li><li>helyezett: 5.000 Ft \u00e9rt\u00e9k\u0171 G\u00e1la Korz\u00f3 v\u00e1s\u00e1rl\u00e1si utalv\u00e1ny<\/li><\/ol><p><strong>A zs\u0171ri tagjai:<\/strong><br \/>John Katalin \u2013 a Tulip\u00e1nos Rendezv\u00e9nyh\u00e1z szakmai vezet\u0151je<br \/>Dr. Simonik P\u00e9ter \u2013 t\u00f6rt\u00e9n\u00e9sz, egyetemi docens<br \/>Kaposv\u00f6lgyi Attila &#8211; k\u00e9pz\u0151m\u0171v\u00e9sz<\/p>\t\t\t\t\t\t\t\t<\/div>\n\t\t\t\t<\/div>\n\t\t\t\t<div class=\"elementor-element elementor-element-6c4dc12 elementor-hidden-desktop elementor-hidden-tablet elementor-hidden-mobile elementor-widget elementor-widget-text-editor\" data-id=\"6c4dc12\" data-element_type=\"widget\" data-widget_type=\"text-editor.default\">\n\t\t\t\t<div class=\"elementor-widget-container\">\n\t\t\t\t\t\t\t\t\t<p><span class=\"d2edcug0 hpfvmrgz qv66sw1b c1et5uql lr9zc1uh a8c37x1j fe6kdd0r mau55g9w c8b282yb keod5gw0 nxhoafnm aigsh9s9 d3f4x2em iv3no6db jq4qci2q a3bd9o3v b1v8xokw oo9gr5id hzawbc8m\" dir=\"auto\"><span class=\"d2edcug0 hpfvmrgz qv66sw1b c1et5uql lr9zc1uh jq4qci2q a3bd9o3v b1v8xokw oo9gr5id hzawbc8m\">Contact us:<br \/><\/span><\/span><span class=\"d2edcug0 hpfvmrgz qv66sw1b c1et5uql lr9zc1uh a8c37x1j fe6kdd0r mau55g9w c8b282yb keod5gw0 nxhoafnm aigsh9s9 d3f4x2em iv3no6db jq4qci2q a3bd9o3v b1v8xokw oo9gr5id hzawbc8m\" dir=\"auto\"><span class=\"d2edcug0 hpfvmrgz qv66sw1b c1et5uql lr9zc1uh jq4qci2q a3bd9o3v b1v8xokw oo9gr5id hzawbc8m\">2800 Tatab\u00e1nya, N\u00e9ph\u00e1z utca 7.<br \/>Telefon: +36 30\u00a0417 6333<br \/>E-mail: <a href=\"mailto:info@atulipanoshaz.hu\">info@atulipanoshaz.hu<\/a><br \/><\/span><\/span>Facebook:<br \/><a href=\"https:\/\/www.facebook.com\/tulipanosrendezveny\" target=\"_blank\" rel=\"noopener\">https:\/\/www.facebook.com\/tulipanosrendezveny<\/a><br \/>Instagram:<br \/><a href=\"https:\/\/www.instagram.com\/atulipanoshaz\" target=\"_blank\" rel=\"noopener\">https:\/\/www.instagram.com\/atulipanoshaz<\/a><\/p>\t\t\t\t\t\t\t\t<\/div>\n\t\t\t\t<\/div>\n\t\t\t\t\t<\/div>\n\t\t<\/div>\n\t\t\t\t\t<\/div>\n\t\t<\/section>\n\t\t\t\t<\/div>","protected":false},"excerpt":{"rendered":"<p>&#8222;A Tulip\u00e1nos H\u00e1z mindenki\u00e9.&#8221; &#8211; Makettp\u00e1ly\u00e1zat Az id\u00e9n 100 \u00e9ves Tulip\u00e1nos H\u00e1z makettp\u00e1ly\u00e1zatot hirdet k\u00f6z\u00e9piskol\u00e1s di\u00e1kok r\u00e9sz\u00e9re.Tatab\u00e1nya a sz\u00e9nb\u00e1ny\u00e1szatnak \u00e9s az ahhoz kapcsol\u00f3d\u00f3an megval\u00f3sult ipari fejl\u0151d\u00e9snek k\u00f6sz\u00f6nheti sz\u00fclet\u00e9s\u00e9t. A b\u00e1ny\u00e1szatot \u00e9s a b\u00e1ny\u00e1szokat kiszolg\u00e1l\u00f3 l\u00e9tes\u00edtm\u00e9nyek k\u00f6z\u00f6tt megtal\u00e1lhat\u00f3 t\u00f6bb illusztris \u00e9p\u00fclet is, melyek k\u00f6z\u00fcl kiemelkedik a Tulip\u00e1nos H\u00e1z. A h\u00e1zat 1924-ben vehett\u00e9k birtokba \u00e9s b\u00e1nyatiszti kaszin\u00f3k\u00e9nt &#8230; <a title=\"Makettp\u00e1ly\u00e1zat\" class=\"read-more\" href=\"https:\/\/atulipanoshaz.hu\/en\/makettpalyazat\/\" aria-label=\"Read more about Makettp\u00e1ly\u00e1zat\">Read more<\/a><\/p>","protected":false},"author":1,"featured_media":0,"parent":0,"menu_order":0,"comment_status":"closed","ping_status":"closed","template":"elementor_header_footer","meta":{"footnotes":""},"class_list":["post-3925","page","type-page","status-publish"],"yoast_head":"<!-- This site is optimized with the Yoast SEO Premium plugin v25.6 (Yoast SEO v26.0) - https:\/\/yoast.com\/wordpress\/plugins\/seo\/ -->\n<title>B\u00e9relhet\u0151 termek, rendezv\u00e9nyhelysz\u00edn, esk\u00fcv\u0151helysz\u00edn<\/title>\n<meta name=\"description\" content=\"Teremb\u00e9rl\u00e9s, a k\u00e9t f\u0151s megbesz\u00e9l\u00e9st\u0151l a tov\u00e1bbk\u00e9pz\u00e9seken \u00e1t a 240 f\u0151s konferenci\u00e1ig, vagy esk\u00fcv\u0151t\u0151l a nagy l\u00e9tsz\u00e1m\u00fa rendezv\u00e9nyig.\" \/>\n<meta name=\"robots\" content=\"index, follow, max-snippet:-1, max-image-preview:large, max-video-preview:-1\" \/>\n<link rel=\"canonical\" href=\"https:\/\/atulipanoshaz.hu\/en\/makettpalyazat\/\" \/>\n<meta property=\"og:locale\" content=\"en_US\" \/>\n<meta property=\"og:type\" content=\"article\" \/>\n<meta property=\"og:title\" content=\"Makettp\u00e1ly\u00e1zat\" \/>\n<meta property=\"og:description\" content=\"Teremb\u00e9rl\u00e9s, a k\u00e9t f\u0151s megbesz\u00e9l\u00e9st\u0151l a tov\u00e1bbk\u00e9pz\u00e9seken \u00e1t a 240 f\u0151s konferenci\u00e1ig, vagy esk\u00fcv\u0151t\u0151l a nagy l\u00e9tsz\u00e1m\u00fa rendezv\u00e9nyig.\" \/>\n<meta property=\"og:url\" content=\"https:\/\/atulipanoshaz.hu\/en\/makettpalyazat\/\" \/>\n<meta property=\"og:site_name\" content=\"Tulip\u00e1nos H\u00e1z\" \/>\n<meta property=\"article:publisher\" content=\"https:\/\/www.facebook.com\/tulipanosrendezveny\/\" \/>\n<meta property=\"article:modified_time\" content=\"2025-04-03T08:28:03+00:00\" \/>\n<meta property=\"og:image\" content=\"https:\/\/atulipanoshaz.hu\/wp-content\/uploads\/2024\/03\/Makett_fejlec.png\" \/>\n<meta name=\"twitter:card\" content=\"summary_large_image\" \/>\n<meta name=\"twitter:label1\" content=\"Est. reading time\" \/>\n\t<meta name=\"twitter:data1\" content=\"3 minutes\" \/>\n<script type=\"application\/ld+json\" class=\"yoast-schema-graph\">{\"@context\":\"https:\/\/schema.org\",\"@graph\":[{\"@type\":\"WebPage\",\"@id\":\"https:\/\/atulipanoshaz.hu\/makettpalyazat\/\",\"url\":\"https:\/\/atulipanoshaz.hu\/makettpalyazat\/\",\"name\":\"B\u00e9relhet\u0151 termek, rendezv\u00e9nyhelysz\u00edn, esk\u00fcv\u0151helysz\u00edn\",\"isPartOf\":{\"@id\":\"https:\/\/atulipanoshaz.hu\/#website\"},\"primaryImageOfPage\":{\"@id\":\"https:\/\/atulipanoshaz.hu\/makettpalyazat\/#primaryimage\"},\"image\":{\"@id\":\"https:\/\/atulipanoshaz.hu\/makettpalyazat\/#primaryimage\"},\"thumbnailUrl\":\"https:\/\/atulipanoshaz.hu\/wp-content\/uploads\/2024\/03\/Makett_fejlec.png\",\"datePublished\":\"2024-03-19T13:37:12+00:00\",\"dateModified\":\"2025-04-03T08:28:03+00:00\",\"description\":\"Teremb\u00e9rl\u00e9s, a k\u00e9t f\u0151s megbesz\u00e9l\u00e9st\u0151l a tov\u00e1bbk\u00e9pz\u00e9seken \u00e1t a 240 f\u0151s konferenci\u00e1ig, vagy esk\u00fcv\u0151t\u0151l a nagy l\u00e9tsz\u00e1m\u00fa rendezv\u00e9nyig.\",\"breadcrumb\":{\"@id\":\"https:\/\/atulipanoshaz.hu\/makettpalyazat\/#breadcrumb\"},\"inLanguage\":\"en-US\",\"potentialAction\":[{\"@type\":\"ReadAction\",\"target\":[\"https:\/\/atulipanoshaz.hu\/makettpalyazat\/\"]}]},{\"@type\":\"ImageObject\",\"inLanguage\":\"en-US\",\"@id\":\"https:\/\/atulipanoshaz.hu\/makettpalyazat\/#primaryimage\",\"url\":\"https:\/\/atulipanoshaz.hu\/wp-content\/uploads\/2024\/03\/Makett_fejlec.png\",\"contentUrl\":\"https:\/\/atulipanoshaz.hu\/wp-content\/uploads\/2024\/03\/Makett_fejlec.png\"},{\"@type\":\"BreadcrumbList\",\"@id\":\"https:\/\/atulipanoshaz.hu\/makettpalyazat\/#breadcrumb\",\"itemListElement\":[{\"@type\":\"ListItem\",\"position\":1,\"name\":\"Kezd\u0151lap\",\"item\":\"https:\/\/atulipanoshaz.hu\/\"},{\"@type\":\"ListItem\",\"position\":2,\"name\":\"Makettp\u00e1ly\u00e1zat\"}]},{\"@type\":\"WebSite\",\"@id\":\"https:\/\/atulipanoshaz.hu\/#website\",\"url\":\"https:\/\/atulipanoshaz.hu\/\",\"name\":\"Tulip\u00e1nos H\u00e1z\",\"description\":\"Rendezv\u00e9nyh\u00e1z, rendezv\u00e9nyhelysz\u00edn, teremb\u00e9rl\u00e9s, esk\u00fcv\u0151helysz\u00edn, interakt\u00edv ki\u00e1ll\u00edt\u00e1s\",\"publisher\":{\"@id\":\"https:\/\/atulipanoshaz.hu\/#organization\"},\"potentialAction\":[{\"@type\":\"SearchAction\",\"target\":{\"@type\":\"EntryPoint\",\"urlTemplate\":\"https:\/\/atulipanoshaz.hu\/?s={search_term_string}\"},\"query-input\":{\"@type\":\"PropertyValueSpecification\",\"valueRequired\":true,\"valueName\":\"search_term_string\"}}],\"inLanguage\":\"en-US\"},{\"@type\":\"Organization\",\"@id\":\"https:\/\/atulipanoshaz.hu\/#organization\",\"name\":\"Tulip\u00e1nos H\u00e1z\",\"url\":\"https:\/\/atulipanoshaz.hu\/\",\"logo\":{\"@type\":\"ImageObject\",\"inLanguage\":\"en-US\",\"@id\":\"https:\/\/atulipanoshaz.hu\/#\/schema\/logo\/image\/\",\"url\":\"https:\/\/atulipanoshaz.hu\/wp-content\/uploads\/2022\/03\/Tulipanos1.png\",\"contentUrl\":\"https:\/\/atulipanoshaz.hu\/wp-content\/uploads\/2022\/03\/Tulipanos1.png\",\"width\":700,\"height\":515,\"caption\":\"Tulip\u00e1nos H\u00e1z\"},\"image\":{\"@id\":\"https:\/\/atulipanoshaz.hu\/#\/schema\/logo\/image\/\"},\"sameAs\":[\"https:\/\/www.facebook.com\/tulipanosrendezveny\/\"]}]}<\/script>\n<!-- \/ Yoast SEO Premium plugin. -->","yoast_head_json":{"title":"B\u00e9relhet\u0151 termek, rendezv\u00e9nyhelysz\u00edn, esk\u00fcv\u0151helysz\u00edn","description":"Teremb\u00e9rl\u00e9s, a k\u00e9t f\u0151s megbesz\u00e9l\u00e9st\u0151l a tov\u00e1bbk\u00e9pz\u00e9seken \u00e1t a 240 f\u0151s konferenci\u00e1ig, vagy esk\u00fcv\u0151t\u0151l a nagy l\u00e9tsz\u00e1m\u00fa rendezv\u00e9nyig.","robots":{"index":"index","follow":"follow","max-snippet":"max-snippet:-1","max-image-preview":"max-image-preview:large","max-video-preview":"max-video-preview:-1"},"canonical":"https:\/\/atulipanoshaz.hu\/en\/makettpalyazat\/","og_locale":"en_US","og_type":"article","og_title":"Makettp\u00e1ly\u00e1zat","og_description":"Teremb\u00e9rl\u00e9s, a k\u00e9t f\u0151s megbesz\u00e9l\u00e9st\u0151l a tov\u00e1bbk\u00e9pz\u00e9seken \u00e1t a 240 f\u0151s konferenci\u00e1ig, vagy esk\u00fcv\u0151t\u0151l a nagy l\u00e9tsz\u00e1m\u00fa rendezv\u00e9nyig.","og_url":"https:\/\/atulipanoshaz.hu\/en\/makettpalyazat\/","og_site_name":"Tulip\u00e1nos H\u00e1z","article_publisher":"https:\/\/www.facebook.com\/tulipanosrendezveny\/","article_modified_time":"2025-04-03T08:28:03+00:00","og_image":[{"url":"https:\/\/atulipanoshaz.hu\/wp-content\/uploads\/2024\/03\/Makett_fejlec.png","type":"","width":"","height":""}],"twitter_card":"summary_large_image","twitter_misc":{"Est. reading time":"3 minutes"},"schema":{"@context":"https:\/\/schema.org","@graph":[{"@type":"WebPage","@id":"https:\/\/atulipanoshaz.hu\/makettpalyazat\/","url":"https:\/\/atulipanoshaz.hu\/makettpalyazat\/","name":"B\u00e9relhet\u0151 termek, rendezv\u00e9nyhelysz\u00edn, esk\u00fcv\u0151helysz\u00edn","isPartOf":{"@id":"https:\/\/atulipanoshaz.hu\/#website"},"primaryImageOfPage":{"@id":"https:\/\/atulipanoshaz.hu\/makettpalyazat\/#primaryimage"},"image":{"@id":"https:\/\/atulipanoshaz.hu\/makettpalyazat\/#primaryimage"},"thumbnailUrl":"https:\/\/atulipanoshaz.hu\/wp-content\/uploads\/2024\/03\/Makett_fejlec.png","datePublished":"2024-03-19T13:37:12+00:00","dateModified":"2025-04-03T08:28:03+00:00","description":"Teremb\u00e9rl\u00e9s, a k\u00e9t f\u0151s megbesz\u00e9l\u00e9st\u0151l a tov\u00e1bbk\u00e9pz\u00e9seken \u00e1t a 240 f\u0151s konferenci\u00e1ig, vagy esk\u00fcv\u0151t\u0151l a nagy l\u00e9tsz\u00e1m\u00fa rendezv\u00e9nyig.","breadcrumb":{"@id":"https:\/\/atulipanoshaz.hu\/makettpalyazat\/#breadcrumb"},"inLanguage":"en-US","potentialAction":[{"@type":"ReadAction","target":["https:\/\/atulipanoshaz.hu\/makettpalyazat\/"]}]},{"@type":"ImageObject","inLanguage":"en-US","@id":"https:\/\/atulipanoshaz.hu\/makettpalyazat\/#primaryimage","url":"https:\/\/atulipanoshaz.hu\/wp-content\/uploads\/2024\/03\/Makett_fejlec.png","contentUrl":"https:\/\/atulipanoshaz.hu\/wp-content\/uploads\/2024\/03\/Makett_fejlec.png"},{"@type":"BreadcrumbList","@id":"https:\/\/atulipanoshaz.hu\/makettpalyazat\/#breadcrumb","itemListElement":[{"@type":"ListItem","position":1,"name":"Kezd\u0151lap","item":"https:\/\/atulipanoshaz.hu\/"},{"@type":"ListItem","position":2,"name":"Makettp\u00e1ly\u00e1zat"}]},{"@type":"WebSite","@id":"https:\/\/atulipanoshaz.hu\/#website","url":"https:\/\/atulipanoshaz.hu\/","name":"Tulip Event Venue","description":"Rendezv\u00e9nyh\u00e1z, rendezv\u00e9nyhelysz\u00edn, teremb\u00e9rl\u00e9s, esk\u00fcv\u0151helysz\u00edn, interakt\u00edv ki\u00e1ll\u00edt\u00e1s","publisher":{"@id":"https:\/\/atulipanoshaz.hu\/#organization"},"potentialAction":[{"@type":"SearchAction","target":{"@type":"EntryPoint","urlTemplate":"https:\/\/atulipanoshaz.hu\/?s={search_term_string}"},"query-input":{"@type":"PropertyValueSpecification","valueRequired":true,"valueName":"search_term_string"}}],"inLanguage":"en-US"},{"@type":"Organization","@id":"https:\/\/atulipanoshaz.hu\/#organization","name":"Tulip Event Venue","url":"https:\/\/atulipanoshaz.hu\/","logo":{"@type":"ImageObject","inLanguage":"en-US","@id":"https:\/\/atulipanoshaz.hu\/#\/schema\/logo\/image\/","url":"https:\/\/atulipanoshaz.hu\/wp-content\/uploads\/2022\/03\/Tulipanos1.png","contentUrl":"https:\/\/atulipanoshaz.hu\/wp-content\/uploads\/2022\/03\/Tulipanos1.png","width":700,"height":515,"caption":"Tulip\u00e1nos H\u00e1z"},"image":{"@id":"https:\/\/atulipanoshaz.hu\/#\/schema\/logo\/image\/"},"sameAs":["https:\/\/www.facebook.com\/tulipanosrendezveny\/"]}]}},"_links":{"self":[{"href":"https:\/\/atulipanoshaz.hu\/en\/wp-json\/wp\/v2\/pages\/3925","targetHints":{"allow":["GET"]}}],"collection":[{"href":"https:\/\/atulipanoshaz.hu\/en\/wp-json\/wp\/v2\/pages"}],"about":[{"href":"https:\/\/atulipanoshaz.hu\/en\/wp-json\/wp\/v2\/types\/page"}],"author":[{"embeddable":true,"href":"https:\/\/atulipanoshaz.hu\/en\/wp-json\/wp\/v2\/users\/1"}],"replies":[{"embeddable":true,"href":"https:\/\/atulipanoshaz.hu\/en\/wp-json\/wp\/v2\/comments?post=3925"}],"version-history":[{"count":40,"href":"https:\/\/atulipanoshaz.hu\/en\/wp-json\/wp\/v2\/pages\/3925\/revisions"}],"predecessor-version":[{"id":6060,"href":"https:\/\/atulipanoshaz.hu\/en\/wp-json\/wp\/v2\/pages\/3925\/revisions\/6060"}],"wp:attachment":[{"href":"https:\/\/atulipanoshaz.hu\/en\/wp-json\/wp\/v2\/media?parent=3925"}],"curies":[{"name":"wp","href":"https:\/\/api.w.org\/{rel}","templated":true}]}}