{"id":329,"date":"2022-04-01T20:13:51","date_gmt":"2022-04-01T17:13:51","guid":{"rendered":"https:\/\/atulipanoshaz.hu\/?page_id=329"},"modified":"2026-01-05T09:33:41","modified_gmt":"2026-01-05T08:33:41","slug":"opening-hours","status":"publish","type":"page","link":"https:\/\/atulipanoshaz.hu\/en\/interactive-miner-exhibition\/opening-hours\/","title":{"rendered":"Opening Hours"},"content":{"rendered":"<div data-elementor-type=\"wp-page\" data-elementor-id=\"329\" class=\"elementor elementor-329\" data-elementor-post-type=\"page\">\n\t\t\t\t\t\t<section class=\"elementor-section elementor-top-section elementor-element elementor-element-404c860 elementor-section-boxed elementor-section-height-default elementor-section-height-default\" data-id=\"404c860\" data-element_type=\"section\">\n\t\t\t\t\t\t<div class=\"elementor-container elementor-column-gap-default\">\n\t\t\t\t\t<div class=\"elementor-column elementor-col-100 elementor-top-column elementor-element elementor-element-c9653b2\" data-id=\"c9653b2\" data-element_type=\"column\">\n\t\t\t<div class=\"elementor-widget-wrap elementor-element-populated\">\n\t\t\t\t<div class=\"elementor-element elementor-element-d03eae9 e-flex e-con-boxed e-con e-parent\" data-id=\"d03eae9\" data-element_type=\"container\">\n\t\t\t\t\t<div class=\"e-con-inner\">\n\t\t\t\t<div class=\"elementor-element elementor-element-2c78fc8 elementor-widget elementor-widget-heading\" data-id=\"2c78fc8\" data-element_type=\"widget\" data-widget_type=\"heading.default\">\n\t\t\t\t<div class=\"elementor-widget-container\">\n\t\t\t\t\t<h1 class=\"elementor-heading-title elementor-size-default\">Opening Hours<\/h1>\t\t\t\t<\/div>\n\t\t\t\t<\/div>\n\t\t\t\t<div class=\"elementor-element elementor-element-be4c2b0 elementor-widget elementor-widget-text-editor\" data-id=\"be4c2b0\" data-element_type=\"widget\" data-widget_type=\"text-editor.default\">\n\t\t\t\t<div class=\"elementor-widget-container\">\n\t\t\t\t\t\t\t\t\t<p style=\"font-weight: 400;\">Monday:  Closed<br \/>Tuesday:  Closed<br \/>Wednesday: 10:00 - 18:00<br \/>Thursday: 10:00 - 18:00<br \/>Friday: 10:00 - 18:00<br \/>Saturday: 10:00 - 18:00<br \/>Sunday: 10:00 - 18:00<\/p>\t\t\t\t\t\t\t\t<\/div>\n\t\t\t\t<\/div>\n\t\t\t\t<div class=\"elementor-element elementor-element-89e0283 elementor-widget elementor-widget-text-editor\" data-id=\"89e0283\" data-element_type=\"widget\" data-widget_type=\"text-editor.default\">\n\t\t\t\t<div class=\"elementor-widget-container\">\n\t\t\t\t\t\t\t\t\t<p><strong>The exhibition can be accessed through the main entrance of the Tulip House.<\/strong><\/p>\t\t\t\t\t\t\t\t<\/div>\n\t\t\t\t<\/div>\n\t\t\t\t\t<\/div>\n\t\t\t\t<\/div>\n\t\t<div class=\"elementor-element elementor-element-31e6d65 elementor-hidden-desktop elementor-hidden-tablet elementor-hidden-mobile e-flex e-con-boxed e-con e-parent\" data-id=\"31e6d65\" data-element_type=\"container\">\n\t\t\t\t\t<div class=\"e-con-inner\">\n\t\t\t\t<div class=\"elementor-element elementor-element-2a8866a elementor-widget elementor-widget-image\" data-id=\"2a8866a\" data-element_type=\"widget\" data-widget_type=\"image.default\">\n\t\t\t\t<div class=\"elementor-widget-container\">\n\t\t\t\t\t\t\t\t\t\t\t\t\t\t\t<img fetchpriority=\"high\" decoding=\"async\" width=\"400\" height=\"402\" src=\"https:\/\/atulipanoshaz.hu\/wp-content\/uploads\/2024\/12\/Interaktiv_Disz_2024_400.png\" class=\"attachment-large size-large wp-image-5216\" alt=\"Interakt\u00edv B\u00e1ny\u00e1szati Ki\u00e1ll\u00edt\u00e1s kar\u00e1csony\" srcset=\"https:\/\/atulipanoshaz.hu\/wp-content\/uploads\/2024\/12\/Interaktiv_Disz_2024_400.png 400w, https:\/\/atulipanoshaz.hu\/wp-content\/uploads\/2024\/12\/Interaktiv_Disz_2024_400-150x150.png 150w, https:\/\/atulipanoshaz.hu\/wp-content\/uploads\/2024\/12\/Interaktiv_Disz_2024_400-12x12.png 12w\" sizes=\"(max-width: 400px) 100vw, 400px\" \/>\t\t\t\t\t\t\t\t\t\t\t\t\t\t\t<\/div>\n\t\t\t\t<\/div>\n\t\t\t\t<div class=\"elementor-element elementor-element-f9d6459 elementor-widget elementor-widget-heading\" data-id=\"f9d6459\" data-element_type=\"widget\" data-widget_type=\"heading.default\">\n\t\t\t\t<div class=\"elementor-widget-container\">\n\t\t\t\t\t<h2 class=\"elementor-heading-title elementor-size-default\">Christmas opening hours<\/h2>\t\t\t\t<\/div>\n\t\t\t\t<\/div>\n\t\t\t\t<div class=\"elementor-element elementor-element-95b4c0b elementor-widget elementor-widget-text-editor\" data-id=\"95b4c0b\" data-element_type=\"widget\" data-widget_type=\"text-editor.default\">\n\t\t\t\t<div class=\"elementor-widget-container\">\n\t\t\t\t\t\t\t\t\t<p><strong>2025. december 22-23.:<\/strong>\u00a0 10:00 \u2013 18:00<br \/><strong>2025. december 24-25.:<\/strong>\u00a0 Z\u00e1rva<br \/><strong>2025. december 26-28.:<\/strong>\u00a0 10:00 \u2013 18:00<br \/><strong>2025. december 29-30.:<\/strong>\u00a0 Z\u00e1rva<br \/><strong>2025. December 31.:<\/strong>\u00a0 10:00 \u2013 18:00<br \/><strong>2026. janu\u00e1r 1.:<\/strong>\u00a0 Z\u00e1rva<br \/><strong>2026. janu\u00e1r 2.:<\/strong>\u00a0 10:00 \u2013 18:00<\/p>\t\t\t\t\t\t\t\t<\/div>\n\t\t\t\t<\/div>\n\t\t\t\t\t<\/div>\n\t\t\t\t<\/div>\n\t\t\t\t\t<\/div>\n\t\t<\/div>\n\t\t\t\t\t<\/div>\n\t\t<\/section>\n\t\t<div class=\"elementor-element elementor-element-23bfa02 e-flex e-con-boxed e-con e-parent\" data-id=\"23bfa02\" data-element_type=\"container\" data-settings=\"{&quot;background_background&quot;:&quot;classic&quot;}\">\n\t\t\t\t\t<div class=\"e-con-inner\">\n\t\t\t\t<div class=\"elementor-element elementor-element-e3f5d2b elementor-widget elementor-widget-text-editor\" data-id=\"e3f5d2b\" data-element_type=\"widget\" data-widget_type=\"text-editor.default\">\n\t\t\t\t<div class=\"elementor-widget-container\">\n\t\t\t\t\t\t\t\t\t<div dir=\"auto\"><strong>Information, appointment: <br \/><\/strong>+36 70 457 9708<\/div><div dir=\"auto\"><strong>E-mail:<\/strong> <br \/><a href=\"mailto:kiallitas@atulipanoshaz.hu\">kiallitas@atulipanoshaz.hu<\/a><\/div>\t\t\t\t\t\t\t\t<\/div>\n\t\t\t\t<\/div>\n\t\t\t\t\t<\/div>\n\t\t\t\t<\/div>\n\t\t\t\t<\/div>","protected":false},"excerpt":{"rendered":"<p>H\u00e9tf\u0151:\u00a0 \u00a0Z\u00e1rvaKedd:\u00a0 \u00a0 Z\u00e1rvaSzerda:\u00a0\u00a0\u00a0\u00a0 \u00a0 10:00 \u2013 18:00Cs\u00fct\u00f6rt\u00f6k:\u00a0 10:00 \u2013 18:00P\u00e9ntek:\u00a0\u00a0\u00a0\u00a0 \u00a0 10:00 \u2013 18:00Szombat:\u00a0 \u00a0 10:00 \u2013 18:00Vas\u00e1rnap:\u00a0\u00a0 10:00 \u2013 18:00 A ki\u00e1ll\u00edt\u00e1s a Tulip\u00e1nos H\u00e1z f\u0151bej\u00e1rat\u00e1n k\u00f6zel\u00edthet\u0151 meg. \u00dcnnepi nyitvatart\u00e1s 2025. december 22-23.:\u00a0 10:00 \u2013 18:002025. december 24-25.:\u00a0 Z\u00e1rva2025. december 26-28.:\u00a0 10:00 \u2013 18:002025. december 29-30.:\u00a0 Z\u00e1rva2025. December 31.:\u00a0 10:00 \u2013 18:002026. janu\u00e1r &#8230; <a title=\"Opening Hours\" class=\"read-more\" href=\"https:\/\/atulipanoshaz.hu\/en\/interactive-miner-exhibition\/opening-hours\/\" aria-label=\"Read more about Nyitvatart\u00e1s\">Read more<\/a><\/p>","protected":false},"author":1,"featured_media":0,"parent":420,"menu_order":0,"comment_status":"closed","ping_status":"closed","template":"elementor_header_footer","meta":{"footnotes":""},"class_list":["post-329","page","type-page","status-publish"],"yoast_head":"<!-- This site is optimized with the Yoast SEO Premium plugin v25.6 (Yoast SEO v26.0) - https:\/\/yoast.com\/wordpress\/plugins\/seo\/ -->\n<title>Interakt\u00edv B\u00e1ny\u00e1szati Ki\u00e1ll\u00edt\u00e1s<\/title>\n<meta name=\"description\" content=\"Interakt\u00edv B\u00e1ny\u00e1szati Ki\u00e1ll\u00edt\u00e1s, VR szoba, d\u00edn\u00f3 szoba, terepasztal interakt\u00edv eszk\u00f6z\u00f6kkel. Programlehet\u0151s\u00e9g gyerekeknek, di\u00e1koknak.\" \/>\n<meta name=\"robots\" content=\"index, follow, max-snippet:-1, max-image-preview:large, max-video-preview:-1\" \/>\n<link rel=\"canonical\" href=\"https:\/\/atulipanoshaz.hu\/en\/interactive-miner-exhibition\/opening-hours\/\" \/>\n<meta property=\"og:locale\" content=\"en_US\" \/>\n<meta property=\"og:type\" content=\"article\" \/>\n<meta property=\"og:title\" content=\"Nyitvatart\u00e1s\" \/>\n<meta property=\"og:description\" content=\"Interakt\u00edv B\u00e1ny\u00e1szati Ki\u00e1ll\u00edt\u00e1s, VR szoba, d\u00edn\u00f3 szoba, terepasztal interakt\u00edv eszk\u00f6z\u00f6kkel. Programlehet\u0151s\u00e9g gyerekeknek, di\u00e1koknak.\" \/>\n<meta property=\"og:url\" content=\"https:\/\/atulipanoshaz.hu\/en\/interactive-miner-exhibition\/opening-hours\/\" \/>\n<meta property=\"og:site_name\" content=\"Tulip\u00e1nos H\u00e1z\" \/>\n<meta property=\"article:publisher\" content=\"https:\/\/www.facebook.com\/tulipanosrendezveny\/\" \/>\n<meta property=\"article:modified_time\" content=\"2026-01-05T08:33:41+00:00\" \/>\n<meta property=\"og:image\" content=\"https:\/\/atulipanoshaz.hu\/wp-content\/uploads\/2024\/12\/Interaktiv_Disz_2024_400.png\" \/>\n\t<meta property=\"og:image:width\" content=\"400\" \/>\n\t<meta property=\"og:image:height\" content=\"402\" \/>\n\t<meta property=\"og:image:type\" content=\"image\/png\" \/>\n<meta name=\"twitter:card\" content=\"summary_large_image\" \/>\n<meta name=\"twitter:label1\" content=\"Est. reading time\" \/>\n\t<meta name=\"twitter:data1\" content=\"1 minute\" \/>\n<script type=\"application\/ld+json\" class=\"yoast-schema-graph\">{\"@context\":\"https:\/\/schema.org\",\"@graph\":[{\"@type\":\"WebPage\",\"@id\":\"https:\/\/atulipanoshaz.hu\/interaktiv-banyaszati-kiallitas\/nyitvatartas\/\",\"url\":\"https:\/\/atulipanoshaz.hu\/interaktiv-banyaszati-kiallitas\/nyitvatartas\/\",\"name\":\"Interakt\u00edv B\u00e1ny\u00e1szati Ki\u00e1ll\u00edt\u00e1s\",\"isPartOf\":{\"@id\":\"https:\/\/atulipanoshaz.hu\/#website\"},\"primaryImageOfPage\":{\"@id\":\"https:\/\/atulipanoshaz.hu\/interaktiv-banyaszati-kiallitas\/nyitvatartas\/#primaryimage\"},\"image\":{\"@id\":\"https:\/\/atulipanoshaz.hu\/interaktiv-banyaszati-kiallitas\/nyitvatartas\/#primaryimage\"},\"thumbnailUrl\":\"https:\/\/atulipanoshaz.hu\/wp-content\/uploads\/2024\/12\/Interaktiv_Disz_2024_400.png\",\"datePublished\":\"2022-04-01T17:13:51+00:00\",\"dateModified\":\"2026-01-05T08:33:41+00:00\",\"description\":\"Interakt\u00edv B\u00e1ny\u00e1szati Ki\u00e1ll\u00edt\u00e1s, VR szoba, d\u00edn\u00f3 szoba, terepasztal interakt\u00edv eszk\u00f6z\u00f6kkel. Programlehet\u0151s\u00e9g gyerekeknek, di\u00e1koknak.\",\"breadcrumb\":{\"@id\":\"https:\/\/atulipanoshaz.hu\/interaktiv-banyaszati-kiallitas\/nyitvatartas\/#breadcrumb\"},\"inLanguage\":\"en-US\",\"potentialAction\":[{\"@type\":\"ReadAction\",\"target\":[\"https:\/\/atulipanoshaz.hu\/interaktiv-banyaszati-kiallitas\/nyitvatartas\/\"]}]},{\"@type\":\"ImageObject\",\"inLanguage\":\"en-US\",\"@id\":\"https:\/\/atulipanoshaz.hu\/interaktiv-banyaszati-kiallitas\/nyitvatartas\/#primaryimage\",\"url\":\"https:\/\/atulipanoshaz.hu\/wp-content\/uploads\/2024\/12\/Interaktiv_Disz_2024_400.png\",\"contentUrl\":\"https:\/\/atulipanoshaz.hu\/wp-content\/uploads\/2024\/12\/Interaktiv_Disz_2024_400.png\"},{\"@type\":\"BreadcrumbList\",\"@id\":\"https:\/\/atulipanoshaz.hu\/interaktiv-banyaszati-kiallitas\/nyitvatartas\/#breadcrumb\",\"itemListElement\":[{\"@type\":\"ListItem\",\"position\":1,\"name\":\"Kezd\u0151lap\",\"item\":\"https:\/\/atulipanoshaz.hu\/\"},{\"@type\":\"ListItem\",\"position\":2,\"name\":\"Interakt\u00edv B\u00e1ny\u00e1szati Ki\u00e1ll\u00edt\u00e1s\",\"item\":\"https:\/\/atulipanoshaz.hu\/interaktiv-banyaszati-kiallitas\/\"},{\"@type\":\"ListItem\",\"position\":3,\"name\":\"Nyitvatart\u00e1s\"}]},{\"@type\":\"WebSite\",\"@id\":\"https:\/\/atulipanoshaz.hu\/#website\",\"url\":\"https:\/\/atulipanoshaz.hu\/\",\"name\":\"Tulip\u00e1nos H\u00e1z\",\"description\":\"Rendezv\u00e9nyh\u00e1z, rendezv\u00e9nyhelysz\u00edn, teremb\u00e9rl\u00e9s, esk\u00fcv\u0151helysz\u00edn, interakt\u00edv ki\u00e1ll\u00edt\u00e1s\",\"publisher\":{\"@id\":\"https:\/\/atulipanoshaz.hu\/#organization\"},\"potentialAction\":[{\"@type\":\"SearchAction\",\"target\":{\"@type\":\"EntryPoint\",\"urlTemplate\":\"https:\/\/atulipanoshaz.hu\/?s={search_term_string}\"},\"query-input\":{\"@type\":\"PropertyValueSpecification\",\"valueRequired\":true,\"valueName\":\"search_term_string\"}}],\"inLanguage\":\"en-US\"},{\"@type\":\"Organization\",\"@id\":\"https:\/\/atulipanoshaz.hu\/#organization\",\"name\":\"Tulip\u00e1nos H\u00e1z\",\"url\":\"https:\/\/atulipanoshaz.hu\/\",\"logo\":{\"@type\":\"ImageObject\",\"inLanguage\":\"en-US\",\"@id\":\"https:\/\/atulipanoshaz.hu\/#\/schema\/logo\/image\/\",\"url\":\"https:\/\/atulipanoshaz.hu\/wp-content\/uploads\/2022\/03\/Tulipanos1.png\",\"contentUrl\":\"https:\/\/atulipanoshaz.hu\/wp-content\/uploads\/2022\/03\/Tulipanos1.png\",\"width\":700,\"height\":515,\"caption\":\"Tulip\u00e1nos H\u00e1z\"},\"image\":{\"@id\":\"https:\/\/atulipanoshaz.hu\/#\/schema\/logo\/image\/\"},\"sameAs\":[\"https:\/\/www.facebook.com\/tulipanosrendezveny\/\"]}]}<\/script>\n<!-- \/ Yoast SEO Premium plugin. -->","yoast_head_json":{"title":"Interactive Mining Exhibition","description":"Interakt\u00edv B\u00e1ny\u00e1szati Ki\u00e1ll\u00edt\u00e1s, VR szoba, d\u00edn\u00f3 szoba, terepasztal interakt\u00edv eszk\u00f6z\u00f6kkel. Programlehet\u0151s\u00e9g gyerekeknek, di\u00e1koknak.","robots":{"index":"index","follow":"follow","max-snippet":"max-snippet:-1","max-image-preview":"max-image-preview:large","max-video-preview":"max-video-preview:-1"},"canonical":"https:\/\/atulipanoshaz.hu\/en\/interactive-miner-exhibition\/opening-hours\/","og_locale":"en_US","og_type":"article","og_title":"Nyitvatart\u00e1s","og_description":"Interakt\u00edv B\u00e1ny\u00e1szati Ki\u00e1ll\u00edt\u00e1s, VR szoba, d\u00edn\u00f3 szoba, terepasztal interakt\u00edv eszk\u00f6z\u00f6kkel. Programlehet\u0151s\u00e9g gyerekeknek, di\u00e1koknak.","og_url":"https:\/\/atulipanoshaz.hu\/en\/interactive-miner-exhibition\/opening-hours\/","og_site_name":"Tulip\u00e1nos H\u00e1z","article_publisher":"https:\/\/www.facebook.com\/tulipanosrendezveny\/","article_modified_time":"2026-01-05T08:33:41+00:00","og_image":[{"width":400,"height":402,"url":"https:\/\/atulipanoshaz.hu\/wp-content\/uploads\/2024\/12\/Interaktiv_Disz_2024_400.png","type":"image\/png"}],"twitter_card":"summary_large_image","twitter_misc":{"Est. reading time":"1 minute"},"schema":{"@context":"https:\/\/schema.org","@graph":[{"@type":"WebPage","@id":"https:\/\/atulipanoshaz.hu\/interaktiv-banyaszati-kiallitas\/nyitvatartas\/","url":"https:\/\/atulipanoshaz.hu\/interaktiv-banyaszati-kiallitas\/nyitvatartas\/","name":"Interactive Mining Exhibition","isPartOf":{"@id":"https:\/\/atulipanoshaz.hu\/#website"},"primaryImageOfPage":{"@id":"https:\/\/atulipanoshaz.hu\/interaktiv-banyaszati-kiallitas\/nyitvatartas\/#primaryimage"},"image":{"@id":"https:\/\/atulipanoshaz.hu\/interaktiv-banyaszati-kiallitas\/nyitvatartas\/#primaryimage"},"thumbnailUrl":"https:\/\/atulipanoshaz.hu\/wp-content\/uploads\/2024\/12\/Interaktiv_Disz_2024_400.png","datePublished":"2022-04-01T17:13:51+00:00","dateModified":"2026-01-05T08:33:41+00:00","description":"Interakt\u00edv B\u00e1ny\u00e1szati Ki\u00e1ll\u00edt\u00e1s, VR szoba, d\u00edn\u00f3 szoba, terepasztal interakt\u00edv eszk\u00f6z\u00f6kkel. Programlehet\u0151s\u00e9g gyerekeknek, di\u00e1koknak.","breadcrumb":{"@id":"https:\/\/atulipanoshaz.hu\/interaktiv-banyaszati-kiallitas\/nyitvatartas\/#breadcrumb"},"inLanguage":"en-US","potentialAction":[{"@type":"ReadAction","target":["https:\/\/atulipanoshaz.hu\/interaktiv-banyaszati-kiallitas\/nyitvatartas\/"]}]},{"@type":"ImageObject","inLanguage":"en-US","@id":"https:\/\/atulipanoshaz.hu\/interaktiv-banyaszati-kiallitas\/nyitvatartas\/#primaryimage","url":"https:\/\/atulipanoshaz.hu\/wp-content\/uploads\/2024\/12\/Interaktiv_Disz_2024_400.png","contentUrl":"https:\/\/atulipanoshaz.hu\/wp-content\/uploads\/2024\/12\/Interaktiv_Disz_2024_400.png"},{"@type":"BreadcrumbList","@id":"https:\/\/atulipanoshaz.hu\/interaktiv-banyaszati-kiallitas\/nyitvatartas\/#breadcrumb","itemListElement":[{"@type":"ListItem","position":1,"name":"Kezd\u0151lap","item":"https:\/\/atulipanoshaz.hu\/"},{"@type":"ListItem","position":2,"name":"Interakt\u00edv B\u00e1ny\u00e1szati Ki\u00e1ll\u00edt\u00e1s","item":"https:\/\/atulipanoshaz.hu\/interaktiv-banyaszati-kiallitas\/"},{"@type":"ListItem","position":3,"name":"Nyitvatart\u00e1s"}]},{"@type":"WebSite","@id":"https:\/\/atulipanoshaz.hu\/#website","url":"https:\/\/atulipanoshaz.hu\/","name":"Tulip Event Venue","description":"Rendezv\u00e9nyh\u00e1z, rendezv\u00e9nyhelysz\u00edn, teremb\u00e9rl\u00e9s, esk\u00fcv\u0151helysz\u00edn, interakt\u00edv ki\u00e1ll\u00edt\u00e1s","publisher":{"@id":"https:\/\/atulipanoshaz.hu\/#organization"},"potentialAction":[{"@type":"SearchAction","target":{"@type":"EntryPoint","urlTemplate":"https:\/\/atulipanoshaz.hu\/?s={search_term_string}"},"query-input":{"@type":"PropertyValueSpecification","valueRequired":true,"valueName":"search_term_string"}}],"inLanguage":"en-US"},{"@type":"Organization","@id":"https:\/\/atulipanoshaz.hu\/#organization","name":"Tulip Event Venue","url":"https:\/\/atulipanoshaz.hu\/","logo":{"@type":"ImageObject","inLanguage":"en-US","@id":"https:\/\/atulipanoshaz.hu\/#\/schema\/logo\/image\/","url":"https:\/\/atulipanoshaz.hu\/wp-content\/uploads\/2022\/03\/Tulipanos1.png","contentUrl":"https:\/\/atulipanoshaz.hu\/wp-content\/uploads\/2022\/03\/Tulipanos1.png","width":700,"height":515,"caption":"Tulip\u00e1nos H\u00e1z"},"image":{"@id":"https:\/\/atulipanoshaz.hu\/#\/schema\/logo\/image\/"},"sameAs":["https:\/\/www.facebook.com\/tulipanosrendezveny\/"]}]}},"_links":{"self":[{"href":"https:\/\/atulipanoshaz.hu\/en\/wp-json\/wp\/v2\/pages\/329","targetHints":{"allow":["GET"]}}],"collection":[{"href":"https:\/\/atulipanoshaz.hu\/en\/wp-json\/wp\/v2\/pages"}],"about":[{"href":"https:\/\/atulipanoshaz.hu\/en\/wp-json\/wp\/v2\/types\/page"}],"author":[{"embeddable":true,"href":"https:\/\/atulipanoshaz.hu\/en\/wp-json\/wp\/v2\/users\/1"}],"replies":[{"embeddable":true,"href":"https:\/\/atulipanoshaz.hu\/en\/wp-json\/wp\/v2\/comments?post=329"}],"version-history":[{"count":133,"href":"https:\/\/atulipanoshaz.hu\/en\/wp-json\/wp\/v2\/pages\/329\/revisions"}],"predecessor-version":[{"id":7615,"href":"https:\/\/atulipanoshaz.hu\/en\/wp-json\/wp\/v2\/pages\/329\/revisions\/7615"}],"up":[{"embeddable":true,"href":"https:\/\/atulipanoshaz.hu\/en\/wp-json\/wp\/v2\/pages\/420"}],"wp:attachment":[{"href":"https:\/\/atulipanoshaz.hu\/en\/wp-json\/wp\/v2\/media?parent=329"}],"curies":[{"name":"wp","href":"https:\/\/api.w.org\/{rel}","templated":true}]}}