{"id":325,"date":"2022-04-01T20:13:16","date_gmt":"2022-04-01T17:13:16","guid":{"rendered":"https:\/\/atulipanoshaz.hu\/?page_id=325"},"modified":"2026-01-15T08:25:13","modified_gmt":"2026-01-15T07:25:13","slug":"ticket-prices","status":"publish","type":"page","link":"https:\/\/atulipanoshaz.hu\/en\/interactive-miner-exhibition\/ticket-prices\/","title":{"rendered":"Ticket prices"},"content":{"rendered":"<div data-elementor-type=\"wp-page\" data-elementor-id=\"325\" class=\"elementor elementor-325\" data-elementor-post-type=\"page\">\n\t\t\t\t\t\t<section class=\"elementor-section elementor-top-section elementor-element elementor-element-6978a47 elementor-section-boxed elementor-section-height-default elementor-section-height-default\" data-id=\"6978a47\" data-element_type=\"section\" data-settings=\"{&quot;background_background&quot;:&quot;classic&quot;}\">\n\t\t\t\t\t\t<div class=\"elementor-container elementor-column-gap-default\">\n\t\t\t\t\t<div class=\"elementor-column elementor-col-100 elementor-top-column elementor-element elementor-element-25d6a8d\" data-id=\"25d6a8d\" data-element_type=\"column\">\n\t\t\t<div class=\"elementor-widget-wrap elementor-element-populated\">\n\t\t\t\t\t\t<div class=\"elementor-element elementor-element-22a2f6d elementor-widget elementor-widget-heading\" data-id=\"22a2f6d\" data-element_type=\"widget\" data-widget_type=\"heading.default\">\n\t\t\t\t<div class=\"elementor-widget-container\">\n\t\t\t\t\t<h1 class=\"elementor-heading-title elementor-size-default\">Az Interakt\u00edv B\u00e1ny\u00e1szati Ki\u00e1ll\u00edt\u00e1s ingyenesen l\u00e1togathat\u00f3.<\/h1>\t\t\t\t<\/div>\n\t\t\t\t<\/div>\n\t\t\t\t<div class=\"elementor-element elementor-element-5680755 elementor-widget elementor-widget-text-editor\" data-id=\"5680755\" data-element_type=\"widget\" data-widget_type=\"text-editor.default\">\n\t\t\t\t<div class=\"elementor-widget-container\">\n\t\t\t\t\t\t\t\t\t<p><strong>The exhibition can be accessed through the main entrance of the Tulip House.<\/strong><\/p>\t\t\t\t\t\t\t\t<\/div>\n\t\t\t\t<\/div>\n\t\t\t\t\t<\/div>\n\t\t<\/div>\n\t\t\t\t\t<\/div>\n\t\t<\/section>\n\t\t\t\t<section class=\"elementor-section elementor-top-section elementor-element elementor-element-404c860 elementor-hidden-desktop elementor-hidden-tablet elementor-hidden-mobile elementor-section-boxed elementor-section-height-default elementor-section-height-default\" data-id=\"404c860\" data-element_type=\"section\">\n\t\t\t\t\t\t<div class=\"elementor-container elementor-column-gap-default\">\n\t\t\t\t\t<div class=\"elementor-column elementor-col-100 elementor-top-column elementor-element elementor-element-c9653b2\" data-id=\"c9653b2\" data-element_type=\"column\">\n\t\t\t<div class=\"elementor-widget-wrap elementor-element-populated\">\n\t\t\t\t\t\t<div class=\"elementor-element elementor-element-5f9e393 elementor-widget elementor-widget-heading\" data-id=\"5f9e393\" data-element_type=\"widget\" data-widget_type=\"heading.default\">\n\t\t\t\t<div class=\"elementor-widget-container\">\n\t\t\t\t\t<h1 class=\"elementor-heading-title elementor-size-default\">Interactive Mining Exhibition ticket prices<\/h1>\t\t\t\t<\/div>\n\t\t\t\t<\/div>\n\t\t\t\t<div class=\"elementor-element elementor-element-584ca48 elementor-widget elementor-widget-text-editor\" data-id=\"584ca48\" data-element_type=\"widget\" data-widget_type=\"text-editor.default\">\n\t\t\t\t<div class=\"elementor-widget-container\">\n\t\t\t\t\t\t\t\t\t<p>Adult: <strong>2 100 Ft<br \/><\/strong>Adult (with Tatab\u00e1nya Card discount): <strong>1 700 Ft<\/strong><\/p><p>Child, student, senior: <strong>1 600 Ft<br \/><\/strong>Child, student, senior (with Tatab\u00e1nya Card discount): <strong>1 200 Ft<\/strong><\/p><p>Family ticket (2 adults, 2 children): <strong>5 300 Ft<br \/><\/strong>Family ticket with Tatab\u00e1nya Card discount (2 adults + 2 children): <strong>4 900 Ft<\/strong><\/p><p>Big family:<br \/><strong>2 adults + 3 children = 6 300 Ft<br \/>2 adults + 4 children = 7 300 Ft<br \/>2 adults + 5 children = 8 300 Ft<\/strong><\/p><p>Group discount for children (from 15 people): <strong>1 200 Ft<br \/><\/strong>Group discount for adults (from 15 people): <strong>1 500 Ft<\/strong><\/p><p class=\"translation-block\">Teacher: In case of a student group's arrival, admission is free for the accompanying teacher.<\/p>\t\t\t\t\t\t\t\t<\/div>\n\t\t\t\t<\/div>\n\t\t\t\t<div class=\"elementor-element elementor-element-337af7c elementor-widget elementor-widget-text-editor\" data-id=\"337af7c\" data-element_type=\"widget\" data-widget_type=\"text-editor.default\">\n\t\t\t\t<div class=\"elementor-widget-container\">\n\t\t\t\t\t\t\t\t\t<p><strong>The exhibition can be accessed through the main entrance of the Tulip House.<\/strong><\/p>\t\t\t\t\t\t\t\t<\/div>\n\t\t\t\t<\/div>\n\t\t\t\t\t<\/div>\n\t\t<\/div>\n\t\t\t\t\t<\/div>\n\t\t<\/section>\n\t\t\t\t<section class=\"elementor-section elementor-top-section elementor-element elementor-element-f2ba332 elementor-hidden-desktop elementor-hidden-tablet elementor-hidden-mobile elementor-section-boxed elementor-section-height-default elementor-section-height-default\" data-id=\"f2ba332\" data-element_type=\"section\" data-settings=\"{&quot;background_background&quot;:&quot;classic&quot;}\">\n\t\t\t\t\t\t<div class=\"elementor-container elementor-column-gap-default\">\n\t\t\t\t\t<div class=\"elementor-column elementor-col-100 elementor-top-column elementor-element elementor-element-eb8487a\" data-id=\"eb8487a\" data-element_type=\"column\">\n\t\t\t<div class=\"elementor-widget-wrap elementor-element-populated\">\n\t\t\t\t\t\t<div class=\"elementor-element elementor-element-0481e52 elementor-widget elementor-widget-text-editor\" data-id=\"0481e52\" data-element_type=\"widget\" data-widget_type=\"text-editor.default\">\n\t\t\t\t<div class=\"elementor-widget-container\">\n\t\t\t\t\t\t\t\t\t<p><strong>Gift vouchers are also available at the ticket office.<br \/><\/strong><\/p>\t\t\t\t\t\t\t\t<\/div>\n\t\t\t\t<\/div>\n\t\t\t\t<div class=\"elementor-element elementor-element-2b6c4e6 elementor-widget elementor-widget-image\" data-id=\"2b6c4e6\" data-element_type=\"widget\" data-widget_type=\"image.default\">\n\t\t\t\t<div class=\"elementor-widget-container\">\n\t\t\t\t\t\t\t\t\t\t\t\t\t\t\t<img fetchpriority=\"high\" decoding=\"async\" width=\"800\" height=\"282\" src=\"https:\/\/atulipanoshaz.hu\/wp-content\/uploads\/2022\/12\/Interaktiv_Utalvany_800.jpg\" class=\"attachment-large size-large wp-image-1210\" alt=\"Interakt\u00edv B\u00e1ny\u00e1szati Ki\u00e1ll\u00edt\u00e1s, aj\u00e1nd\u00e9kutalv\u00e1ny\" srcset=\"https:\/\/atulipanoshaz.hu\/wp-content\/uploads\/2022\/12\/Interaktiv_Utalvany_800.jpg 800w, https:\/\/atulipanoshaz.hu\/wp-content\/uploads\/2022\/12\/Interaktiv_Utalvany_800-300x106.jpg 300w, https:\/\/atulipanoshaz.hu\/wp-content\/uploads\/2022\/12\/Interaktiv_Utalvany_800-768x271.jpg 768w\" sizes=\"(max-width: 800px) 100vw, 800px\" \/>\t\t\t\t\t\t\t\t\t\t\t\t\t\t\t<\/div>\n\t\t\t\t<\/div>\n\t\t\t\t\t<\/div>\n\t\t<\/div>\n\t\t\t\t\t<\/div>\n\t\t<\/section>\n\t\t\t\t<\/div>","protected":false},"excerpt":{"rendered":"<p>Az Interakt\u00edv B\u00e1ny\u00e1szati Ki\u00e1ll\u00edt\u00e1s ingyenesen l\u00e1togathat\u00f3. A ki\u00e1ll\u00edt\u00e1s a Tulip\u00e1nos H\u00e1z f\u0151bej\u00e1rat\u00e1n k\u00f6zel\u00edthet\u0151 meg. Interakt\u00edv B\u00e1ny\u00e1szati Ki\u00e1ll\u00edt\u00e1s jegy\u00e1rak Feln\u0151tt: 2 100 FtFeln\u0151tt (Tatab\u00e1nya k\u00e1rty\u00e1s kedvezm\u00e9nnyel): 1 700 Ft Gyermek, di\u00e1k, nyugd\u00edjas: 1 600 FtGyermek, di\u00e1k, nyugd\u00edjas (Tatab\u00e1nya k\u00e1rty\u00e1s kedvezm\u00e9nnyel): 1 200 Ft Csal\u00e1di jegy (2 feln\u0151tt, 2 gyermek): 5 300 FtCsal\u00e1di jegy Tatab\u00e1nya k\u00e1rty\u00e1s kedvezm\u00e9nnyel &#8230; <a title=\"Ticket prices\" class=\"read-more\" href=\"https:\/\/atulipanoshaz.hu\/en\/interactive-miner-exhibition\/ticket-prices\/\" aria-label=\"Read more about Jegy\u00e1rak\">Read more<\/a><\/p>","protected":false},"author":1,"featured_media":0,"parent":420,"menu_order":0,"comment_status":"closed","ping_status":"closed","template":"elementor_header_footer","meta":{"footnotes":""},"class_list":["post-325","page","type-page","status-publish"],"yoast_head":"<!-- This site is optimized with the Yoast SEO Premium plugin v25.6 (Yoast SEO v26.0) - https:\/\/yoast.com\/wordpress\/plugins\/seo\/ -->\n<title>Interakt\u00edv B\u00e1ny\u00e1szati Ki\u00e1ll\u00edt\u00e1s<\/title>\n<meta name=\"description\" content=\"Interakt\u00edv B\u00e1ny\u00e1szati Ki\u00e1ll\u00edt\u00e1s, VR szoba, d\u00edn\u00f3 szoba, terepasztal interakt\u00edv eszk\u00f6z\u00f6kkel. Programlehet\u0151s\u00e9g gyerekeknek, di\u00e1koknak.\" \/>\n<meta name=\"robots\" content=\"index, follow, max-snippet:-1, max-image-preview:large, max-video-preview:-1\" \/>\n<link rel=\"canonical\" href=\"https:\/\/atulipanoshaz.hu\/en\/interactive-miner-exhibition\/ticket-prices\/\" \/>\n<meta property=\"og:locale\" content=\"en_US\" \/>\n<meta property=\"og:type\" content=\"article\" \/>\n<meta property=\"og:title\" content=\"Jegy\u00e1rak\" \/>\n<meta property=\"og:description\" content=\"Interakt\u00edv B\u00e1ny\u00e1szati Ki\u00e1ll\u00edt\u00e1s, VR szoba, d\u00edn\u00f3 szoba, terepasztal interakt\u00edv eszk\u00f6z\u00f6kkel. Programlehet\u0151s\u00e9g gyerekeknek, di\u00e1koknak.\" \/>\n<meta property=\"og:url\" content=\"https:\/\/atulipanoshaz.hu\/en\/interactive-miner-exhibition\/ticket-prices\/\" \/>\n<meta property=\"og:site_name\" content=\"Tulip\u00e1nos H\u00e1z\" \/>\n<meta property=\"article:publisher\" content=\"https:\/\/www.facebook.com\/tulipanosrendezveny\/\" \/>\n<meta property=\"article:modified_time\" content=\"2026-01-15T07:25:13+00:00\" \/>\n<meta property=\"og:image\" content=\"https:\/\/atulipanoshaz.hu\/wp-content\/uploads\/2022\/12\/Interaktiv_Utalvany_800.jpg\" \/>\n\t<meta property=\"og:image:width\" content=\"800\" \/>\n\t<meta property=\"og:image:height\" content=\"282\" \/>\n\t<meta property=\"og:image:type\" content=\"image\/jpeg\" \/>\n<meta name=\"twitter:card\" content=\"summary_large_image\" \/>\n<meta name=\"twitter:label1\" content=\"Est. reading time\" \/>\n\t<meta name=\"twitter:data1\" content=\"1 minute\" \/>\n<script type=\"application\/ld+json\" class=\"yoast-schema-graph\">{\"@context\":\"https:\/\/schema.org\",\"@graph\":[{\"@type\":\"WebPage\",\"@id\":\"https:\/\/atulipanoshaz.hu\/interaktiv-banyaszati-kiallitas\/jegyarak\/\",\"url\":\"https:\/\/atulipanoshaz.hu\/interaktiv-banyaszati-kiallitas\/jegyarak\/\",\"name\":\"Interakt\u00edv B\u00e1ny\u00e1szati Ki\u00e1ll\u00edt\u00e1s\",\"isPartOf\":{\"@id\":\"https:\/\/atulipanoshaz.hu\/#website\"},\"primaryImageOfPage\":{\"@id\":\"https:\/\/atulipanoshaz.hu\/interaktiv-banyaszati-kiallitas\/jegyarak\/#primaryimage\"},\"image\":{\"@id\":\"https:\/\/atulipanoshaz.hu\/interaktiv-banyaszati-kiallitas\/jegyarak\/#primaryimage\"},\"thumbnailUrl\":\"https:\/\/atulipanoshaz.hu\/wp-content\/uploads\/2022\/12\/Interaktiv_Utalvany_800.jpg\",\"datePublished\":\"2022-04-01T17:13:16+00:00\",\"dateModified\":\"2026-01-15T07:25:13+00:00\",\"description\":\"Interakt\u00edv B\u00e1ny\u00e1szati Ki\u00e1ll\u00edt\u00e1s, VR szoba, d\u00edn\u00f3 szoba, terepasztal interakt\u00edv eszk\u00f6z\u00f6kkel. Programlehet\u0151s\u00e9g gyerekeknek, di\u00e1koknak.\",\"breadcrumb\":{\"@id\":\"https:\/\/atulipanoshaz.hu\/interaktiv-banyaszati-kiallitas\/jegyarak\/#breadcrumb\"},\"inLanguage\":\"en-US\",\"potentialAction\":[{\"@type\":\"ReadAction\",\"target\":[\"https:\/\/atulipanoshaz.hu\/interaktiv-banyaszati-kiallitas\/jegyarak\/\"]}]},{\"@type\":\"ImageObject\",\"inLanguage\":\"en-US\",\"@id\":\"https:\/\/atulipanoshaz.hu\/interaktiv-banyaszati-kiallitas\/jegyarak\/#primaryimage\",\"url\":\"https:\/\/atulipanoshaz.hu\/wp-content\/uploads\/2022\/12\/Interaktiv_Utalvany_800.jpg\",\"contentUrl\":\"https:\/\/atulipanoshaz.hu\/wp-content\/uploads\/2022\/12\/Interaktiv_Utalvany_800.jpg\"},{\"@type\":\"BreadcrumbList\",\"@id\":\"https:\/\/atulipanoshaz.hu\/interaktiv-banyaszati-kiallitas\/jegyarak\/#breadcrumb\",\"itemListElement\":[{\"@type\":\"ListItem\",\"position\":1,\"name\":\"Kezd\u0151lap\",\"item\":\"https:\/\/atulipanoshaz.hu\/\"},{\"@type\":\"ListItem\",\"position\":2,\"name\":\"Interakt\u00edv B\u00e1ny\u00e1szati Ki\u00e1ll\u00edt\u00e1s\",\"item\":\"https:\/\/atulipanoshaz.hu\/interaktiv-banyaszati-kiallitas\/\"},{\"@type\":\"ListItem\",\"position\":3,\"name\":\"Jegy\u00e1rak\"}]},{\"@type\":\"WebSite\",\"@id\":\"https:\/\/atulipanoshaz.hu\/#website\",\"url\":\"https:\/\/atulipanoshaz.hu\/\",\"name\":\"Tulip\u00e1nos H\u00e1z\",\"description\":\"Rendezv\u00e9nyh\u00e1z, rendezv\u00e9nyhelysz\u00edn, teremb\u00e9rl\u00e9s, esk\u00fcv\u0151helysz\u00edn, interakt\u00edv ki\u00e1ll\u00edt\u00e1s\",\"publisher\":{\"@id\":\"https:\/\/atulipanoshaz.hu\/#organization\"},\"potentialAction\":[{\"@type\":\"SearchAction\",\"target\":{\"@type\":\"EntryPoint\",\"urlTemplate\":\"https:\/\/atulipanoshaz.hu\/?s={search_term_string}\"},\"query-input\":{\"@type\":\"PropertyValueSpecification\",\"valueRequired\":true,\"valueName\":\"search_term_string\"}}],\"inLanguage\":\"en-US\"},{\"@type\":\"Organization\",\"@id\":\"https:\/\/atulipanoshaz.hu\/#organization\",\"name\":\"Tulip\u00e1nos H\u00e1z\",\"url\":\"https:\/\/atulipanoshaz.hu\/\",\"logo\":{\"@type\":\"ImageObject\",\"inLanguage\":\"en-US\",\"@id\":\"https:\/\/atulipanoshaz.hu\/#\/schema\/logo\/image\/\",\"url\":\"https:\/\/atulipanoshaz.hu\/wp-content\/uploads\/2022\/03\/Tulipanos1.png\",\"contentUrl\":\"https:\/\/atulipanoshaz.hu\/wp-content\/uploads\/2022\/03\/Tulipanos1.png\",\"width\":700,\"height\":515,\"caption\":\"Tulip\u00e1nos H\u00e1z\"},\"image\":{\"@id\":\"https:\/\/atulipanoshaz.hu\/#\/schema\/logo\/image\/\"},\"sameAs\":[\"https:\/\/www.facebook.com\/tulipanosrendezveny\/\"]}]}<\/script>\n<!-- \/ Yoast SEO Premium plugin. -->","yoast_head_json":{"title":"Interactive Mining Exhibition","description":"Interakt\u00edv B\u00e1ny\u00e1szati Ki\u00e1ll\u00edt\u00e1s, VR szoba, d\u00edn\u00f3 szoba, terepasztal interakt\u00edv eszk\u00f6z\u00f6kkel. Programlehet\u0151s\u00e9g gyerekeknek, di\u00e1koknak.","robots":{"index":"index","follow":"follow","max-snippet":"max-snippet:-1","max-image-preview":"max-image-preview:large","max-video-preview":"max-video-preview:-1"},"canonical":"https:\/\/atulipanoshaz.hu\/en\/interactive-miner-exhibition\/ticket-prices\/","og_locale":"en_US","og_type":"article","og_title":"Jegy\u00e1rak","og_description":"Interakt\u00edv B\u00e1ny\u00e1szati Ki\u00e1ll\u00edt\u00e1s, VR szoba, d\u00edn\u00f3 szoba, terepasztal interakt\u00edv eszk\u00f6z\u00f6kkel. Programlehet\u0151s\u00e9g gyerekeknek, di\u00e1koknak.","og_url":"https:\/\/atulipanoshaz.hu\/en\/interactive-miner-exhibition\/ticket-prices\/","og_site_name":"Tulip\u00e1nos H\u00e1z","article_publisher":"https:\/\/www.facebook.com\/tulipanosrendezveny\/","article_modified_time":"2026-01-15T07:25:13+00:00","og_image":[{"width":800,"height":282,"url":"https:\/\/atulipanoshaz.hu\/wp-content\/uploads\/2022\/12\/Interaktiv_Utalvany_800.jpg","type":"image\/jpeg"}],"twitter_card":"summary_large_image","twitter_misc":{"Est. reading time":"1 minute"},"schema":{"@context":"https:\/\/schema.org","@graph":[{"@type":"WebPage","@id":"https:\/\/atulipanoshaz.hu\/interaktiv-banyaszati-kiallitas\/jegyarak\/","url":"https:\/\/atulipanoshaz.hu\/interaktiv-banyaszati-kiallitas\/jegyarak\/","name":"Interactive Mining Exhibition","isPartOf":{"@id":"https:\/\/atulipanoshaz.hu\/#website"},"primaryImageOfPage":{"@id":"https:\/\/atulipanoshaz.hu\/interaktiv-banyaszati-kiallitas\/jegyarak\/#primaryimage"},"image":{"@id":"https:\/\/atulipanoshaz.hu\/interaktiv-banyaszati-kiallitas\/jegyarak\/#primaryimage"},"thumbnailUrl":"https:\/\/atulipanoshaz.hu\/wp-content\/uploads\/2022\/12\/Interaktiv_Utalvany_800.jpg","datePublished":"2022-04-01T17:13:16+00:00","dateModified":"2026-01-15T07:25:13+00:00","description":"Interakt\u00edv B\u00e1ny\u00e1szati Ki\u00e1ll\u00edt\u00e1s, VR szoba, d\u00edn\u00f3 szoba, terepasztal interakt\u00edv eszk\u00f6z\u00f6kkel. Programlehet\u0151s\u00e9g gyerekeknek, di\u00e1koknak.","breadcrumb":{"@id":"https:\/\/atulipanoshaz.hu\/interaktiv-banyaszati-kiallitas\/jegyarak\/#breadcrumb"},"inLanguage":"en-US","potentialAction":[{"@type":"ReadAction","target":["https:\/\/atulipanoshaz.hu\/interaktiv-banyaszati-kiallitas\/jegyarak\/"]}]},{"@type":"ImageObject","inLanguage":"en-US","@id":"https:\/\/atulipanoshaz.hu\/interaktiv-banyaszati-kiallitas\/jegyarak\/#primaryimage","url":"https:\/\/atulipanoshaz.hu\/wp-content\/uploads\/2022\/12\/Interaktiv_Utalvany_800.jpg","contentUrl":"https:\/\/atulipanoshaz.hu\/wp-content\/uploads\/2022\/12\/Interaktiv_Utalvany_800.jpg"},{"@type":"BreadcrumbList","@id":"https:\/\/atulipanoshaz.hu\/interaktiv-banyaszati-kiallitas\/jegyarak\/#breadcrumb","itemListElement":[{"@type":"ListItem","position":1,"name":"Kezd\u0151lap","item":"https:\/\/atulipanoshaz.hu\/"},{"@type":"ListItem","position":2,"name":"Interakt\u00edv B\u00e1ny\u00e1szati Ki\u00e1ll\u00edt\u00e1s","item":"https:\/\/atulipanoshaz.hu\/interaktiv-banyaszati-kiallitas\/"},{"@type":"ListItem","position":3,"name":"Jegy\u00e1rak"}]},{"@type":"WebSite","@id":"https:\/\/atulipanoshaz.hu\/#website","url":"https:\/\/atulipanoshaz.hu\/","name":"Tulip Event Venue","description":"Rendezv\u00e9nyh\u00e1z, rendezv\u00e9nyhelysz\u00edn, teremb\u00e9rl\u00e9s, esk\u00fcv\u0151helysz\u00edn, interakt\u00edv ki\u00e1ll\u00edt\u00e1s","publisher":{"@id":"https:\/\/atulipanoshaz.hu\/#organization"},"potentialAction":[{"@type":"SearchAction","target":{"@type":"EntryPoint","urlTemplate":"https:\/\/atulipanoshaz.hu\/?s={search_term_string}"},"query-input":{"@type":"PropertyValueSpecification","valueRequired":true,"valueName":"search_term_string"}}],"inLanguage":"en-US"},{"@type":"Organization","@id":"https:\/\/atulipanoshaz.hu\/#organization","name":"Tulip Event Venue","url":"https:\/\/atulipanoshaz.hu\/","logo":{"@type":"ImageObject","inLanguage":"en-US","@id":"https:\/\/atulipanoshaz.hu\/#\/schema\/logo\/image\/","url":"https:\/\/atulipanoshaz.hu\/wp-content\/uploads\/2022\/03\/Tulipanos1.png","contentUrl":"https:\/\/atulipanoshaz.hu\/wp-content\/uploads\/2022\/03\/Tulipanos1.png","width":700,"height":515,"caption":"Tulip\u00e1nos H\u00e1z"},"image":{"@id":"https:\/\/atulipanoshaz.hu\/#\/schema\/logo\/image\/"},"sameAs":["https:\/\/www.facebook.com\/tulipanosrendezveny\/"]}]}},"_links":{"self":[{"href":"https:\/\/atulipanoshaz.hu\/en\/wp-json\/wp\/v2\/pages\/325","targetHints":{"allow":["GET"]}}],"collection":[{"href":"https:\/\/atulipanoshaz.hu\/en\/wp-json\/wp\/v2\/pages"}],"about":[{"href":"https:\/\/atulipanoshaz.hu\/en\/wp-json\/wp\/v2\/types\/page"}],"author":[{"embeddable":true,"href":"https:\/\/atulipanoshaz.hu\/en\/wp-json\/wp\/v2\/users\/1"}],"replies":[{"embeddable":true,"href":"https:\/\/atulipanoshaz.hu\/en\/wp-json\/wp\/v2\/comments?post=325"}],"version-history":[{"count":30,"href":"https:\/\/atulipanoshaz.hu\/en\/wp-json\/wp\/v2\/pages\/325\/revisions"}],"predecessor-version":[{"id":7633,"href":"https:\/\/atulipanoshaz.hu\/en\/wp-json\/wp\/v2\/pages\/325\/revisions\/7633"}],"up":[{"embeddable":true,"href":"https:\/\/atulipanoshaz.hu\/en\/wp-json\/wp\/v2\/pages\/420"}],"wp:attachment":[{"href":"https:\/\/atulipanoshaz.hu\/en\/wp-json\/wp\/v2\/media?parent=325"}],"curies":[{"name":"wp","href":"https:\/\/api.w.org\/{rel}","templated":true}]}}