{"id":2485,"date":"2023-07-12T15:51:47","date_gmt":"2023-07-12T12:51:47","guid":{"rendered":"https:\/\/atulipanoshaz.hu\/newsletter\/"},"modified":"2025-04-07T12:36:50","modified_gmt":"2025-04-07T11:36:50","slug":"hirlevel","status":"publish","type":"page","link":"https:\/\/atulipanoshaz.hu\/en\/hirlevel\/","title":{"rendered":"Newsletter"},"content":{"rendered":"<div data-elementor-type=\"wp-page\" data-elementor-id=\"2485\" class=\"elementor elementor-2485\" data-elementor-post-type=\"page\">\n\t\t\t\t\t\t<section class=\"elementor-section elementor-top-section elementor-element elementor-element-3b864c7 elementor-section-boxed elementor-section-height-default elementor-section-height-default\" data-id=\"3b864c7\" data-element_type=\"section\">\n\t\t\t\t\t\t<div class=\"elementor-container elementor-column-gap-default\">\n\t\t\t\t\t<div class=\"elementor-column elementor-col-100 elementor-top-column elementor-element elementor-element-5641d20\" data-id=\"5641d20\" data-element_type=\"column\">\n\t\t\t<div class=\"elementor-widget-wrap\">\n\t\t\t\t\t\t\t<\/div>\n\t\t<\/div>\n\t\t\t\t\t<\/div>\n\t\t<\/section>\n\t\t\t\t<section class=\"elementor-section elementor-top-section elementor-element elementor-element-a6b079a elementor-section-boxed elementor-section-height-default elementor-section-height-default\" data-id=\"a6b079a\" data-element_type=\"section\">\n\t\t\t\t\t\t<div class=\"elementor-container elementor-column-gap-default\">\n\t\t\t\t\t<div class=\"elementor-column elementor-col-100 elementor-top-column elementor-element elementor-element-d20c2e9\" data-id=\"d20c2e9\" data-element_type=\"column\" data-settings=\"{&quot;background_background&quot;:&quot;classic&quot;}\">\n\t\t\t<div class=\"elementor-widget-wrap elementor-element-populated\">\n\t\t\t\t\t\t<div class=\"elementor-element elementor-element-18a0d78 elementor-widget elementor-widget-image\" data-id=\"18a0d78\" data-element_type=\"widget\" data-widget_type=\"image.default\">\n\t\t\t\t<div class=\"elementor-widget-container\">\n\t\t\t\t\t\t\t\t\t\t\t\t\t\t\t<img fetchpriority=\"high\" decoding=\"async\" width=\"1024\" height=\"367\" src=\"https:\/\/atulipanoshaz.hu\/wp-content\/uploads\/2025\/03\/Hirlevel_2025-1024x367.jpg\" class=\"attachment-large size-large wp-image-5828\" alt=\"Tulip\u00e1nos Rendezv\u00e9nyh\u00e1z h\u00edrlev\u00e9l\" srcset=\"https:\/\/atulipanoshaz.hu\/wp-content\/uploads\/2025\/03\/Hirlevel_2025-1024x367.jpg 1024w, https:\/\/atulipanoshaz.hu\/wp-content\/uploads\/2025\/03\/Hirlevel_2025-300x108.jpg 300w, https:\/\/atulipanoshaz.hu\/wp-content\/uploads\/2025\/03\/Hirlevel_2025-768x275.jpg 768w, https:\/\/atulipanoshaz.hu\/wp-content\/uploads\/2025\/03\/Hirlevel_2025-18x6.jpg 18w, https:\/\/atulipanoshaz.hu\/wp-content\/uploads\/2025\/03\/Hirlevel_2025.jpg 1300w\" sizes=\"(max-width: 1024px) 100vw, 1024px\" \/>\t\t\t\t\t\t\t\t\t\t\t\t\t\t\t<\/div>\n\t\t\t\t<\/div>\n\t\t\t\t<div class=\"elementor-element elementor-element-08e9702 elementor-widget elementor-widget-wp-widget-mc4wp_form_widget\" data-id=\"08e9702\" data-element_type=\"widget\" data-settings=\"{&quot;display_condition_enable&quot;:&quot;yes&quot;}\" data-widget_type=\"wp-widget-mc4wp_form_widget.default\">\n\t\t\t\t<div class=\"elementor-widget-container\">\n\t\t\t\t\t<script>(function() {\n\twindow.mc4wp = window.mc4wp || {\n\t\tlisteners: [],\n\t\tforms: {\n\t\t\ton: function(evt, cb) {\n\t\t\t\twindow.mc4wp.listeners.push(\n\t\t\t\t\t{\n\t\t\t\t\t\tevent   : evt,\n\t\t\t\t\t\tcallback: cb\n\t\t\t\t\t}\n\t\t\t\t);\n\t\t\t}\n\t\t}\n\t}\n})();\n<\/script><!-- Mailchimp for WordPress v4.10.7 - https:\/\/wordpress.org\/plugins\/mailchimp-for-wp\/ --><form id=\"mc4wp-form-1\" class=\"mc4wp-form mc4wp-form-2501\" method=\"post\" data-id=\"2501\" data-name=\"H\u00edrlev\u00e9l form\" action=\"\" ><div class=\"mc4wp-form-fields\"><div class=\"newsletter-container\">\r\n  \r\n\r\n<h3 class=\"newletter-title\">\r\n  Newsletter subscription\r\n<\/h3>\r\n  \r\n<p class=\"newsletter-description\">\r\n  Iratkozzon fel h\u00edrlevel\u00fcnkre, hogy id\u0151ben \u00e9rtes\u00fclj\u00f6n aktu\u00e1lis h\u00edreinkr\u0151l, programjainkr\u00f3l vagy aj\u00e1nlatainkr\u00f3l!\r\n<\/p>\r\n<br>\r\n  \r\n<p class=\"newsletter-pharagraph\">\r\n    <label class=\"newsletter-input-title\">Name:<\/label>\r\n    <input class=\"news-l-input\" id=\"news-l-name\" type=\"text\" name=\"FNAME\" placeholder=\"Name\"\r\n    required=\"\">\r\n<\/p>\r\n\r\n<p class=\"newsletter-pharagraph\">\r\n\t<label class=\"newsletter-input-title\">E-mail: \r\n\t\t<input class=\"news-l-input\" id=\"news-l-email\" type=\"email\" name=\"EMAIL\" placeholder=\"E-Mail\" required \/>\r\n<\/label>\r\n<\/p>\r\n\r\n<p align=\"\u201dleft\u201d\">\r\n<p class=\"newsletter-pharagraph\">\r\n    <label class=\"newletter-check-title\">\r\n        <input class=\"news-l-input\" id=\"news-l-agree\" name=\"AGREE_TO_TERMS\" type=\"checkbox\" value=\"1\" required> Hozz\u00e1j\u00e1rulok, hogy a Tulip\u00e1nos H\u00e1z a nevemet \u00e9s e-mail c\u00edmemet h\u00edrlevelez\u00e9si\r\n        c\u00e9llal kezelje \u00e9s a r\u00e9szemre ak\u00e1r rekl\u00e1mot is tartalmaz\u00f3 email h\u00edrleveleket k\u00fcldj\u00f6n. Megismertem \u00e9s elfogadom az <a href=\"https:\/\/atulipanoshaz.hu\/wp-content\/uploads\/2025\/02\/Adatkezelesi_es_adatvedelmi_Szabalyzat_Hirlevel.pdf\">Adatv\u00e9delmi \u00e9s adatkezel\u00e9si szab\u00e1lyzatban<\/a> foglaltakat.<\/label>\r\n<\/p>\r\n\r\n<p class=\"newsletter-pharagraph\">\r\n\t<input class=\"news-l-submit-input\" id=\"news-l-submit\" type=\"submit\" value=\"Subscribe\" \/>\r\n<\/p>\r\n  \r\n<\/div><\/div><label style=\"display: none !important;\">Leave this field empty if you're human: <input type=\"text\" name=\"_mc4wp_honeypot\" value=\"\" tabindex=\"-1\" autocomplete=\"off\" \/><\/label><input type=\"hidden\" name=\"_mc4wp_timestamp\" value=\"1778884053\" \/><input type=\"hidden\" name=\"_mc4wp_form_id\" value=\"2501\" \/><input type=\"hidden\" name=\"_mc4wp_form_element_id\" value=\"mc4wp-form-1\" \/><div class=\"mc4wp-response\"><\/div><input type=\"hidden\" name=\"trp-form-language\" value=\"en\"\/><\/form><!-- \/ Mailchimp for WordPress Plugin -->\t\t\t\t<\/div>\n\t\t\t\t<\/div>\n\t\t\t\t\t<\/div>\n\t\t<\/div>\n\t\t\t\t\t<\/div>\n\t\t<\/section>\n\t\t\t\t<\/div>","protected":false},"excerpt":{"rendered":"","protected":false},"author":1,"featured_media":0,"parent":0,"menu_order":0,"comment_status":"closed","ping_status":"closed","template":"elementor_header_footer","meta":{"footnotes":""},"class_list":["post-2485","page","type-page","status-publish"],"yoast_head":"<!-- This site is optimized with the Yoast SEO Premium plugin v25.6 (Yoast SEO v26.0) - https:\/\/yoast.com\/wordpress\/plugins\/seo\/ -->\n<title>B\u00e9relhet\u0151 termek, rendezv\u00e9nyhelysz\u00edn, esk\u00fcv\u0151helysz\u00edn<\/title>\n<meta name=\"description\" content=\"Teremb\u00e9rl\u00e9s, a k\u00e9t f\u0151s megbesz\u00e9l\u00e9st\u0151l a tov\u00e1bbk\u00e9pz\u00e9seken \u00e1t a 240 f\u0151s konferenci\u00e1ig, vagy esk\u00fcv\u0151t\u0151l a nagy l\u00e9tsz\u00e1m\u00fa rendezv\u00e9nyig.\" \/>\n<meta name=\"robots\" content=\"index, follow, max-snippet:-1, max-image-preview:large, max-video-preview:-1\" \/>\n<link rel=\"canonical\" href=\"https:\/\/atulipanoshaz.hu\/en\/hirlevel\/\" \/>\n<meta property=\"og:locale\" content=\"en_US\" \/>\n<meta property=\"og:type\" content=\"article\" \/>\n<meta property=\"og:title\" content=\"H\u00edrlev\u00e9l\" \/>\n<meta property=\"og:description\" content=\"Teremb\u00e9rl\u00e9s, a k\u00e9t f\u0151s megbesz\u00e9l\u00e9st\u0151l a tov\u00e1bbk\u00e9pz\u00e9seken \u00e1t a 240 f\u0151s konferenci\u00e1ig, vagy esk\u00fcv\u0151t\u0151l a nagy l\u00e9tsz\u00e1m\u00fa rendezv\u00e9nyig.\" \/>\n<meta property=\"og:url\" content=\"https:\/\/atulipanoshaz.hu\/en\/hirlevel\/\" \/>\n<meta property=\"og:site_name\" content=\"Tulip\u00e1nos H\u00e1z\" \/>\n<meta property=\"article:publisher\" content=\"https:\/\/www.facebook.com\/tulipanosrendezveny\/\" \/>\n<meta property=\"article:modified_time\" content=\"2025-04-07T11:36:50+00:00\" \/>\n<meta property=\"og:image\" content=\"https:\/\/atulipanoshaz.hu\/wp-content\/uploads\/2025\/03\/Hirlevel_2025-1024x367.jpg\" \/>\n<meta name=\"twitter:card\" content=\"summary_large_image\" \/>\n<meta name=\"twitter:label1\" content=\"Est. reading time\" \/>\n\t<meta name=\"twitter:data1\" content=\"1 minute\" \/>\n<script type=\"application\/ld+json\" class=\"yoast-schema-graph\">{\"@context\":\"https:\/\/schema.org\",\"@graph\":[{\"@type\":\"WebPage\",\"@id\":\"https:\/\/atulipanoshaz.hu\/hirlevel\/\",\"url\":\"https:\/\/atulipanoshaz.hu\/hirlevel\/\",\"name\":\"B\u00e9relhet\u0151 termek, rendezv\u00e9nyhelysz\u00edn, esk\u00fcv\u0151helysz\u00edn\",\"isPartOf\":{\"@id\":\"https:\/\/atulipanoshaz.hu\/#website\"},\"primaryImageOfPage\":{\"@id\":\"https:\/\/atulipanoshaz.hu\/hirlevel\/#primaryimage\"},\"image\":{\"@id\":\"https:\/\/atulipanoshaz.hu\/hirlevel\/#primaryimage\"},\"thumbnailUrl\":\"https:\/\/atulipanoshaz.hu\/wp-content\/uploads\/2025\/03\/Hirlevel_2025-1024x367.jpg\",\"datePublished\":\"2023-07-12T12:51:47+00:00\",\"dateModified\":\"2025-04-07T11:36:50+00:00\",\"description\":\"Teremb\u00e9rl\u00e9s, a k\u00e9t f\u0151s megbesz\u00e9l\u00e9st\u0151l a tov\u00e1bbk\u00e9pz\u00e9seken \u00e1t a 240 f\u0151s konferenci\u00e1ig, vagy esk\u00fcv\u0151t\u0151l a nagy l\u00e9tsz\u00e1m\u00fa rendezv\u00e9nyig.\",\"breadcrumb\":{\"@id\":\"https:\/\/atulipanoshaz.hu\/hirlevel\/#breadcrumb\"},\"inLanguage\":\"en-US\",\"potentialAction\":[{\"@type\":\"ReadAction\",\"target\":[\"https:\/\/atulipanoshaz.hu\/hirlevel\/\"]}]},{\"@type\":\"ImageObject\",\"inLanguage\":\"en-US\",\"@id\":\"https:\/\/atulipanoshaz.hu\/hirlevel\/#primaryimage\",\"url\":\"https:\/\/atulipanoshaz.hu\/wp-content\/uploads\/2025\/03\/Hirlevel_2025-1024x367.jpg\",\"contentUrl\":\"https:\/\/atulipanoshaz.hu\/wp-content\/uploads\/2025\/03\/Hirlevel_2025-1024x367.jpg\"},{\"@type\":\"BreadcrumbList\",\"@id\":\"https:\/\/atulipanoshaz.hu\/hirlevel\/#breadcrumb\",\"itemListElement\":[{\"@type\":\"ListItem\",\"position\":1,\"name\":\"Kezd\u0151lap\",\"item\":\"https:\/\/atulipanoshaz.hu\/\"},{\"@type\":\"ListItem\",\"position\":2,\"name\":\"H\u00edrlev\u00e9l\"}]},{\"@type\":\"WebSite\",\"@id\":\"https:\/\/atulipanoshaz.hu\/#website\",\"url\":\"https:\/\/atulipanoshaz.hu\/\",\"name\":\"Tulip\u00e1nos H\u00e1z\",\"description\":\"Rendezv\u00e9nyh\u00e1z, rendezv\u00e9nyhelysz\u00edn, teremb\u00e9rl\u00e9s, esk\u00fcv\u0151helysz\u00edn, interakt\u00edv ki\u00e1ll\u00edt\u00e1s\",\"publisher\":{\"@id\":\"https:\/\/atulipanoshaz.hu\/#organization\"},\"potentialAction\":[{\"@type\":\"SearchAction\",\"target\":{\"@type\":\"EntryPoint\",\"urlTemplate\":\"https:\/\/atulipanoshaz.hu\/?s={search_term_string}\"},\"query-input\":{\"@type\":\"PropertyValueSpecification\",\"valueRequired\":true,\"valueName\":\"search_term_string\"}}],\"inLanguage\":\"en-US\"},{\"@type\":\"Organization\",\"@id\":\"https:\/\/atulipanoshaz.hu\/#organization\",\"name\":\"Tulip\u00e1nos H\u00e1z\",\"url\":\"https:\/\/atulipanoshaz.hu\/\",\"logo\":{\"@type\":\"ImageObject\",\"inLanguage\":\"en-US\",\"@id\":\"https:\/\/atulipanoshaz.hu\/#\/schema\/logo\/image\/\",\"url\":\"https:\/\/atulipanoshaz.hu\/wp-content\/uploads\/2022\/03\/Tulipanos1.png\",\"contentUrl\":\"https:\/\/atulipanoshaz.hu\/wp-content\/uploads\/2022\/03\/Tulipanos1.png\",\"width\":700,\"height\":515,\"caption\":\"Tulip\u00e1nos H\u00e1z\"},\"image\":{\"@id\":\"https:\/\/atulipanoshaz.hu\/#\/schema\/logo\/image\/\"},\"sameAs\":[\"https:\/\/www.facebook.com\/tulipanosrendezveny\/\"]}]}<\/script>\n<!-- \/ Yoast SEO Premium plugin. -->","yoast_head_json":{"title":"B\u00e9relhet\u0151 termek, rendezv\u00e9nyhelysz\u00edn, esk\u00fcv\u0151helysz\u00edn","description":"Teremb\u00e9rl\u00e9s, a k\u00e9t f\u0151s megbesz\u00e9l\u00e9st\u0151l a tov\u00e1bbk\u00e9pz\u00e9seken \u00e1t a 240 f\u0151s konferenci\u00e1ig, vagy esk\u00fcv\u0151t\u0151l a nagy l\u00e9tsz\u00e1m\u00fa rendezv\u00e9nyig.","robots":{"index":"index","follow":"follow","max-snippet":"max-snippet:-1","max-image-preview":"max-image-preview:large","max-video-preview":"max-video-preview:-1"},"canonical":"https:\/\/atulipanoshaz.hu\/en\/hirlevel\/","og_locale":"en_US","og_type":"article","og_title":"H\u00edrlev\u00e9l","og_description":"Teremb\u00e9rl\u00e9s, a k\u00e9t f\u0151s megbesz\u00e9l\u00e9st\u0151l a tov\u00e1bbk\u00e9pz\u00e9seken \u00e1t a 240 f\u0151s konferenci\u00e1ig, vagy esk\u00fcv\u0151t\u0151l a nagy l\u00e9tsz\u00e1m\u00fa rendezv\u00e9nyig.","og_url":"https:\/\/atulipanoshaz.hu\/en\/hirlevel\/","og_site_name":"Tulip\u00e1nos H\u00e1z","article_publisher":"https:\/\/www.facebook.com\/tulipanosrendezveny\/","article_modified_time":"2025-04-07T11:36:50+00:00","og_image":[{"url":"https:\/\/atulipanoshaz.hu\/wp-content\/uploads\/2025\/03\/Hirlevel_2025-1024x367.jpg","type":"","width":"","height":""}],"twitter_card":"summary_large_image","twitter_misc":{"Est. reading time":"1 minute"},"schema":{"@context":"https:\/\/schema.org","@graph":[{"@type":"WebPage","@id":"https:\/\/atulipanoshaz.hu\/hirlevel\/","url":"https:\/\/atulipanoshaz.hu\/hirlevel\/","name":"B\u00e9relhet\u0151 termek, rendezv\u00e9nyhelysz\u00edn, esk\u00fcv\u0151helysz\u00edn","isPartOf":{"@id":"https:\/\/atulipanoshaz.hu\/#website"},"primaryImageOfPage":{"@id":"https:\/\/atulipanoshaz.hu\/hirlevel\/#primaryimage"},"image":{"@id":"https:\/\/atulipanoshaz.hu\/hirlevel\/#primaryimage"},"thumbnailUrl":"https:\/\/atulipanoshaz.hu\/wp-content\/uploads\/2025\/03\/Hirlevel_2025-1024x367.jpg","datePublished":"2023-07-12T12:51:47+00:00","dateModified":"2025-04-07T11:36:50+00:00","description":"Teremb\u00e9rl\u00e9s, a k\u00e9t f\u0151s megbesz\u00e9l\u00e9st\u0151l a tov\u00e1bbk\u00e9pz\u00e9seken \u00e1t a 240 f\u0151s konferenci\u00e1ig, vagy esk\u00fcv\u0151t\u0151l a nagy l\u00e9tsz\u00e1m\u00fa rendezv\u00e9nyig.","breadcrumb":{"@id":"https:\/\/atulipanoshaz.hu\/hirlevel\/#breadcrumb"},"inLanguage":"en-US","potentialAction":[{"@type":"ReadAction","target":["https:\/\/atulipanoshaz.hu\/hirlevel\/"]}]},{"@type":"ImageObject","inLanguage":"en-US","@id":"https:\/\/atulipanoshaz.hu\/hirlevel\/#primaryimage","url":"https:\/\/atulipanoshaz.hu\/wp-content\/uploads\/2025\/03\/Hirlevel_2025-1024x367.jpg","contentUrl":"https:\/\/atulipanoshaz.hu\/wp-content\/uploads\/2025\/03\/Hirlevel_2025-1024x367.jpg"},{"@type":"BreadcrumbList","@id":"https:\/\/atulipanoshaz.hu\/hirlevel\/#breadcrumb","itemListElement":[{"@type":"ListItem","position":1,"name":"Kezd\u0151lap","item":"https:\/\/atulipanoshaz.hu\/"},{"@type":"ListItem","position":2,"name":"H\u00edrlev\u00e9l"}]},{"@type":"WebSite","@id":"https:\/\/atulipanoshaz.hu\/#website","url":"https:\/\/atulipanoshaz.hu\/","name":"Tulip Event Venue","description":"Rendezv\u00e9nyh\u00e1z, rendezv\u00e9nyhelysz\u00edn, teremb\u00e9rl\u00e9s, esk\u00fcv\u0151helysz\u00edn, interakt\u00edv ki\u00e1ll\u00edt\u00e1s","publisher":{"@id":"https:\/\/atulipanoshaz.hu\/#organization"},"potentialAction":[{"@type":"SearchAction","target":{"@type":"EntryPoint","urlTemplate":"https:\/\/atulipanoshaz.hu\/?s={search_term_string}"},"query-input":{"@type":"PropertyValueSpecification","valueRequired":true,"valueName":"search_term_string"}}],"inLanguage":"en-US"},{"@type":"Organization","@id":"https:\/\/atulipanoshaz.hu\/#organization","name":"Tulip Event Venue","url":"https:\/\/atulipanoshaz.hu\/","logo":{"@type":"ImageObject","inLanguage":"en-US","@id":"https:\/\/atulipanoshaz.hu\/#\/schema\/logo\/image\/","url":"https:\/\/atulipanoshaz.hu\/wp-content\/uploads\/2022\/03\/Tulipanos1.png","contentUrl":"https:\/\/atulipanoshaz.hu\/wp-content\/uploads\/2022\/03\/Tulipanos1.png","width":700,"height":515,"caption":"Tulip\u00e1nos H\u00e1z"},"image":{"@id":"https:\/\/atulipanoshaz.hu\/#\/schema\/logo\/image\/"},"sameAs":["https:\/\/www.facebook.com\/tulipanosrendezveny\/"]}]}},"_links":{"self":[{"href":"https:\/\/atulipanoshaz.hu\/en\/wp-json\/wp\/v2\/pages\/2485","targetHints":{"allow":["GET"]}}],"collection":[{"href":"https:\/\/atulipanoshaz.hu\/en\/wp-json\/wp\/v2\/pages"}],"about":[{"href":"https:\/\/atulipanoshaz.hu\/en\/wp-json\/wp\/v2\/types\/page"}],"author":[{"embeddable":true,"href":"https:\/\/atulipanoshaz.hu\/en\/wp-json\/wp\/v2\/users\/1"}],"replies":[{"embeddable":true,"href":"https:\/\/atulipanoshaz.hu\/en\/wp-json\/wp\/v2\/comments?post=2485"}],"version-history":[{"count":37,"href":"https:\/\/atulipanoshaz.hu\/en\/wp-json\/wp\/v2\/pages\/2485\/revisions"}],"predecessor-version":[{"id":6178,"href":"https:\/\/atulipanoshaz.hu\/en\/wp-json\/wp\/v2\/pages\/2485\/revisions\/6178"}],"wp:attachment":[{"href":"https:\/\/atulipanoshaz.hu\/en\/wp-json\/wp\/v2\/media?parent=2485"}],"curies":[{"name":"wp","href":"https:\/\/api.w.org\/{rel}","templated":true}]}}