{"id":1786,"date":"2023-07-05T12:28:27","date_gmt":"2023-07-05T09:28:27","guid":{"rendered":"https:\/\/atulipanoshaz.hu\/?page_id=1786"},"modified":"2025-04-03T09:17:20","modified_gmt":"2025-04-03T08:17:20","slug":"szabo-ignac-emlekkiallitas","status":"publish","type":"page","link":"https:\/\/atulipanoshaz.hu\/en\/culture\/seasonal-exhibitions\/szabo-ignac-emlekkiallitas\/","title":{"rendered":"Szab\u00f3 Ign\u00e1c memorial exhibition"},"content":{"rendered":"<div data-elementor-type=\"wp-page\" data-elementor-id=\"1786\" class=\"elementor elementor-1786\" data-elementor-post-type=\"page\">\n\t\t\t\t\t\t<section class=\"elementor-section elementor-top-section elementor-element elementor-element-fba91bf elementor-section-boxed elementor-section-height-default elementor-section-height-default\" data-id=\"fba91bf\" data-element_type=\"section\">\n\t\t\t\t\t\t<div class=\"elementor-container elementor-column-gap-default\">\n\t\t\t\t\t<div class=\"elementor-column elementor-col-100 elementor-top-column elementor-element elementor-element-4ef8059\" data-id=\"4ef8059\" data-element_type=\"column\">\n\t\t\t<div class=\"elementor-widget-wrap elementor-element-populated\">\n\t\t\t\t\t\t<section class=\"elementor-section elementor-inner-section elementor-element elementor-element-9d356ba elementor-section-full_width elementor-section-height-default elementor-section-height-default\" data-id=\"9d356ba\" data-element_type=\"section\">\n\t\t\t\t\t\t<div class=\"elementor-container elementor-column-gap-default\">\n\t\t\t\t\t<div class=\"elementor-column elementor-col-100 elementor-inner-column elementor-element elementor-element-3614b5b\" data-id=\"3614b5b\" data-element_type=\"column\">\n\t\t\t<div class=\"elementor-widget-wrap elementor-element-populated\">\n\t\t\t\t\t\t<div class=\"elementor-element elementor-element-9d6ecaf elementor-widget elementor-widget-image\" data-id=\"9d6ecaf\" data-element_type=\"widget\" data-widget_type=\"image.default\">\n\t\t\t\t<div class=\"elementor-widget-container\">\n\t\t\t\t\t\t\t\t\t\t\t\t\t\t\t<img decoding=\"async\" src=\"https:\/\/atulipanoshaz.hu\/wp-content\/uploads\/elementor\/thumbs\/Szaboignac_800x400-qqugd1e3ccbqrf5pf3dbwusi94ucv95oum6yrmbpgg.jpg\" title=\"Szab\u00f3 Ign\u00e1c memorial exhibition\" alt=\"Szab\u00f3 Ign\u00e1c memorial exhibition\" loading=\"lazy\" \/>\t\t\t\t\t\t\t\t\t\t\t\t\t\t\t<\/div>\n\t\t\t\t<\/div>\n\t\t\t\t<div class=\"elementor-element elementor-element-214325e elementor-widget elementor-widget-heading\" data-id=\"214325e\" data-element_type=\"widget\" data-widget_type=\"heading.default\">\n\t\t\t\t<div class=\"elementor-widget-container\">\n\t\t\t\t\t<h1 class=\"elementor-heading-title elementor-size-default\">Szab\u00f3 Ign\u00e1c memorial exhibition<\/h1>\t\t\t\t<\/div>\n\t\t\t\t<\/div>\n\t\t\t\t<div class=\"elementor-element elementor-element-0905c08 elementor-widget elementor-widget-text-editor\" data-id=\"0905c08\" data-element_type=\"widget\" data-widget_type=\"text-editor.default\">\n\t\t\t\t<div class=\"elementor-widget-container\">\n\t\t\t\t\t\t\t\t\t<p>Free Program<\/p>\t\t\t\t\t\t\t\t<\/div>\n\t\t\t\t<\/div>\n\t\t\t\t<div class=\"elementor-element elementor-element-fc2c28e elementor-widget elementor-widget-text-editor\" data-id=\"fc2c28e\" data-element_type=\"widget\" data-widget_type=\"text-editor.default\">\n\t\t\t\t<div class=\"elementor-widget-container\">\n\t\t\t\t\t\t\t\t\t<p><strong>It can be visited during opening hours<\/strong><\/p>\t\t\t\t\t\t\t\t<\/div>\n\t\t\t\t<\/div>\n\t\t\t\t<div class=\"elementor-element elementor-element-b682629 elementor-widget elementor-widget-text-editor\" data-id=\"b682629\" data-element_type=\"widget\" data-widget_type=\"text-editor.default\">\n\t\t\t\t<div class=\"elementor-widget-container\">\n\t\t\t\t\t\t\t\t\t<p>In honor of Dr. Ign\u00e1c Szab\u00f3, the founder of the former Mining Hospital, a memorial room was inaugurated in one of the upstairs rooms of the Tulip House.\u00a0<\/p><p>The work of the mine doctor is exemplary for everyone. His commitment, professionalism, and attention with which he turned to others deservedly elevated him to the ranks of those whose memory we must preserve.\u00a0 \u00a0<\/p>\t\t\t\t\t\t\t\t<\/div>\n\t\t\t\t<\/div>\n\t\t\t\t\t<\/div>\n\t\t<\/div>\n\t\t\t\t\t<\/div>\n\t\t<\/section>\n\t\t\t\t\t<\/div>\n\t\t<\/div>\n\t\t\t\t\t<\/div>\n\t\t<\/section>\n\t\t\t\t<\/div>","protected":false},"excerpt":{"rendered":"<p>Szab\u00f3 Ign\u00e1c eml\u00e9kki\u00e1ll\u00edt\u00e1s INGYENES PROGRAM Nyitvatart\u00e1si id\u0151ben l\u00e1togathat\u00f3 Dr. Szab\u00f3 Ign\u00e1c, az egykori B\u00e1nyak\u00f3rh\u00e1z alap\u00edt\u00f3j\u00e1nak tisztelet\u00e9re egy eml\u00e9kszoba ker\u00fclt felavat\u00e1sra a Tulip\u00e1nos H\u00e1z egyik emeleti helyis\u00e9g\u00e9ben.\u00a0 A b\u00e1nyaorvos munk\u00e1ss\u00e1ga p\u00e9lda\u00e9rt\u00e9k\u0171\u00a0mindenki\u00a0sz\u00e1m\u00e1ra. Elk\u00f6telezetts\u00e9ge, hivat\u00e1studata, figyelme, mellyel m\u00e1sok fel\u00e9 fordult, m\u00e9lt\u00e1n emelte azok sor\u00e1ba, akiknek eml\u00e9k\u00e9t \u0151rizn\u00fcnk kell.\u00a0 \u00a0<\/p>","protected":false},"author":1,"featured_media":0,"parent":263,"menu_order":0,"comment_status":"closed","ping_status":"closed","template":"elementor_header_footer","meta":{"footnotes":""},"class_list":["post-1786","page","type-page","status-publish"],"yoast_head":"<!-- This site is optimized with the Yoast SEO Premium plugin v25.6 (Yoast SEO v26.0) - https:\/\/yoast.com\/wordpress\/plugins\/seo\/ -->\n<title>B\u00e9relhet\u0151 termek, rendezv\u00e9nyhelysz\u00edn, esk\u00fcv\u0151helysz\u00edn<\/title>\n<meta name=\"description\" content=\"Teremb\u00e9rl\u00e9s, a k\u00e9t f\u0151s megbesz\u00e9l\u00e9st\u0151l a tov\u00e1bbk\u00e9pz\u00e9seken \u00e1t a 240 f\u0151s konferenci\u00e1ig, vagy esk\u00fcv\u0151t\u0151l a nagy l\u00e9tsz\u00e1m\u00fa rendezv\u00e9nyig.\" \/>\n<meta name=\"robots\" content=\"index, follow, max-snippet:-1, max-image-preview:large, max-video-preview:-1\" \/>\n<link rel=\"canonical\" href=\"https:\/\/atulipanoshaz.hu\/en\/culture\/seasonal-exhibitions\/szabo-ignac-emlekkiallitas\/\" \/>\n<meta property=\"og:locale\" content=\"en_US\" \/>\n<meta property=\"og:type\" content=\"article\" \/>\n<meta property=\"og:title\" content=\"Szab\u00f3 Ign\u00e1c eml\u00e9kki\u00e1ll\u00edt\u00e1s\" \/>\n<meta property=\"og:description\" content=\"Teremb\u00e9rl\u00e9s, a k\u00e9t f\u0151s megbesz\u00e9l\u00e9st\u0151l a tov\u00e1bbk\u00e9pz\u00e9seken \u00e1t a 240 f\u0151s konferenci\u00e1ig, vagy esk\u00fcv\u0151t\u0151l a nagy l\u00e9tsz\u00e1m\u00fa rendezv\u00e9nyig.\" \/>\n<meta property=\"og:url\" content=\"https:\/\/atulipanoshaz.hu\/en\/culture\/seasonal-exhibitions\/szabo-ignac-emlekkiallitas\/\" \/>\n<meta property=\"og:site_name\" content=\"Tulip\u00e1nos H\u00e1z\" \/>\n<meta property=\"article:publisher\" content=\"https:\/\/www.facebook.com\/tulipanosrendezveny\/\" \/>\n<meta property=\"article:modified_time\" content=\"2025-04-03T08:17:20+00:00\" \/>\n<meta property=\"og:image\" content=\"https:\/\/atulipanoshaz.hu\/wp-content\/uploads\/elementor\/thumbs\/Szaboignac_800x400-qqugd1e3ccbqrf5pf3dbwusi94ucv95oum6yee0uf4.jpg\" \/>\n<meta name=\"twitter:card\" content=\"summary_large_image\" \/>\n<meta name=\"twitter:label1\" content=\"Est. reading time\" \/>\n\t<meta name=\"twitter:data1\" content=\"1 minute\" \/>\n<script type=\"application\/ld+json\" class=\"yoast-schema-graph\">{\"@context\":\"https:\/\/schema.org\",\"@graph\":[{\"@type\":\"WebPage\",\"@id\":\"https:\/\/atulipanoshaz.hu\/kultura\/kiallitasok\/szabo-ignac-emlekkiallitas\/\",\"url\":\"https:\/\/atulipanoshaz.hu\/kultura\/kiallitasok\/szabo-ignac-emlekkiallitas\/\",\"name\":\"B\u00e9relhet\u0151 termek, rendezv\u00e9nyhelysz\u00edn, esk\u00fcv\u0151helysz\u00edn\",\"isPartOf\":{\"@id\":\"https:\/\/atulipanoshaz.hu\/#website\"},\"primaryImageOfPage\":{\"@id\":\"https:\/\/atulipanoshaz.hu\/kultura\/kiallitasok\/szabo-ignac-emlekkiallitas\/#primaryimage\"},\"image\":{\"@id\":\"https:\/\/atulipanoshaz.hu\/kultura\/kiallitasok\/szabo-ignac-emlekkiallitas\/#primaryimage\"},\"thumbnailUrl\":\"https:\/\/atulipanoshaz.hu\/wp-content\/uploads\/elementor\/thumbs\/Szaboignac_800x400-qqugd1e3ccbqrf5pf3dbwusi94ucv95oum6yee0uf4.jpg\",\"datePublished\":\"2023-07-05T09:28:27+00:00\",\"dateModified\":\"2025-04-03T08:17:20+00:00\",\"description\":\"Teremb\u00e9rl\u00e9s, a k\u00e9t f\u0151s megbesz\u00e9l\u00e9st\u0151l a tov\u00e1bbk\u00e9pz\u00e9seken \u00e1t a 240 f\u0151s konferenci\u00e1ig, vagy esk\u00fcv\u0151t\u0151l a nagy l\u00e9tsz\u00e1m\u00fa rendezv\u00e9nyig.\",\"breadcrumb\":{\"@id\":\"https:\/\/atulipanoshaz.hu\/kultura\/kiallitasok\/szabo-ignac-emlekkiallitas\/#breadcrumb\"},\"inLanguage\":\"en-US\",\"potentialAction\":[{\"@type\":\"ReadAction\",\"target\":[\"https:\/\/atulipanoshaz.hu\/kultura\/kiallitasok\/szabo-ignac-emlekkiallitas\/\"]}]},{\"@type\":\"ImageObject\",\"inLanguage\":\"en-US\",\"@id\":\"https:\/\/atulipanoshaz.hu\/kultura\/kiallitasok\/szabo-ignac-emlekkiallitas\/#primaryimage\",\"url\":\"https:\/\/atulipanoshaz.hu\/wp-content\/uploads\/elementor\/thumbs\/Szaboignac_800x400-qqugd1e3ccbqrf5pf3dbwusi94ucv95oum6yee0uf4.jpg\",\"contentUrl\":\"https:\/\/atulipanoshaz.hu\/wp-content\/uploads\/elementor\/thumbs\/Szaboignac_800x400-qqugd1e3ccbqrf5pf3dbwusi94ucv95oum6yee0uf4.jpg\"},{\"@type\":\"BreadcrumbList\",\"@id\":\"https:\/\/atulipanoshaz.hu\/kultura\/kiallitasok\/szabo-ignac-emlekkiallitas\/#breadcrumb\",\"itemListElement\":[{\"@type\":\"ListItem\",\"position\":1,\"name\":\"Kezd\u0151lap\",\"item\":\"https:\/\/atulipanoshaz.hu\/\"},{\"@type\":\"ListItem\",\"position\":2,\"name\":\"Kult\u00fara\",\"item\":\"https:\/\/atulipanoshaz.hu\/kultura\/\"},{\"@type\":\"ListItem\",\"position\":3,\"name\":\"Id\u0151szakos ki\u00e1ll\u00edt\u00e1s\",\"item\":\"https:\/\/atulipanoshaz.hu\/kultura\/kiallitasok\/\"},{\"@type\":\"ListItem\",\"position\":4,\"name\":\"Szab\u00f3 Ign\u00e1c eml\u00e9kki\u00e1ll\u00edt\u00e1s\"}]},{\"@type\":\"WebSite\",\"@id\":\"https:\/\/atulipanoshaz.hu\/#website\",\"url\":\"https:\/\/atulipanoshaz.hu\/\",\"name\":\"Tulip\u00e1nos H\u00e1z\",\"description\":\"Rendezv\u00e9nyh\u00e1z, rendezv\u00e9nyhelysz\u00edn, teremb\u00e9rl\u00e9s, esk\u00fcv\u0151helysz\u00edn, interakt\u00edv ki\u00e1ll\u00edt\u00e1s\",\"publisher\":{\"@id\":\"https:\/\/atulipanoshaz.hu\/#organization\"},\"potentialAction\":[{\"@type\":\"SearchAction\",\"target\":{\"@type\":\"EntryPoint\",\"urlTemplate\":\"https:\/\/atulipanoshaz.hu\/?s={search_term_string}\"},\"query-input\":{\"@type\":\"PropertyValueSpecification\",\"valueRequired\":true,\"valueName\":\"search_term_string\"}}],\"inLanguage\":\"en-US\"},{\"@type\":\"Organization\",\"@id\":\"https:\/\/atulipanoshaz.hu\/#organization\",\"name\":\"Tulip\u00e1nos H\u00e1z\",\"url\":\"https:\/\/atulipanoshaz.hu\/\",\"logo\":{\"@type\":\"ImageObject\",\"inLanguage\":\"en-US\",\"@id\":\"https:\/\/atulipanoshaz.hu\/#\/schema\/logo\/image\/\",\"url\":\"https:\/\/atulipanoshaz.hu\/wp-content\/uploads\/2022\/03\/Tulipanos1.png\",\"contentUrl\":\"https:\/\/atulipanoshaz.hu\/wp-content\/uploads\/2022\/03\/Tulipanos1.png\",\"width\":700,\"height\":515,\"caption\":\"Tulip\u00e1nos H\u00e1z\"},\"image\":{\"@id\":\"https:\/\/atulipanoshaz.hu\/#\/schema\/logo\/image\/\"},\"sameAs\":[\"https:\/\/www.facebook.com\/tulipanosrendezveny\/\"]}]}<\/script>\n<!-- \/ Yoast SEO Premium plugin. -->","yoast_head_json":{"title":"B\u00e9relhet\u0151 termek, rendezv\u00e9nyhelysz\u00edn, esk\u00fcv\u0151helysz\u00edn","description":"Teremb\u00e9rl\u00e9s, a k\u00e9t f\u0151s megbesz\u00e9l\u00e9st\u0151l a tov\u00e1bbk\u00e9pz\u00e9seken \u00e1t a 240 f\u0151s konferenci\u00e1ig, vagy esk\u00fcv\u0151t\u0151l a nagy l\u00e9tsz\u00e1m\u00fa rendezv\u00e9nyig.","robots":{"index":"index","follow":"follow","max-snippet":"max-snippet:-1","max-image-preview":"max-image-preview:large","max-video-preview":"max-video-preview:-1"},"canonical":"https:\/\/atulipanoshaz.hu\/en\/culture\/seasonal-exhibitions\/szabo-ignac-emlekkiallitas\/","og_locale":"en_US","og_type":"article","og_title":"Szab\u00f3 Ign\u00e1c eml\u00e9kki\u00e1ll\u00edt\u00e1s","og_description":"Teremb\u00e9rl\u00e9s, a k\u00e9t f\u0151s megbesz\u00e9l\u00e9st\u0151l a tov\u00e1bbk\u00e9pz\u00e9seken \u00e1t a 240 f\u0151s konferenci\u00e1ig, vagy esk\u00fcv\u0151t\u0151l a nagy l\u00e9tsz\u00e1m\u00fa rendezv\u00e9nyig.","og_url":"https:\/\/atulipanoshaz.hu\/en\/culture\/seasonal-exhibitions\/szabo-ignac-emlekkiallitas\/","og_site_name":"Tulip\u00e1nos H\u00e1z","article_publisher":"https:\/\/www.facebook.com\/tulipanosrendezveny\/","article_modified_time":"2025-04-03T08:17:20+00:00","og_image":[{"url":"https:\/\/atulipanoshaz.hu\/wp-content\/uploads\/elementor\/thumbs\/Szaboignac_800x400-qqugd1e3ccbqrf5pf3dbwusi94ucv95oum6yee0uf4.jpg","type":"","width":"","height":""}],"twitter_card":"summary_large_image","twitter_misc":{"Est. reading time":"1 minute"},"schema":{"@context":"https:\/\/schema.org","@graph":[{"@type":"WebPage","@id":"https:\/\/atulipanoshaz.hu\/kultura\/kiallitasok\/szabo-ignac-emlekkiallitas\/","url":"https:\/\/atulipanoshaz.hu\/kultura\/kiallitasok\/szabo-ignac-emlekkiallitas\/","name":"B\u00e9relhet\u0151 termek, rendezv\u00e9nyhelysz\u00edn, esk\u00fcv\u0151helysz\u00edn","isPartOf":{"@id":"https:\/\/atulipanoshaz.hu\/#website"},"primaryImageOfPage":{"@id":"https:\/\/atulipanoshaz.hu\/kultura\/kiallitasok\/szabo-ignac-emlekkiallitas\/#primaryimage"},"image":{"@id":"https:\/\/atulipanoshaz.hu\/kultura\/kiallitasok\/szabo-ignac-emlekkiallitas\/#primaryimage"},"thumbnailUrl":"https:\/\/atulipanoshaz.hu\/wp-content\/uploads\/elementor\/thumbs\/Szaboignac_800x400-qqugd1e3ccbqrf5pf3dbwusi94ucv95oum6yee0uf4.jpg","datePublished":"2023-07-05T09:28:27+00:00","dateModified":"2025-04-03T08:17:20+00:00","description":"Teremb\u00e9rl\u00e9s, a k\u00e9t f\u0151s megbesz\u00e9l\u00e9st\u0151l a tov\u00e1bbk\u00e9pz\u00e9seken \u00e1t a 240 f\u0151s konferenci\u00e1ig, vagy esk\u00fcv\u0151t\u0151l a nagy l\u00e9tsz\u00e1m\u00fa rendezv\u00e9nyig.","breadcrumb":{"@id":"https:\/\/atulipanoshaz.hu\/kultura\/kiallitasok\/szabo-ignac-emlekkiallitas\/#breadcrumb"},"inLanguage":"en-US","potentialAction":[{"@type":"ReadAction","target":["https:\/\/atulipanoshaz.hu\/kultura\/kiallitasok\/szabo-ignac-emlekkiallitas\/"]}]},{"@type":"ImageObject","inLanguage":"en-US","@id":"https:\/\/atulipanoshaz.hu\/kultura\/kiallitasok\/szabo-ignac-emlekkiallitas\/#primaryimage","url":"https:\/\/atulipanoshaz.hu\/wp-content\/uploads\/elementor\/thumbs\/Szaboignac_800x400-qqugd1e3ccbqrf5pf3dbwusi94ucv95oum6yee0uf4.jpg","contentUrl":"https:\/\/atulipanoshaz.hu\/wp-content\/uploads\/elementor\/thumbs\/Szaboignac_800x400-qqugd1e3ccbqrf5pf3dbwusi94ucv95oum6yee0uf4.jpg"},{"@type":"BreadcrumbList","@id":"https:\/\/atulipanoshaz.hu\/kultura\/kiallitasok\/szabo-ignac-emlekkiallitas\/#breadcrumb","itemListElement":[{"@type":"ListItem","position":1,"name":"Kezd\u0151lap","item":"https:\/\/atulipanoshaz.hu\/"},{"@type":"ListItem","position":2,"name":"Kult\u00fara","item":"https:\/\/atulipanoshaz.hu\/kultura\/"},{"@type":"ListItem","position":3,"name":"Id\u0151szakos ki\u00e1ll\u00edt\u00e1s","item":"https:\/\/atulipanoshaz.hu\/kultura\/kiallitasok\/"},{"@type":"ListItem","position":4,"name":"Szab\u00f3 Ign\u00e1c eml\u00e9kki\u00e1ll\u00edt\u00e1s"}]},{"@type":"WebSite","@id":"https:\/\/atulipanoshaz.hu\/#website","url":"https:\/\/atulipanoshaz.hu\/","name":"Tulip Event Venue","description":"Rendezv\u00e9nyh\u00e1z, rendezv\u00e9nyhelysz\u00edn, teremb\u00e9rl\u00e9s, esk\u00fcv\u0151helysz\u00edn, interakt\u00edv ki\u00e1ll\u00edt\u00e1s","publisher":{"@id":"https:\/\/atulipanoshaz.hu\/#organization"},"potentialAction":[{"@type":"SearchAction","target":{"@type":"EntryPoint","urlTemplate":"https:\/\/atulipanoshaz.hu\/?s={search_term_string}"},"query-input":{"@type":"PropertyValueSpecification","valueRequired":true,"valueName":"search_term_string"}}],"inLanguage":"en-US"},{"@type":"Organization","@id":"https:\/\/atulipanoshaz.hu\/#organization","name":"Tulip Event Venue","url":"https:\/\/atulipanoshaz.hu\/","logo":{"@type":"ImageObject","inLanguage":"en-US","@id":"https:\/\/atulipanoshaz.hu\/#\/schema\/logo\/image\/","url":"https:\/\/atulipanoshaz.hu\/wp-content\/uploads\/2022\/03\/Tulipanos1.png","contentUrl":"https:\/\/atulipanoshaz.hu\/wp-content\/uploads\/2022\/03\/Tulipanos1.png","width":700,"height":515,"caption":"Tulip\u00e1nos H\u00e1z"},"image":{"@id":"https:\/\/atulipanoshaz.hu\/#\/schema\/logo\/image\/"},"sameAs":["https:\/\/www.facebook.com\/tulipanosrendezveny\/"]}]}},"_links":{"self":[{"href":"https:\/\/atulipanoshaz.hu\/en\/wp-json\/wp\/v2\/pages\/1786","targetHints":{"allow":["GET"]}}],"collection":[{"href":"https:\/\/atulipanoshaz.hu\/en\/wp-json\/wp\/v2\/pages"}],"about":[{"href":"https:\/\/atulipanoshaz.hu\/en\/wp-json\/wp\/v2\/types\/page"}],"author":[{"embeddable":true,"href":"https:\/\/atulipanoshaz.hu\/en\/wp-json\/wp\/v2\/users\/1"}],"replies":[{"embeddable":true,"href":"https:\/\/atulipanoshaz.hu\/en\/wp-json\/wp\/v2\/comments?post=1786"}],"version-history":[{"count":8,"href":"https:\/\/atulipanoshaz.hu\/en\/wp-json\/wp\/v2\/pages\/1786\/revisions"}],"predecessor-version":[{"id":6042,"href":"https:\/\/atulipanoshaz.hu\/en\/wp-json\/wp\/v2\/pages\/1786\/revisions\/6042"}],"up":[{"embeddable":true,"href":"https:\/\/atulipanoshaz.hu\/en\/wp-json\/wp\/v2\/pages\/263"}],"wp:attachment":[{"href":"https:\/\/atulipanoshaz.hu\/en\/wp-json\/wp\/v2\/media?parent=1786"}],"curies":[{"name":"wp","href":"https:\/\/api.w.org\/{rel}","templated":true}]}}