{"id":1515,"date":"2023-07-03T14:49:00","date_gmt":"2023-07-03T11:49:00","guid":{"rendered":"https:\/\/atulipanoshaz.hu\/?page_id=1515"},"modified":"2025-05-28T11:10:54","modified_gmt":"2025-05-28T10:10:54","slug":"gallery","status":"publish","type":"page","link":"https:\/\/atulipanoshaz.hu\/en\/gallery\/","title":{"rendered":"Gallery"},"content":{"rendered":"<div data-elementor-type=\"wp-page\" data-elementor-id=\"1515\" class=\"elementor elementor-1515\" data-elementor-post-type=\"page\">\n\t\t\t\t\t\t<section class=\"elementor-section elementor-top-section elementor-element elementor-element-fba91bf elementor-section-boxed elementor-section-height-default elementor-section-height-default\" data-id=\"fba91bf\" data-element_type=\"section\" data-settings=\"{&quot;background_background&quot;:&quot;classic&quot;}\">\n\t\t\t\t\t\t<div class=\"elementor-container elementor-column-gap-default\">\n\t\t\t\t\t<div class=\"elementor-column elementor-col-100 elementor-top-column elementor-element elementor-element-3c832eb\" data-id=\"3c832eb\" data-element_type=\"column\">\n\t\t\t<div class=\"elementor-widget-wrap\">\n\t\t\t\t\t\t\t<\/div>\n\t\t<\/div>\n\t\t\t\t\t<\/div>\n\t\t<\/section>\n\t\t\t\t<section class=\"elementor-section elementor-top-section elementor-element elementor-element-0e4921d elementor-section-boxed elementor-section-height-default elementor-section-height-default\" data-id=\"0e4921d\" data-element_type=\"section\">\n\t\t\t\t\t\t<div class=\"elementor-container elementor-column-gap-default\">\n\t\t\t\t\t<div class=\"elementor-column elementor-col-100 elementor-top-column elementor-element elementor-element-2e58d93\" data-id=\"2e58d93\" data-element_type=\"column\">\n\t\t\t<div class=\"elementor-widget-wrap elementor-element-populated\">\n\t\t\t\t\t\t<div class=\"elementor-element elementor-element-87dd30b elementor-widget elementor-widget-heading\" data-id=\"87dd30b\" data-element_type=\"widget\" data-widget_type=\"heading.default\">\n\t\t\t\t<div class=\"elementor-widget-container\">\n\t\t\t\t\t<h1 class=\"elementor-heading-title elementor-size-default\">K\u00e9pgal\u00e9ri\u00e1k<\/h1>\t\t\t\t<\/div>\n\t\t\t\t<\/div>\n\t\t\t\t<div class=\"elementor-element elementor-element-f692f0f elementor-widget elementor-widget-image\" data-id=\"f692f0f\" data-element_type=\"widget\" data-widget_type=\"image.default\">\n\t\t\t\t<div class=\"elementor-widget-container\">\n\t\t\t\t\t\t\t\t\t\t\t\t\t\t\t<img decoding=\"async\" width=\"200\" height=\"50\" src=\"https:\/\/atulipanoshaz.hu\/wp-content\/uploads\/2025\/02\/alsodisz_200.png\" class=\"attachment-large size-large wp-image-5505\" alt=\"Elv\u00e1laszt\u00f3elem\" srcset=\"https:\/\/atulipanoshaz.hu\/wp-content\/uploads\/2025\/02\/alsodisz_200.png 200w, https:\/\/atulipanoshaz.hu\/wp-content\/uploads\/2025\/02\/alsodisz_200-18x5.png 18w\" sizes=\"(max-width: 200px) 100vw, 200px\" \/>\t\t\t\t\t\t\t\t\t\t\t\t\t\t\t<\/div>\n\t\t\t\t<\/div>\n\t\t\t\t\t<\/div>\n\t\t<\/div>\n\t\t\t\t\t<\/div>\n\t\t<\/section>\n\t\t\t\t<section class=\"elementor-section elementor-top-section elementor-element elementor-element-1cc3390 elementor-section-boxed elementor-section-height-default elementor-section-height-default\" data-id=\"1cc3390\" data-element_type=\"section\">\n\t\t\t\t\t\t<div class=\"elementor-container elementor-column-gap-default\">\n\t\t\t\t\t<div class=\"elementor-column elementor-col-33 elementor-top-column elementor-element elementor-element-5e7ce29\" data-id=\"5e7ce29\" data-element_type=\"column\">\n\t\t\t<div class=\"elementor-widget-wrap elementor-element-populated\">\n\t\t\t\t\t\t<div class=\"elementor-element elementor-element-c18d140 elementor-align-center elementor-absolute gallery-sign-btn e-transform elementor-widget elementor-widget-button\" data-id=\"c18d140\" data-element_type=\"widget\" data-settings=\"{&quot;_position&quot;:&quot;absolute&quot;,&quot;_transform_translateY_effect&quot;:{&quot;unit&quot;:&quot;%&quot;,&quot;size&quot;:-50,&quot;sizes&quot;:[]},&quot;_transform_translateY_effect_tablet&quot;:{&quot;unit&quot;:&quot;%&quot;,&quot;size&quot;:&quot;&quot;,&quot;sizes&quot;:[]},&quot;_transform_translateY_effect_mobile&quot;:{&quot;unit&quot;:&quot;%&quot;,&quot;size&quot;:&quot;&quot;,&quot;sizes&quot;:[]},&quot;_transform_translateX_effect&quot;:{&quot;unit&quot;:&quot;px&quot;,&quot;size&quot;:&quot;&quot;,&quot;sizes&quot;:[]},&quot;_transform_translateX_effect_tablet&quot;:{&quot;unit&quot;:&quot;px&quot;,&quot;size&quot;:&quot;&quot;,&quot;sizes&quot;:[]},&quot;_transform_translateX_effect_mobile&quot;:{&quot;unit&quot;:&quot;px&quot;,&quot;size&quot;:&quot;&quot;,&quot;sizes&quot;:[]}}\" data-widget_type=\"button.default\">\n\t\t\t\t<div class=\"elementor-widget-container\">\n\t\t\t\t\t\t\t\t\t<div class=\"elementor-button-wrapper\">\n\t\t\t\t\t<a class=\"elementor-button elementor-button-link elementor-size-sm\" href=\"https:\/\/atulipanoshaz.hu\/en\/gallery\/event-venue-gallery\/\">\n\t\t\t\t\t\t<span class=\"elementor-button-content-wrapper\">\n\t\t\t\t\t\t\t\t\t<span class=\"elementor-button-text\">Event venue<\/span>\n\t\t\t\t\t<\/span>\n\t\t\t\t\t<\/a>\n\t\t\t\t<\/div>\n\t\t\t\t\t\t\t\t<\/div>\n\t\t\t\t<\/div>\n\t\t\t\t<div class=\"elementor-element elementor-element-ad7ce2c gallery-pointer-img elementor-widget elementor-widget-image\" data-id=\"ad7ce2c\" data-element_type=\"widget\" data-widget_type=\"image.default\">\n\t\t\t\t<div class=\"elementor-widget-container\">\n\t\t\t\t\t\t\t\t\t\t\t\t\t\t\t<img fetchpriority=\"high\" decoding=\"async\" width=\"1514\" height=\"1440\" src=\"https:\/\/atulipanoshaz.hu\/wp-content\/uploads\/2023\/07\/Rendezvenyhez_galeria_fokep.jpg\" class=\"attachment-full size-full wp-image-2428\" alt=\"Tulip\u00e1nos Rendezv\u00e9nyh\u00e1z, b\u00e9relhet\u0151 termek, d\u00edszterem kultur\u00e1lis programok sz\u00e1m\u00e1ra.\" srcset=\"https:\/\/atulipanoshaz.hu\/wp-content\/uploads\/2023\/07\/Rendezvenyhez_galeria_fokep.jpg 1514w, https:\/\/atulipanoshaz.hu\/wp-content\/uploads\/2023\/07\/Rendezvenyhez_galeria_fokep-300x285.jpg 300w, https:\/\/atulipanoshaz.hu\/wp-content\/uploads\/2023\/07\/Rendezvenyhez_galeria_fokep-1024x974.jpg 1024w, https:\/\/atulipanoshaz.hu\/wp-content\/uploads\/2023\/07\/Rendezvenyhez_galeria_fokep-768x730.jpg 768w\" sizes=\"(max-width: 1514px) 100vw, 1514px\" \/>\t\t\t\t\t\t\t\t\t\t\t\t\t\t\t<\/div>\n\t\t\t\t<\/div>\n\t\t\t\t\t<\/div>\n\t\t<\/div>\n\t\t\t\t<div class=\"elementor-column elementor-col-33 elementor-top-column elementor-element elementor-element-69b67a5\" data-id=\"69b67a5\" data-element_type=\"column\">\n\t\t\t<div class=\"elementor-widget-wrap elementor-element-populated\">\n\t\t\t\t\t\t<div class=\"elementor-element elementor-element-d23f3ae elementor-align-center elementor-absolute gallery-sign-btn e-transform elementor-widget elementor-widget-button\" data-id=\"d23f3ae\" data-element_type=\"widget\" data-settings=\"{&quot;_position&quot;:&quot;absolute&quot;,&quot;_transform_translateY_effect&quot;:{&quot;unit&quot;:&quot;%&quot;,&quot;size&quot;:-50,&quot;sizes&quot;:[]},&quot;_transform_translateY_effect_tablet&quot;:{&quot;unit&quot;:&quot;%&quot;,&quot;size&quot;:&quot;&quot;,&quot;sizes&quot;:[]},&quot;_transform_translateY_effect_mobile&quot;:{&quot;unit&quot;:&quot;%&quot;,&quot;size&quot;:&quot;&quot;,&quot;sizes&quot;:[]},&quot;_transform_translateX_effect&quot;:{&quot;unit&quot;:&quot;px&quot;,&quot;size&quot;:&quot;&quot;,&quot;sizes&quot;:[]},&quot;_transform_translateX_effect_tablet&quot;:{&quot;unit&quot;:&quot;px&quot;,&quot;size&quot;:&quot;&quot;,&quot;sizes&quot;:[]},&quot;_transform_translateX_effect_mobile&quot;:{&quot;unit&quot;:&quot;px&quot;,&quot;size&quot;:&quot;&quot;,&quot;sizes&quot;:[]}}\" data-widget_type=\"button.default\">\n\t\t\t\t<div class=\"elementor-widget-container\">\n\t\t\t\t\t\t\t\t\t<div class=\"elementor-button-wrapper\">\n\t\t\t\t\t<a class=\"elementor-button elementor-button-link elementor-size-sm\" href=\"https:\/\/atulipanoshaz.hu\/en\/gallery\/culture-gallery\/\">\n\t\t\t\t\t\t<span class=\"elementor-button-content-wrapper\">\n\t\t\t\t\t\t\t\t\t<span class=\"elementor-button-text\">Culture<\/span>\n\t\t\t\t\t<\/span>\n\t\t\t\t\t<\/a>\n\t\t\t\t<\/div>\n\t\t\t\t\t\t\t\t<\/div>\n\t\t\t\t<\/div>\n\t\t\t\t<div class=\"elementor-element elementor-element-5e5147d gallery-pointer-img elementor-widget elementor-widget-image\" data-id=\"5e5147d\" data-element_type=\"widget\" data-widget_type=\"image.default\">\n\t\t\t\t<div class=\"elementor-widget-container\">\n\t\t\t\t\t\t\t\t\t\t\t\t\t\t\t<img decoding=\"async\" width=\"1200\" height=\"1200\" src=\"https:\/\/atulipanoshaz.hu\/wp-content\/uploads\/2023\/07\/Kultura_galeria_fokep.jpg\" class=\"attachment-full size-full wp-image-2429\" alt=\"Tulip\u00e1nos Rendezv\u00e9nyh\u00e1z, b\u00e9relhet\u0151 termek, d\u00edszterem kultur\u00e1lis programok sz\u00e1m\u00e1ra.\" srcset=\"https:\/\/atulipanoshaz.hu\/wp-content\/uploads\/2023\/07\/Kultura_galeria_fokep.jpg 1200w, https:\/\/atulipanoshaz.hu\/wp-content\/uploads\/2023\/07\/Kultura_galeria_fokep-300x300.jpg 300w, https:\/\/atulipanoshaz.hu\/wp-content\/uploads\/2023\/07\/Kultura_galeria_fokep-1024x1024.jpg 1024w, https:\/\/atulipanoshaz.hu\/wp-content\/uploads\/2023\/07\/Kultura_galeria_fokep-150x150.jpg 150w, https:\/\/atulipanoshaz.hu\/wp-content\/uploads\/2023\/07\/Kultura_galeria_fokep-768x768.jpg 768w\" sizes=\"(max-width: 1200px) 100vw, 1200px\" \/>\t\t\t\t\t\t\t\t\t\t\t\t\t\t\t<\/div>\n\t\t\t\t<\/div>\n\t\t\t\t\t<\/div>\n\t\t<\/div>\n\t\t\t\t<div class=\"elementor-column elementor-col-33 elementor-top-column elementor-element elementor-element-1237aa4\" data-id=\"1237aa4\" data-element_type=\"column\">\n\t\t\t<div class=\"elementor-widget-wrap elementor-element-populated\">\n\t\t\t\t\t\t<div class=\"elementor-element elementor-element-75929b4 elementor-align-center elementor-absolute gallery-sign-btn e-transform elementor-widget elementor-widget-button\" data-id=\"75929b4\" data-element_type=\"widget\" data-settings=\"{&quot;_position&quot;:&quot;absolute&quot;,&quot;_transform_translateY_effect&quot;:{&quot;unit&quot;:&quot;%&quot;,&quot;size&quot;:-50,&quot;sizes&quot;:[]},&quot;_transform_translateY_effect_tablet&quot;:{&quot;unit&quot;:&quot;%&quot;,&quot;size&quot;:&quot;&quot;,&quot;sizes&quot;:[]},&quot;_transform_translateY_effect_mobile&quot;:{&quot;unit&quot;:&quot;%&quot;,&quot;size&quot;:&quot;&quot;,&quot;sizes&quot;:[]},&quot;_transform_translateX_effect&quot;:{&quot;unit&quot;:&quot;px&quot;,&quot;size&quot;:&quot;&quot;,&quot;sizes&quot;:[]},&quot;_transform_translateX_effect_tablet&quot;:{&quot;unit&quot;:&quot;px&quot;,&quot;size&quot;:&quot;&quot;,&quot;sizes&quot;:[]},&quot;_transform_translateX_effect_mobile&quot;:{&quot;unit&quot;:&quot;px&quot;,&quot;size&quot;:&quot;&quot;,&quot;sizes&quot;:[]}}\" data-widget_type=\"button.default\">\n\t\t\t\t<div class=\"elementor-widget-container\">\n\t\t\t\t\t\t\t\t\t<div class=\"elementor-button-wrapper\">\n\t\t\t\t\t<a class=\"elementor-button elementor-button-link elementor-size-sm\" href=\"https:\/\/atulipanoshaz.hu\/en\/gallery\/exhibition-gallery\/\">\n\t\t\t\t\t\t<span class=\"elementor-button-content-wrapper\">\n\t\t\t\t\t\t\t\t\t<span class=\"elementor-button-text\">Exhibition<\/span>\n\t\t\t\t\t<\/span>\n\t\t\t\t\t<\/a>\n\t\t\t\t<\/div>\n\t\t\t\t\t\t\t\t<\/div>\n\t\t\t\t<\/div>\n\t\t\t\t<div class=\"elementor-element elementor-element-6c91dff gallery-pointer-img elementor-widget elementor-widget-image\" data-id=\"6c91dff\" data-element_type=\"widget\" data-widget_type=\"image.default\">\n\t\t\t\t<div class=\"elementor-widget-container\">\n\t\t\t\t\t\t\t\t\t\t\t\t\t\t\t<img loading=\"lazy\" decoding=\"async\" width=\"900\" height=\"900\" src=\"https:\/\/atulipanoshaz.hu\/wp-content\/uploads\/2023\/07\/Interaktiv_galeria_fokep-1024x1024.jpg\" class=\"attachment-large size-large wp-image-2427\" alt=\"Interakt\u00edv B\u00e1ny\u00e1szati Ki\u00e1ll\u00edt\u00e1s, VR terem, d\u00edn\u00f3 szoba, terepasztal.\" srcset=\"https:\/\/atulipanoshaz.hu\/wp-content\/uploads\/2023\/07\/Interaktiv_galeria_fokep-1024x1024.jpg 1024w, https:\/\/atulipanoshaz.hu\/wp-content\/uploads\/2023\/07\/Interaktiv_galeria_fokep-300x300.jpg 300w, https:\/\/atulipanoshaz.hu\/wp-content\/uploads\/2023\/07\/Interaktiv_galeria_fokep-150x150.jpg 150w, https:\/\/atulipanoshaz.hu\/wp-content\/uploads\/2023\/07\/Interaktiv_galeria_fokep-768x768.jpg 768w, https:\/\/atulipanoshaz.hu\/wp-content\/uploads\/2023\/07\/Interaktiv_galeria_fokep.jpg 1200w\" sizes=\"(max-width: 900px) 100vw, 900px\" \/>\t\t\t\t\t\t\t\t\t\t\t\t\t\t\t<\/div>\n\t\t\t\t<\/div>\n\t\t\t\t\t<\/div>\n\t\t<\/div>\n\t\t\t\t\t<\/div>\n\t\t<\/section>\n\t\t\t\t<\/div>","protected":false},"excerpt":{"rendered":"<p>K\u00e9pgal\u00e9ri\u00e1k Rendezv\u00e9nyh\u00e1z Kult\u00fara Ki\u00e1ll\u00edt\u00e1s<\/p>","protected":false},"author":1,"featured_media":0,"parent":0,"menu_order":0,"comment_status":"closed","ping_status":"closed","template":"elementor_header_footer","meta":{"footnotes":""},"class_list":["post-1515","page","type-page","status-publish"],"yoast_head":"<!-- This site is optimized with the Yoast SEO Premium plugin v25.6 (Yoast SEO v26.0) - https:\/\/yoast.com\/wordpress\/plugins\/seo\/ -->\n<title>B\u00e9relhet\u0151 termek, rendezv\u00e9nyhelysz\u00edn, esk\u00fcv\u0151helysz\u00edn<\/title>\n<meta name=\"description\" content=\"Teremb\u00e9rl\u00e9s, a k\u00e9t f\u0151s megbesz\u00e9l\u00e9st\u0151l a tov\u00e1bbk\u00e9pz\u00e9seken \u00e1t a 240 f\u0151s konferenci\u00e1ig, vagy esk\u00fcv\u0151t\u0151l a nagy l\u00e9tsz\u00e1m\u00fa rendezv\u00e9nyig.\" \/>\n<meta name=\"robots\" content=\"index, follow, max-snippet:-1, max-image-preview:large, max-video-preview:-1\" \/>\n<link rel=\"canonical\" href=\"https:\/\/atulipanoshaz.hu\/en\/gallery\/\" \/>\n<meta property=\"og:locale\" content=\"en_US\" \/>\n<meta property=\"og:type\" content=\"article\" \/>\n<meta property=\"og:title\" content=\"Gal\u00e9ria\" \/>\n<meta property=\"og:description\" content=\"Teremb\u00e9rl\u00e9s, a k\u00e9t f\u0151s megbesz\u00e9l\u00e9st\u0151l a tov\u00e1bbk\u00e9pz\u00e9seken \u00e1t a 240 f\u0151s konferenci\u00e1ig, vagy esk\u00fcv\u0151t\u0151l a nagy l\u00e9tsz\u00e1m\u00fa rendezv\u00e9nyig.\" \/>\n<meta property=\"og:url\" content=\"https:\/\/atulipanoshaz.hu\/en\/gallery\/\" \/>\n<meta property=\"og:site_name\" content=\"Tulip\u00e1nos H\u00e1z\" \/>\n<meta property=\"article:publisher\" content=\"https:\/\/www.facebook.com\/tulipanosrendezveny\/\" \/>\n<meta property=\"article:modified_time\" content=\"2025-05-28T10:10:54+00:00\" \/>\n<meta property=\"og:image\" content=\"https:\/\/atulipanoshaz.hu\/wp-content\/uploads\/2025\/02\/alsodisz_200.png\" \/>\n<meta name=\"twitter:card\" content=\"summary_large_image\" \/>\n<meta name=\"twitter:label1\" content=\"Est. reading time\" \/>\n\t<meta name=\"twitter:data1\" content=\"1 minute\" \/>\n<script type=\"application\/ld+json\" class=\"yoast-schema-graph\">{\"@context\":\"https:\/\/schema.org\",\"@graph\":[{\"@type\":\"WebPage\",\"@id\":\"https:\/\/atulipanoshaz.hu\/galeria\/\",\"url\":\"https:\/\/atulipanoshaz.hu\/galeria\/\",\"name\":\"B\u00e9relhet\u0151 termek, rendezv\u00e9nyhelysz\u00edn, esk\u00fcv\u0151helysz\u00edn\",\"isPartOf\":{\"@id\":\"https:\/\/atulipanoshaz.hu\/#website\"},\"primaryImageOfPage\":{\"@id\":\"https:\/\/atulipanoshaz.hu\/galeria\/#primaryimage\"},\"image\":{\"@id\":\"https:\/\/atulipanoshaz.hu\/galeria\/#primaryimage\"},\"thumbnailUrl\":\"https:\/\/atulipanoshaz.hu\/wp-content\/uploads\/2025\/02\/alsodisz_200.png\",\"datePublished\":\"2023-07-03T11:49:00+00:00\",\"dateModified\":\"2025-05-28T10:10:54+00:00\",\"description\":\"Teremb\u00e9rl\u00e9s, a k\u00e9t f\u0151s megbesz\u00e9l\u00e9st\u0151l a tov\u00e1bbk\u00e9pz\u00e9seken \u00e1t a 240 f\u0151s konferenci\u00e1ig, vagy esk\u00fcv\u0151t\u0151l a nagy l\u00e9tsz\u00e1m\u00fa rendezv\u00e9nyig.\",\"breadcrumb\":{\"@id\":\"https:\/\/atulipanoshaz.hu\/galeria\/#breadcrumb\"},\"inLanguage\":\"en-US\",\"potentialAction\":[{\"@type\":\"ReadAction\",\"target\":[\"https:\/\/atulipanoshaz.hu\/galeria\/\"]}]},{\"@type\":\"ImageObject\",\"inLanguage\":\"en-US\",\"@id\":\"https:\/\/atulipanoshaz.hu\/galeria\/#primaryimage\",\"url\":\"https:\/\/atulipanoshaz.hu\/wp-content\/uploads\/2025\/02\/alsodisz_200.png\",\"contentUrl\":\"https:\/\/atulipanoshaz.hu\/wp-content\/uploads\/2025\/02\/alsodisz_200.png\"},{\"@type\":\"BreadcrumbList\",\"@id\":\"https:\/\/atulipanoshaz.hu\/galeria\/#breadcrumb\",\"itemListElement\":[{\"@type\":\"ListItem\",\"position\":1,\"name\":\"Kezd\u0151lap\",\"item\":\"https:\/\/atulipanoshaz.hu\/\"},{\"@type\":\"ListItem\",\"position\":2,\"name\":\"Gal\u00e9ria\"}]},{\"@type\":\"WebSite\",\"@id\":\"https:\/\/atulipanoshaz.hu\/#website\",\"url\":\"https:\/\/atulipanoshaz.hu\/\",\"name\":\"Tulip\u00e1nos H\u00e1z\",\"description\":\"Rendezv\u00e9nyh\u00e1z, rendezv\u00e9nyhelysz\u00edn, teremb\u00e9rl\u00e9s, esk\u00fcv\u0151helysz\u00edn, interakt\u00edv ki\u00e1ll\u00edt\u00e1s\",\"publisher\":{\"@id\":\"https:\/\/atulipanoshaz.hu\/#organization\"},\"potentialAction\":[{\"@type\":\"SearchAction\",\"target\":{\"@type\":\"EntryPoint\",\"urlTemplate\":\"https:\/\/atulipanoshaz.hu\/?s={search_term_string}\"},\"query-input\":{\"@type\":\"PropertyValueSpecification\",\"valueRequired\":true,\"valueName\":\"search_term_string\"}}],\"inLanguage\":\"en-US\"},{\"@type\":\"Organization\",\"@id\":\"https:\/\/atulipanoshaz.hu\/#organization\",\"name\":\"Tulip\u00e1nos H\u00e1z\",\"url\":\"https:\/\/atulipanoshaz.hu\/\",\"logo\":{\"@type\":\"ImageObject\",\"inLanguage\":\"en-US\",\"@id\":\"https:\/\/atulipanoshaz.hu\/#\/schema\/logo\/image\/\",\"url\":\"https:\/\/atulipanoshaz.hu\/wp-content\/uploads\/2022\/03\/Tulipanos1.png\",\"contentUrl\":\"https:\/\/atulipanoshaz.hu\/wp-content\/uploads\/2022\/03\/Tulipanos1.png\",\"width\":700,\"height\":515,\"caption\":\"Tulip\u00e1nos H\u00e1z\"},\"image\":{\"@id\":\"https:\/\/atulipanoshaz.hu\/#\/schema\/logo\/image\/\"},\"sameAs\":[\"https:\/\/www.facebook.com\/tulipanosrendezveny\/\"]}]}<\/script>\n<!-- \/ Yoast SEO Premium plugin. -->","yoast_head_json":{"title":"B\u00e9relhet\u0151 termek, rendezv\u00e9nyhelysz\u00edn, esk\u00fcv\u0151helysz\u00edn","description":"Teremb\u00e9rl\u00e9s, a k\u00e9t f\u0151s megbesz\u00e9l\u00e9st\u0151l a tov\u00e1bbk\u00e9pz\u00e9seken \u00e1t a 240 f\u0151s konferenci\u00e1ig, vagy esk\u00fcv\u0151t\u0151l a nagy l\u00e9tsz\u00e1m\u00fa rendezv\u00e9nyig.","robots":{"index":"index","follow":"follow","max-snippet":"max-snippet:-1","max-image-preview":"max-image-preview:large","max-video-preview":"max-video-preview:-1"},"canonical":"https:\/\/atulipanoshaz.hu\/en\/gallery\/","og_locale":"en_US","og_type":"article","og_title":"Gal\u00e9ria","og_description":"Teremb\u00e9rl\u00e9s, a k\u00e9t f\u0151s megbesz\u00e9l\u00e9st\u0151l a tov\u00e1bbk\u00e9pz\u00e9seken \u00e1t a 240 f\u0151s konferenci\u00e1ig, vagy esk\u00fcv\u0151t\u0151l a nagy l\u00e9tsz\u00e1m\u00fa rendezv\u00e9nyig.","og_url":"https:\/\/atulipanoshaz.hu\/en\/gallery\/","og_site_name":"Tulip\u00e1nos H\u00e1z","article_publisher":"https:\/\/www.facebook.com\/tulipanosrendezveny\/","article_modified_time":"2025-05-28T10:10:54+00:00","og_image":[{"url":"https:\/\/atulipanoshaz.hu\/wp-content\/uploads\/2025\/02\/alsodisz_200.png","type":"","width":"","height":""}],"twitter_card":"summary_large_image","twitter_misc":{"Est. reading time":"1 minute"},"schema":{"@context":"https:\/\/schema.org","@graph":[{"@type":"WebPage","@id":"https:\/\/atulipanoshaz.hu\/galeria\/","url":"https:\/\/atulipanoshaz.hu\/galeria\/","name":"B\u00e9relhet\u0151 termek, rendezv\u00e9nyhelysz\u00edn, esk\u00fcv\u0151helysz\u00edn","isPartOf":{"@id":"https:\/\/atulipanoshaz.hu\/#website"},"primaryImageOfPage":{"@id":"https:\/\/atulipanoshaz.hu\/galeria\/#primaryimage"},"image":{"@id":"https:\/\/atulipanoshaz.hu\/galeria\/#primaryimage"},"thumbnailUrl":"https:\/\/atulipanoshaz.hu\/wp-content\/uploads\/2025\/02\/alsodisz_200.png","datePublished":"2023-07-03T11:49:00+00:00","dateModified":"2025-05-28T10:10:54+00:00","description":"Teremb\u00e9rl\u00e9s, a k\u00e9t f\u0151s megbesz\u00e9l\u00e9st\u0151l a tov\u00e1bbk\u00e9pz\u00e9seken \u00e1t a 240 f\u0151s konferenci\u00e1ig, vagy esk\u00fcv\u0151t\u0151l a nagy l\u00e9tsz\u00e1m\u00fa rendezv\u00e9nyig.","breadcrumb":{"@id":"https:\/\/atulipanoshaz.hu\/galeria\/#breadcrumb"},"inLanguage":"en-US","potentialAction":[{"@type":"ReadAction","target":["https:\/\/atulipanoshaz.hu\/galeria\/"]}]},{"@type":"ImageObject","inLanguage":"en-US","@id":"https:\/\/atulipanoshaz.hu\/galeria\/#primaryimage","url":"https:\/\/atulipanoshaz.hu\/wp-content\/uploads\/2025\/02\/alsodisz_200.png","contentUrl":"https:\/\/atulipanoshaz.hu\/wp-content\/uploads\/2025\/02\/alsodisz_200.png"},{"@type":"BreadcrumbList","@id":"https:\/\/atulipanoshaz.hu\/galeria\/#breadcrumb","itemListElement":[{"@type":"ListItem","position":1,"name":"Kezd\u0151lap","item":"https:\/\/atulipanoshaz.hu\/"},{"@type":"ListItem","position":2,"name":"Gal\u00e9ria"}]},{"@type":"WebSite","@id":"https:\/\/atulipanoshaz.hu\/#website","url":"https:\/\/atulipanoshaz.hu\/","name":"Tulip Event Venue","description":"Rendezv\u00e9nyh\u00e1z, rendezv\u00e9nyhelysz\u00edn, teremb\u00e9rl\u00e9s, esk\u00fcv\u0151helysz\u00edn, interakt\u00edv ki\u00e1ll\u00edt\u00e1s","publisher":{"@id":"https:\/\/atulipanoshaz.hu\/#organization"},"potentialAction":[{"@type":"SearchAction","target":{"@type":"EntryPoint","urlTemplate":"https:\/\/atulipanoshaz.hu\/?s={search_term_string}"},"query-input":{"@type":"PropertyValueSpecification","valueRequired":true,"valueName":"search_term_string"}}],"inLanguage":"en-US"},{"@type":"Organization","@id":"https:\/\/atulipanoshaz.hu\/#organization","name":"Tulip Event Venue","url":"https:\/\/atulipanoshaz.hu\/","logo":{"@type":"ImageObject","inLanguage":"en-US","@id":"https:\/\/atulipanoshaz.hu\/#\/schema\/logo\/image\/","url":"https:\/\/atulipanoshaz.hu\/wp-content\/uploads\/2022\/03\/Tulipanos1.png","contentUrl":"https:\/\/atulipanoshaz.hu\/wp-content\/uploads\/2022\/03\/Tulipanos1.png","width":700,"height":515,"caption":"Tulip\u00e1nos H\u00e1z"},"image":{"@id":"https:\/\/atulipanoshaz.hu\/#\/schema\/logo\/image\/"},"sameAs":["https:\/\/www.facebook.com\/tulipanosrendezveny\/"]}]}},"_links":{"self":[{"href":"https:\/\/atulipanoshaz.hu\/en\/wp-json\/wp\/v2\/pages\/1515","targetHints":{"allow":["GET"]}}],"collection":[{"href":"https:\/\/atulipanoshaz.hu\/en\/wp-json\/wp\/v2\/pages"}],"about":[{"href":"https:\/\/atulipanoshaz.hu\/en\/wp-json\/wp\/v2\/types\/page"}],"author":[{"embeddable":true,"href":"https:\/\/atulipanoshaz.hu\/en\/wp-json\/wp\/v2\/users\/1"}],"replies":[{"embeddable":true,"href":"https:\/\/atulipanoshaz.hu\/en\/wp-json\/wp\/v2\/comments?post=1515"}],"version-history":[{"count":20,"href":"https:\/\/atulipanoshaz.hu\/en\/wp-json\/wp\/v2\/pages\/1515\/revisions"}],"predecessor-version":[{"id":6782,"href":"https:\/\/atulipanoshaz.hu\/en\/wp-json\/wp\/v2\/pages\/1515\/revisions\/6782"}],"wp:attachment":[{"href":"https:\/\/atulipanoshaz.hu\/en\/wp-json\/wp\/v2\/media?parent=1515"}],"curies":[{"name":"wp","href":"https:\/\/api.w.org\/{rel}","templated":true}]}}